{"id":125192,"date":"2026-04-26T17:22:38","date_gmt":"2026-04-26T17:22:38","guid":{"rendered":"https:\/\/teka.com\/pt-pt\/hlb-8408-bk_111000081"},"modified":"2026-03-14T08:30:43","modified_gmt":"2026-03-14T09:30:43","slug":"hlb-8408-bk_111000081","status":"publish","type":"product","link":"https:\/\/www.teka.com\/pt-pt\/produto\/hlb-8408-bk_111000081\/","title":{"rendered":"EasySteam HLB 8408 BK"},"content":{"rendered":"<ul>\n<li>Multifun\u00e7\u00f5es SurroundTemp &#8211; 9 fun\u00e7\u00f5es<\/li>\n<li>Sistema de limpeza Hydroclean\u00ae PRO<\/li>\n<li>Easy Steam &#8211; Assistente de vapor<\/li>\n<li>Touch Control c\/ programa\u00e7\u00e3o de in\u00edcio e fim de cozinhado<\/li>\n<li>Sistema de 1 guia Plus-Extension, 5 alturas<\/li>\n<li>Porta com 2 vidros<\/li>\n<li>Acess\u00f3rios inclu\u00eddos: Prato para cozinhar a vapor<\/li>\n<li>Capacidade: 71 litros brutos<\/li>\n<\/ul>\n","protected":false},"featured_media":0,"parent":0,"template":"","product_cat":[3066],"product_cleaning_system":[3486],"product_edition":[],"product_3rd_basket":[],"product_drawers":[],"product_type_of_installation":[],"product_serie":[],"product_features":[],"finishes":[],"product_bundles":[],"product_energy_efficiency":[422897],"product_video_training":[423390,423392,423395],"class_list":["post-125192","product","type-product","status-publish","hentry","product_cat-fornos","usp-ovens-04","usp-ovens-06","usp-ovens-12","usp-ovens-13","usp-easysteam-01","usp-easysteam-02","usp-easysteam-03","usp-steamgourmet-04","color-vidro-preto","product_type_of_appliance-multifuncoes","product_icons-70l","product_icons-hydroclean","product_icons-surroundtemp","product_cleaning_system-hydroclean","product_energy_efficiency-a-plus-icon","product_video_training-trainingovens-01","product_video_training-trainingovens-12","product_video_training-trainingovens-20"],"acf":[],"yoast_head":"<!-- This site is optimized with the Yoast SEO plugin v27.2 - https:\/\/yoast.com\/product\/yoast-seo-wordpress\/ -->\n<title>Cozinha Fornos, EasySteam HLB 8408 BK | Teka<\/title>\n<meta name=\"robots\" content=\"index, follow, max-snippet:-1, max-image-preview:large, max-video-preview:-1\" \/>\n<link rel=\"canonical\" href=\"https:\/\/www.teka.com\/pt-pt\/produto\/hlb-8408-bk_111000081\/\" \/>\n<meta property=\"og:locale\" content=\"pt_PT\" \/>\n<meta property=\"og:type\" content=\"article\" \/>\n<meta property=\"og:title\" content=\"Cozinha Fornos, EasySteam HLB 8408 BK | Teka\" \/>\n<meta property=\"og:description\" content=\"Multifun\u00e7\u00f5es SurroundTemp &#8211; 9 fun\u00e7\u00f5es Sistema de limpeza Hydroclean\u00ae PRO Easy Steam &#8211; Assistente de vapor Touch Control c\/ programa\u00e7\u00e3o de in\u00edcio e fim de cozinhado Sistema de 1 guia Plus-Extension, 5 alturas Porta com 2 vidros Acess\u00f3rios inclu\u00eddos: Prato para cozinhar a vapor Capacidade: 71 litros brutos\" \/>\n<meta property=\"og:url\" content=\"https:\/\/www.teka.com\/pt-pt\/produto\/hlb-8408-bk_111000081\/\" \/>\n<meta property=\"og:site_name\" content=\"Teka Portugal\" \/>\n<meta name=\"twitter:card\" content=\"summary_large_image\" \/>\n<script type=\"application\/ld+json\" class=\"yoast-schema-graph\">{\"@context\":\"https:\/\/schema.org\",\"@graph\":[{\"@type\":\"WebPage\",\"@id\":\"https:\/\/www.teka.com\/pt-pt\/produto\/hlb-8408-bk_111000081\/\",\"url\":\"https:\/\/www.teka.com\/pt-pt\/produto\/hlb-8408-bk_111000081\/\",\"name\":\"Cozinha Fornos, EasySteam HLB 8408 BK | Teka\",\"isPartOf\":{\"@id\":\"https:\/\/www.teka.com\/pt-pt\/#website\"},\"datePublished\":\"2026-04-26T17:22:38+00:00\",\"breadcrumb\":{\"@id\":\"https:\/\/www.teka.com\/pt-pt\/produto\/hlb-8408-bk_111000081\/#breadcrumb\"},\"inLanguage\":\"pt-PT\",\"potentialAction\":[{\"@type\":\"ReadAction\",\"target\":[\"https:\/\/www.teka.com\/pt-pt\/produto\/hlb-8408-bk_111000081\/\"]}]},{\"@type\":\"BreadcrumbList\",\"@id\":\"https:\/\/www.teka.com\/pt-pt\/produto\/hlb-8408-bk_111000081\/#breadcrumb\",\"itemListElement\":[{\"@type\":\"ListItem\",\"position\":1,\"name\":\"Home\",\"item\":\"https:\/\/www.teka.com\/pt-pt\/\"},{\"@type\":\"ListItem\",\"position\":2,\"name\":\"HLB 8408 BK\"}]},{\"@type\":\"WebSite\",\"@id\":\"https:\/\/www.teka.com\/pt-pt\/#website\",\"url\":\"https:\/\/www.teka.com\/pt-pt\/\",\"name\":\"Teka Portugal\",\"description\":\"\",\"potentialAction\":[{\"@type\":\"SearchAction\",\"target\":{\"@type\":\"EntryPoint\",\"urlTemplate\":\"https:\/\/www.teka.com\/pt-pt\/?s={search_term_string}\"},\"query-input\":{\"@type\":\"PropertyValueSpecification\",\"valueRequired\":true,\"valueName\":\"search_term_string\"}}],\"inLanguage\":\"pt-PT\"}]}<\/script>\n<!-- \/ Yoast SEO plugin. -->","yoast_head_json":{"title":"Cozinha Fornos, EasySteam HLB 8408 BK | Teka","robots":{"index":"index","follow":"follow","max-snippet":"max-snippet:-1","max-image-preview":"max-image-preview:large","max-video-preview":"max-video-preview:-1"},"canonical":"https:\/\/www.teka.com\/pt-pt\/produto\/hlb-8408-bk_111000081\/","og_locale":"pt_PT","og_type":"article","og_title":"Cozinha Fornos, EasySteam HLB 8408 BK | Teka","og_description":"Multifun\u00e7\u00f5es SurroundTemp &#8211; 9 fun\u00e7\u00f5es Sistema de limpeza Hydroclean\u00ae PRO Easy Steam &#8211; Assistente de vapor Touch Control c\/ programa\u00e7\u00e3o de in\u00edcio e fim de cozinhado Sistema de 1 guia Plus-Extension, 5 alturas Porta com 2 vidros Acess\u00f3rios inclu\u00eddos: Prato para cozinhar a vapor Capacidade: 71 litros brutos","og_url":"https:\/\/www.teka.com\/pt-pt\/produto\/hlb-8408-bk_111000081\/","og_site_name":"Teka Portugal","twitter_card":"summary_large_image","schema":{"@context":"https:\/\/schema.org","@graph":[{"@type":"WebPage","@id":"https:\/\/www.teka.com\/pt-pt\/produto\/hlb-8408-bk_111000081\/","url":"https:\/\/www.teka.com\/pt-pt\/produto\/hlb-8408-bk_111000081\/","name":"Cozinha Fornos, EasySteam HLB 8408 BK | Teka","isPartOf":{"@id":"https:\/\/www.teka.com\/pt-pt\/#website"},"datePublished":"2026-04-26T17:22:38+00:00","breadcrumb":{"@id":"https:\/\/www.teka.com\/pt-pt\/produto\/hlb-8408-bk_111000081\/#breadcrumb"},"inLanguage":"pt-PT","potentialAction":[{"@type":"ReadAction","target":["https:\/\/www.teka.com\/pt-pt\/produto\/hlb-8408-bk_111000081\/"]}]},{"@type":"BreadcrumbList","@id":"https:\/\/www.teka.com\/pt-pt\/produto\/hlb-8408-bk_111000081\/#breadcrumb","itemListElement":[{"@type":"ListItem","position":1,"name":"Home","item":"https:\/\/www.teka.com\/pt-pt\/"},{"@type":"ListItem","position":2,"name":"HLB 8408 BK"}]},{"@type":"WebSite","@id":"https:\/\/www.teka.com\/pt-pt\/#website","url":"https:\/\/www.teka.com\/pt-pt\/","name":"Teka Portugal","description":"","potentialAction":[{"@type":"SearchAction","target":{"@type":"EntryPoint","urlTemplate":"https:\/\/www.teka.com\/pt-pt\/?s={search_term_string}"},"query-input":{"@type":"PropertyValueSpecification","valueRequired":true,"valueName":"search_term_string"}}],"inLanguage":"pt-PT"}]}},"_links":{"self":[{"href":"https:\/\/www.teka.com\/pt-pt\/wp-json\/wp\/v2\/product\/125192","targetHints":{"allow":["GET"]}}],"collection":[{"href":"https:\/\/www.teka.com\/pt-pt\/wp-json\/wp\/v2\/product"}],"about":[{"href":"https:\/\/www.teka.com\/pt-pt\/wp-json\/wp\/v2\/types\/product"}],"wp:attachment":[{"href":"https:\/\/www.teka.com\/pt-pt\/wp-json\/wp\/v2\/media?parent=125192"}],"wp:term":[{"taxonomy":"product_cat","embeddable":true,"href":"https:\/\/www.teka.com\/pt-pt\/wp-json\/wp\/v2\/product_cat?post=125192"},{"taxonomy":"product_cleaning_system","embeddable":true,"href":"https:\/\/www.teka.com\/pt-pt\/wp-json\/wp\/v2\/product_cleaning_system?post=125192"},{"taxonomy":"product_edition","embeddable":true,"href":"https:\/\/www.teka.com\/pt-pt\/wp-json\/wp\/v2\/product_edition?post=125192"},{"taxonomy":"product_3rd_basket","embeddable":true,"href":"https:\/\/www.teka.com\/pt-pt\/wp-json\/wp\/v2\/product_3rd_basket?post=125192"},{"taxonomy":"product_drawers","embeddable":true,"href":"https:\/\/www.teka.com\/pt-pt\/wp-json\/wp\/v2\/product_drawers?post=125192"},{"taxonomy":"product_type_of_installation","embeddable":true,"href":"https:\/\/www.teka.com\/pt-pt\/wp-json\/wp\/v2\/product_type_of_installation?post=125192"},{"taxonomy":"product_serie","embeddable":true,"href":"https:\/\/www.teka.com\/pt-pt\/wp-json\/wp\/v2\/product_serie?post=125192"},{"taxonomy":"product_features","embeddable":true,"href":"https:\/\/www.teka.com\/pt-pt\/wp-json\/wp\/v2\/product_features?post=125192"},{"taxonomy":"finishes","embeddable":true,"href":"https:\/\/www.teka.com\/pt-pt\/wp-json\/wp\/v2\/finishes?post=125192"},{"taxonomy":"product_bundles","embeddable":true,"href":"https:\/\/www.teka.com\/pt-pt\/wp-json\/wp\/v2\/product_bundles?post=125192"},{"taxonomy":"product_energy_efficiency","embeddable":true,"href":"https:\/\/www.teka.com\/pt-pt\/wp-json\/wp\/v2\/product_energy_efficiency?post=125192"},{"taxonomy":"product_video_training","embeddable":true,"href":"https:\/\/www.teka.com\/pt-pt\/wp-json\/wp\/v2\/product_video_training?post=125192"}],"curies":[{"name":"wp","href":"https:\/\/api.w.org\/{rel}","templated":true}]}}