{"id":125223,"date":"2026-04-26T17:16:36","date_gmt":"2026-04-26T17:16:36","guid":{"rendered":"https:\/\/teka.com\/es-es\/rsl-73360-fi_113460009"},"modified":"2026-03-14T08:30:37","modified_gmt":"2026-03-14T09:30:37","slug":"rsl-73360-fi_113460009","status":"publish","type":"product","link":"https:\/\/www.teka.com\/pt-pt\/produto\/rsl-73360-fi_113460009\/","title":{"rendered":"RSL 73360 FI"},"content":{"rendered":"<ul>\n<li>Frigor\u00edfico de integra\u00e7\u00e3o<\/li>\n<li>1775 mm altura + 540 mm largura + 545 mm profundidade<\/li>\n<li>Controlo eletr\u00f3nico c\/ display<\/li>\n<li>Motor inverter<\/li>\n<li>Descongela\u00e7\u00e3o autom\u00e1tica no frigor\u00edfico<\/li>\n<li>2 FreshBox<\/li>\n<li>Garrafeira cromada<\/li>\n<li>Sistema de integra\u00e7\u00e3o door on door<\/li>\n<li>Capacidade total: 309 litros l\u00edquidos<\/li>\n<\/ul>\n","protected":false},"featured_media":0,"parent":0,"template":"","product_cat":[423033],"product_cleaning_system":[],"product_edition":[],"product_3rd_basket":[],"product_drawers":[],"product_type_of_installation":[422185],"product_serie":[],"product_features":[],"finishes":[],"product_bundles":[],"product_energy_efficiency":[422368],"product_video_training":[],"class_list":["post-125223","product","type-product","status-publish","hentry","product_cat-frigorificos","product_type_of_appliance-frigorificos","product_icons-easy-90","product_icons-led","product_icons-motor-inverter","product_icons-on-holidays-function","product_type_of_installation-integracao","product_energy_efficiency-e-ue-icon-new"],"acf":[],"yoast_head":"<!-- This site is optimized with the Yoast SEO plugin v27.5 - https:\/\/yoast.com\/product\/yoast-seo-wordpress\/ -->\n<title>Frigor\u00edficos para Cozinha, RSL 73360 FI | Teka<\/title>\n<meta name=\"robots\" content=\"index, follow, max-snippet:-1, max-image-preview:large, max-video-preview:-1\" \/>\n<link rel=\"canonical\" href=\"https:\/\/www.teka.com\/pt-pt\/produto\/rsl-73360-fi_113460009\/\" \/>\n<meta property=\"og:locale\" content=\"pt_PT\" \/>\n<meta property=\"og:type\" content=\"article\" \/>\n<meta property=\"og:title\" content=\"Frigor\u00edficos para Cozinha, RSL 73360 FI | Teka\" \/>\n<meta property=\"og:description\" content=\"Frigor\u00edfico de integra\u00e7\u00e3o 1775 mm altura + 540 mm largura + 545 mm profundidade Controlo eletr\u00f3nico c\/ display Motor inverter Descongela\u00e7\u00e3o autom\u00e1tica no frigor\u00edfico 2 FreshBox Garrafeira cromada Sistema de integra\u00e7\u00e3o door on door Capacidade total: 309 litros l\u00edquidos\" \/>\n<meta property=\"og:url\" content=\"https:\/\/www.teka.com\/pt-pt\/produto\/rsl-73360-fi_113460009\/\" \/>\n<meta property=\"og:site_name\" content=\"Teka Portugal\" \/>\n<meta name=\"twitter:card\" content=\"summary_large_image\" \/>\n<script type=\"application\/ld+json\" class=\"yoast-schema-graph\">{\"@context\":\"https:\\\/\\\/schema.org\",\"@graph\":[{\"@type\":\"WebPage\",\"@id\":\"https:\\\/\\\/www.teka.com\\\/pt-pt\\\/produto\\\/rsl-73360-fi_113460009\\\/\",\"url\":\"https:\\\/\\\/www.teka.com\\\/pt-pt\\\/produto\\\/rsl-73360-fi_113460009\\\/\",\"name\":\"Frigor\u00edficos para Cozinha, RSL 73360 FI | Teka\",\"isPartOf\":{\"@id\":\"https:\\\/\\\/www.teka.com\\\/pt-pt\\\/#website\"},\"datePublished\":\"2026-04-26T17:16:36+00:00\",\"breadcrumb\":{\"@id\":\"https:\\\/\\\/www.teka.com\\\/pt-pt\\\/produto\\\/rsl-73360-fi_113460009\\\/#breadcrumb\"},\"inLanguage\":\"pt-PT\",\"potentialAction\":[{\"@type\":\"ReadAction\",\"target\":[\"https:\\\/\\\/www.teka.com\\\/pt-pt\\\/produto\\\/rsl-73360-fi_113460009\\\/\"]}]},{\"@type\":\"BreadcrumbList\",\"@id\":\"https:\\\/\\\/www.teka.com\\\/pt-pt\\\/produto\\\/rsl-73360-fi_113460009\\\/#breadcrumb\",\"itemListElement\":[{\"@type\":\"ListItem\",\"position\":1,\"name\":\"Home\",\"item\":\"https:\\\/\\\/www.teka.com\\\/pt-pt\\\/\"},{\"@type\":\"ListItem\",\"position\":2,\"name\":\"RSL 73360 FI\"}]},{\"@type\":\"WebSite\",\"@id\":\"https:\\\/\\\/www.teka.com\\\/pt-pt\\\/#website\",\"url\":\"https:\\\/\\\/www.teka.com\\\/pt-pt\\\/\",\"name\":\"Teka Portugal\",\"description\":\"\",\"potentialAction\":[{\"@type\":\"SearchAction\",\"target\":{\"@type\":\"EntryPoint\",\"urlTemplate\":\"https:\\\/\\\/www.teka.com\\\/pt-pt\\\/?s={search_term_string}\"},\"query-input\":{\"@type\":\"PropertyValueSpecification\",\"valueRequired\":true,\"valueName\":\"search_term_string\"}}],\"inLanguage\":\"pt-PT\"}]}<\/script>\n<!-- \/ Yoast SEO plugin. -->","yoast_head_json":{"title":"Frigor\u00edficos para Cozinha, RSL 73360 FI | Teka","robots":{"index":"index","follow":"follow","max-snippet":"max-snippet:-1","max-image-preview":"max-image-preview:large","max-video-preview":"max-video-preview:-1"},"canonical":"https:\/\/www.teka.com\/pt-pt\/produto\/rsl-73360-fi_113460009\/","og_locale":"pt_PT","og_type":"article","og_title":"Frigor\u00edficos para Cozinha, RSL 73360 FI | Teka","og_description":"Frigor\u00edfico de integra\u00e7\u00e3o 1775 mm altura + 540 mm largura + 545 mm profundidade Controlo eletr\u00f3nico c\/ display Motor inverter Descongela\u00e7\u00e3o autom\u00e1tica no frigor\u00edfico 2 FreshBox Garrafeira cromada Sistema de integra\u00e7\u00e3o door on door Capacidade total: 309 litros l\u00edquidos","og_url":"https:\/\/www.teka.com\/pt-pt\/produto\/rsl-73360-fi_113460009\/","og_site_name":"Teka Portugal","twitter_card":"summary_large_image","schema":{"@context":"https:\/\/schema.org","@graph":[{"@type":"WebPage","@id":"https:\/\/www.teka.com\/pt-pt\/produto\/rsl-73360-fi_113460009\/","url":"https:\/\/www.teka.com\/pt-pt\/produto\/rsl-73360-fi_113460009\/","name":"Frigor\u00edficos para Cozinha, RSL 73360 FI | Teka","isPartOf":{"@id":"https:\/\/www.teka.com\/pt-pt\/#website"},"datePublished":"2026-04-26T17:16:36+00:00","breadcrumb":{"@id":"https:\/\/www.teka.com\/pt-pt\/produto\/rsl-73360-fi_113460009\/#breadcrumb"},"inLanguage":"pt-PT","potentialAction":[{"@type":"ReadAction","target":["https:\/\/www.teka.com\/pt-pt\/produto\/rsl-73360-fi_113460009\/"]}]},{"@type":"BreadcrumbList","@id":"https:\/\/www.teka.com\/pt-pt\/produto\/rsl-73360-fi_113460009\/#breadcrumb","itemListElement":[{"@type":"ListItem","position":1,"name":"Home","item":"https:\/\/www.teka.com\/pt-pt\/"},{"@type":"ListItem","position":2,"name":"RSL 73360 FI"}]},{"@type":"WebSite","@id":"https:\/\/www.teka.com\/pt-pt\/#website","url":"https:\/\/www.teka.com\/pt-pt\/","name":"Teka Portugal","description":"","potentialAction":[{"@type":"SearchAction","target":{"@type":"EntryPoint","urlTemplate":"https:\/\/www.teka.com\/pt-pt\/?s={search_term_string}"},"query-input":{"@type":"PropertyValueSpecification","valueRequired":true,"valueName":"search_term_string"}}],"inLanguage":"pt-PT"}]}},"_links":{"self":[{"href":"https:\/\/www.teka.com\/pt-pt\/wp-json\/wp\/v2\/product\/125223","targetHints":{"allow":["GET"]}}],"collection":[{"href":"https:\/\/www.teka.com\/pt-pt\/wp-json\/wp\/v2\/product"}],"about":[{"href":"https:\/\/www.teka.com\/pt-pt\/wp-json\/wp\/v2\/types\/product"}],"wp:attachment":[{"href":"https:\/\/www.teka.com\/pt-pt\/wp-json\/wp\/v2\/media?parent=125223"}],"wp:term":[{"taxonomy":"product_cat","embeddable":true,"href":"https:\/\/www.teka.com\/pt-pt\/wp-json\/wp\/v2\/product_cat?post=125223"},{"taxonomy":"product_cleaning_system","embeddable":true,"href":"https:\/\/www.teka.com\/pt-pt\/wp-json\/wp\/v2\/product_cleaning_system?post=125223"},{"taxonomy":"product_edition","embeddable":true,"href":"https:\/\/www.teka.com\/pt-pt\/wp-json\/wp\/v2\/product_edition?post=125223"},{"taxonomy":"product_3rd_basket","embeddable":true,"href":"https:\/\/www.teka.com\/pt-pt\/wp-json\/wp\/v2\/product_3rd_basket?post=125223"},{"taxonomy":"product_drawers","embeddable":true,"href":"https:\/\/www.teka.com\/pt-pt\/wp-json\/wp\/v2\/product_drawers?post=125223"},{"taxonomy":"product_type_of_installation","embeddable":true,"href":"https:\/\/www.teka.com\/pt-pt\/wp-json\/wp\/v2\/product_type_of_installation?post=125223"},{"taxonomy":"product_serie","embeddable":true,"href":"https:\/\/www.teka.com\/pt-pt\/wp-json\/wp\/v2\/product_serie?post=125223"},{"taxonomy":"product_features","embeddable":true,"href":"https:\/\/www.teka.com\/pt-pt\/wp-json\/wp\/v2\/product_features?post=125223"},{"taxonomy":"finishes","embeddable":true,"href":"https:\/\/www.teka.com\/pt-pt\/wp-json\/wp\/v2\/finishes?post=125223"},{"taxonomy":"product_bundles","embeddable":true,"href":"https:\/\/www.teka.com\/pt-pt\/wp-json\/wp\/v2\/product_bundles?post=125223"},{"taxonomy":"product_energy_efficiency","embeddable":true,"href":"https:\/\/www.teka.com\/pt-pt\/wp-json\/wp\/v2\/product_energy_efficiency?post=125223"},{"taxonomy":"product_video_training","embeddable":true,"href":"https:\/\/www.teka.com\/pt-pt\/wp-json\/wp\/v2\/product_video_training?post=125223"}],"curies":[{"name":"wp","href":"https:\/\/api.w.org\/{rel}","templated":true}]}}