{"id":125224,"date":"2026-04-07T21:05:56","date_gmt":"2026-04-07T21:05:56","guid":{"rendered":"https:\/\/teka.com\/pt-pt\/rbf-73351-fi-wh_113560022"},"modified":"2026-03-14T08:30:51","modified_gmt":"2026-03-14T09:30:51","slug":"rbf-73351-fi-wh_113560022","status":"publish","type":"product","link":"https:\/\/www.teka.com\/pt-pt\/produto\/rbf-73351-fi-wh_113560022\/","title":{"rendered":"RBF 73351 FI WH"},"content":{"rendered":"<ul>\n<li>Combinado de integra\u00e7\u00e3o<\/li>\n<li>1769 mm altura + 540 mm largura + 545 mm profundidade<\/li>\n<li>Controlo eletr\u00f3nico c\/ display<\/li>\n<li>No Frost no congelador<\/li>\n<li>2 FreshBox<\/li>\n<li>Sistema de integra\u00e7\u00e3o com porta deslizante<\/li>\n<li>Capacidade total: 246 litros l\u00edquidos<\/li>\n<\/ul>\n","protected":false},"featured_media":0,"parent":0,"template":"","product_cat":[423033],"product_cleaning_system":[],"product_edition":[],"product_3rd_basket":[],"product_drawers":[],"product_type_of_installation":[422185],"product_serie":[],"product_features":[],"finishes":[],"product_bundles":[],"product_energy_efficiency":[422368],"product_video_training":[],"class_list":["post-125224","product","type-product","status-publish","hentry","product_cat-frigorificos","product_type_of_appliance-frigorificos","product_icons-led","product_type_of_installation-integracao","product_energy_efficiency-e-ue-icon-new"],"acf":[],"yoast_head":"<!-- This site is optimized with the Yoast SEO plugin v27.2 - https:\/\/yoast.com\/product\/yoast-seo-wordpress\/ -->\n<title>Frigor\u00edficos para Cozinha, RBF 73351 FI WH | Teka<\/title>\n<meta name=\"robots\" content=\"index, follow, max-snippet:-1, max-image-preview:large, max-video-preview:-1\" \/>\n<link rel=\"canonical\" href=\"https:\/\/www.teka.com\/pt-pt\/produto\/rbf-73351-fi-wh_113560022\/\" \/>\n<meta property=\"og:locale\" content=\"pt_PT\" \/>\n<meta property=\"og:type\" content=\"article\" \/>\n<meta property=\"og:title\" content=\"Frigor\u00edficos para Cozinha, RBF 73351 FI WH | Teka\" \/>\n<meta property=\"og:description\" content=\"Combinado de integra\u00e7\u00e3o 1769 mm altura + 540 mm largura + 545 mm profundidade Controlo eletr\u00f3nico c\/ display No Frost no congelador 2 FreshBox Sistema de integra\u00e7\u00e3o com porta deslizante Capacidade total: 246 litros l\u00edquidos\" \/>\n<meta property=\"og:url\" content=\"https:\/\/www.teka.com\/pt-pt\/produto\/rbf-73351-fi-wh_113560022\/\" \/>\n<meta property=\"og:site_name\" content=\"Teka Portugal\" \/>\n<meta name=\"twitter:card\" content=\"summary_large_image\" \/>\n<script type=\"application\/ld+json\" class=\"yoast-schema-graph\">{\"@context\":\"https:\/\/schema.org\",\"@graph\":[{\"@type\":\"WebPage\",\"@id\":\"https:\/\/www.teka.com\/pt-pt\/produto\/rbf-73351-fi-wh_113560022\/\",\"url\":\"https:\/\/www.teka.com\/pt-pt\/produto\/rbf-73351-fi-wh_113560022\/\",\"name\":\"Frigor\u00edficos para Cozinha, RBF 73351 FI WH | Teka\",\"isPartOf\":{\"@id\":\"https:\/\/www.teka.com\/pt-pt\/#website\"},\"datePublished\":\"2026-04-07T21:05:56+00:00\",\"breadcrumb\":{\"@id\":\"https:\/\/www.teka.com\/pt-pt\/produto\/rbf-73351-fi-wh_113560022\/#breadcrumb\"},\"inLanguage\":\"pt-PT\",\"potentialAction\":[{\"@type\":\"ReadAction\",\"target\":[\"https:\/\/www.teka.com\/pt-pt\/produto\/rbf-73351-fi-wh_113560022\/\"]}]},{\"@type\":\"BreadcrumbList\",\"@id\":\"https:\/\/www.teka.com\/pt-pt\/produto\/rbf-73351-fi-wh_113560022\/#breadcrumb\",\"itemListElement\":[{\"@type\":\"ListItem\",\"position\":1,\"name\":\"Home\",\"item\":\"https:\/\/www.teka.com\/pt-pt\/\"},{\"@type\":\"ListItem\",\"position\":2,\"name\":\"RBF 73351 FI WH\"}]},{\"@type\":\"WebSite\",\"@id\":\"https:\/\/www.teka.com\/pt-pt\/#website\",\"url\":\"https:\/\/www.teka.com\/pt-pt\/\",\"name\":\"Teka Portugal\",\"description\":\"\",\"potentialAction\":[{\"@type\":\"SearchAction\",\"target\":{\"@type\":\"EntryPoint\",\"urlTemplate\":\"https:\/\/www.teka.com\/pt-pt\/?s={search_term_string}\"},\"query-input\":{\"@type\":\"PropertyValueSpecification\",\"valueRequired\":true,\"valueName\":\"search_term_string\"}}],\"inLanguage\":\"pt-PT\"}]}<\/script>\n<!-- \/ Yoast SEO plugin. -->","yoast_head_json":{"title":"Frigor\u00edficos para Cozinha, RBF 73351 FI WH | Teka","robots":{"index":"index","follow":"follow","max-snippet":"max-snippet:-1","max-image-preview":"max-image-preview:large","max-video-preview":"max-video-preview:-1"},"canonical":"https:\/\/www.teka.com\/pt-pt\/produto\/rbf-73351-fi-wh_113560022\/","og_locale":"pt_PT","og_type":"article","og_title":"Frigor\u00edficos para Cozinha, RBF 73351 FI WH | Teka","og_description":"Combinado de integra\u00e7\u00e3o 1769 mm altura + 540 mm largura + 545 mm profundidade Controlo eletr\u00f3nico c\/ display No Frost no congelador 2 FreshBox Sistema de integra\u00e7\u00e3o com porta deslizante Capacidade total: 246 litros l\u00edquidos","og_url":"https:\/\/www.teka.com\/pt-pt\/produto\/rbf-73351-fi-wh_113560022\/","og_site_name":"Teka Portugal","twitter_card":"summary_large_image","schema":{"@context":"https:\/\/schema.org","@graph":[{"@type":"WebPage","@id":"https:\/\/www.teka.com\/pt-pt\/produto\/rbf-73351-fi-wh_113560022\/","url":"https:\/\/www.teka.com\/pt-pt\/produto\/rbf-73351-fi-wh_113560022\/","name":"Frigor\u00edficos para Cozinha, RBF 73351 FI WH | Teka","isPartOf":{"@id":"https:\/\/www.teka.com\/pt-pt\/#website"},"datePublished":"2026-04-07T21:05:56+00:00","breadcrumb":{"@id":"https:\/\/www.teka.com\/pt-pt\/produto\/rbf-73351-fi-wh_113560022\/#breadcrumb"},"inLanguage":"pt-PT","potentialAction":[{"@type":"ReadAction","target":["https:\/\/www.teka.com\/pt-pt\/produto\/rbf-73351-fi-wh_113560022\/"]}]},{"@type":"BreadcrumbList","@id":"https:\/\/www.teka.com\/pt-pt\/produto\/rbf-73351-fi-wh_113560022\/#breadcrumb","itemListElement":[{"@type":"ListItem","position":1,"name":"Home","item":"https:\/\/www.teka.com\/pt-pt\/"},{"@type":"ListItem","position":2,"name":"RBF 73351 FI WH"}]},{"@type":"WebSite","@id":"https:\/\/www.teka.com\/pt-pt\/#website","url":"https:\/\/www.teka.com\/pt-pt\/","name":"Teka Portugal","description":"","potentialAction":[{"@type":"SearchAction","target":{"@type":"EntryPoint","urlTemplate":"https:\/\/www.teka.com\/pt-pt\/?s={search_term_string}"},"query-input":{"@type":"PropertyValueSpecification","valueRequired":true,"valueName":"search_term_string"}}],"inLanguage":"pt-PT"}]}},"_links":{"self":[{"href":"https:\/\/www.teka.com\/pt-pt\/wp-json\/wp\/v2\/product\/125224","targetHints":{"allow":["GET"]}}],"collection":[{"href":"https:\/\/www.teka.com\/pt-pt\/wp-json\/wp\/v2\/product"}],"about":[{"href":"https:\/\/www.teka.com\/pt-pt\/wp-json\/wp\/v2\/types\/product"}],"wp:attachment":[{"href":"https:\/\/www.teka.com\/pt-pt\/wp-json\/wp\/v2\/media?parent=125224"}],"wp:term":[{"taxonomy":"product_cat","embeddable":true,"href":"https:\/\/www.teka.com\/pt-pt\/wp-json\/wp\/v2\/product_cat?post=125224"},{"taxonomy":"product_cleaning_system","embeddable":true,"href":"https:\/\/www.teka.com\/pt-pt\/wp-json\/wp\/v2\/product_cleaning_system?post=125224"},{"taxonomy":"product_edition","embeddable":true,"href":"https:\/\/www.teka.com\/pt-pt\/wp-json\/wp\/v2\/product_edition?post=125224"},{"taxonomy":"product_3rd_basket","embeddable":true,"href":"https:\/\/www.teka.com\/pt-pt\/wp-json\/wp\/v2\/product_3rd_basket?post=125224"},{"taxonomy":"product_drawers","embeddable":true,"href":"https:\/\/www.teka.com\/pt-pt\/wp-json\/wp\/v2\/product_drawers?post=125224"},{"taxonomy":"product_type_of_installation","embeddable":true,"href":"https:\/\/www.teka.com\/pt-pt\/wp-json\/wp\/v2\/product_type_of_installation?post=125224"},{"taxonomy":"product_serie","embeddable":true,"href":"https:\/\/www.teka.com\/pt-pt\/wp-json\/wp\/v2\/product_serie?post=125224"},{"taxonomy":"product_features","embeddable":true,"href":"https:\/\/www.teka.com\/pt-pt\/wp-json\/wp\/v2\/product_features?post=125224"},{"taxonomy":"finishes","embeddable":true,"href":"https:\/\/www.teka.com\/pt-pt\/wp-json\/wp\/v2\/finishes?post=125224"},{"taxonomy":"product_bundles","embeddable":true,"href":"https:\/\/www.teka.com\/pt-pt\/wp-json\/wp\/v2\/product_bundles?post=125224"},{"taxonomy":"product_energy_efficiency","embeddable":true,"href":"https:\/\/www.teka.com\/pt-pt\/wp-json\/wp\/v2\/product_energy_efficiency?post=125224"},{"taxonomy":"product_video_training","embeddable":true,"href":"https:\/\/www.teka.com\/pt-pt\/wp-json\/wp\/v2\/product_video_training?post=125224"}],"curies":[{"name":"wp","href":"https:\/\/api.w.org\/{rel}","templated":true}]}}