{"id":125871,"date":"2026-04-07T21:07:42","date_gmt":"2026-04-07T21:07:42","guid":{"rendered":"https:\/\/teka.com\/pt-pt\/hcb-6434-ss_111020075"},"modified":"2026-03-14T08:42:38","modified_gmt":"2026-03-14T09:42:38","slug":"hcb-6434-ss_111020075","status":"publish","type":"product","link":"https:\/\/www.teka.com\/pt-pt\/produto\/hcb-6434-ss_111020075\/","title":{"rendered":"HCB 6434 SS"},"content":{"rendered":"<ul>\n<li>Forno multifun\u00e7\u00f5es &#8211; 8 fun\u00e7\u00f5es de cozinhado<\/li>\n<li>Sistema de limpeza Teka Hydroclean PRO\u00ae<\/li>\n<li>Painel de comandos Touch Control com programa\u00e7\u00e3o de in\u00edcio e fim de cozinhado<\/li>\n<li>Comandos pulsantes<\/li>\n<li>Classifica\u00e7\u00e3o energ\u00e9tica: A+<\/li>\n<\/ul>\n","protected":false},"featured_media":0,"parent":0,"template":"","product_cat":[3066],"product_cleaning_system":[3486],"product_edition":[],"product_3rd_basket":[],"product_drawers":[],"product_type_of_installation":[],"product_serie":[],"product_features":[],"finishes":[],"product_bundles":[],"product_energy_efficiency":[422897],"product_video_training":[423390,423392],"class_list":["post-125871","product","type-product","status-publish","hentry","product_cat-fornos","usp-ovens-06","usp-ovens-12","usp-ovens-14","usp-renewableenergy-01","color-inox","product_type_of_appliance-multifuncoes","product_icons-hydroclean","product_cleaning_system-hydroclean","product_energy_efficiency-a-plus-icon","product_video_training-trainingovens-01","product_video_training-trainingovens-12"],"acf":[],"yoast_head":"<!-- This site is optimized with the Yoast SEO plugin v27.2 - https:\/\/yoast.com\/product\/yoast-seo-wordpress\/ -->\n<title>Cozinha Fornos, HCB 6434 SS | Teka<\/title>\n<meta name=\"robots\" content=\"index, follow, max-snippet:-1, max-image-preview:large, max-video-preview:-1\" \/>\n<link rel=\"canonical\" href=\"https:\/\/www.teka.com\/pt-pt\/produto\/hcb-6434-ss_111020075\/\" \/>\n<meta property=\"og:locale\" content=\"pt_PT\" \/>\n<meta property=\"og:type\" content=\"article\" \/>\n<meta property=\"og:title\" content=\"Cozinha Fornos, HCB 6434 SS | Teka\" \/>\n<meta property=\"og:description\" content=\"Forno multifun\u00e7\u00f5es &#8211; 8 fun\u00e7\u00f5es de cozinhado Sistema de limpeza Teka Hydroclean PRO\u00ae Painel de comandos Touch Control com programa\u00e7\u00e3o de in\u00edcio e fim de cozinhado Comandos pulsantes Classifica\u00e7\u00e3o energ\u00e9tica: A+\" \/>\n<meta property=\"og:url\" content=\"https:\/\/www.teka.com\/pt-pt\/produto\/hcb-6434-ss_111020075\/\" \/>\n<meta property=\"og:site_name\" content=\"Teka Portugal\" \/>\n<meta name=\"twitter:card\" content=\"summary_large_image\" \/>\n<script type=\"application\/ld+json\" class=\"yoast-schema-graph\">{\"@context\":\"https:\/\/schema.org\",\"@graph\":[{\"@type\":\"WebPage\",\"@id\":\"https:\/\/www.teka.com\/pt-pt\/produto\/hcb-6434-ss_111020075\/\",\"url\":\"https:\/\/www.teka.com\/pt-pt\/produto\/hcb-6434-ss_111020075\/\",\"name\":\"Cozinha Fornos, HCB 6434 SS | Teka\",\"isPartOf\":{\"@id\":\"https:\/\/www.teka.com\/pt-pt\/#website\"},\"datePublished\":\"2026-04-07T21:07:42+00:00\",\"breadcrumb\":{\"@id\":\"https:\/\/www.teka.com\/pt-pt\/produto\/hcb-6434-ss_111020075\/#breadcrumb\"},\"inLanguage\":\"pt-PT\",\"potentialAction\":[{\"@type\":\"ReadAction\",\"target\":[\"https:\/\/www.teka.com\/pt-pt\/produto\/hcb-6434-ss_111020075\/\"]}]},{\"@type\":\"BreadcrumbList\",\"@id\":\"https:\/\/www.teka.com\/pt-pt\/produto\/hcb-6434-ss_111020075\/#breadcrumb\",\"itemListElement\":[{\"@type\":\"ListItem\",\"position\":1,\"name\":\"Home\",\"item\":\"https:\/\/www.teka.com\/pt-pt\/\"},{\"@type\":\"ListItem\",\"position\":2,\"name\":\"HCB 6434 SS\"}]},{\"@type\":\"WebSite\",\"@id\":\"https:\/\/www.teka.com\/pt-pt\/#website\",\"url\":\"https:\/\/www.teka.com\/pt-pt\/\",\"name\":\"Teka Portugal\",\"description\":\"\",\"potentialAction\":[{\"@type\":\"SearchAction\",\"target\":{\"@type\":\"EntryPoint\",\"urlTemplate\":\"https:\/\/www.teka.com\/pt-pt\/?s={search_term_string}\"},\"query-input\":{\"@type\":\"PropertyValueSpecification\",\"valueRequired\":true,\"valueName\":\"search_term_string\"}}],\"inLanguage\":\"pt-PT\"}]}<\/script>\n<!-- \/ Yoast SEO plugin. -->","yoast_head_json":{"title":"Cozinha Fornos, HCB 6434 SS | Teka","robots":{"index":"index","follow":"follow","max-snippet":"max-snippet:-1","max-image-preview":"max-image-preview:large","max-video-preview":"max-video-preview:-1"},"canonical":"https:\/\/www.teka.com\/pt-pt\/produto\/hcb-6434-ss_111020075\/","og_locale":"pt_PT","og_type":"article","og_title":"Cozinha Fornos, HCB 6434 SS | Teka","og_description":"Forno multifun\u00e7\u00f5es &#8211; 8 fun\u00e7\u00f5es de cozinhado Sistema de limpeza Teka Hydroclean PRO\u00ae Painel de comandos Touch Control com programa\u00e7\u00e3o de in\u00edcio e fim de cozinhado Comandos pulsantes Classifica\u00e7\u00e3o energ\u00e9tica: A+","og_url":"https:\/\/www.teka.com\/pt-pt\/produto\/hcb-6434-ss_111020075\/","og_site_name":"Teka Portugal","twitter_card":"summary_large_image","schema":{"@context":"https:\/\/schema.org","@graph":[{"@type":"WebPage","@id":"https:\/\/www.teka.com\/pt-pt\/produto\/hcb-6434-ss_111020075\/","url":"https:\/\/www.teka.com\/pt-pt\/produto\/hcb-6434-ss_111020075\/","name":"Cozinha Fornos, HCB 6434 SS | Teka","isPartOf":{"@id":"https:\/\/www.teka.com\/pt-pt\/#website"},"datePublished":"2026-04-07T21:07:42+00:00","breadcrumb":{"@id":"https:\/\/www.teka.com\/pt-pt\/produto\/hcb-6434-ss_111020075\/#breadcrumb"},"inLanguage":"pt-PT","potentialAction":[{"@type":"ReadAction","target":["https:\/\/www.teka.com\/pt-pt\/produto\/hcb-6434-ss_111020075\/"]}]},{"@type":"BreadcrumbList","@id":"https:\/\/www.teka.com\/pt-pt\/produto\/hcb-6434-ss_111020075\/#breadcrumb","itemListElement":[{"@type":"ListItem","position":1,"name":"Home","item":"https:\/\/www.teka.com\/pt-pt\/"},{"@type":"ListItem","position":2,"name":"HCB 6434 SS"}]},{"@type":"WebSite","@id":"https:\/\/www.teka.com\/pt-pt\/#website","url":"https:\/\/www.teka.com\/pt-pt\/","name":"Teka Portugal","description":"","potentialAction":[{"@type":"SearchAction","target":{"@type":"EntryPoint","urlTemplate":"https:\/\/www.teka.com\/pt-pt\/?s={search_term_string}"},"query-input":{"@type":"PropertyValueSpecification","valueRequired":true,"valueName":"search_term_string"}}],"inLanguage":"pt-PT"}]}},"_links":{"self":[{"href":"https:\/\/www.teka.com\/pt-pt\/wp-json\/wp\/v2\/product\/125871","targetHints":{"allow":["GET"]}}],"collection":[{"href":"https:\/\/www.teka.com\/pt-pt\/wp-json\/wp\/v2\/product"}],"about":[{"href":"https:\/\/www.teka.com\/pt-pt\/wp-json\/wp\/v2\/types\/product"}],"wp:attachment":[{"href":"https:\/\/www.teka.com\/pt-pt\/wp-json\/wp\/v2\/media?parent=125871"}],"wp:term":[{"taxonomy":"product_cat","embeddable":true,"href":"https:\/\/www.teka.com\/pt-pt\/wp-json\/wp\/v2\/product_cat?post=125871"},{"taxonomy":"product_cleaning_system","embeddable":true,"href":"https:\/\/www.teka.com\/pt-pt\/wp-json\/wp\/v2\/product_cleaning_system?post=125871"},{"taxonomy":"product_edition","embeddable":true,"href":"https:\/\/www.teka.com\/pt-pt\/wp-json\/wp\/v2\/product_edition?post=125871"},{"taxonomy":"product_3rd_basket","embeddable":true,"href":"https:\/\/www.teka.com\/pt-pt\/wp-json\/wp\/v2\/product_3rd_basket?post=125871"},{"taxonomy":"product_drawers","embeddable":true,"href":"https:\/\/www.teka.com\/pt-pt\/wp-json\/wp\/v2\/product_drawers?post=125871"},{"taxonomy":"product_type_of_installation","embeddable":true,"href":"https:\/\/www.teka.com\/pt-pt\/wp-json\/wp\/v2\/product_type_of_installation?post=125871"},{"taxonomy":"product_serie","embeddable":true,"href":"https:\/\/www.teka.com\/pt-pt\/wp-json\/wp\/v2\/product_serie?post=125871"},{"taxonomy":"product_features","embeddable":true,"href":"https:\/\/www.teka.com\/pt-pt\/wp-json\/wp\/v2\/product_features?post=125871"},{"taxonomy":"finishes","embeddable":true,"href":"https:\/\/www.teka.com\/pt-pt\/wp-json\/wp\/v2\/finishes?post=125871"},{"taxonomy":"product_bundles","embeddable":true,"href":"https:\/\/www.teka.com\/pt-pt\/wp-json\/wp\/v2\/product_bundles?post=125871"},{"taxonomy":"product_energy_efficiency","embeddable":true,"href":"https:\/\/www.teka.com\/pt-pt\/wp-json\/wp\/v2\/product_energy_efficiency?post=125871"},{"taxonomy":"product_video_training","embeddable":true,"href":"https:\/\/www.teka.com\/pt-pt\/wp-json\/wp\/v2\/product_video_training?post=125871"}],"curies":[{"name":"wp","href":"https:\/\/api.w.org\/{rel}","templated":true}]}}