{"id":125894,"date":"2026-04-24T20:55:25","date_gmt":"2026-04-24T20:55:25","guid":{"rendered":"https:\/\/teka.com\/es-es\/hcb-6531-p_111020024"},"modified":"2026-03-14T06:43:06","modified_gmt":"2026-03-14T07:43:06","slug":"hcb-6531-p_111020024","status":"publish","type":"product","link":"https:\/\/www.teka.com\/pt-pt\/produto\/hcb-6531-p_111020024\/","title":{"rendered":"HCB 6531 P"},"content":{"rendered":"<ul>\n<li>Forno pirol\u00edtico multifun\u00e7\u00f5es &#8211; 8 fun\u00e7\u00f5es de cozinhado<\/li>\n<li>Sistema de limpeza DualClean: autolimpeza pirol\u00edtica (3 n\u00edveis) +Teka Hydroclean PRO\u00ae<\/li>\n<li>Painel de comandos Touch Control com programa\u00e7\u00e3o de in\u00edcio e fim de cozinhado<\/li>\n<li>Comandos pulsantes<\/li>\n<li>Classifica\u00e7\u00e3o energ\u00e9tica A+<\/li>\n<\/ul>\n","protected":false},"featured_media":0,"parent":0,"template":"","product_cat":[3066],"product_cleaning_system":[3409,3486],"product_edition":[],"product_3rd_basket":[],"product_drawers":[],"product_type_of_installation":[422185],"product_serie":[],"product_features":[],"finishes":[],"product_bundles":[],"product_energy_efficiency":[422897],"product_video_training":[423390,423392],"class_list":["post-125894","product","type-product","status-publish","hentry","product_cat-fornos","usp-ovens-05","usp-renewableenergy-01","color-inox","product_type_of_appliance-multifuncoes","product_icons-70l","product_icons-hydroclean","product_icons-plus-extension-telescopic-guide","product_icons-pyrolysis","product_cleaning_system-pirolitico","product_cleaning_system-hydroclean","product_type_of_installation-integracao","product_energy_efficiency-a-plus-icon","product_video_training-trainingovens-01","product_video_training-trainingovens-12"],"acf":[],"yoast_head":"<!-- This site is optimized with the Yoast SEO plugin v27.2 - https:\/\/yoast.com\/product\/yoast-seo-wordpress\/ -->\n<title>Cozinha Fornos, HCB 6531 P | Teka<\/title>\n<meta name=\"robots\" content=\"index, follow, max-snippet:-1, max-image-preview:large, max-video-preview:-1\" \/>\n<link rel=\"canonical\" href=\"https:\/\/www.teka.com\/pt-pt\/produto\/hcb-6531-p_111020024\/\" \/>\n<meta property=\"og:locale\" content=\"pt_PT\" \/>\n<meta property=\"og:type\" content=\"article\" \/>\n<meta property=\"og:title\" content=\"Cozinha Fornos, HCB 6531 P | Teka\" \/>\n<meta property=\"og:description\" content=\"Forno pirol\u00edtico multifun\u00e7\u00f5es &#8211; 8 fun\u00e7\u00f5es de cozinhado Sistema de limpeza DualClean: autolimpeza pirol\u00edtica (3 n\u00edveis) +Teka Hydroclean PRO\u00ae Painel de comandos Touch Control com programa\u00e7\u00e3o de in\u00edcio e fim de cozinhado Comandos pulsantes Classifica\u00e7\u00e3o energ\u00e9tica A+\" \/>\n<meta property=\"og:url\" content=\"https:\/\/www.teka.com\/pt-pt\/produto\/hcb-6531-p_111020024\/\" \/>\n<meta property=\"og:site_name\" content=\"Teka Portugal\" \/>\n<meta name=\"twitter:card\" content=\"summary_large_image\" \/>\n<script type=\"application\/ld+json\" class=\"yoast-schema-graph\">{\"@context\":\"https:\/\/schema.org\",\"@graph\":[{\"@type\":\"WebPage\",\"@id\":\"https:\/\/www.teka.com\/pt-pt\/produto\/hcb-6531-p_111020024\/\",\"url\":\"https:\/\/www.teka.com\/pt-pt\/produto\/hcb-6531-p_111020024\/\",\"name\":\"Cozinha Fornos, HCB 6531 P | Teka\",\"isPartOf\":{\"@id\":\"https:\/\/www.teka.com\/pt-pt\/#website\"},\"datePublished\":\"2026-04-24T20:55:25+00:00\",\"breadcrumb\":{\"@id\":\"https:\/\/www.teka.com\/pt-pt\/produto\/hcb-6531-p_111020024\/#breadcrumb\"},\"inLanguage\":\"pt-PT\",\"potentialAction\":[{\"@type\":\"ReadAction\",\"target\":[\"https:\/\/www.teka.com\/pt-pt\/produto\/hcb-6531-p_111020024\/\"]}]},{\"@type\":\"BreadcrumbList\",\"@id\":\"https:\/\/www.teka.com\/pt-pt\/produto\/hcb-6531-p_111020024\/#breadcrumb\",\"itemListElement\":[{\"@type\":\"ListItem\",\"position\":1,\"name\":\"Home\",\"item\":\"https:\/\/www.teka.com\/pt-pt\/\"},{\"@type\":\"ListItem\",\"position\":2,\"name\":\"HCB 6531 P\"}]},{\"@type\":\"WebSite\",\"@id\":\"https:\/\/www.teka.com\/pt-pt\/#website\",\"url\":\"https:\/\/www.teka.com\/pt-pt\/\",\"name\":\"Teka Portugal\",\"description\":\"\",\"potentialAction\":[{\"@type\":\"SearchAction\",\"target\":{\"@type\":\"EntryPoint\",\"urlTemplate\":\"https:\/\/www.teka.com\/pt-pt\/?s={search_term_string}\"},\"query-input\":{\"@type\":\"PropertyValueSpecification\",\"valueRequired\":true,\"valueName\":\"search_term_string\"}}],\"inLanguage\":\"pt-PT\"}]}<\/script>\n<!-- \/ Yoast SEO plugin. -->","yoast_head_json":{"title":"Cozinha Fornos, HCB 6531 P | Teka","robots":{"index":"index","follow":"follow","max-snippet":"max-snippet:-1","max-image-preview":"max-image-preview:large","max-video-preview":"max-video-preview:-1"},"canonical":"https:\/\/www.teka.com\/pt-pt\/produto\/hcb-6531-p_111020024\/","og_locale":"pt_PT","og_type":"article","og_title":"Cozinha Fornos, HCB 6531 P | Teka","og_description":"Forno pirol\u00edtico multifun\u00e7\u00f5es &#8211; 8 fun\u00e7\u00f5es de cozinhado Sistema de limpeza DualClean: autolimpeza pirol\u00edtica (3 n\u00edveis) +Teka Hydroclean PRO\u00ae Painel de comandos Touch Control com programa\u00e7\u00e3o de in\u00edcio e fim de cozinhado Comandos pulsantes Classifica\u00e7\u00e3o energ\u00e9tica A+","og_url":"https:\/\/www.teka.com\/pt-pt\/produto\/hcb-6531-p_111020024\/","og_site_name":"Teka Portugal","twitter_card":"summary_large_image","schema":{"@context":"https:\/\/schema.org","@graph":[{"@type":"WebPage","@id":"https:\/\/www.teka.com\/pt-pt\/produto\/hcb-6531-p_111020024\/","url":"https:\/\/www.teka.com\/pt-pt\/produto\/hcb-6531-p_111020024\/","name":"Cozinha Fornos, HCB 6531 P | Teka","isPartOf":{"@id":"https:\/\/www.teka.com\/pt-pt\/#website"},"datePublished":"2026-04-24T20:55:25+00:00","breadcrumb":{"@id":"https:\/\/www.teka.com\/pt-pt\/produto\/hcb-6531-p_111020024\/#breadcrumb"},"inLanguage":"pt-PT","potentialAction":[{"@type":"ReadAction","target":["https:\/\/www.teka.com\/pt-pt\/produto\/hcb-6531-p_111020024\/"]}]},{"@type":"BreadcrumbList","@id":"https:\/\/www.teka.com\/pt-pt\/produto\/hcb-6531-p_111020024\/#breadcrumb","itemListElement":[{"@type":"ListItem","position":1,"name":"Home","item":"https:\/\/www.teka.com\/pt-pt\/"},{"@type":"ListItem","position":2,"name":"HCB 6531 P"}]},{"@type":"WebSite","@id":"https:\/\/www.teka.com\/pt-pt\/#website","url":"https:\/\/www.teka.com\/pt-pt\/","name":"Teka Portugal","description":"","potentialAction":[{"@type":"SearchAction","target":{"@type":"EntryPoint","urlTemplate":"https:\/\/www.teka.com\/pt-pt\/?s={search_term_string}"},"query-input":{"@type":"PropertyValueSpecification","valueRequired":true,"valueName":"search_term_string"}}],"inLanguage":"pt-PT"}]}},"_links":{"self":[{"href":"https:\/\/www.teka.com\/pt-pt\/wp-json\/wp\/v2\/product\/125894","targetHints":{"allow":["GET"]}}],"collection":[{"href":"https:\/\/www.teka.com\/pt-pt\/wp-json\/wp\/v2\/product"}],"about":[{"href":"https:\/\/www.teka.com\/pt-pt\/wp-json\/wp\/v2\/types\/product"}],"wp:attachment":[{"href":"https:\/\/www.teka.com\/pt-pt\/wp-json\/wp\/v2\/media?parent=125894"}],"wp:term":[{"taxonomy":"product_cat","embeddable":true,"href":"https:\/\/www.teka.com\/pt-pt\/wp-json\/wp\/v2\/product_cat?post=125894"},{"taxonomy":"product_cleaning_system","embeddable":true,"href":"https:\/\/www.teka.com\/pt-pt\/wp-json\/wp\/v2\/product_cleaning_system?post=125894"},{"taxonomy":"product_edition","embeddable":true,"href":"https:\/\/www.teka.com\/pt-pt\/wp-json\/wp\/v2\/product_edition?post=125894"},{"taxonomy":"product_3rd_basket","embeddable":true,"href":"https:\/\/www.teka.com\/pt-pt\/wp-json\/wp\/v2\/product_3rd_basket?post=125894"},{"taxonomy":"product_drawers","embeddable":true,"href":"https:\/\/www.teka.com\/pt-pt\/wp-json\/wp\/v2\/product_drawers?post=125894"},{"taxonomy":"product_type_of_installation","embeddable":true,"href":"https:\/\/www.teka.com\/pt-pt\/wp-json\/wp\/v2\/product_type_of_installation?post=125894"},{"taxonomy":"product_serie","embeddable":true,"href":"https:\/\/www.teka.com\/pt-pt\/wp-json\/wp\/v2\/product_serie?post=125894"},{"taxonomy":"product_features","embeddable":true,"href":"https:\/\/www.teka.com\/pt-pt\/wp-json\/wp\/v2\/product_features?post=125894"},{"taxonomy":"finishes","embeddable":true,"href":"https:\/\/www.teka.com\/pt-pt\/wp-json\/wp\/v2\/finishes?post=125894"},{"taxonomy":"product_bundles","embeddable":true,"href":"https:\/\/www.teka.com\/pt-pt\/wp-json\/wp\/v2\/product_bundles?post=125894"},{"taxonomy":"product_energy_efficiency","embeddable":true,"href":"https:\/\/www.teka.com\/pt-pt\/wp-json\/wp\/v2\/product_energy_efficiency?post=125894"},{"taxonomy":"product_video_training","embeddable":true,"href":"https:\/\/www.teka.com\/pt-pt\/wp-json\/wp\/v2\/product_video_training?post=125894"}],"curies":[{"name":"wp","href":"https:\/\/api.w.org\/{rel}","templated":true}]}}