{"id":125989,"date":"2026-04-23T00:50:06","date_gmt":"2026-04-23T00:50:06","guid":{"rendered":"https:\/\/teka.com\/en-int\/trem-de-cozinha-5-pecas-silampos_49004840"},"modified":"2026-04-08T10:15:59","modified_gmt":"2026-04-08T11:15:59","slug":"trem-de-cozinha-5-pecas-silampos_49004840","status":"publish","type":"product","link":"https:\/\/www.teka.com\/pt-pt\/produto\/trem-de-cozinha-5-pecas-silampos_49004840\/","title":{"rendered":"TREM DE COZINHA 5 PE\u00c7AS SILAMPOS"},"content":{"rendered":"<ul>\n<li>Feito em a\u00e7o inoxid\u00e1vel<\/li>\n<li>Conjunto de cozinha de 5 pe\u00e7as em a\u00e7o inoxid\u00e1vel<\/li>\n<li>Base de 3 camadas de 6,3 mm de espessura<\/li>\n<li>Compat\u00edvel com todos os tipos de placas, incluindo indu\u00e7\u00e3o<\/li>\n<\/ul>\n","protected":false},"featured_media":0,"parent":0,"template":"","product_cat":[3058],"product_cleaning_system":[],"product_edition":[],"product_3rd_basket":[],"product_drawers":[],"product_type_of_installation":[],"product_serie":[],"product_features":[],"finishes":[],"product_bundles":[],"product_energy_efficiency":[],"product_video_training":[],"class_list":["post-125989","product","type-product","status-publish","hentry","product_cat-complementos-de-cozinha","usp-hobs-01","usp-hobs-02","usp-hobs-03","color-inox","product_type_of_appliance-placas"],"acf":[],"yoast_head":"<!-- This site is optimized with the Yoast SEO plugin v27.5 - https:\/\/yoast.com\/product\/yoast-seo-wordpress\/ -->\n<title>Cozinha Acess\u00f3rios Cookware set | Teka<\/title>\n<meta name=\"robots\" content=\"index, follow, max-snippet:-1, max-image-preview:large, max-video-preview:-1\" \/>\n<link rel=\"canonical\" href=\"https:\/\/www.teka.com\/pt-pt\/produto\/trem-de-cozinha-5-pecas-silampos_49004840\/\" \/>\n<meta property=\"og:locale\" content=\"pt_PT\" \/>\n<meta property=\"og:type\" content=\"article\" \/>\n<meta property=\"og:title\" content=\"Cozinha Acess\u00f3rios Cookware set | Teka\" \/>\n<meta property=\"og:description\" content=\"Feito em a\u00e7o inoxid\u00e1vel Conjunto de cozinha de 5 pe\u00e7as em a\u00e7o inoxid\u00e1vel Base de 3 camadas de 6,3 mm de espessura Compat\u00edvel com todos os tipos de placas, incluindo indu\u00e7\u00e3o\" \/>\n<meta property=\"og:url\" content=\"https:\/\/www.teka.com\/pt-pt\/produto\/trem-de-cozinha-5-pecas-silampos_49004840\/\" \/>\n<meta property=\"og:site_name\" content=\"Teka Portugal\" \/>\n<meta name=\"twitter:card\" content=\"summary_large_image\" \/>\n<script type=\"application\/ld+json\" class=\"yoast-schema-graph\">{\"@context\":\"https:\\\/\\\/schema.org\",\"@graph\":[{\"@type\":\"WebPage\",\"@id\":\"https:\\\/\\\/www.teka.com\\\/pt-pt\\\/produto\\\/trem-de-cozinha-5-pecas-silampos_49004840\\\/\",\"url\":\"https:\\\/\\\/www.teka.com\\\/pt-pt\\\/produto\\\/trem-de-cozinha-5-pecas-silampos_49004840\\\/\",\"name\":\"Cozinha Acess\u00f3rios Cookware set | Teka\",\"isPartOf\":{\"@id\":\"https:\\\/\\\/www.teka.com\\\/pt-pt\\\/#website\"},\"datePublished\":\"2026-04-23T00:50:06+00:00\",\"breadcrumb\":{\"@id\":\"https:\\\/\\\/www.teka.com\\\/pt-pt\\\/produto\\\/trem-de-cozinha-5-pecas-silampos_49004840\\\/#breadcrumb\"},\"inLanguage\":\"pt-PT\",\"potentialAction\":[{\"@type\":\"ReadAction\",\"target\":[\"https:\\\/\\\/www.teka.com\\\/pt-pt\\\/produto\\\/trem-de-cozinha-5-pecas-silampos_49004840\\\/\"]}]},{\"@type\":\"BreadcrumbList\",\"@id\":\"https:\\\/\\\/www.teka.com\\\/pt-pt\\\/produto\\\/trem-de-cozinha-5-pecas-silampos_49004840\\\/#breadcrumb\",\"itemListElement\":[{\"@type\":\"ListItem\",\"position\":1,\"name\":\"Home\",\"item\":\"https:\\\/\\\/www.teka.com\\\/pt-pt\\\/\"},{\"@type\":\"ListItem\",\"position\":2,\"name\":\"TREM DE COZINHA 5 PE\u00c7AS SILAMPOS\"}]},{\"@type\":\"WebSite\",\"@id\":\"https:\\\/\\\/www.teka.com\\\/pt-pt\\\/#website\",\"url\":\"https:\\\/\\\/www.teka.com\\\/pt-pt\\\/\",\"name\":\"Teka Portugal\",\"description\":\"\",\"potentialAction\":[{\"@type\":\"SearchAction\",\"target\":{\"@type\":\"EntryPoint\",\"urlTemplate\":\"https:\\\/\\\/www.teka.com\\\/pt-pt\\\/?s={search_term_string}\"},\"query-input\":{\"@type\":\"PropertyValueSpecification\",\"valueRequired\":true,\"valueName\":\"search_term_string\"}}],\"inLanguage\":\"pt-PT\"}]}<\/script>\n<!-- \/ Yoast SEO plugin. -->","yoast_head_json":{"title":"Cozinha Acess\u00f3rios Cookware set | Teka","robots":{"index":"index","follow":"follow","max-snippet":"max-snippet:-1","max-image-preview":"max-image-preview:large","max-video-preview":"max-video-preview:-1"},"canonical":"https:\/\/www.teka.com\/pt-pt\/produto\/trem-de-cozinha-5-pecas-silampos_49004840\/","og_locale":"pt_PT","og_type":"article","og_title":"Cozinha Acess\u00f3rios Cookware set | Teka","og_description":"Feito em a\u00e7o inoxid\u00e1vel Conjunto de cozinha de 5 pe\u00e7as em a\u00e7o inoxid\u00e1vel Base de 3 camadas de 6,3 mm de espessura Compat\u00edvel com todos os tipos de placas, incluindo indu\u00e7\u00e3o","og_url":"https:\/\/www.teka.com\/pt-pt\/produto\/trem-de-cozinha-5-pecas-silampos_49004840\/","og_site_name":"Teka Portugal","twitter_card":"summary_large_image","schema":{"@context":"https:\/\/schema.org","@graph":[{"@type":"WebPage","@id":"https:\/\/www.teka.com\/pt-pt\/produto\/trem-de-cozinha-5-pecas-silampos_49004840\/","url":"https:\/\/www.teka.com\/pt-pt\/produto\/trem-de-cozinha-5-pecas-silampos_49004840\/","name":"Cozinha Acess\u00f3rios Cookware set | Teka","isPartOf":{"@id":"https:\/\/www.teka.com\/pt-pt\/#website"},"datePublished":"2026-04-23T00:50:06+00:00","breadcrumb":{"@id":"https:\/\/www.teka.com\/pt-pt\/produto\/trem-de-cozinha-5-pecas-silampos_49004840\/#breadcrumb"},"inLanguage":"pt-PT","potentialAction":[{"@type":"ReadAction","target":["https:\/\/www.teka.com\/pt-pt\/produto\/trem-de-cozinha-5-pecas-silampos_49004840\/"]}]},{"@type":"BreadcrumbList","@id":"https:\/\/www.teka.com\/pt-pt\/produto\/trem-de-cozinha-5-pecas-silampos_49004840\/#breadcrumb","itemListElement":[{"@type":"ListItem","position":1,"name":"Home","item":"https:\/\/www.teka.com\/pt-pt\/"},{"@type":"ListItem","position":2,"name":"TREM DE COZINHA 5 PE\u00c7AS SILAMPOS"}]},{"@type":"WebSite","@id":"https:\/\/www.teka.com\/pt-pt\/#website","url":"https:\/\/www.teka.com\/pt-pt\/","name":"Teka Portugal","description":"","potentialAction":[{"@type":"SearchAction","target":{"@type":"EntryPoint","urlTemplate":"https:\/\/www.teka.com\/pt-pt\/?s={search_term_string}"},"query-input":{"@type":"PropertyValueSpecification","valueRequired":true,"valueName":"search_term_string"}}],"inLanguage":"pt-PT"}]}},"_links":{"self":[{"href":"https:\/\/www.teka.com\/pt-pt\/wp-json\/wp\/v2\/product\/125989","targetHints":{"allow":["GET"]}}],"collection":[{"href":"https:\/\/www.teka.com\/pt-pt\/wp-json\/wp\/v2\/product"}],"about":[{"href":"https:\/\/www.teka.com\/pt-pt\/wp-json\/wp\/v2\/types\/product"}],"wp:attachment":[{"href":"https:\/\/www.teka.com\/pt-pt\/wp-json\/wp\/v2\/media?parent=125989"}],"wp:term":[{"taxonomy":"product_cat","embeddable":true,"href":"https:\/\/www.teka.com\/pt-pt\/wp-json\/wp\/v2\/product_cat?post=125989"},{"taxonomy":"product_cleaning_system","embeddable":true,"href":"https:\/\/www.teka.com\/pt-pt\/wp-json\/wp\/v2\/product_cleaning_system?post=125989"},{"taxonomy":"product_edition","embeddable":true,"href":"https:\/\/www.teka.com\/pt-pt\/wp-json\/wp\/v2\/product_edition?post=125989"},{"taxonomy":"product_3rd_basket","embeddable":true,"href":"https:\/\/www.teka.com\/pt-pt\/wp-json\/wp\/v2\/product_3rd_basket?post=125989"},{"taxonomy":"product_drawers","embeddable":true,"href":"https:\/\/www.teka.com\/pt-pt\/wp-json\/wp\/v2\/product_drawers?post=125989"},{"taxonomy":"product_type_of_installation","embeddable":true,"href":"https:\/\/www.teka.com\/pt-pt\/wp-json\/wp\/v2\/product_type_of_installation?post=125989"},{"taxonomy":"product_serie","embeddable":true,"href":"https:\/\/www.teka.com\/pt-pt\/wp-json\/wp\/v2\/product_serie?post=125989"},{"taxonomy":"product_features","embeddable":true,"href":"https:\/\/www.teka.com\/pt-pt\/wp-json\/wp\/v2\/product_features?post=125989"},{"taxonomy":"finishes","embeddable":true,"href":"https:\/\/www.teka.com\/pt-pt\/wp-json\/wp\/v2\/finishes?post=125989"},{"taxonomy":"product_bundles","embeddable":true,"href":"https:\/\/www.teka.com\/pt-pt\/wp-json\/wp\/v2\/product_bundles?post=125989"},{"taxonomy":"product_energy_efficiency","embeddable":true,"href":"https:\/\/www.teka.com\/pt-pt\/wp-json\/wp\/v2\/product_energy_efficiency?post=125989"},{"taxonomy":"product_video_training","embeddable":true,"href":"https:\/\/www.teka.com\/pt-pt\/wp-json\/wp\/v2\/product_video_training?post=125989"}],"curies":[{"name":"wp","href":"https:\/\/api.w.org\/{rel}","templated":true}]}}