{"id":126167,"date":"2026-04-26T20:58:47","date_gmt":"2026-04-26T20:58:47","guid":{"rendered":"https:\/\/teka.com\/en-int\/dfi-46740_114270037"},"modified":"2026-03-14T08:45:41","modified_gmt":"2026-03-14T09:45:41","slug":"dfi-46740_114270037","status":"publish","type":"product","link":"https:\/\/www.teka.com\/pt-pt\/produto\/dfi-46740_114270037\/","title":{"rendered":"DFI 46740"},"content":{"rendered":"<ul>\n<li>M\u00e1quina de lavar lou\u00e7a de integra\u00e7\u00e3o total<\/li>\n<li>Painel de comandos eletr\u00f3nico c\/ display digital LED branco<\/li>\n<li>Abertura autom\u00e1tica da porta Premium Dry<\/li>\n<li>Capacidade para lou\u00e7a de 14 pessoas<\/li>\n<li>Terceiro cesto para talheres e ch\u00e1venas<\/li>\n<li>Terceiro irrigador superior<\/li>\n<li>6 programas de lavagem: R\u00e1pido, 1 hora, Eco, Normal, Intensivo, Glass<\/li>\n<li>5 temperaturas de lavagem (45\u00ba\/ 50\u00ba\/55\u00ba\/65\u00ba\/60\u00baC)<\/li>\n<li>Classifica\u00e7\u00e3o energ\u00e9tica D<\/li>\n<\/ul>\n","protected":false},"featured_media":0,"parent":0,"template":"","product_cat":[3071],"product_cleaning_system":[],"product_edition":[],"product_3rd_basket":[422192],"product_drawers":[],"product_type_of_installation":[422185],"product_serie":[],"product_features":[],"finishes":[],"product_bundles":[],"product_energy_efficiency":[422367],"product_video_training":[],"class_list":["post-126167","product","type-product","status-publish","hentry","product_cat-maquinas-de-lavar-louca","usp-dishwashers-09","usp-dishwashers-10","usp-dishwashers-11","usp-dishwashers-05","product_type_of_appliance-integracao","product_icons-eco-function","product_icons-extra-dry-function","product_icons-premium-dry","product_icons-third-cutlery-tray","product_3rd_basket-terceira-tabuleiro","product_type_of_installation-integracao","product_energy_efficiency-d-ue-icon-new"],"acf":[],"yoast_head":"<!-- This site is optimized with the Yoast SEO plugin v27.2 - https:\/\/yoast.com\/product\/yoast-seo-wordpress\/ -->\n<title>Cozinha M\u00e1quinas de lavar lou\u00e7a, DFI 46740 | TekaM\u00e1quina de lavar roupa DFI 46740 | Teka<\/title>\n<meta name=\"robots\" content=\"index, follow, max-snippet:-1, max-image-preview:large, max-video-preview:-1\" \/>\n<link rel=\"canonical\" href=\"https:\/\/www.teka.com\/pt-pt\/produto\/dfi-46740_114270037\/\" \/>\n<meta property=\"og:locale\" content=\"pt_PT\" \/>\n<meta property=\"og:type\" content=\"article\" \/>\n<meta property=\"og:title\" content=\"Cozinha M\u00e1quinas de lavar lou\u00e7a, DFI 46740 | TekaM\u00e1quina de lavar roupa DFI 46740 | Teka\" \/>\n<meta property=\"og:description\" content=\"M\u00e1quina de lavar lou\u00e7a de integra\u00e7\u00e3o total Painel de comandos eletr\u00f3nico c\/ display digital LED branco Abertura autom\u00e1tica da porta Premium Dry Capacidade para lou\u00e7a de 14 pessoas Terceiro cesto para talheres e ch\u00e1venas Terceiro irrigador superior 6 programas de lavagem: R\u00e1pido, 1 hora, Eco, Normal, Intensivo, Glass 5 temperaturas de lavagem (45\u00ba\/ 50\u00ba\/55\u00ba\/65\u00ba\/60\u00baC) Classifica\u00e7\u00e3o [&hellip;]\" \/>\n<meta property=\"og:url\" content=\"https:\/\/www.teka.com\/pt-pt\/produto\/dfi-46740_114270037\/\" \/>\n<meta property=\"og:site_name\" content=\"Teka Portugal\" \/>\n<meta name=\"twitter:card\" content=\"summary_large_image\" \/>\n<script type=\"application\/ld+json\" class=\"yoast-schema-graph\">{\"@context\":\"https:\/\/schema.org\",\"@graph\":[{\"@type\":\"WebPage\",\"@id\":\"https:\/\/www.teka.com\/pt-pt\/produto\/dfi-46740_114270037\/\",\"url\":\"https:\/\/www.teka.com\/pt-pt\/produto\/dfi-46740_114270037\/\",\"name\":\"Cozinha M\u00e1quinas de lavar lou\u00e7a, DFI 46740 | TekaM\u00e1quina de lavar roupa DFI 46740 | Teka\",\"isPartOf\":{\"@id\":\"https:\/\/www.teka.com\/pt-pt\/#website\"},\"datePublished\":\"2026-04-26T20:58:47+00:00\",\"breadcrumb\":{\"@id\":\"https:\/\/www.teka.com\/pt-pt\/produto\/dfi-46740_114270037\/#breadcrumb\"},\"inLanguage\":\"pt-PT\",\"potentialAction\":[{\"@type\":\"ReadAction\",\"target\":[\"https:\/\/www.teka.com\/pt-pt\/produto\/dfi-46740_114270037\/\"]}]},{\"@type\":\"BreadcrumbList\",\"@id\":\"https:\/\/www.teka.com\/pt-pt\/produto\/dfi-46740_114270037\/#breadcrumb\",\"itemListElement\":[{\"@type\":\"ListItem\",\"position\":1,\"name\":\"Home\",\"item\":\"https:\/\/www.teka.com\/pt-pt\/\"},{\"@type\":\"ListItem\",\"position\":2,\"name\":\"DFI 46740\"}]},{\"@type\":\"WebSite\",\"@id\":\"https:\/\/www.teka.com\/pt-pt\/#website\",\"url\":\"https:\/\/www.teka.com\/pt-pt\/\",\"name\":\"Teka Portugal\",\"description\":\"\",\"potentialAction\":[{\"@type\":\"SearchAction\",\"target\":{\"@type\":\"EntryPoint\",\"urlTemplate\":\"https:\/\/www.teka.com\/pt-pt\/?s={search_term_string}\"},\"query-input\":{\"@type\":\"PropertyValueSpecification\",\"valueRequired\":true,\"valueName\":\"search_term_string\"}}],\"inLanguage\":\"pt-PT\"}]}<\/script>\n<!-- \/ Yoast SEO plugin. -->","yoast_head_json":{"title":"Cozinha M\u00e1quinas de lavar lou\u00e7a, DFI 46740 | TekaM\u00e1quina de lavar roupa DFI 46740 | Teka","robots":{"index":"index","follow":"follow","max-snippet":"max-snippet:-1","max-image-preview":"max-image-preview:large","max-video-preview":"max-video-preview:-1"},"canonical":"https:\/\/www.teka.com\/pt-pt\/produto\/dfi-46740_114270037\/","og_locale":"pt_PT","og_type":"article","og_title":"Cozinha M\u00e1quinas de lavar lou\u00e7a, DFI 46740 | TekaM\u00e1quina de lavar roupa DFI 46740 | Teka","og_description":"M\u00e1quina de lavar lou\u00e7a de integra\u00e7\u00e3o total Painel de comandos eletr\u00f3nico c\/ display digital LED branco Abertura autom\u00e1tica da porta Premium Dry Capacidade para lou\u00e7a de 14 pessoas Terceiro cesto para talheres e ch\u00e1venas Terceiro irrigador superior 6 programas de lavagem: R\u00e1pido, 1 hora, Eco, Normal, Intensivo, Glass 5 temperaturas de lavagem (45\u00ba\/ 50\u00ba\/55\u00ba\/65\u00ba\/60\u00baC) Classifica\u00e7\u00e3o [&hellip;]","og_url":"https:\/\/www.teka.com\/pt-pt\/produto\/dfi-46740_114270037\/","og_site_name":"Teka Portugal","twitter_card":"summary_large_image","schema":{"@context":"https:\/\/schema.org","@graph":[{"@type":"WebPage","@id":"https:\/\/www.teka.com\/pt-pt\/produto\/dfi-46740_114270037\/","url":"https:\/\/www.teka.com\/pt-pt\/produto\/dfi-46740_114270037\/","name":"Cozinha M\u00e1quinas de lavar lou\u00e7a, DFI 46740 | TekaM\u00e1quina de lavar roupa DFI 46740 | Teka","isPartOf":{"@id":"https:\/\/www.teka.com\/pt-pt\/#website"},"datePublished":"2026-04-26T20:58:47+00:00","breadcrumb":{"@id":"https:\/\/www.teka.com\/pt-pt\/produto\/dfi-46740_114270037\/#breadcrumb"},"inLanguage":"pt-PT","potentialAction":[{"@type":"ReadAction","target":["https:\/\/www.teka.com\/pt-pt\/produto\/dfi-46740_114270037\/"]}]},{"@type":"BreadcrumbList","@id":"https:\/\/www.teka.com\/pt-pt\/produto\/dfi-46740_114270037\/#breadcrumb","itemListElement":[{"@type":"ListItem","position":1,"name":"Home","item":"https:\/\/www.teka.com\/pt-pt\/"},{"@type":"ListItem","position":2,"name":"DFI 46740"}]},{"@type":"WebSite","@id":"https:\/\/www.teka.com\/pt-pt\/#website","url":"https:\/\/www.teka.com\/pt-pt\/","name":"Teka Portugal","description":"","potentialAction":[{"@type":"SearchAction","target":{"@type":"EntryPoint","urlTemplate":"https:\/\/www.teka.com\/pt-pt\/?s={search_term_string}"},"query-input":{"@type":"PropertyValueSpecification","valueRequired":true,"valueName":"search_term_string"}}],"inLanguage":"pt-PT"}]}},"_links":{"self":[{"href":"https:\/\/www.teka.com\/pt-pt\/wp-json\/wp\/v2\/product\/126167","targetHints":{"allow":["GET"]}}],"collection":[{"href":"https:\/\/www.teka.com\/pt-pt\/wp-json\/wp\/v2\/product"}],"about":[{"href":"https:\/\/www.teka.com\/pt-pt\/wp-json\/wp\/v2\/types\/product"}],"wp:attachment":[{"href":"https:\/\/www.teka.com\/pt-pt\/wp-json\/wp\/v2\/media?parent=126167"}],"wp:term":[{"taxonomy":"product_cat","embeddable":true,"href":"https:\/\/www.teka.com\/pt-pt\/wp-json\/wp\/v2\/product_cat?post=126167"},{"taxonomy":"product_cleaning_system","embeddable":true,"href":"https:\/\/www.teka.com\/pt-pt\/wp-json\/wp\/v2\/product_cleaning_system?post=126167"},{"taxonomy":"product_edition","embeddable":true,"href":"https:\/\/www.teka.com\/pt-pt\/wp-json\/wp\/v2\/product_edition?post=126167"},{"taxonomy":"product_3rd_basket","embeddable":true,"href":"https:\/\/www.teka.com\/pt-pt\/wp-json\/wp\/v2\/product_3rd_basket?post=126167"},{"taxonomy":"product_drawers","embeddable":true,"href":"https:\/\/www.teka.com\/pt-pt\/wp-json\/wp\/v2\/product_drawers?post=126167"},{"taxonomy":"product_type_of_installation","embeddable":true,"href":"https:\/\/www.teka.com\/pt-pt\/wp-json\/wp\/v2\/product_type_of_installation?post=126167"},{"taxonomy":"product_serie","embeddable":true,"href":"https:\/\/www.teka.com\/pt-pt\/wp-json\/wp\/v2\/product_serie?post=126167"},{"taxonomy":"product_features","embeddable":true,"href":"https:\/\/www.teka.com\/pt-pt\/wp-json\/wp\/v2\/product_features?post=126167"},{"taxonomy":"finishes","embeddable":true,"href":"https:\/\/www.teka.com\/pt-pt\/wp-json\/wp\/v2\/finishes?post=126167"},{"taxonomy":"product_bundles","embeddable":true,"href":"https:\/\/www.teka.com\/pt-pt\/wp-json\/wp\/v2\/product_bundles?post=126167"},{"taxonomy":"product_energy_efficiency","embeddable":true,"href":"https:\/\/www.teka.com\/pt-pt\/wp-json\/wp\/v2\/product_energy_efficiency?post=126167"},{"taxonomy":"product_video_training","embeddable":true,"href":"https:\/\/www.teka.com\/pt-pt\/wp-json\/wp\/v2\/product_video_training?post=126167"}],"curies":[{"name":"wp","href":"https:\/\/api.w.org\/{rel}","templated":true}]}}