{"id":126170,"date":"2026-04-26T02:31:21","date_gmt":"2026-04-26T02:31:21","guid":{"rendered":"https:\/\/teka.com\/es-es\/shs-100_111700002"},"modified":"2026-04-02T01:22:30","modified_gmt":"2026-04-02T02:22:30","slug":"shs-100_111700002","status":"publish","type":"product","link":"https:\/\/www.teka.com\/pt-pt\/produto\/shs-100_111700002\/","title":{"rendered":"SHS 100"},"content":{"rendered":"<ul>\n<li>Instala\u00e7\u00e3o vertical ou horizontal<\/li>\n<li>Smart control com display digital<\/li>\n<li>Capacidade: 93 litros<\/li>\n<li>Cuba esmaltada em safira<\/li>\n<li>Indicador de temperatura LED<\/li>\n<li>Temperatura regul\u00e1vel: 30-75\u00baC<\/li>\n<li>V\u00e1lvula de press\u00e3o &gt; 7.5 bar<\/li>\n<li>Press\u00e3o m\u00e1xima 0.75 Mpa<\/li>\n<li>V\u00e1lvula de seguran\u00e7a, prote\u00e7\u00e3o sobreaquecimento e aquecimento a seco<\/li>\n<li>Pot\u00eancia 2.000 W<\/li>\n<li>Espessura do isolamento: 18 mm<\/li>\n<li>\u00c2nodo de magn\u00e9sio<\/li>\n<li>N.\u00ba m\u00e9dio de usu\u00e1rios: 3-5 pessoas<\/li>\n<li>Classifica\u00e7\u00e3o energ\u00e9tica: B<\/li>\n<\/ul>\n","protected":false},"featured_media":0,"parent":0,"template":"","product_cat":[422342],"product_cleaning_system":[],"product_edition":[],"product_3rd_basket":[],"product_drawers":[],"product_type_of_installation":[422211,422212],"product_serie":[],"product_features":[],"finishes":[],"product_bundles":[],"product_energy_efficiency":[422365],"product_video_training":[],"class_list":["post-126170","product","type-product","status-publish","hentry","product_cat-termos","usp-waterheaters-03","usp-waterheaters-04","usp-waterheaters-05","usp-waterheaters-06","color-branco","product_icons-dry-heating-protection","product_icons-elcb-earth-leakage-circuit-breaker","product_icons-humidity-control","product_icons-overheating-protection","product_icons-slim-heater","product_icons-type-of-installation","product_type_of_installation-vertical","product_type_of_installation-horizontal","product_energy_efficiency-b-ue-icon-new"],"acf":[],"yoast_head":"<!-- This site is optimized with the Yoast SEO plugin v27.5 - https:\/\/yoast.com\/product\/yoast-seo-wordpress\/ -->\n<title>Termoacumuladores SHS 100 | Teka<\/title>\n<meta name=\"robots\" content=\"index, follow, max-snippet:-1, max-image-preview:large, max-video-preview:-1\" \/>\n<link rel=\"canonical\" href=\"https:\/\/www.teka.com\/pt-pt\/produto\/shs-100_111700002\/\" \/>\n<meta property=\"og:locale\" content=\"pt_PT\" \/>\n<meta property=\"og:type\" content=\"article\" \/>\n<meta property=\"og:title\" content=\"Termoacumuladores SHS 100 | Teka\" \/>\n<meta property=\"og:description\" content=\"Instala\u00e7\u00e3o vertical ou horizontal Smart control com display digital Capacidade: 93 litros Cuba esmaltada em safira Indicador de temperatura LED Temperatura regul\u00e1vel: 30-75\u00baC V\u00e1lvula de press\u00e3o &gt; 7.5 bar Press\u00e3o m\u00e1xima 0.75 Mpa V\u00e1lvula de seguran\u00e7a, prote\u00e7\u00e3o sobreaquecimento e aquecimento a seco Pot\u00eancia 2.000 W Espessura do isolamento: 18 mm \u00c2nodo de magn\u00e9sio N.\u00ba m\u00e9dio [&hellip;]\" \/>\n<meta property=\"og:url\" content=\"https:\/\/www.teka.com\/pt-pt\/produto\/shs-100_111700002\/\" \/>\n<meta property=\"og:site_name\" content=\"Teka Portugal\" \/>\n<meta name=\"twitter:card\" content=\"summary_large_image\" \/>\n<script type=\"application\/ld+json\" class=\"yoast-schema-graph\">{\"@context\":\"https:\\\/\\\/schema.org\",\"@graph\":[{\"@type\":\"WebPage\",\"@id\":\"https:\\\/\\\/www.teka.com\\\/pt-pt\\\/produto\\\/shs-100_111700002\\\/\",\"url\":\"https:\\\/\\\/www.teka.com\\\/pt-pt\\\/produto\\\/shs-100_111700002\\\/\",\"name\":\"Termoacumuladores SHS 100 | Teka\",\"isPartOf\":{\"@id\":\"https:\\\/\\\/www.teka.com\\\/pt-pt\\\/#website\"},\"datePublished\":\"2026-04-26T02:31:21+00:00\",\"breadcrumb\":{\"@id\":\"https:\\\/\\\/www.teka.com\\\/pt-pt\\\/produto\\\/shs-100_111700002\\\/#breadcrumb\"},\"inLanguage\":\"pt-PT\",\"potentialAction\":[{\"@type\":\"ReadAction\",\"target\":[\"https:\\\/\\\/www.teka.com\\\/pt-pt\\\/produto\\\/shs-100_111700002\\\/\"]}]},{\"@type\":\"BreadcrumbList\",\"@id\":\"https:\\\/\\\/www.teka.com\\\/pt-pt\\\/produto\\\/shs-100_111700002\\\/#breadcrumb\",\"itemListElement\":[{\"@type\":\"ListItem\",\"position\":1,\"name\":\"Home\",\"item\":\"https:\\\/\\\/www.teka.com\\\/pt-pt\\\/\"},{\"@type\":\"ListItem\",\"position\":2,\"name\":\"SHS 100\"}]},{\"@type\":\"WebSite\",\"@id\":\"https:\\\/\\\/www.teka.com\\\/pt-pt\\\/#website\",\"url\":\"https:\\\/\\\/www.teka.com\\\/pt-pt\\\/\",\"name\":\"Teka Portugal\",\"description\":\"\",\"potentialAction\":[{\"@type\":\"SearchAction\",\"target\":{\"@type\":\"EntryPoint\",\"urlTemplate\":\"https:\\\/\\\/www.teka.com\\\/pt-pt\\\/?s={search_term_string}\"},\"query-input\":{\"@type\":\"PropertyValueSpecification\",\"valueRequired\":true,\"valueName\":\"search_term_string\"}}],\"inLanguage\":\"pt-PT\"}]}<\/script>\n<!-- \/ Yoast SEO plugin. -->","yoast_head_json":{"title":"Termoacumuladores SHS 100 | Teka","robots":{"index":"index","follow":"follow","max-snippet":"max-snippet:-1","max-image-preview":"max-image-preview:large","max-video-preview":"max-video-preview:-1"},"canonical":"https:\/\/www.teka.com\/pt-pt\/produto\/shs-100_111700002\/","og_locale":"pt_PT","og_type":"article","og_title":"Termoacumuladores SHS 100 | Teka","og_description":"Instala\u00e7\u00e3o vertical ou horizontal Smart control com display digital Capacidade: 93 litros Cuba esmaltada em safira Indicador de temperatura LED Temperatura regul\u00e1vel: 30-75\u00baC V\u00e1lvula de press\u00e3o &gt; 7.5 bar Press\u00e3o m\u00e1xima 0.75 Mpa V\u00e1lvula de seguran\u00e7a, prote\u00e7\u00e3o sobreaquecimento e aquecimento a seco Pot\u00eancia 2.000 W Espessura do isolamento: 18 mm \u00c2nodo de magn\u00e9sio N.\u00ba m\u00e9dio [&hellip;]","og_url":"https:\/\/www.teka.com\/pt-pt\/produto\/shs-100_111700002\/","og_site_name":"Teka Portugal","twitter_card":"summary_large_image","schema":{"@context":"https:\/\/schema.org","@graph":[{"@type":"WebPage","@id":"https:\/\/www.teka.com\/pt-pt\/produto\/shs-100_111700002\/","url":"https:\/\/www.teka.com\/pt-pt\/produto\/shs-100_111700002\/","name":"Termoacumuladores SHS 100 | Teka","isPartOf":{"@id":"https:\/\/www.teka.com\/pt-pt\/#website"},"datePublished":"2026-04-26T02:31:21+00:00","breadcrumb":{"@id":"https:\/\/www.teka.com\/pt-pt\/produto\/shs-100_111700002\/#breadcrumb"},"inLanguage":"pt-PT","potentialAction":[{"@type":"ReadAction","target":["https:\/\/www.teka.com\/pt-pt\/produto\/shs-100_111700002\/"]}]},{"@type":"BreadcrumbList","@id":"https:\/\/www.teka.com\/pt-pt\/produto\/shs-100_111700002\/#breadcrumb","itemListElement":[{"@type":"ListItem","position":1,"name":"Home","item":"https:\/\/www.teka.com\/pt-pt\/"},{"@type":"ListItem","position":2,"name":"SHS 100"}]},{"@type":"WebSite","@id":"https:\/\/www.teka.com\/pt-pt\/#website","url":"https:\/\/www.teka.com\/pt-pt\/","name":"Teka Portugal","description":"","potentialAction":[{"@type":"SearchAction","target":{"@type":"EntryPoint","urlTemplate":"https:\/\/www.teka.com\/pt-pt\/?s={search_term_string}"},"query-input":{"@type":"PropertyValueSpecification","valueRequired":true,"valueName":"search_term_string"}}],"inLanguage":"pt-PT"}]}},"_links":{"self":[{"href":"https:\/\/www.teka.com\/pt-pt\/wp-json\/wp\/v2\/product\/126170","targetHints":{"allow":["GET"]}}],"collection":[{"href":"https:\/\/www.teka.com\/pt-pt\/wp-json\/wp\/v2\/product"}],"about":[{"href":"https:\/\/www.teka.com\/pt-pt\/wp-json\/wp\/v2\/types\/product"}],"wp:attachment":[{"href":"https:\/\/www.teka.com\/pt-pt\/wp-json\/wp\/v2\/media?parent=126170"}],"wp:term":[{"taxonomy":"product_cat","embeddable":true,"href":"https:\/\/www.teka.com\/pt-pt\/wp-json\/wp\/v2\/product_cat?post=126170"},{"taxonomy":"product_cleaning_system","embeddable":true,"href":"https:\/\/www.teka.com\/pt-pt\/wp-json\/wp\/v2\/product_cleaning_system?post=126170"},{"taxonomy":"product_edition","embeddable":true,"href":"https:\/\/www.teka.com\/pt-pt\/wp-json\/wp\/v2\/product_edition?post=126170"},{"taxonomy":"product_3rd_basket","embeddable":true,"href":"https:\/\/www.teka.com\/pt-pt\/wp-json\/wp\/v2\/product_3rd_basket?post=126170"},{"taxonomy":"product_drawers","embeddable":true,"href":"https:\/\/www.teka.com\/pt-pt\/wp-json\/wp\/v2\/product_drawers?post=126170"},{"taxonomy":"product_type_of_installation","embeddable":true,"href":"https:\/\/www.teka.com\/pt-pt\/wp-json\/wp\/v2\/product_type_of_installation?post=126170"},{"taxonomy":"product_serie","embeddable":true,"href":"https:\/\/www.teka.com\/pt-pt\/wp-json\/wp\/v2\/product_serie?post=126170"},{"taxonomy":"product_features","embeddable":true,"href":"https:\/\/www.teka.com\/pt-pt\/wp-json\/wp\/v2\/product_features?post=126170"},{"taxonomy":"finishes","embeddable":true,"href":"https:\/\/www.teka.com\/pt-pt\/wp-json\/wp\/v2\/finishes?post=126170"},{"taxonomy":"product_bundles","embeddable":true,"href":"https:\/\/www.teka.com\/pt-pt\/wp-json\/wp\/v2\/product_bundles?post=126170"},{"taxonomy":"product_energy_efficiency","embeddable":true,"href":"https:\/\/www.teka.com\/pt-pt\/wp-json\/wp\/v2\/product_energy_efficiency?post=126170"},{"taxonomy":"product_video_training","embeddable":true,"href":"https:\/\/www.teka.com\/pt-pt\/wp-json\/wp\/v2\/product_video_training?post=126170"}],"curies":[{"name":"wp","href":"https:\/\/api.w.org\/{rel}","templated":true}]}}