{"id":126185,"date":"2026-04-28T18:05:56","date_gmt":"2026-04-28T18:05:56","guid":{"rendered":"https:\/\/teka.com\/en-int\/van-gogh-ibf-95-fst-vg_112510047"},"modified":"2026-04-28T03:49:40","modified_gmt":"2026-04-28T04:49:40","slug":"van-gogh-ibf-95-fst-vg_112510047","status":"publish","type":"product","link":"https:\/\/www.teka.com\/pt-pt\/produto\/van-gogh-ibf-95-fst-vg_112510047\/","title":{"rendered":"Van Gogh IBF 95 FST VG"},"content":{"rendered":"<ul>\n<li>Design da Edi\u00e7\u00e3o do Museu Van Gogh<\/li>\n<li>MasterSense<\/li>\n<li>Placa de indu\u00e7\u00e3o<\/li>\n<li>Modelo sem aro exterior. 90 cm de largura<\/li>\n<li>Touch Control<\/li>\n<li>5 zonas cozinhado:<\/li>\n<li>1 (\u00d8 150mm) + 1 (\u00d8 215mm) + 1 (\u00d8 320-180mm)<\/li>\n<li>2 flex (228&#215;200 mm)<\/li>\n<li>4 fun\u00e7\u00f5es diretas de cozinhado: deep frying, quick boiling, keep warm, grilling.<\/li>\n<li>Fun\u00e7\u00e3o limpeza<\/li>\n<li>Indicadores de calor residual<\/li>\n<li>F\u00e1cil instala\u00e7\u00e3o com &quot;Sistema Fast-Click&quot;<\/li>\n<li>Pot\u00eancia: 10.800 W<\/li>\n<\/ul>\n","protected":false},"featured_media":0,"parent":0,"template":"","product_cat":[3061],"product_cleaning_system":[],"product_edition":[],"product_3rd_basket":[],"product_drawers":[],"product_type_of_installation":[],"product_serie":[],"product_features":[422193,422194,422195,422223,422225],"finishes":[],"product_bundles":[],"product_energy_efficiency":[],"product_video_training":[],"class_list":["post-126185","product","type-product","status-publish","hentry","product_cat-placas","usp-induction-18","usp-infinityg1-14","usp-vg-01-vg-museum-edition","usp-vg-02-sophisticated-timeless-design","color-dark-grey-and-black-glass","product_type_of_appliance-inducao","product_ambient-van-gogh-03","product_icons-flex","product_icons-autolock","product_icons-easy-installation","product_icons-power","product_icons-power-plus","product_icons-slider","product_icons-super-zone","product_features-quick-boiling","product_features-keep-warm","product_features-flex","product_features-grilling","product_features-deep-fry"],"acf":[],"yoast_head":"<!-- This site is optimized with the Yoast SEO plugin v27.5 - https:\/\/yoast.com\/product\/yoast-seo-wordpress\/ -->\n<title>Cozinha placas Van Gogh IBF 95 FST VG | Teka<\/title>\n<meta name=\"robots\" content=\"index, follow, max-snippet:-1, max-image-preview:large, max-video-preview:-1\" \/>\n<link rel=\"canonical\" href=\"https:\/\/www.teka.com\/pt-pt\/produto\/van-gogh-ibf-95-fst-vg_112510047\/\" \/>\n<meta property=\"og:locale\" content=\"pt_PT\" \/>\n<meta property=\"og:type\" content=\"article\" \/>\n<meta property=\"og:title\" content=\"Cozinha placas Van Gogh IBF 95 FST VG | Teka\" \/>\n<meta property=\"og:description\" content=\"Design da Edi\u00e7\u00e3o do Museu Van Gogh MasterSense Placa de indu\u00e7\u00e3o Modelo sem aro exterior. 90 cm de largura Touch Control 5 zonas cozinhado: 1 (\u00d8 150mm) + 1 (\u00d8 215mm) + 1 (\u00d8 320-180mm) 2 flex (228&#215;200 mm) 4 fun\u00e7\u00f5es diretas de cozinhado: deep frying, quick boiling, keep warm, grilling. Fun\u00e7\u00e3o limpeza Indicadores de [&hellip;]\" \/>\n<meta property=\"og:url\" content=\"https:\/\/www.teka.com\/pt-pt\/produto\/van-gogh-ibf-95-fst-vg_112510047\/\" \/>\n<meta property=\"og:site_name\" content=\"Teka Portugal\" \/>\n<meta name=\"twitter:card\" content=\"summary_large_image\" \/>\n<script type=\"application\/ld+json\" class=\"yoast-schema-graph\">{\"@context\":\"https:\\\/\\\/schema.org\",\"@graph\":[{\"@type\":\"WebPage\",\"@id\":\"https:\\\/\\\/www.teka.com\\\/pt-pt\\\/produto\\\/van-gogh-ibf-95-fst-vg_112510047\\\/\",\"url\":\"https:\\\/\\\/www.teka.com\\\/pt-pt\\\/produto\\\/van-gogh-ibf-95-fst-vg_112510047\\\/\",\"name\":\"Cozinha placas Van Gogh IBF 95 FST VG | Teka\",\"isPartOf\":{\"@id\":\"https:\\\/\\\/www.teka.com\\\/pt-pt\\\/#website\"},\"datePublished\":\"2026-04-28T18:05:56+00:00\",\"breadcrumb\":{\"@id\":\"https:\\\/\\\/www.teka.com\\\/pt-pt\\\/produto\\\/van-gogh-ibf-95-fst-vg_112510047\\\/#breadcrumb\"},\"inLanguage\":\"pt-PT\",\"potentialAction\":[{\"@type\":\"ReadAction\",\"target\":[\"https:\\\/\\\/www.teka.com\\\/pt-pt\\\/produto\\\/van-gogh-ibf-95-fst-vg_112510047\\\/\"]}]},{\"@type\":\"BreadcrumbList\",\"@id\":\"https:\\\/\\\/www.teka.com\\\/pt-pt\\\/produto\\\/van-gogh-ibf-95-fst-vg_112510047\\\/#breadcrumb\",\"itemListElement\":[{\"@type\":\"ListItem\",\"position\":1,\"name\":\"Home\",\"item\":\"https:\\\/\\\/www.teka.com\\\/pt-pt\\\/\"},{\"@type\":\"ListItem\",\"position\":2,\"name\":\"Van Gogh IBF 95 FST VG\"}]},{\"@type\":\"WebSite\",\"@id\":\"https:\\\/\\\/www.teka.com\\\/pt-pt\\\/#website\",\"url\":\"https:\\\/\\\/www.teka.com\\\/pt-pt\\\/\",\"name\":\"Teka Portugal\",\"description\":\"\",\"potentialAction\":[{\"@type\":\"SearchAction\",\"target\":{\"@type\":\"EntryPoint\",\"urlTemplate\":\"https:\\\/\\\/www.teka.com\\\/pt-pt\\\/?s={search_term_string}\"},\"query-input\":{\"@type\":\"PropertyValueSpecification\",\"valueRequired\":true,\"valueName\":\"search_term_string\"}}],\"inLanguage\":\"pt-PT\"}]}<\/script>\n<!-- \/ Yoast SEO plugin. -->","yoast_head_json":{"title":"Cozinha placas Van Gogh IBF 95 FST VG | Teka","robots":{"index":"index","follow":"follow","max-snippet":"max-snippet:-1","max-image-preview":"max-image-preview:large","max-video-preview":"max-video-preview:-1"},"canonical":"https:\/\/www.teka.com\/pt-pt\/produto\/van-gogh-ibf-95-fst-vg_112510047\/","og_locale":"pt_PT","og_type":"article","og_title":"Cozinha placas Van Gogh IBF 95 FST VG | Teka","og_description":"Design da Edi\u00e7\u00e3o do Museu Van Gogh MasterSense Placa de indu\u00e7\u00e3o Modelo sem aro exterior. 90 cm de largura Touch Control 5 zonas cozinhado: 1 (\u00d8 150mm) + 1 (\u00d8 215mm) + 1 (\u00d8 320-180mm) 2 flex (228&#215;200 mm) 4 fun\u00e7\u00f5es diretas de cozinhado: deep frying, quick boiling, keep warm, grilling. Fun\u00e7\u00e3o limpeza Indicadores de [&hellip;]","og_url":"https:\/\/www.teka.com\/pt-pt\/produto\/van-gogh-ibf-95-fst-vg_112510047\/","og_site_name":"Teka Portugal","twitter_card":"summary_large_image","schema":{"@context":"https:\/\/schema.org","@graph":[{"@type":"WebPage","@id":"https:\/\/www.teka.com\/pt-pt\/produto\/van-gogh-ibf-95-fst-vg_112510047\/","url":"https:\/\/www.teka.com\/pt-pt\/produto\/van-gogh-ibf-95-fst-vg_112510047\/","name":"Cozinha placas Van Gogh IBF 95 FST VG | Teka","isPartOf":{"@id":"https:\/\/www.teka.com\/pt-pt\/#website"},"datePublished":"2026-04-28T18:05:56+00:00","breadcrumb":{"@id":"https:\/\/www.teka.com\/pt-pt\/produto\/van-gogh-ibf-95-fst-vg_112510047\/#breadcrumb"},"inLanguage":"pt-PT","potentialAction":[{"@type":"ReadAction","target":["https:\/\/www.teka.com\/pt-pt\/produto\/van-gogh-ibf-95-fst-vg_112510047\/"]}]},{"@type":"BreadcrumbList","@id":"https:\/\/www.teka.com\/pt-pt\/produto\/van-gogh-ibf-95-fst-vg_112510047\/#breadcrumb","itemListElement":[{"@type":"ListItem","position":1,"name":"Home","item":"https:\/\/www.teka.com\/pt-pt\/"},{"@type":"ListItem","position":2,"name":"Van Gogh IBF 95 FST VG"}]},{"@type":"WebSite","@id":"https:\/\/www.teka.com\/pt-pt\/#website","url":"https:\/\/www.teka.com\/pt-pt\/","name":"Teka Portugal","description":"","potentialAction":[{"@type":"SearchAction","target":{"@type":"EntryPoint","urlTemplate":"https:\/\/www.teka.com\/pt-pt\/?s={search_term_string}"},"query-input":{"@type":"PropertyValueSpecification","valueRequired":true,"valueName":"search_term_string"}}],"inLanguage":"pt-PT"}]}},"_links":{"self":[{"href":"https:\/\/www.teka.com\/pt-pt\/wp-json\/wp\/v2\/product\/126185","targetHints":{"allow":["GET"]}}],"collection":[{"href":"https:\/\/www.teka.com\/pt-pt\/wp-json\/wp\/v2\/product"}],"about":[{"href":"https:\/\/www.teka.com\/pt-pt\/wp-json\/wp\/v2\/types\/product"}],"wp:attachment":[{"href":"https:\/\/www.teka.com\/pt-pt\/wp-json\/wp\/v2\/media?parent=126185"}],"wp:term":[{"taxonomy":"product_cat","embeddable":true,"href":"https:\/\/www.teka.com\/pt-pt\/wp-json\/wp\/v2\/product_cat?post=126185"},{"taxonomy":"product_cleaning_system","embeddable":true,"href":"https:\/\/www.teka.com\/pt-pt\/wp-json\/wp\/v2\/product_cleaning_system?post=126185"},{"taxonomy":"product_edition","embeddable":true,"href":"https:\/\/www.teka.com\/pt-pt\/wp-json\/wp\/v2\/product_edition?post=126185"},{"taxonomy":"product_3rd_basket","embeddable":true,"href":"https:\/\/www.teka.com\/pt-pt\/wp-json\/wp\/v2\/product_3rd_basket?post=126185"},{"taxonomy":"product_drawers","embeddable":true,"href":"https:\/\/www.teka.com\/pt-pt\/wp-json\/wp\/v2\/product_drawers?post=126185"},{"taxonomy":"product_type_of_installation","embeddable":true,"href":"https:\/\/www.teka.com\/pt-pt\/wp-json\/wp\/v2\/product_type_of_installation?post=126185"},{"taxonomy":"product_serie","embeddable":true,"href":"https:\/\/www.teka.com\/pt-pt\/wp-json\/wp\/v2\/product_serie?post=126185"},{"taxonomy":"product_features","embeddable":true,"href":"https:\/\/www.teka.com\/pt-pt\/wp-json\/wp\/v2\/product_features?post=126185"},{"taxonomy":"finishes","embeddable":true,"href":"https:\/\/www.teka.com\/pt-pt\/wp-json\/wp\/v2\/finishes?post=126185"},{"taxonomy":"product_bundles","embeddable":true,"href":"https:\/\/www.teka.com\/pt-pt\/wp-json\/wp\/v2\/product_bundles?post=126185"},{"taxonomy":"product_energy_efficiency","embeddable":true,"href":"https:\/\/www.teka.com\/pt-pt\/wp-json\/wp\/v2\/product_energy_efficiency?post=126185"},{"taxonomy":"product_video_training","embeddable":true,"href":"https:\/\/www.teka.com\/pt-pt\/wp-json\/wp\/v2\/product_video_training?post=126185"}],"curies":[{"name":"wp","href":"https:\/\/api.w.org\/{rel}","templated":true}]}}