{"id":126188,"date":"2026-04-26T22:35:41","date_gmt":"2026-04-26T22:35:41","guid":{"rendered":"https:\/\/teka.com\/en-int\/van-gogh-dvt-98660-tos-vg_112930075"},"modified":"2026-04-21T02:23:15","modified_gmt":"2026-04-21T03:23:15","slug":"van-gogh-dvt-98660-tos-vg_112930075","status":"publish","type":"product","link":"https:\/\/www.teka.com\/pt-pt\/produto\/van-gogh-dvt-98660-tos-vg_112930075\/","title":{"rendered":"Van Gogh DVT 98660 TOS VG"},"content":{"rendered":"<ul>\n<li>Design da Edi\u00e7\u00e3o do Museu Van Gogh<\/li>\n<li>Chamin\u00e9 decorativa vertical de parede<\/li>\n<li>Painel de comandos Touch Control c\/ display digital branco<\/li>\n<li>2 l\u00e2mpadas LED<\/li>\n<li>Tr\u00eas velocidades + uma intensiva<\/li>\n<li>Indicador digital de velocidade selecionada<\/li>\n<li>Funcionamento temporizado<\/li>\n<li>Filtros met\u00e1licos interiores<\/li>\n<li>Sistema de aspira\u00e7\u00e3o perimetral &quot;Contour&quot;<\/li>\n<li>Sistema de aspira\u00e7\u00e3o Dual<\/li>\n<li>Indicador luminoso de satura\u00e7\u00e3o de filtros<\/li>\n<li>Motor blindado de dupla turbina ECOPOWER<\/li>\n<li>Fun\u00e7\u00e3o Fresh air<\/li>\n<li>Capacidade de extra\u00e7\u00e3o (*): min. 307 m3\/h &#8211; int. 698 m3\/h<\/li>\n<li>N\u00edvel de pot\u00eancia sonora (*): min. 61 dBA &#8211; m\u00e1x. 72 dBA<\/li>\n<li>Possibilidade de funcionamento em recircula\u00e7\u00e3o<\/li>\n<li>Classifica\u00e7\u00e3o energ\u00e9tica: A+<\/li>\n<\/ul>\n","protected":false},"featured_media":0,"parent":0,"template":"","product_cat":[3064],"product_cleaning_system":[],"product_edition":[],"product_3rd_basket":[],"product_drawers":[],"product_type_of_installation":[],"product_serie":[],"product_features":[],"finishes":[],"product_bundles":[],"product_energy_efficiency":[422897],"product_video_training":[],"class_list":["post-126188","product","type-product","status-publish","hentry","product_cat-exaustores","usp-tekahome-08","usp-infinityg1-12","usp-vg-01-vg-museum-edition","usp-vg-02-sophisticated-timeless-design","color-dark-grey-and-black-glass","product_type_of_appliance-decorativas","product_ambient-van-gogh-03","product_icons-freshair","product_icons-led","product_icons-perimeter-extraction","product_icons-stop-delay-timer","product_energy_efficiency-a-plus-icon"],"acf":[],"yoast_head":"<!-- This site is optimized with the Yoast SEO plugin v27.5 - https:\/\/yoast.com\/product\/yoast-seo-wordpress\/ -->\n<title>Cozinha Exaustores, Van Gogh DVT 98660 TOS VG | Teka<\/title>\n<meta name=\"robots\" content=\"index, follow, max-snippet:-1, max-image-preview:large, max-video-preview:-1\" \/>\n<link rel=\"canonical\" href=\"https:\/\/www.teka.com\/pt-pt\/produto\/van-gogh-dvt-98660-tos-vg_112930075\/\" \/>\n<meta property=\"og:locale\" content=\"pt_PT\" \/>\n<meta property=\"og:type\" content=\"article\" \/>\n<meta property=\"og:title\" content=\"Cozinha Exaustores, Van Gogh DVT 98660 TOS VG | Teka\" \/>\n<meta property=\"og:description\" content=\"Design da Edi\u00e7\u00e3o do Museu Van Gogh Chamin\u00e9 decorativa vertical de parede Painel de comandos Touch Control c\/ display digital branco 2 l\u00e2mpadas LED Tr\u00eas velocidades + uma intensiva Indicador digital de velocidade selecionada Funcionamento temporizado Filtros met\u00e1licos interiores Sistema de aspira\u00e7\u00e3o perimetral &quot;Contour&quot; Sistema de aspira\u00e7\u00e3o Dual Indicador luminoso de satura\u00e7\u00e3o de filtros Motor [&hellip;]\" \/>\n<meta property=\"og:url\" content=\"https:\/\/www.teka.com\/pt-pt\/produto\/van-gogh-dvt-98660-tos-vg_112930075\/\" \/>\n<meta property=\"og:site_name\" content=\"Teka Portugal\" \/>\n<meta name=\"twitter:card\" content=\"summary_large_image\" \/>\n<script type=\"application\/ld+json\" class=\"yoast-schema-graph\">{\"@context\":\"https:\\\/\\\/schema.org\",\"@graph\":[{\"@type\":\"WebPage\",\"@id\":\"https:\\\/\\\/www.teka.com\\\/pt-pt\\\/produto\\\/van-gogh-dvt-98660-tos-vg_112930075\\\/\",\"url\":\"https:\\\/\\\/www.teka.com\\\/pt-pt\\\/produto\\\/van-gogh-dvt-98660-tos-vg_112930075\\\/\",\"name\":\"Cozinha Exaustores, Van Gogh DVT 98660 TOS VG | Teka\",\"isPartOf\":{\"@id\":\"https:\\\/\\\/www.teka.com\\\/pt-pt\\\/#website\"},\"datePublished\":\"2026-04-26T22:35:41+00:00\",\"breadcrumb\":{\"@id\":\"https:\\\/\\\/www.teka.com\\\/pt-pt\\\/produto\\\/van-gogh-dvt-98660-tos-vg_112930075\\\/#breadcrumb\"},\"inLanguage\":\"pt-PT\",\"potentialAction\":[{\"@type\":\"ReadAction\",\"target\":[\"https:\\\/\\\/www.teka.com\\\/pt-pt\\\/produto\\\/van-gogh-dvt-98660-tos-vg_112930075\\\/\"]}]},{\"@type\":\"BreadcrumbList\",\"@id\":\"https:\\\/\\\/www.teka.com\\\/pt-pt\\\/produto\\\/van-gogh-dvt-98660-tos-vg_112930075\\\/#breadcrumb\",\"itemListElement\":[{\"@type\":\"ListItem\",\"position\":1,\"name\":\"Home\",\"item\":\"https:\\\/\\\/www.teka.com\\\/pt-pt\\\/\"},{\"@type\":\"ListItem\",\"position\":2,\"name\":\"Van Gogh DVT 98660 TOS VG\"}]},{\"@type\":\"WebSite\",\"@id\":\"https:\\\/\\\/www.teka.com\\\/pt-pt\\\/#website\",\"url\":\"https:\\\/\\\/www.teka.com\\\/pt-pt\\\/\",\"name\":\"Teka Portugal\",\"description\":\"\",\"potentialAction\":[{\"@type\":\"SearchAction\",\"target\":{\"@type\":\"EntryPoint\",\"urlTemplate\":\"https:\\\/\\\/www.teka.com\\\/pt-pt\\\/?s={search_term_string}\"},\"query-input\":{\"@type\":\"PropertyValueSpecification\",\"valueRequired\":true,\"valueName\":\"search_term_string\"}}],\"inLanguage\":\"pt-PT\"}]}<\/script>\n<!-- \/ Yoast SEO plugin. -->","yoast_head_json":{"title":"Cozinha Exaustores, Van Gogh DVT 98660 TOS VG | Teka","robots":{"index":"index","follow":"follow","max-snippet":"max-snippet:-1","max-image-preview":"max-image-preview:large","max-video-preview":"max-video-preview:-1"},"canonical":"https:\/\/www.teka.com\/pt-pt\/produto\/van-gogh-dvt-98660-tos-vg_112930075\/","og_locale":"pt_PT","og_type":"article","og_title":"Cozinha Exaustores, Van Gogh DVT 98660 TOS VG | Teka","og_description":"Design da Edi\u00e7\u00e3o do Museu Van Gogh Chamin\u00e9 decorativa vertical de parede Painel de comandos Touch Control c\/ display digital branco 2 l\u00e2mpadas LED Tr\u00eas velocidades + uma intensiva Indicador digital de velocidade selecionada Funcionamento temporizado Filtros met\u00e1licos interiores Sistema de aspira\u00e7\u00e3o perimetral &quot;Contour&quot; Sistema de aspira\u00e7\u00e3o Dual Indicador luminoso de satura\u00e7\u00e3o de filtros Motor [&hellip;]","og_url":"https:\/\/www.teka.com\/pt-pt\/produto\/van-gogh-dvt-98660-tos-vg_112930075\/","og_site_name":"Teka Portugal","twitter_card":"summary_large_image","schema":{"@context":"https:\/\/schema.org","@graph":[{"@type":"WebPage","@id":"https:\/\/www.teka.com\/pt-pt\/produto\/van-gogh-dvt-98660-tos-vg_112930075\/","url":"https:\/\/www.teka.com\/pt-pt\/produto\/van-gogh-dvt-98660-tos-vg_112930075\/","name":"Cozinha Exaustores, Van Gogh DVT 98660 TOS VG | Teka","isPartOf":{"@id":"https:\/\/www.teka.com\/pt-pt\/#website"},"datePublished":"2026-04-26T22:35:41+00:00","breadcrumb":{"@id":"https:\/\/www.teka.com\/pt-pt\/produto\/van-gogh-dvt-98660-tos-vg_112930075\/#breadcrumb"},"inLanguage":"pt-PT","potentialAction":[{"@type":"ReadAction","target":["https:\/\/www.teka.com\/pt-pt\/produto\/van-gogh-dvt-98660-tos-vg_112930075\/"]}]},{"@type":"BreadcrumbList","@id":"https:\/\/www.teka.com\/pt-pt\/produto\/van-gogh-dvt-98660-tos-vg_112930075\/#breadcrumb","itemListElement":[{"@type":"ListItem","position":1,"name":"Home","item":"https:\/\/www.teka.com\/pt-pt\/"},{"@type":"ListItem","position":2,"name":"Van Gogh DVT 98660 TOS VG"}]},{"@type":"WebSite","@id":"https:\/\/www.teka.com\/pt-pt\/#website","url":"https:\/\/www.teka.com\/pt-pt\/","name":"Teka Portugal","description":"","potentialAction":[{"@type":"SearchAction","target":{"@type":"EntryPoint","urlTemplate":"https:\/\/www.teka.com\/pt-pt\/?s={search_term_string}"},"query-input":{"@type":"PropertyValueSpecification","valueRequired":true,"valueName":"search_term_string"}}],"inLanguage":"pt-PT"}]}},"_links":{"self":[{"href":"https:\/\/www.teka.com\/pt-pt\/wp-json\/wp\/v2\/product\/126188","targetHints":{"allow":["GET"]}}],"collection":[{"href":"https:\/\/www.teka.com\/pt-pt\/wp-json\/wp\/v2\/product"}],"about":[{"href":"https:\/\/www.teka.com\/pt-pt\/wp-json\/wp\/v2\/types\/product"}],"wp:attachment":[{"href":"https:\/\/www.teka.com\/pt-pt\/wp-json\/wp\/v2\/media?parent=126188"}],"wp:term":[{"taxonomy":"product_cat","embeddable":true,"href":"https:\/\/www.teka.com\/pt-pt\/wp-json\/wp\/v2\/product_cat?post=126188"},{"taxonomy":"product_cleaning_system","embeddable":true,"href":"https:\/\/www.teka.com\/pt-pt\/wp-json\/wp\/v2\/product_cleaning_system?post=126188"},{"taxonomy":"product_edition","embeddable":true,"href":"https:\/\/www.teka.com\/pt-pt\/wp-json\/wp\/v2\/product_edition?post=126188"},{"taxonomy":"product_3rd_basket","embeddable":true,"href":"https:\/\/www.teka.com\/pt-pt\/wp-json\/wp\/v2\/product_3rd_basket?post=126188"},{"taxonomy":"product_drawers","embeddable":true,"href":"https:\/\/www.teka.com\/pt-pt\/wp-json\/wp\/v2\/product_drawers?post=126188"},{"taxonomy":"product_type_of_installation","embeddable":true,"href":"https:\/\/www.teka.com\/pt-pt\/wp-json\/wp\/v2\/product_type_of_installation?post=126188"},{"taxonomy":"product_serie","embeddable":true,"href":"https:\/\/www.teka.com\/pt-pt\/wp-json\/wp\/v2\/product_serie?post=126188"},{"taxonomy":"product_features","embeddable":true,"href":"https:\/\/www.teka.com\/pt-pt\/wp-json\/wp\/v2\/product_features?post=126188"},{"taxonomy":"finishes","embeddable":true,"href":"https:\/\/www.teka.com\/pt-pt\/wp-json\/wp\/v2\/finishes?post=126188"},{"taxonomy":"product_bundles","embeddable":true,"href":"https:\/\/www.teka.com\/pt-pt\/wp-json\/wp\/v2\/product_bundles?post=126188"},{"taxonomy":"product_energy_efficiency","embeddable":true,"href":"https:\/\/www.teka.com\/pt-pt\/wp-json\/wp\/v2\/product_energy_efficiency?post=126188"},{"taxonomy":"product_video_training","embeddable":true,"href":"https:\/\/www.teka.com\/pt-pt\/wp-json\/wp\/v2\/product_video_training?post=126188"}],"curies":[{"name":"wp","href":"https:\/\/api.w.org\/{rel}","templated":true}]}}