{"id":126905,"date":"2026-05-14T18:40:31","date_gmt":"2026-05-14T18:40:31","guid":{"rendered":"https:\/\/teka.com\/en-int\/rbf-73395-fi_113560030"},"modified":"2026-05-07T07:05:40","modified_gmt":"2026-05-07T08:05:40","slug":"rbf-73395-fi_113560030","status":"publish","type":"product","link":"https:\/\/www.teka.com\/pt-pt\/produto\/rbf-73395-fi_113560030\/","title":{"rendered":"RBF 73395 FI"},"content":{"rendered":"<ul>\n<li>Combinado de encastre<\/li>\n<li>Total No Frost<\/li>\n<li>Controlo eletr\u00f3nico<\/li>\n<li>Controlo AirFlow<\/li>\n<li>Motor inverter<\/li>\n<li>Fun\u00e7\u00e3o F\u00e9rias<\/li>\n<li>\u00c1rea oculta (SecretZone) para conservar os alimentos por mais tempo<\/li>\n<li>1 Cooling Box (0-3\u00baC)<\/li>\n<li>1 FlipBox 180\u00ba<\/li>\n<li>Bandejas em vidro regul\u00e1veis em altura<\/li>\n<li>Sistema de integra\u00e7\u00e3o com porta deslizante<\/li>\n<li>Portas revers\u00edveis<\/li>\n<li>Classifica\u00e7\u00e3o energ\u00e9tica: C<\/li>\n<\/ul>\n","protected":false},"featured_media":0,"parent":0,"template":"","product_cat":[423033],"product_cleaning_system":[],"product_edition":[],"product_3rd_basket":[],"product_drawers":[],"product_type_of_installation":[422185],"product_serie":[],"product_features":[],"finishes":[],"product_bundles":[],"product_energy_efficiency":[422366],"product_video_training":[],"class_list":["post-126905","product","type-product","status-publish","hentry","product_cat-frigorificos","usp-coldline-04","color-branco","product_icons-easy-90","product_icons-led","product_icons-motor-inverter","product_icons-on-holidays-function","product_type_of_installation-integracao","product_energy_efficiency-c-ue-icon-new"],"acf":[],"yoast_head":"<!-- This site is optimized with the Yoast SEO plugin v27.5 - https:\/\/yoast.com\/product\/yoast-seo-wordpress\/ -->\n<title>Frigor\u00edficos para Cozinha, RBF 73395 FI | Teka<\/title>\n<meta name=\"robots\" content=\"index, follow, max-snippet:-1, max-image-preview:large, max-video-preview:-1\" \/>\n<link rel=\"canonical\" href=\"https:\/\/www.teka.com\/pt-pt\/produto\/rbf-73395-fi_113560030\/\" \/>\n<meta property=\"og:locale\" content=\"pt_PT\" \/>\n<meta property=\"og:type\" content=\"article\" \/>\n<meta property=\"og:title\" content=\"Frigor\u00edficos para Cozinha, RBF 73395 FI | Teka\" \/>\n<meta property=\"og:description\" content=\"Combinado de encastre Total No Frost Controlo eletr\u00f3nico Controlo AirFlow Motor inverter Fun\u00e7\u00e3o F\u00e9rias \u00c1rea oculta (SecretZone) para conservar os alimentos por mais tempo 1 Cooling Box (0-3\u00baC) 1 FlipBox 180\u00ba Bandejas em vidro regul\u00e1veis em altura Sistema de integra\u00e7\u00e3o com porta deslizante Portas revers\u00edveis Classifica\u00e7\u00e3o energ\u00e9tica: C\" \/>\n<meta property=\"og:url\" content=\"https:\/\/www.teka.com\/pt-pt\/produto\/rbf-73395-fi_113560030\/\" \/>\n<meta property=\"og:site_name\" content=\"Teka Portugal\" \/>\n<meta name=\"twitter:card\" content=\"summary_large_image\" \/>\n<script type=\"application\/ld+json\" class=\"yoast-schema-graph\">{\"@context\":\"https:\\\/\\\/schema.org\",\"@graph\":[{\"@type\":\"WebPage\",\"@id\":\"https:\\\/\\\/www.teka.com\\\/pt-pt\\\/produto\\\/rbf-73395-fi_113560030\\\/\",\"url\":\"https:\\\/\\\/www.teka.com\\\/pt-pt\\\/produto\\\/rbf-73395-fi_113560030\\\/\",\"name\":\"Frigor\u00edficos para Cozinha, RBF 73395 FI | Teka\",\"isPartOf\":{\"@id\":\"https:\\\/\\\/www.teka.com\\\/pt-pt\\\/#website\"},\"datePublished\":\"2026-05-14T18:40:31+00:00\",\"breadcrumb\":{\"@id\":\"https:\\\/\\\/www.teka.com\\\/pt-pt\\\/produto\\\/rbf-73395-fi_113560030\\\/#breadcrumb\"},\"inLanguage\":\"pt-PT\",\"potentialAction\":[{\"@type\":\"ReadAction\",\"target\":[\"https:\\\/\\\/www.teka.com\\\/pt-pt\\\/produto\\\/rbf-73395-fi_113560030\\\/\"]}]},{\"@type\":\"BreadcrumbList\",\"@id\":\"https:\\\/\\\/www.teka.com\\\/pt-pt\\\/produto\\\/rbf-73395-fi_113560030\\\/#breadcrumb\",\"itemListElement\":[{\"@type\":\"ListItem\",\"position\":1,\"name\":\"Home\",\"item\":\"https:\\\/\\\/www.teka.com\\\/pt-pt\\\/\"},{\"@type\":\"ListItem\",\"position\":2,\"name\":\"RBF 73395 FI\"}]},{\"@type\":\"WebSite\",\"@id\":\"https:\\\/\\\/www.teka.com\\\/pt-pt\\\/#website\",\"url\":\"https:\\\/\\\/www.teka.com\\\/pt-pt\\\/\",\"name\":\"Teka Portugal\",\"description\":\"\",\"potentialAction\":[{\"@type\":\"SearchAction\",\"target\":{\"@type\":\"EntryPoint\",\"urlTemplate\":\"https:\\\/\\\/www.teka.com\\\/pt-pt\\\/?s={search_term_string}\"},\"query-input\":{\"@type\":\"PropertyValueSpecification\",\"valueRequired\":true,\"valueName\":\"search_term_string\"}}],\"inLanguage\":\"pt-PT\"}]}<\/script>\n<!-- \/ Yoast SEO plugin. -->","yoast_head_json":{"title":"Frigor\u00edficos para Cozinha, RBF 73395 FI | Teka","robots":{"index":"index","follow":"follow","max-snippet":"max-snippet:-1","max-image-preview":"max-image-preview:large","max-video-preview":"max-video-preview:-1"},"canonical":"https:\/\/www.teka.com\/pt-pt\/produto\/rbf-73395-fi_113560030\/","og_locale":"pt_PT","og_type":"article","og_title":"Frigor\u00edficos para Cozinha, RBF 73395 FI | Teka","og_description":"Combinado de encastre Total No Frost Controlo eletr\u00f3nico Controlo AirFlow Motor inverter Fun\u00e7\u00e3o F\u00e9rias \u00c1rea oculta (SecretZone) para conservar os alimentos por mais tempo 1 Cooling Box (0-3\u00baC) 1 FlipBox 180\u00ba Bandejas em vidro regul\u00e1veis em altura Sistema de integra\u00e7\u00e3o com porta deslizante Portas revers\u00edveis Classifica\u00e7\u00e3o energ\u00e9tica: C","og_url":"https:\/\/www.teka.com\/pt-pt\/produto\/rbf-73395-fi_113560030\/","og_site_name":"Teka Portugal","twitter_card":"summary_large_image","schema":{"@context":"https:\/\/schema.org","@graph":[{"@type":"WebPage","@id":"https:\/\/www.teka.com\/pt-pt\/produto\/rbf-73395-fi_113560030\/","url":"https:\/\/www.teka.com\/pt-pt\/produto\/rbf-73395-fi_113560030\/","name":"Frigor\u00edficos para Cozinha, RBF 73395 FI | Teka","isPartOf":{"@id":"https:\/\/www.teka.com\/pt-pt\/#website"},"datePublished":"2026-05-14T18:40:31+00:00","breadcrumb":{"@id":"https:\/\/www.teka.com\/pt-pt\/produto\/rbf-73395-fi_113560030\/#breadcrumb"},"inLanguage":"pt-PT","potentialAction":[{"@type":"ReadAction","target":["https:\/\/www.teka.com\/pt-pt\/produto\/rbf-73395-fi_113560030\/"]}]},{"@type":"BreadcrumbList","@id":"https:\/\/www.teka.com\/pt-pt\/produto\/rbf-73395-fi_113560030\/#breadcrumb","itemListElement":[{"@type":"ListItem","position":1,"name":"Home","item":"https:\/\/www.teka.com\/pt-pt\/"},{"@type":"ListItem","position":2,"name":"RBF 73395 FI"}]},{"@type":"WebSite","@id":"https:\/\/www.teka.com\/pt-pt\/#website","url":"https:\/\/www.teka.com\/pt-pt\/","name":"Teka Portugal","description":"","potentialAction":[{"@type":"SearchAction","target":{"@type":"EntryPoint","urlTemplate":"https:\/\/www.teka.com\/pt-pt\/?s={search_term_string}"},"query-input":{"@type":"PropertyValueSpecification","valueRequired":true,"valueName":"search_term_string"}}],"inLanguage":"pt-PT"}]}},"_links":{"self":[{"href":"https:\/\/www.teka.com\/pt-pt\/wp-json\/wp\/v2\/product\/126905","targetHints":{"allow":["GET"]}}],"collection":[{"href":"https:\/\/www.teka.com\/pt-pt\/wp-json\/wp\/v2\/product"}],"about":[{"href":"https:\/\/www.teka.com\/pt-pt\/wp-json\/wp\/v2\/types\/product"}],"wp:attachment":[{"href":"https:\/\/www.teka.com\/pt-pt\/wp-json\/wp\/v2\/media?parent=126905"}],"wp:term":[{"taxonomy":"product_cat","embeddable":true,"href":"https:\/\/www.teka.com\/pt-pt\/wp-json\/wp\/v2\/product_cat?post=126905"},{"taxonomy":"product_cleaning_system","embeddable":true,"href":"https:\/\/www.teka.com\/pt-pt\/wp-json\/wp\/v2\/product_cleaning_system?post=126905"},{"taxonomy":"product_edition","embeddable":true,"href":"https:\/\/www.teka.com\/pt-pt\/wp-json\/wp\/v2\/product_edition?post=126905"},{"taxonomy":"product_3rd_basket","embeddable":true,"href":"https:\/\/www.teka.com\/pt-pt\/wp-json\/wp\/v2\/product_3rd_basket?post=126905"},{"taxonomy":"product_drawers","embeddable":true,"href":"https:\/\/www.teka.com\/pt-pt\/wp-json\/wp\/v2\/product_drawers?post=126905"},{"taxonomy":"product_type_of_installation","embeddable":true,"href":"https:\/\/www.teka.com\/pt-pt\/wp-json\/wp\/v2\/product_type_of_installation?post=126905"},{"taxonomy":"product_serie","embeddable":true,"href":"https:\/\/www.teka.com\/pt-pt\/wp-json\/wp\/v2\/product_serie?post=126905"},{"taxonomy":"product_features","embeddable":true,"href":"https:\/\/www.teka.com\/pt-pt\/wp-json\/wp\/v2\/product_features?post=126905"},{"taxonomy":"finishes","embeddable":true,"href":"https:\/\/www.teka.com\/pt-pt\/wp-json\/wp\/v2\/finishes?post=126905"},{"taxonomy":"product_bundles","embeddable":true,"href":"https:\/\/www.teka.com\/pt-pt\/wp-json\/wp\/v2\/product_bundles?post=126905"},{"taxonomy":"product_energy_efficiency","embeddable":true,"href":"https:\/\/www.teka.com\/pt-pt\/wp-json\/wp\/v2\/product_energy_efficiency?post=126905"},{"taxonomy":"product_video_training","embeddable":true,"href":"https:\/\/www.teka.com\/pt-pt\/wp-json\/wp\/v2\/product_video_training?post=126905"}],"curies":[{"name":"wp","href":"https:\/\/api.w.org\/{rel}","templated":true}]}}