{"id":52702,"date":"2026-04-07T18:09:09","date_gmt":"2026-04-07T18:09:09","guid":{"rendered":"https:\/\/teka.com\/pt-pt\/producto\/dlh-786-t_40487181\/"},"modified":"2026-03-15T01:14:53","modified_gmt":"2026-03-15T02:14:53","slug":"dlh-786-t_40487181","status":"publish","type":"product","link":"https:\/\/www.teka.com\/pt-pt\/produto\/dlh-786-t_40487181\/","title":{"rendered":"DLH 786 T"},"content":{"rendered":"<ul>\n<li>Capacidade de extra\u00e7\u00e3o at\u00e9 701 m3\/h<\/li>\n<li>Barra de ilumina\u00e7\u00e3o LED<\/li>\n<li>Painel de comandos Touch Control<\/li>\n<li>Motor Ecopower<\/li>\n<\/ul>\n","protected":false},"featured_media":0,"parent":0,"template":"","product_cat":[3064],"product_cleaning_system":[],"product_edition":[],"product_3rd_basket":[],"product_drawers":[],"product_type_of_installation":[],"product_serie":[],"product_features":[],"finishes":[],"product_bundles":[],"product_energy_efficiency":[422897],"product_video_training":[],"class_list":["post-52702","product","type-product","status-publish","hentry","product_cat-exaustores","usp-hoods-02","usp-hoods-04","usp-hoods-05","usp-hoods-06","color-inox-vidro-preto","product_type_of_appliance-decorativas","product_icons-led","product_icons-stop-delay-timer","product_energy_efficiency-a-plus-icon"],"acf":[],"yoast_head":"<!-- This site is optimized with the Yoast SEO plugin v27.2 - https:\/\/yoast.com\/product\/yoast-seo-wordpress\/ -->\n<title>Cozinha Exaustores, DLH 786 T | Teka<\/title>\n<meta name=\"robots\" content=\"index, follow, max-snippet:-1, max-image-preview:large, max-video-preview:-1\" \/>\n<link rel=\"canonical\" href=\"https:\/\/www.teka.com\/pt-pt\/produto\/dlh-786-t_40487181\/\" \/>\n<meta property=\"og:locale\" content=\"pt_PT\" \/>\n<meta property=\"og:type\" content=\"article\" \/>\n<meta property=\"og:title\" content=\"Cozinha Exaustores, DLH 786 T | Teka\" \/>\n<meta property=\"og:description\" content=\"Capacidade de extra\u00e7\u00e3o at\u00e9 701 m3\/h Barra de ilumina\u00e7\u00e3o LED Painel de comandos Touch Control Motor Ecopower\" \/>\n<meta property=\"og:url\" content=\"https:\/\/www.teka.com\/pt-pt\/produto\/dlh-786-t_40487181\/\" \/>\n<meta property=\"og:site_name\" content=\"Teka Portugal\" \/>\n<meta name=\"twitter:card\" content=\"summary_large_image\" \/>\n<script type=\"application\/ld+json\" class=\"yoast-schema-graph\">{\"@context\":\"https:\/\/schema.org\",\"@graph\":[{\"@type\":\"WebPage\",\"@id\":\"https:\/\/www.teka.com\/pt-pt\/produto\/dlh-786-t_40487181\/\",\"url\":\"https:\/\/www.teka.com\/pt-pt\/produto\/dlh-786-t_40487181\/\",\"name\":\"Cozinha Exaustores, DLH 786 T | Teka\",\"isPartOf\":{\"@id\":\"https:\/\/www.teka.com\/pt-pt\/#website\"},\"datePublished\":\"2026-04-07T18:09:09+00:00\",\"breadcrumb\":{\"@id\":\"https:\/\/www.teka.com\/pt-pt\/produto\/dlh-786-t_40487181\/#breadcrumb\"},\"inLanguage\":\"pt-PT\",\"potentialAction\":[{\"@type\":\"ReadAction\",\"target\":[\"https:\/\/www.teka.com\/pt-pt\/produto\/dlh-786-t_40487181\/\"]}]},{\"@type\":\"BreadcrumbList\",\"@id\":\"https:\/\/www.teka.com\/pt-pt\/produto\/dlh-786-t_40487181\/#breadcrumb\",\"itemListElement\":[{\"@type\":\"ListItem\",\"position\":1,\"name\":\"Home\",\"item\":\"https:\/\/www.teka.com\/pt-pt\/\"},{\"@type\":\"ListItem\",\"position\":2,\"name\":\"DLH 786 T\"}]},{\"@type\":\"WebSite\",\"@id\":\"https:\/\/www.teka.com\/pt-pt\/#website\",\"url\":\"https:\/\/www.teka.com\/pt-pt\/\",\"name\":\"Teka Portugal\",\"description\":\"\",\"potentialAction\":[{\"@type\":\"SearchAction\",\"target\":{\"@type\":\"EntryPoint\",\"urlTemplate\":\"https:\/\/www.teka.com\/pt-pt\/?s={search_term_string}\"},\"query-input\":{\"@type\":\"PropertyValueSpecification\",\"valueRequired\":true,\"valueName\":\"search_term_string\"}}],\"inLanguage\":\"pt-PT\"}]}<\/script>\n<!-- \/ Yoast SEO plugin. -->","yoast_head_json":{"title":"Cozinha Exaustores, DLH 786 T | Teka","robots":{"index":"index","follow":"follow","max-snippet":"max-snippet:-1","max-image-preview":"max-image-preview:large","max-video-preview":"max-video-preview:-1"},"canonical":"https:\/\/www.teka.com\/pt-pt\/produto\/dlh-786-t_40487181\/","og_locale":"pt_PT","og_type":"article","og_title":"Cozinha Exaustores, DLH 786 T | Teka","og_description":"Capacidade de extra\u00e7\u00e3o at\u00e9 701 m3\/h Barra de ilumina\u00e7\u00e3o LED Painel de comandos Touch Control Motor Ecopower","og_url":"https:\/\/www.teka.com\/pt-pt\/produto\/dlh-786-t_40487181\/","og_site_name":"Teka Portugal","twitter_card":"summary_large_image","schema":{"@context":"https:\/\/schema.org","@graph":[{"@type":"WebPage","@id":"https:\/\/www.teka.com\/pt-pt\/produto\/dlh-786-t_40487181\/","url":"https:\/\/www.teka.com\/pt-pt\/produto\/dlh-786-t_40487181\/","name":"Cozinha Exaustores, DLH 786 T | Teka","isPartOf":{"@id":"https:\/\/www.teka.com\/pt-pt\/#website"},"datePublished":"2026-04-07T18:09:09+00:00","breadcrumb":{"@id":"https:\/\/www.teka.com\/pt-pt\/produto\/dlh-786-t_40487181\/#breadcrumb"},"inLanguage":"pt-PT","potentialAction":[{"@type":"ReadAction","target":["https:\/\/www.teka.com\/pt-pt\/produto\/dlh-786-t_40487181\/"]}]},{"@type":"BreadcrumbList","@id":"https:\/\/www.teka.com\/pt-pt\/produto\/dlh-786-t_40487181\/#breadcrumb","itemListElement":[{"@type":"ListItem","position":1,"name":"Home","item":"https:\/\/www.teka.com\/pt-pt\/"},{"@type":"ListItem","position":2,"name":"DLH 786 T"}]},{"@type":"WebSite","@id":"https:\/\/www.teka.com\/pt-pt\/#website","url":"https:\/\/www.teka.com\/pt-pt\/","name":"Teka Portugal","description":"","potentialAction":[{"@type":"SearchAction","target":{"@type":"EntryPoint","urlTemplate":"https:\/\/www.teka.com\/pt-pt\/?s={search_term_string}"},"query-input":{"@type":"PropertyValueSpecification","valueRequired":true,"valueName":"search_term_string"}}],"inLanguage":"pt-PT"}]}},"_links":{"self":[{"href":"https:\/\/www.teka.com\/pt-pt\/wp-json\/wp\/v2\/product\/52702","targetHints":{"allow":["GET"]}}],"collection":[{"href":"https:\/\/www.teka.com\/pt-pt\/wp-json\/wp\/v2\/product"}],"about":[{"href":"https:\/\/www.teka.com\/pt-pt\/wp-json\/wp\/v2\/types\/product"}],"wp:attachment":[{"href":"https:\/\/www.teka.com\/pt-pt\/wp-json\/wp\/v2\/media?parent=52702"}],"wp:term":[{"taxonomy":"product_cat","embeddable":true,"href":"https:\/\/www.teka.com\/pt-pt\/wp-json\/wp\/v2\/product_cat?post=52702"},{"taxonomy":"product_cleaning_system","embeddable":true,"href":"https:\/\/www.teka.com\/pt-pt\/wp-json\/wp\/v2\/product_cleaning_system?post=52702"},{"taxonomy":"product_edition","embeddable":true,"href":"https:\/\/www.teka.com\/pt-pt\/wp-json\/wp\/v2\/product_edition?post=52702"},{"taxonomy":"product_3rd_basket","embeddable":true,"href":"https:\/\/www.teka.com\/pt-pt\/wp-json\/wp\/v2\/product_3rd_basket?post=52702"},{"taxonomy":"product_drawers","embeddable":true,"href":"https:\/\/www.teka.com\/pt-pt\/wp-json\/wp\/v2\/product_drawers?post=52702"},{"taxonomy":"product_type_of_installation","embeddable":true,"href":"https:\/\/www.teka.com\/pt-pt\/wp-json\/wp\/v2\/product_type_of_installation?post=52702"},{"taxonomy":"product_serie","embeddable":true,"href":"https:\/\/www.teka.com\/pt-pt\/wp-json\/wp\/v2\/product_serie?post=52702"},{"taxonomy":"product_features","embeddable":true,"href":"https:\/\/www.teka.com\/pt-pt\/wp-json\/wp\/v2\/product_features?post=52702"},{"taxonomy":"finishes","embeddable":true,"href":"https:\/\/www.teka.com\/pt-pt\/wp-json\/wp\/v2\/finishes?post=52702"},{"taxonomy":"product_bundles","embeddable":true,"href":"https:\/\/www.teka.com\/pt-pt\/wp-json\/wp\/v2\/product_bundles?post=52702"},{"taxonomy":"product_energy_efficiency","embeddable":true,"href":"https:\/\/www.teka.com\/pt-pt\/wp-json\/wp\/v2\/product_energy_efficiency?post=52702"},{"taxonomy":"product_video_training","embeddable":true,"href":"https:\/\/www.teka.com\/pt-pt\/wp-json\/wp\/v2\/product_video_training?post=52702"}],"curies":[{"name":"wp","href":"https:\/\/api.w.org\/{rel}","templated":true}]}}