{"id":52827,"date":"2026-04-28T00:08:45","date_gmt":"2026-04-28T00:08:45","guid":{"rendered":"https:\/\/teka.com\/pt-pt\/producto\/kit-guias-telescopicas-wish-2-niveis_41599010\/"},"modified":"2026-04-27T08:22:55","modified_gmt":"2026-04-27T09:22:55","slug":"kit-guias-telescopicas-2-alturas_41599010","status":"publish","type":"product","link":"https:\/\/www.teka.com\/pt-pt\/produto\/kit-guias-telescopicas-2-alturas_41599010\/","title":{"rendered":"Kit guias telesc\u00f3picas"},"content":{"rendered":"<ul>\n<li>Guias telesc\u00f3picas com 2 alturas: 1 par com extens\u00e3o total e 1 par com extens\u00e3o standard<\/li>\n<li>Fabricadas em a\u00e7o inoxid\u00e1vel<\/li>\n<li>Inclui guias laterais<\/li>\n<li>Proporciona maior conforto e estabilidade<\/li>\n<li>Adequado para fornos de 60cm<\/li>\n<\/ul>\n","protected":false},"featured_media":0,"parent":0,"template":"","product_cat":[3063],"product_cleaning_system":[],"product_edition":[],"product_3rd_basket":[],"product_drawers":[],"product_type_of_installation":[],"product_serie":[],"product_features":[],"finishes":[],"product_bundles":[],"product_energy_efficiency":[],"product_video_training":[],"class_list":["post-52827","product","type-product","status-publish","hentry","product_cat-acessorios-de-cozinha","usp-ovens-07","usp-renewableenergy-01","color-inox","product_type_of_appliance-fornos"],"acf":[],"yoast_head":"<!-- This site is optimized with the Yoast SEO plugin v27.2 - https:\/\/yoast.com\/product\/yoast-seo-wordpress\/ -->\n<title>Kit guias telesc\u00f3picas | Teka Portugal<\/title>\n<meta name=\"robots\" content=\"index, follow, max-snippet:-1, max-image-preview:large, max-video-preview:-1\" \/>\n<link rel=\"canonical\" href=\"https:\/\/www.teka.com\/pt-pt\/produto\/kit-guias-telescopicas-2-alturas_41599010\/\" \/>\n<meta property=\"og:locale\" content=\"pt_PT\" \/>\n<meta property=\"og:type\" content=\"article\" \/>\n<meta property=\"og:title\" content=\"Kit guias telesc\u00f3picas | Teka Portugal\" \/>\n<meta property=\"og:description\" content=\"Guias telesc\u00f3picas com 2 alturas: 1 par com extens\u00e3o total e 1 par com extens\u00e3o standard Fabricadas em a\u00e7o inoxid\u00e1vel Inclui guias laterais Proporciona maior conforto e estabilidade Adequado para fornos de 60cm\" \/>\n<meta property=\"og:url\" content=\"https:\/\/www.teka.com\/pt-pt\/produto\/kit-guias-telescopicas-2-alturas_41599010\/\" \/>\n<meta property=\"og:site_name\" content=\"Teka Portugal\" \/>\n<meta name=\"twitter:card\" content=\"summary_large_image\" \/>\n<script type=\"application\/ld+json\" class=\"yoast-schema-graph\">{\"@context\":\"https:\/\/schema.org\",\"@graph\":[{\"@type\":\"WebPage\",\"@id\":\"https:\/\/www.teka.com\/pt-pt\/produto\/kit-guias-telescopicas-2-alturas_41599010\/\",\"url\":\"https:\/\/www.teka.com\/pt-pt\/produto\/kit-guias-telescopicas-2-alturas_41599010\/\",\"name\":\"Kit guias telesc\u00f3picas | Teka Portugal\",\"isPartOf\":{\"@id\":\"https:\/\/www.teka.com\/pt-pt\/#website\"},\"datePublished\":\"2026-04-28T00:08:45+00:00\",\"breadcrumb\":{\"@id\":\"https:\/\/www.teka.com\/pt-pt\/produto\/kit-guias-telescopicas-2-alturas_41599010\/#breadcrumb\"},\"inLanguage\":\"pt-PT\",\"potentialAction\":[{\"@type\":\"ReadAction\",\"target\":[\"https:\/\/www.teka.com\/pt-pt\/produto\/kit-guias-telescopicas-2-alturas_41599010\/\"]}]},{\"@type\":\"BreadcrumbList\",\"@id\":\"https:\/\/www.teka.com\/pt-pt\/produto\/kit-guias-telescopicas-2-alturas_41599010\/#breadcrumb\",\"itemListElement\":[{\"@type\":\"ListItem\",\"position\":1,\"name\":\"Home\",\"item\":\"https:\/\/www.teka.com\/pt-pt\/\"},{\"@type\":\"ListItem\",\"position\":2,\"name\":\"KIT GUIAS TELESC\u00d3PICAS 2 ALTURAS\"}]},{\"@type\":\"WebSite\",\"@id\":\"https:\/\/www.teka.com\/pt-pt\/#website\",\"url\":\"https:\/\/www.teka.com\/pt-pt\/\",\"name\":\"Teka Portugal\",\"description\":\"\",\"potentialAction\":[{\"@type\":\"SearchAction\",\"target\":{\"@type\":\"EntryPoint\",\"urlTemplate\":\"https:\/\/www.teka.com\/pt-pt\/?s={search_term_string}\"},\"query-input\":{\"@type\":\"PropertyValueSpecification\",\"valueRequired\":true,\"valueName\":\"search_term_string\"}}],\"inLanguage\":\"pt-PT\"}]}<\/script>\n<!-- \/ Yoast SEO plugin. -->","yoast_head_json":{"title":"Kit guias telesc\u00f3picas | Teka Portugal","robots":{"index":"index","follow":"follow","max-snippet":"max-snippet:-1","max-image-preview":"max-image-preview:large","max-video-preview":"max-video-preview:-1"},"canonical":"https:\/\/www.teka.com\/pt-pt\/produto\/kit-guias-telescopicas-2-alturas_41599010\/","og_locale":"pt_PT","og_type":"article","og_title":"Kit guias telesc\u00f3picas | Teka Portugal","og_description":"Guias telesc\u00f3picas com 2 alturas: 1 par com extens\u00e3o total e 1 par com extens\u00e3o standard Fabricadas em a\u00e7o inoxid\u00e1vel Inclui guias laterais Proporciona maior conforto e estabilidade Adequado para fornos de 60cm","og_url":"https:\/\/www.teka.com\/pt-pt\/produto\/kit-guias-telescopicas-2-alturas_41599010\/","og_site_name":"Teka Portugal","twitter_card":"summary_large_image","schema":{"@context":"https:\/\/schema.org","@graph":[{"@type":"WebPage","@id":"https:\/\/www.teka.com\/pt-pt\/produto\/kit-guias-telescopicas-2-alturas_41599010\/","url":"https:\/\/www.teka.com\/pt-pt\/produto\/kit-guias-telescopicas-2-alturas_41599010\/","name":"Kit guias telesc\u00f3picas | Teka Portugal","isPartOf":{"@id":"https:\/\/www.teka.com\/pt-pt\/#website"},"datePublished":"2026-04-28T00:08:45+00:00","breadcrumb":{"@id":"https:\/\/www.teka.com\/pt-pt\/produto\/kit-guias-telescopicas-2-alturas_41599010\/#breadcrumb"},"inLanguage":"pt-PT","potentialAction":[{"@type":"ReadAction","target":["https:\/\/www.teka.com\/pt-pt\/produto\/kit-guias-telescopicas-2-alturas_41599010\/"]}]},{"@type":"BreadcrumbList","@id":"https:\/\/www.teka.com\/pt-pt\/produto\/kit-guias-telescopicas-2-alturas_41599010\/#breadcrumb","itemListElement":[{"@type":"ListItem","position":1,"name":"Home","item":"https:\/\/www.teka.com\/pt-pt\/"},{"@type":"ListItem","position":2,"name":"KIT GUIAS TELESC\u00d3PICAS 2 ALTURAS"}]},{"@type":"WebSite","@id":"https:\/\/www.teka.com\/pt-pt\/#website","url":"https:\/\/www.teka.com\/pt-pt\/","name":"Teka Portugal","description":"","potentialAction":[{"@type":"SearchAction","target":{"@type":"EntryPoint","urlTemplate":"https:\/\/www.teka.com\/pt-pt\/?s={search_term_string}"},"query-input":{"@type":"PropertyValueSpecification","valueRequired":true,"valueName":"search_term_string"}}],"inLanguage":"pt-PT"}]}},"_links":{"self":[{"href":"https:\/\/www.teka.com\/pt-pt\/wp-json\/wp\/v2\/product\/52827","targetHints":{"allow":["GET"]}}],"collection":[{"href":"https:\/\/www.teka.com\/pt-pt\/wp-json\/wp\/v2\/product"}],"about":[{"href":"https:\/\/www.teka.com\/pt-pt\/wp-json\/wp\/v2\/types\/product"}],"wp:attachment":[{"href":"https:\/\/www.teka.com\/pt-pt\/wp-json\/wp\/v2\/media?parent=52827"}],"wp:term":[{"taxonomy":"product_cat","embeddable":true,"href":"https:\/\/www.teka.com\/pt-pt\/wp-json\/wp\/v2\/product_cat?post=52827"},{"taxonomy":"product_cleaning_system","embeddable":true,"href":"https:\/\/www.teka.com\/pt-pt\/wp-json\/wp\/v2\/product_cleaning_system?post=52827"},{"taxonomy":"product_edition","embeddable":true,"href":"https:\/\/www.teka.com\/pt-pt\/wp-json\/wp\/v2\/product_edition?post=52827"},{"taxonomy":"product_3rd_basket","embeddable":true,"href":"https:\/\/www.teka.com\/pt-pt\/wp-json\/wp\/v2\/product_3rd_basket?post=52827"},{"taxonomy":"product_drawers","embeddable":true,"href":"https:\/\/www.teka.com\/pt-pt\/wp-json\/wp\/v2\/product_drawers?post=52827"},{"taxonomy":"product_type_of_installation","embeddable":true,"href":"https:\/\/www.teka.com\/pt-pt\/wp-json\/wp\/v2\/product_type_of_installation?post=52827"},{"taxonomy":"product_serie","embeddable":true,"href":"https:\/\/www.teka.com\/pt-pt\/wp-json\/wp\/v2\/product_serie?post=52827"},{"taxonomy":"product_features","embeddable":true,"href":"https:\/\/www.teka.com\/pt-pt\/wp-json\/wp\/v2\/product_features?post=52827"},{"taxonomy":"finishes","embeddable":true,"href":"https:\/\/www.teka.com\/pt-pt\/wp-json\/wp\/v2\/finishes?post=52827"},{"taxonomy":"product_bundles","embeddable":true,"href":"https:\/\/www.teka.com\/pt-pt\/wp-json\/wp\/v2\/product_bundles?post=52827"},{"taxonomy":"product_energy_efficiency","embeddable":true,"href":"https:\/\/www.teka.com\/pt-pt\/wp-json\/wp\/v2\/product_energy_efficiency?post=52827"},{"taxonomy":"product_video_training","embeddable":true,"href":"https:\/\/www.teka.com\/pt-pt\/wp-json\/wp\/v2\/product_video_training?post=52827"}],"curies":[{"name":"wp","href":"https:\/\/api.w.org\/{rel}","templated":true}]}}