{"id":57459,"date":"2026-04-23T00:21:40","date_gmt":"2026-04-23T00:21:40","guid":{"rendered":"https:\/\/www.teka.com\/pt-pt\/produto\/ewh-50-d-slim_42080060\/"},"modified":"2026-03-14T03:53:44","modified_gmt":"2026-03-14T04:53:44","slug":"ewh-50-d-slim_42080060","status":"publish","type":"product","link":"https:\/\/www.teka.com\/pt-pt\/produto\/ewh-50-d-slim_42080060\/","title":{"rendered":"EWH 50 D SLIM"},"content":{"rendered":"<ul>\n<li>Instala\u00e7\u00e3o horizontal ou vertical<\/li>\n<li>Smart control<\/li>\n<li>Termoacumulador de 47 litros de capacidade<\/li>\n<li>Profundidade reduzida Slim<\/li>\n<li>2 cubas de agua quente \/fria esmaltadas em safira<\/li>\n<li>\u00d3tima estratifica\u00e7\u00e3o de \u00e1gua<\/li>\n<\/ul>\n","protected":false},"featured_media":0,"parent":0,"template":"","product_cat":[422342],"product_cleaning_system":[],"product_edition":[],"product_3rd_basket":[],"product_drawers":[],"product_type_of_installation":[422211,422212],"product_serie":[],"product_features":[],"finishes":[],"product_bundles":[],"product_energy_efficiency":[422365],"product_video_training":[],"class_list":["post-57459","product","type-product","status-publish","hentry","product_cat-termos","usp-waterheaters-02","usp-waterheaters-03","usp-waterheaters-04","usp-waterheaters-05","usp-waterheaters-06","color-branco","product_icons-dry-heating-protection","product_icons-elcb-earth-leakage-circuit-breaker","product_icons-humidity-control","product_icons-overheating-protection","product_icons-slim-heater","product_icons-type-of-installation","product_type_of_installation-vertical","product_type_of_installation-horizontal","product_energy_efficiency-b-ue-icon-new"],"acf":[],"yoast_head":"<!-- This site is optimized with the Yoast SEO plugin v27.5 - https:\/\/yoast.com\/product\/yoast-seo-wordpress\/ -->\n<title>Termoacumuladores EWH 50 D SLIM | Teka<\/title>\n<meta name=\"robots\" content=\"index, follow, max-snippet:-1, max-image-preview:large, max-video-preview:-1\" \/>\n<link rel=\"canonical\" href=\"https:\/\/www.teka.com\/pt-pt\/produto\/ewh-50-d-slim_42080060\/\" \/>\n<meta property=\"og:locale\" content=\"pt_PT\" \/>\n<meta property=\"og:type\" content=\"article\" \/>\n<meta property=\"og:title\" content=\"Termoacumuladores EWH 50 D SLIM | Teka\" \/>\n<meta property=\"og:description\" content=\"Instala\u00e7\u00e3o horizontal ou vertical Smart control Termoacumulador de 47 litros de capacidade Profundidade reduzida Slim 2 cubas de agua quente \/fria esmaltadas em safira \u00d3tima estratifica\u00e7\u00e3o de \u00e1gua\" \/>\n<meta property=\"og:url\" content=\"https:\/\/www.teka.com\/pt-pt\/produto\/ewh-50-d-slim_42080060\/\" \/>\n<meta property=\"og:site_name\" content=\"Teka Portugal\" \/>\n<meta name=\"twitter:card\" content=\"summary_large_image\" \/>\n<script type=\"application\/ld+json\" class=\"yoast-schema-graph\">{\"@context\":\"https:\\\/\\\/schema.org\",\"@graph\":[{\"@type\":\"WebPage\",\"@id\":\"https:\\\/\\\/www.teka.com\\\/pt-pt\\\/produto\\\/ewh-50-d-slim_42080060\\\/\",\"url\":\"https:\\\/\\\/www.teka.com\\\/pt-pt\\\/produto\\\/ewh-50-d-slim_42080060\\\/\",\"name\":\"Termoacumuladores EWH 50 D SLIM | Teka\",\"isPartOf\":{\"@id\":\"https:\\\/\\\/www.teka.com\\\/pt-pt\\\/#website\"},\"datePublished\":\"2026-04-23T00:21:40+00:00\",\"breadcrumb\":{\"@id\":\"https:\\\/\\\/www.teka.com\\\/pt-pt\\\/produto\\\/ewh-50-d-slim_42080060\\\/#breadcrumb\"},\"inLanguage\":\"pt-PT\",\"potentialAction\":[{\"@type\":\"ReadAction\",\"target\":[\"https:\\\/\\\/www.teka.com\\\/pt-pt\\\/produto\\\/ewh-50-d-slim_42080060\\\/\"]}]},{\"@type\":\"BreadcrumbList\",\"@id\":\"https:\\\/\\\/www.teka.com\\\/pt-pt\\\/produto\\\/ewh-50-d-slim_42080060\\\/#breadcrumb\",\"itemListElement\":[{\"@type\":\"ListItem\",\"position\":1,\"name\":\"Home\",\"item\":\"https:\\\/\\\/www.teka.com\\\/pt-pt\\\/\"},{\"@type\":\"ListItem\",\"position\":2,\"name\":\"TERMOACUMULADOR EWH 50 D SLIM\"}]},{\"@type\":\"WebSite\",\"@id\":\"https:\\\/\\\/www.teka.com\\\/pt-pt\\\/#website\",\"url\":\"https:\\\/\\\/www.teka.com\\\/pt-pt\\\/\",\"name\":\"Teka Portugal\",\"description\":\"\",\"potentialAction\":[{\"@type\":\"SearchAction\",\"target\":{\"@type\":\"EntryPoint\",\"urlTemplate\":\"https:\\\/\\\/www.teka.com\\\/pt-pt\\\/?s={search_term_string}\"},\"query-input\":{\"@type\":\"PropertyValueSpecification\",\"valueRequired\":true,\"valueName\":\"search_term_string\"}}],\"inLanguage\":\"pt-PT\"}]}<\/script>\n<!-- \/ Yoast SEO plugin. -->","yoast_head_json":{"title":"Termoacumuladores EWH 50 D SLIM | Teka","robots":{"index":"index","follow":"follow","max-snippet":"max-snippet:-1","max-image-preview":"max-image-preview:large","max-video-preview":"max-video-preview:-1"},"canonical":"https:\/\/www.teka.com\/pt-pt\/produto\/ewh-50-d-slim_42080060\/","og_locale":"pt_PT","og_type":"article","og_title":"Termoacumuladores EWH 50 D SLIM | Teka","og_description":"Instala\u00e7\u00e3o horizontal ou vertical Smart control Termoacumulador de 47 litros de capacidade Profundidade reduzida Slim 2 cubas de agua quente \/fria esmaltadas em safira \u00d3tima estratifica\u00e7\u00e3o de \u00e1gua","og_url":"https:\/\/www.teka.com\/pt-pt\/produto\/ewh-50-d-slim_42080060\/","og_site_name":"Teka Portugal","twitter_card":"summary_large_image","schema":{"@context":"https:\/\/schema.org","@graph":[{"@type":"WebPage","@id":"https:\/\/www.teka.com\/pt-pt\/produto\/ewh-50-d-slim_42080060\/","url":"https:\/\/www.teka.com\/pt-pt\/produto\/ewh-50-d-slim_42080060\/","name":"Termoacumuladores EWH 50 D SLIM | Teka","isPartOf":{"@id":"https:\/\/www.teka.com\/pt-pt\/#website"},"datePublished":"2026-04-23T00:21:40+00:00","breadcrumb":{"@id":"https:\/\/www.teka.com\/pt-pt\/produto\/ewh-50-d-slim_42080060\/#breadcrumb"},"inLanguage":"pt-PT","potentialAction":[{"@type":"ReadAction","target":["https:\/\/www.teka.com\/pt-pt\/produto\/ewh-50-d-slim_42080060\/"]}]},{"@type":"BreadcrumbList","@id":"https:\/\/www.teka.com\/pt-pt\/produto\/ewh-50-d-slim_42080060\/#breadcrumb","itemListElement":[{"@type":"ListItem","position":1,"name":"Home","item":"https:\/\/www.teka.com\/pt-pt\/"},{"@type":"ListItem","position":2,"name":"TERMOACUMULADOR EWH 50 D SLIM"}]},{"@type":"WebSite","@id":"https:\/\/www.teka.com\/pt-pt\/#website","url":"https:\/\/www.teka.com\/pt-pt\/","name":"Teka Portugal","description":"","potentialAction":[{"@type":"SearchAction","target":{"@type":"EntryPoint","urlTemplate":"https:\/\/www.teka.com\/pt-pt\/?s={search_term_string}"},"query-input":{"@type":"PropertyValueSpecification","valueRequired":true,"valueName":"search_term_string"}}],"inLanguage":"pt-PT"}]}},"_links":{"self":[{"href":"https:\/\/www.teka.com\/pt-pt\/wp-json\/wp\/v2\/product\/57459","targetHints":{"allow":["GET"]}}],"collection":[{"href":"https:\/\/www.teka.com\/pt-pt\/wp-json\/wp\/v2\/product"}],"about":[{"href":"https:\/\/www.teka.com\/pt-pt\/wp-json\/wp\/v2\/types\/product"}],"wp:attachment":[{"href":"https:\/\/www.teka.com\/pt-pt\/wp-json\/wp\/v2\/media?parent=57459"}],"wp:term":[{"taxonomy":"product_cat","embeddable":true,"href":"https:\/\/www.teka.com\/pt-pt\/wp-json\/wp\/v2\/product_cat?post=57459"},{"taxonomy":"product_cleaning_system","embeddable":true,"href":"https:\/\/www.teka.com\/pt-pt\/wp-json\/wp\/v2\/product_cleaning_system?post=57459"},{"taxonomy":"product_edition","embeddable":true,"href":"https:\/\/www.teka.com\/pt-pt\/wp-json\/wp\/v2\/product_edition?post=57459"},{"taxonomy":"product_3rd_basket","embeddable":true,"href":"https:\/\/www.teka.com\/pt-pt\/wp-json\/wp\/v2\/product_3rd_basket?post=57459"},{"taxonomy":"product_drawers","embeddable":true,"href":"https:\/\/www.teka.com\/pt-pt\/wp-json\/wp\/v2\/product_drawers?post=57459"},{"taxonomy":"product_type_of_installation","embeddable":true,"href":"https:\/\/www.teka.com\/pt-pt\/wp-json\/wp\/v2\/product_type_of_installation?post=57459"},{"taxonomy":"product_serie","embeddable":true,"href":"https:\/\/www.teka.com\/pt-pt\/wp-json\/wp\/v2\/product_serie?post=57459"},{"taxonomy":"product_features","embeddable":true,"href":"https:\/\/www.teka.com\/pt-pt\/wp-json\/wp\/v2\/product_features?post=57459"},{"taxonomy":"finishes","embeddable":true,"href":"https:\/\/www.teka.com\/pt-pt\/wp-json\/wp\/v2\/finishes?post=57459"},{"taxonomy":"product_bundles","embeddable":true,"href":"https:\/\/www.teka.com\/pt-pt\/wp-json\/wp\/v2\/product_bundles?post=57459"},{"taxonomy":"product_energy_efficiency","embeddable":true,"href":"https:\/\/www.teka.com\/pt-pt\/wp-json\/wp\/v2\/product_energy_efficiency?post=57459"},{"taxonomy":"product_video_training","embeddable":true,"href":"https:\/\/www.teka.com\/pt-pt\/wp-json\/wp\/v2\/product_video_training?post=57459"}],"curies":[{"name":"wp","href":"https:\/\/api.w.org\/{rel}","templated":true}]}}