{"id":57775,"date":"2026-04-07T19:44:01","date_gmt":"2026-04-07T19:44:01","guid":{"rendered":"https:\/\/www.teka.com\/pt-pt\/produto\/hlb-8400-p_111000007\/"},"modified":"2026-03-14T05:37:33","modified_gmt":"2026-03-14T06:37:33","slug":"hlb-8400-p_111000007","status":"publish","type":"product","link":"https:\/\/www.teka.com\/pt-pt\/produto\/hlb-8400-p_111000007\/","title":{"rendered":"HLB 8400 P"},"content":{"rendered":"<ul>\n<li>Sistema de limpeza DualClean: Auto limpeza pirol\u00edtica (3 n\u00edveis) + Teka Hydroclean\u00ae PRO autom\u00e1tico<\/li>\n<li>Multifun\u00e7\u00f5es SurroundTemp &#8211; 8 fun\u00e7\u00f5es<\/li>\n<li>Painel Touch Control com programa\u00e7\u00e3o de in\u00edcio e fim de cozinhado<\/li>\n<li>Sistema de 1 guia telesc\u00f3pica Plus Extension, 5 alturas de cozinhado<\/li>\n<li>Aquecimento r\u00e1pido<\/li>\n<\/ul>\n","protected":false},"featured_media":0,"parent":0,"template":"","product_cat":[3066],"product_cleaning_system":[3409,3486],"product_edition":[292608],"product_3rd_basket":[],"product_drawers":[],"product_type_of_installation":[422185],"product_serie":[],"product_features":[],"finishes":[],"product_bundles":[],"product_energy_efficiency":[422897],"product_video_training":[423390,423392],"class_list":["post-57775","product","type-product","status-publish","hentry","product_cat-fornos","usp-ovens-04","usp-ovens-05","usp-ovens-06","usp-ovens-13","usp-renewableenergy-01","color-vidro-branco","product_type_of_appliance-multifuncoes","product_ambient-urban-colors-07","product_ambient-urban-colors-08","product_icons-70l","product_icons-hydroclean","product_icons-plus-extension-telescopic-guide","product_icons-pyrolysis","product_icons-surroundtemp","product_cleaning_system-pirolitico","product_cleaning_system-hydroclean","product_edition-white-marble","product_type_of_installation-integracao","product_energy_efficiency-a-plus-icon","product_video_training-trainingovens-01","product_video_training-trainingovens-12"],"acf":[],"yoast_head":"<!-- This site is optimized with the Yoast SEO plugin v27.2 - https:\/\/yoast.com\/product\/yoast-seo-wordpress\/ -->\n<title>Cozinha Fornos, HLB 8400 P WH | Teka<\/title>\n<meta name=\"robots\" content=\"index, follow, max-snippet:-1, max-image-preview:large, max-video-preview:-1\" \/>\n<link rel=\"canonical\" href=\"https:\/\/www.teka.com\/pt-pt\/produto\/hlb-8400-p_111000007\/\" \/>\n<meta property=\"og:locale\" content=\"pt_PT\" \/>\n<meta property=\"og:type\" content=\"article\" \/>\n<meta property=\"og:title\" content=\"Cozinha Fornos, HLB 8400 P WH | Teka\" \/>\n<meta property=\"og:description\" content=\"Sistema de limpeza DualClean: Auto limpeza pirol\u00edtica (3 n\u00edveis) + Teka Hydroclean\u00ae PRO autom\u00e1tico Multifun\u00e7\u00f5es SurroundTemp &#8211; 8 fun\u00e7\u00f5es Painel Touch Control com programa\u00e7\u00e3o de in\u00edcio e fim de cozinhado Sistema de 1 guia telesc\u00f3pica Plus Extension, 5 alturas de cozinhado Aquecimento r\u00e1pido\" \/>\n<meta property=\"og:url\" content=\"https:\/\/www.teka.com\/pt-pt\/produto\/hlb-8400-p_111000007\/\" \/>\n<meta property=\"og:site_name\" content=\"Teka Portugal\" \/>\n<meta name=\"twitter:card\" content=\"summary_large_image\" \/>\n<script type=\"application\/ld+json\" class=\"yoast-schema-graph\">{\"@context\":\"https:\/\/schema.org\",\"@graph\":[{\"@type\":\"WebPage\",\"@id\":\"https:\/\/www.teka.com\/pt-pt\/produto\/hlb-8400-p_111000007\/\",\"url\":\"https:\/\/www.teka.com\/pt-pt\/produto\/hlb-8400-p_111000007\/\",\"name\":\"Cozinha Fornos, HLB 8400 P WH | Teka\",\"isPartOf\":{\"@id\":\"https:\/\/www.teka.com\/pt-pt\/#website\"},\"datePublished\":\"2026-04-07T19:44:01+00:00\",\"breadcrumb\":{\"@id\":\"https:\/\/www.teka.com\/pt-pt\/produto\/hlb-8400-p_111000007\/#breadcrumb\"},\"inLanguage\":\"pt-PT\",\"potentialAction\":[{\"@type\":\"ReadAction\",\"target\":[\"https:\/\/www.teka.com\/pt-pt\/produto\/hlb-8400-p_111000007\/\"]}]},{\"@type\":\"BreadcrumbList\",\"@id\":\"https:\/\/www.teka.com\/pt-pt\/produto\/hlb-8400-p_111000007\/#breadcrumb\",\"itemListElement\":[{\"@type\":\"ListItem\",\"position\":1,\"name\":\"Home\",\"item\":\"https:\/\/www.teka.com\/pt-pt\/\"},{\"@type\":\"ListItem\",\"position\":2,\"name\":\"HLB 8400 P\"}]},{\"@type\":\"WebSite\",\"@id\":\"https:\/\/www.teka.com\/pt-pt\/#website\",\"url\":\"https:\/\/www.teka.com\/pt-pt\/\",\"name\":\"Teka Portugal\",\"description\":\"\",\"potentialAction\":[{\"@type\":\"SearchAction\",\"target\":{\"@type\":\"EntryPoint\",\"urlTemplate\":\"https:\/\/www.teka.com\/pt-pt\/?s={search_term_string}\"},\"query-input\":{\"@type\":\"PropertyValueSpecification\",\"valueRequired\":true,\"valueName\":\"search_term_string\"}}],\"inLanguage\":\"pt-PT\"}]}<\/script>\n<!-- \/ Yoast SEO plugin. -->","yoast_head_json":{"title":"Cozinha Fornos, HLB 8400 P WH | Teka","robots":{"index":"index","follow":"follow","max-snippet":"max-snippet:-1","max-image-preview":"max-image-preview:large","max-video-preview":"max-video-preview:-1"},"canonical":"https:\/\/www.teka.com\/pt-pt\/produto\/hlb-8400-p_111000007\/","og_locale":"pt_PT","og_type":"article","og_title":"Cozinha Fornos, HLB 8400 P WH | Teka","og_description":"Sistema de limpeza DualClean: Auto limpeza pirol\u00edtica (3 n\u00edveis) + Teka Hydroclean\u00ae PRO autom\u00e1tico Multifun\u00e7\u00f5es SurroundTemp &#8211; 8 fun\u00e7\u00f5es Painel Touch Control com programa\u00e7\u00e3o de in\u00edcio e fim de cozinhado Sistema de 1 guia telesc\u00f3pica Plus Extension, 5 alturas de cozinhado Aquecimento r\u00e1pido","og_url":"https:\/\/www.teka.com\/pt-pt\/produto\/hlb-8400-p_111000007\/","og_site_name":"Teka Portugal","twitter_card":"summary_large_image","schema":{"@context":"https:\/\/schema.org","@graph":[{"@type":"WebPage","@id":"https:\/\/www.teka.com\/pt-pt\/produto\/hlb-8400-p_111000007\/","url":"https:\/\/www.teka.com\/pt-pt\/produto\/hlb-8400-p_111000007\/","name":"Cozinha Fornos, HLB 8400 P WH | Teka","isPartOf":{"@id":"https:\/\/www.teka.com\/pt-pt\/#website"},"datePublished":"2026-04-07T19:44:01+00:00","breadcrumb":{"@id":"https:\/\/www.teka.com\/pt-pt\/produto\/hlb-8400-p_111000007\/#breadcrumb"},"inLanguage":"pt-PT","potentialAction":[{"@type":"ReadAction","target":["https:\/\/www.teka.com\/pt-pt\/produto\/hlb-8400-p_111000007\/"]}]},{"@type":"BreadcrumbList","@id":"https:\/\/www.teka.com\/pt-pt\/produto\/hlb-8400-p_111000007\/#breadcrumb","itemListElement":[{"@type":"ListItem","position":1,"name":"Home","item":"https:\/\/www.teka.com\/pt-pt\/"},{"@type":"ListItem","position":2,"name":"HLB 8400 P"}]},{"@type":"WebSite","@id":"https:\/\/www.teka.com\/pt-pt\/#website","url":"https:\/\/www.teka.com\/pt-pt\/","name":"Teka Portugal","description":"","potentialAction":[{"@type":"SearchAction","target":{"@type":"EntryPoint","urlTemplate":"https:\/\/www.teka.com\/pt-pt\/?s={search_term_string}"},"query-input":{"@type":"PropertyValueSpecification","valueRequired":true,"valueName":"search_term_string"}}],"inLanguage":"pt-PT"}]}},"_links":{"self":[{"href":"https:\/\/www.teka.com\/pt-pt\/wp-json\/wp\/v2\/product\/57775","targetHints":{"allow":["GET"]}}],"collection":[{"href":"https:\/\/www.teka.com\/pt-pt\/wp-json\/wp\/v2\/product"}],"about":[{"href":"https:\/\/www.teka.com\/pt-pt\/wp-json\/wp\/v2\/types\/product"}],"wp:attachment":[{"href":"https:\/\/www.teka.com\/pt-pt\/wp-json\/wp\/v2\/media?parent=57775"}],"wp:term":[{"taxonomy":"product_cat","embeddable":true,"href":"https:\/\/www.teka.com\/pt-pt\/wp-json\/wp\/v2\/product_cat?post=57775"},{"taxonomy":"product_cleaning_system","embeddable":true,"href":"https:\/\/www.teka.com\/pt-pt\/wp-json\/wp\/v2\/product_cleaning_system?post=57775"},{"taxonomy":"product_edition","embeddable":true,"href":"https:\/\/www.teka.com\/pt-pt\/wp-json\/wp\/v2\/product_edition?post=57775"},{"taxonomy":"product_3rd_basket","embeddable":true,"href":"https:\/\/www.teka.com\/pt-pt\/wp-json\/wp\/v2\/product_3rd_basket?post=57775"},{"taxonomy":"product_drawers","embeddable":true,"href":"https:\/\/www.teka.com\/pt-pt\/wp-json\/wp\/v2\/product_drawers?post=57775"},{"taxonomy":"product_type_of_installation","embeddable":true,"href":"https:\/\/www.teka.com\/pt-pt\/wp-json\/wp\/v2\/product_type_of_installation?post=57775"},{"taxonomy":"product_serie","embeddable":true,"href":"https:\/\/www.teka.com\/pt-pt\/wp-json\/wp\/v2\/product_serie?post=57775"},{"taxonomy":"product_features","embeddable":true,"href":"https:\/\/www.teka.com\/pt-pt\/wp-json\/wp\/v2\/product_features?post=57775"},{"taxonomy":"finishes","embeddable":true,"href":"https:\/\/www.teka.com\/pt-pt\/wp-json\/wp\/v2\/finishes?post=57775"},{"taxonomy":"product_bundles","embeddable":true,"href":"https:\/\/www.teka.com\/pt-pt\/wp-json\/wp\/v2\/product_bundles?post=57775"},{"taxonomy":"product_energy_efficiency","embeddable":true,"href":"https:\/\/www.teka.com\/pt-pt\/wp-json\/wp\/v2\/product_energy_efficiency?post=57775"},{"taxonomy":"product_video_training","embeddable":true,"href":"https:\/\/www.teka.com\/pt-pt\/wp-json\/wp\/v2\/product_video_training?post=57775"}],"curies":[{"name":"wp","href":"https:\/\/api.w.org\/{rel}","templated":true}]}}