{"id":57930,"date":"2026-04-07T20:25:34","date_gmt":"2026-04-07T20:25:34","guid":{"rendered":"https:\/\/www.teka.com\/pt-pt\/produto\/dlv-98660-tos_112930033\/"},"modified":"2026-03-14T07:02:36","modified_gmt":"2026-03-14T08:02:36","slug":"dlv-98660-tos_112930033","status":"publish","type":"product","link":"https:\/\/www.teka.com\/pt-pt\/produto\/dlv-98660-tos_112930033\/","title":{"rendered":"DLV 98660 TOS ST"},"content":{"rendered":"<ul>\n<li>Capacidade de extra\u00e7\u00e3o m\u00e1x. at\u00e9 696 m\u00b3\/h<\/li>\n<li>3 velocidades + 1 intensiva<\/li>\n<li>Barra de ilumina\u00e7\u00e3o LED<\/li>\n<li>Classifica\u00e7\u00e3o energ\u00e9tica A+<\/li>\n<li>Motor Ecopower<\/li>\n<li>Aspira\u00e7\u00e3o perimetral<\/li>\n<li>Pot\u00eancia Sonora (51 dB min. )<\/li>\n<\/ul>\n","protected":false},"featured_media":0,"parent":0,"template":"","product_cat":[3064],"product_cleaning_system":[],"product_edition":[306224],"product_3rd_basket":[],"product_drawers":[],"product_type_of_installation":[],"product_serie":[],"product_features":[],"finishes":[],"product_bundles":[],"product_energy_efficiency":[422897],"product_video_training":[],"class_list":["post-57930","product","type-product","status-publish","hentry","product_cat-exaustores","usp-hoods-06","usp-hoods-09","usp-hoods-10","usp-hoods-13","usp-hoods-14","usp-hoods-07","color-stone-grey","product_type_of_appliance-decorativas","product_ambient-urban-colors-09","product_icons-freshair","product_icons-led","product_icons-perimeter-extraction","product_icons-stop-delay-timer","product_edition-stone-grey","product_energy_efficiency-a-plus-icon"],"acf":[],"yoast_head":"<!-- This site is optimized with the Yoast SEO plugin v27.2 - https:\/\/yoast.com\/product\/yoast-seo-wordpress\/ -->\n<title>Cozinha Exaustores, DLV 98660 TOS ST | Teka<\/title>\n<meta name=\"robots\" content=\"index, follow, max-snippet:-1, max-image-preview:large, max-video-preview:-1\" \/>\n<link rel=\"canonical\" href=\"https:\/\/www.teka.com\/pt-pt\/produto\/dlv-98660-tos_112930033\/\" \/>\n<meta property=\"og:locale\" content=\"pt_PT\" \/>\n<meta property=\"og:type\" content=\"article\" \/>\n<meta property=\"og:title\" content=\"Cozinha Exaustores, DLV 98660 TOS ST | Teka\" \/>\n<meta property=\"og:description\" content=\"Capacidade de extra\u00e7\u00e3o m\u00e1x. at\u00e9 696 m\u00b3\/h 3 velocidades + 1 intensiva Barra de ilumina\u00e7\u00e3o LED Classifica\u00e7\u00e3o energ\u00e9tica A+ Motor Ecopower Aspira\u00e7\u00e3o perimetral Pot\u00eancia Sonora (51 dB min. )\" \/>\n<meta property=\"og:url\" content=\"https:\/\/www.teka.com\/pt-pt\/produto\/dlv-98660-tos_112930033\/\" \/>\n<meta property=\"og:site_name\" content=\"Teka Portugal\" \/>\n<meta name=\"twitter:card\" content=\"summary_large_image\" \/>\n<script type=\"application\/ld+json\" class=\"yoast-schema-graph\">{\"@context\":\"https:\/\/schema.org\",\"@graph\":[{\"@type\":\"WebPage\",\"@id\":\"https:\/\/www.teka.com\/pt-pt\/produto\/dlv-98660-tos_112930033\/\",\"url\":\"https:\/\/www.teka.com\/pt-pt\/produto\/dlv-98660-tos_112930033\/\",\"name\":\"Cozinha Exaustores, DLV 98660 TOS ST | Teka\",\"isPartOf\":{\"@id\":\"https:\/\/www.teka.com\/pt-pt\/#website\"},\"datePublished\":\"2026-04-07T20:25:34+00:00\",\"breadcrumb\":{\"@id\":\"https:\/\/www.teka.com\/pt-pt\/produto\/dlv-98660-tos_112930033\/#breadcrumb\"},\"inLanguage\":\"pt-PT\",\"potentialAction\":[{\"@type\":\"ReadAction\",\"target\":[\"https:\/\/www.teka.com\/pt-pt\/produto\/dlv-98660-tos_112930033\/\"]}]},{\"@type\":\"BreadcrumbList\",\"@id\":\"https:\/\/www.teka.com\/pt-pt\/produto\/dlv-98660-tos_112930033\/#breadcrumb\",\"itemListElement\":[{\"@type\":\"ListItem\",\"position\":1,\"name\":\"Home\",\"item\":\"https:\/\/www.teka.com\/pt-pt\/\"},{\"@type\":\"ListItem\",\"position\":2,\"name\":\"DLV 98660 TOS ST\"}]},{\"@type\":\"WebSite\",\"@id\":\"https:\/\/www.teka.com\/pt-pt\/#website\",\"url\":\"https:\/\/www.teka.com\/pt-pt\/\",\"name\":\"Teka Portugal\",\"description\":\"\",\"potentialAction\":[{\"@type\":\"SearchAction\",\"target\":{\"@type\":\"EntryPoint\",\"urlTemplate\":\"https:\/\/www.teka.com\/pt-pt\/?s={search_term_string}\"},\"query-input\":{\"@type\":\"PropertyValueSpecification\",\"valueRequired\":true,\"valueName\":\"search_term_string\"}}],\"inLanguage\":\"pt-PT\"}]}<\/script>\n<!-- \/ Yoast SEO plugin. -->","yoast_head_json":{"title":"Cozinha Exaustores, DLV 98660 TOS ST | Teka","robots":{"index":"index","follow":"follow","max-snippet":"max-snippet:-1","max-image-preview":"max-image-preview:large","max-video-preview":"max-video-preview:-1"},"canonical":"https:\/\/www.teka.com\/pt-pt\/produto\/dlv-98660-tos_112930033\/","og_locale":"pt_PT","og_type":"article","og_title":"Cozinha Exaustores, DLV 98660 TOS ST | Teka","og_description":"Capacidade de extra\u00e7\u00e3o m\u00e1x. at\u00e9 696 m\u00b3\/h 3 velocidades + 1 intensiva Barra de ilumina\u00e7\u00e3o LED Classifica\u00e7\u00e3o energ\u00e9tica A+ Motor Ecopower Aspira\u00e7\u00e3o perimetral Pot\u00eancia Sonora (51 dB min. )","og_url":"https:\/\/www.teka.com\/pt-pt\/produto\/dlv-98660-tos_112930033\/","og_site_name":"Teka Portugal","twitter_card":"summary_large_image","schema":{"@context":"https:\/\/schema.org","@graph":[{"@type":"WebPage","@id":"https:\/\/www.teka.com\/pt-pt\/produto\/dlv-98660-tos_112930033\/","url":"https:\/\/www.teka.com\/pt-pt\/produto\/dlv-98660-tos_112930033\/","name":"Cozinha Exaustores, DLV 98660 TOS ST | Teka","isPartOf":{"@id":"https:\/\/www.teka.com\/pt-pt\/#website"},"datePublished":"2026-04-07T20:25:34+00:00","breadcrumb":{"@id":"https:\/\/www.teka.com\/pt-pt\/produto\/dlv-98660-tos_112930033\/#breadcrumb"},"inLanguage":"pt-PT","potentialAction":[{"@type":"ReadAction","target":["https:\/\/www.teka.com\/pt-pt\/produto\/dlv-98660-tos_112930033\/"]}]},{"@type":"BreadcrumbList","@id":"https:\/\/www.teka.com\/pt-pt\/produto\/dlv-98660-tos_112930033\/#breadcrumb","itemListElement":[{"@type":"ListItem","position":1,"name":"Home","item":"https:\/\/www.teka.com\/pt-pt\/"},{"@type":"ListItem","position":2,"name":"DLV 98660 TOS ST"}]},{"@type":"WebSite","@id":"https:\/\/www.teka.com\/pt-pt\/#website","url":"https:\/\/www.teka.com\/pt-pt\/","name":"Teka Portugal","description":"","potentialAction":[{"@type":"SearchAction","target":{"@type":"EntryPoint","urlTemplate":"https:\/\/www.teka.com\/pt-pt\/?s={search_term_string}"},"query-input":{"@type":"PropertyValueSpecification","valueRequired":true,"valueName":"search_term_string"}}],"inLanguage":"pt-PT"}]}},"_links":{"self":[{"href":"https:\/\/www.teka.com\/pt-pt\/wp-json\/wp\/v2\/product\/57930","targetHints":{"allow":["GET"]}}],"collection":[{"href":"https:\/\/www.teka.com\/pt-pt\/wp-json\/wp\/v2\/product"}],"about":[{"href":"https:\/\/www.teka.com\/pt-pt\/wp-json\/wp\/v2\/types\/product"}],"wp:attachment":[{"href":"https:\/\/www.teka.com\/pt-pt\/wp-json\/wp\/v2\/media?parent=57930"}],"wp:term":[{"taxonomy":"product_cat","embeddable":true,"href":"https:\/\/www.teka.com\/pt-pt\/wp-json\/wp\/v2\/product_cat?post=57930"},{"taxonomy":"product_cleaning_system","embeddable":true,"href":"https:\/\/www.teka.com\/pt-pt\/wp-json\/wp\/v2\/product_cleaning_system?post=57930"},{"taxonomy":"product_edition","embeddable":true,"href":"https:\/\/www.teka.com\/pt-pt\/wp-json\/wp\/v2\/product_edition?post=57930"},{"taxonomy":"product_3rd_basket","embeddable":true,"href":"https:\/\/www.teka.com\/pt-pt\/wp-json\/wp\/v2\/product_3rd_basket?post=57930"},{"taxonomy":"product_drawers","embeddable":true,"href":"https:\/\/www.teka.com\/pt-pt\/wp-json\/wp\/v2\/product_drawers?post=57930"},{"taxonomy":"product_type_of_installation","embeddable":true,"href":"https:\/\/www.teka.com\/pt-pt\/wp-json\/wp\/v2\/product_type_of_installation?post=57930"},{"taxonomy":"product_serie","embeddable":true,"href":"https:\/\/www.teka.com\/pt-pt\/wp-json\/wp\/v2\/product_serie?post=57930"},{"taxonomy":"product_features","embeddable":true,"href":"https:\/\/www.teka.com\/pt-pt\/wp-json\/wp\/v2\/product_features?post=57930"},{"taxonomy":"finishes","embeddable":true,"href":"https:\/\/www.teka.com\/pt-pt\/wp-json\/wp\/v2\/finishes?post=57930"},{"taxonomy":"product_bundles","embeddable":true,"href":"https:\/\/www.teka.com\/pt-pt\/wp-json\/wp\/v2\/product_bundles?post=57930"},{"taxonomy":"product_energy_efficiency","embeddable":true,"href":"https:\/\/www.teka.com\/pt-pt\/wp-json\/wp\/v2\/product_energy_efficiency?post=57930"},{"taxonomy":"product_video_training","embeddable":true,"href":"https:\/\/www.teka.com\/pt-pt\/wp-json\/wp\/v2\/product_video_training?post=57930"}],"curies":[{"name":"wp","href":"https:\/\/api.w.org\/{rel}","templated":true}]}}