{"id":59316,"date":"2026-04-27T06:25:12","date_gmt":"2026-04-27T06:25:12","guid":{"rendered":"https:\/\/teka.com\/pt-pt\/flexlinea-rs15-50-40-titanium_115000024"},"modified":"2026-04-23T02:46:46","modified_gmt":"2026-04-23T03:46:46","slug":"flexlinea-rs15-50-40-titanium_115000024","status":"publish","type":"product","link":"https:\/\/www.teka.com\/pt-pt\/produto\/flexlinea-rs15-50-40-titanium_115000024\/","title":{"rendered":"FlexLinea RS15 50.40 Titanium"},"content":{"rendered":"<ul>\n<li>Lava-lou\u00e7as de uma bacia<\/li>\n<li>Tripla instala\u00e7\u00e3o: encastre, \u00e0 face ou sob tampo<\/li>\n<li>A\u00e7o inoxid\u00e1vel 18\/10<\/li>\n<li>Raio R15 para facilitar a limpeza e escoamento da \u00e1gua<\/li>\n<li>V\u00e1lvula autom\u00e1tica quadrada com 3 1\/2 e sif\u00e3o<\/li>\n<li>SilentSmart, reduz a rumorosidade em 50%<\/li>\n<\/ul>\n","protected":false},"featured_media":0,"parent":0,"template":"","product_cat":[3060],"product_cleaning_system":[],"product_edition":[422353],"product_3rd_basket":[],"product_drawers":[],"product_type_of_installation":[422214,422216,422217],"product_serie":[],"product_features":[],"finishes":[],"product_bundles":[],"product_energy_efficiency":[],"product_video_training":[],"class_list":["post-59316","product","type-product","status-publish","hentry","product_cat-lava-loucas","usp-sinks-02","usp-sinks-04","usp-sinks-05","usp-sinks-06","usp-sinks-installation-01","usp-flexlinea-01","usp-edition-metallic-01","usp-edition-metallic-02","color-titanium","product_ambient-ambient-07","product_ambient-ambient-08","product_ambient-ambient-12","product_ambient-ambient-13","product_icons-200mm","product_icons-hygiene","product_icons-r15","product_edition-titanium","product_type_of_installation-sob-bancada","product_type_of_installation-bancada","product_type_of_installation-flush"],"acf":[],"yoast_head":"<!-- This site is optimized with the Yoast SEO plugin v27.5 - https:\/\/yoast.com\/product\/yoast-seo-wordpress\/ -->\n<title>Cozinha Lava-lou\u00e7as, FlexLinea RS15 50.40 | Teka<\/title>\n<meta name=\"robots\" content=\"index, follow, max-snippet:-1, max-image-preview:large, max-video-preview:-1\" \/>\n<link rel=\"canonical\" href=\"https:\/\/www.teka.com\/pt-pt\/produto\/flexlinea-rs15-50-40-titanium_115000024\/\" \/>\n<meta property=\"og:locale\" content=\"pt_PT\" \/>\n<meta property=\"og:type\" content=\"article\" \/>\n<meta property=\"og:title\" content=\"Cozinha Lava-lou\u00e7as, FlexLinea RS15 50.40 | Teka\" \/>\n<meta property=\"og:description\" content=\"Lava-lou\u00e7as de uma bacia Tripla instala\u00e7\u00e3o: encastre, \u00e0 face ou sob tampo A\u00e7o inoxid\u00e1vel 18\/10 Raio R15 para facilitar a limpeza e escoamento da \u00e1gua V\u00e1lvula autom\u00e1tica quadrada com 3 1\/2 e sif\u00e3o SilentSmart, reduz a rumorosidade em 50%\" \/>\n<meta property=\"og:url\" content=\"https:\/\/www.teka.com\/pt-pt\/produto\/flexlinea-rs15-50-40-titanium_115000024\/\" \/>\n<meta property=\"og:site_name\" content=\"Teka Portugal\" \/>\n<meta name=\"twitter:card\" content=\"summary_large_image\" \/>\n<script type=\"application\/ld+json\" class=\"yoast-schema-graph\">{\"@context\":\"https:\\\/\\\/schema.org\",\"@graph\":[{\"@type\":\"WebPage\",\"@id\":\"https:\\\/\\\/www.teka.com\\\/pt-pt\\\/produto\\\/flexlinea-rs15-50-40-titanium_115000024\\\/\",\"url\":\"https:\\\/\\\/www.teka.com\\\/pt-pt\\\/produto\\\/flexlinea-rs15-50-40-titanium_115000024\\\/\",\"name\":\"Cozinha Lava-lou\u00e7as, FlexLinea RS15 50.40 | Teka\",\"isPartOf\":{\"@id\":\"https:\\\/\\\/www.teka.com\\\/pt-pt\\\/#website\"},\"datePublished\":\"2026-04-27T06:25:12+00:00\",\"breadcrumb\":{\"@id\":\"https:\\\/\\\/www.teka.com\\\/pt-pt\\\/produto\\\/flexlinea-rs15-50-40-titanium_115000024\\\/#breadcrumb\"},\"inLanguage\":\"pt-PT\",\"potentialAction\":[{\"@type\":\"ReadAction\",\"target\":[\"https:\\\/\\\/www.teka.com\\\/pt-pt\\\/produto\\\/flexlinea-rs15-50-40-titanium_115000024\\\/\"]}]},{\"@type\":\"BreadcrumbList\",\"@id\":\"https:\\\/\\\/www.teka.com\\\/pt-pt\\\/produto\\\/flexlinea-rs15-50-40-titanium_115000024\\\/#breadcrumb\",\"itemListElement\":[{\"@type\":\"ListItem\",\"position\":1,\"name\":\"Home\",\"item\":\"https:\\\/\\\/www.teka.com\\\/pt-pt\\\/\"},{\"@type\":\"ListItem\",\"position\":2,\"name\":\"FLEXLINEA RS15 50.40 TITANIUM\"}]},{\"@type\":\"WebSite\",\"@id\":\"https:\\\/\\\/www.teka.com\\\/pt-pt\\\/#website\",\"url\":\"https:\\\/\\\/www.teka.com\\\/pt-pt\\\/\",\"name\":\"Teka Portugal\",\"description\":\"\",\"potentialAction\":[{\"@type\":\"SearchAction\",\"target\":{\"@type\":\"EntryPoint\",\"urlTemplate\":\"https:\\\/\\\/www.teka.com\\\/pt-pt\\\/?s={search_term_string}\"},\"query-input\":{\"@type\":\"PropertyValueSpecification\",\"valueRequired\":true,\"valueName\":\"search_term_string\"}}],\"inLanguage\":\"pt-PT\"}]}<\/script>\n<!-- \/ Yoast SEO plugin. -->","yoast_head_json":{"title":"Cozinha Lava-lou\u00e7as, FlexLinea RS15 50.40 | Teka","robots":{"index":"index","follow":"follow","max-snippet":"max-snippet:-1","max-image-preview":"max-image-preview:large","max-video-preview":"max-video-preview:-1"},"canonical":"https:\/\/www.teka.com\/pt-pt\/produto\/flexlinea-rs15-50-40-titanium_115000024\/","og_locale":"pt_PT","og_type":"article","og_title":"Cozinha Lava-lou\u00e7as, FlexLinea RS15 50.40 | Teka","og_description":"Lava-lou\u00e7as de uma bacia Tripla instala\u00e7\u00e3o: encastre, \u00e0 face ou sob tampo A\u00e7o inoxid\u00e1vel 18\/10 Raio R15 para facilitar a limpeza e escoamento da \u00e1gua V\u00e1lvula autom\u00e1tica quadrada com 3 1\/2 e sif\u00e3o SilentSmart, reduz a rumorosidade em 50%","og_url":"https:\/\/www.teka.com\/pt-pt\/produto\/flexlinea-rs15-50-40-titanium_115000024\/","og_site_name":"Teka Portugal","twitter_card":"summary_large_image","schema":{"@context":"https:\/\/schema.org","@graph":[{"@type":"WebPage","@id":"https:\/\/www.teka.com\/pt-pt\/produto\/flexlinea-rs15-50-40-titanium_115000024\/","url":"https:\/\/www.teka.com\/pt-pt\/produto\/flexlinea-rs15-50-40-titanium_115000024\/","name":"Cozinha Lava-lou\u00e7as, FlexLinea RS15 50.40 | Teka","isPartOf":{"@id":"https:\/\/www.teka.com\/pt-pt\/#website"},"datePublished":"2026-04-27T06:25:12+00:00","breadcrumb":{"@id":"https:\/\/www.teka.com\/pt-pt\/produto\/flexlinea-rs15-50-40-titanium_115000024\/#breadcrumb"},"inLanguage":"pt-PT","potentialAction":[{"@type":"ReadAction","target":["https:\/\/www.teka.com\/pt-pt\/produto\/flexlinea-rs15-50-40-titanium_115000024\/"]}]},{"@type":"BreadcrumbList","@id":"https:\/\/www.teka.com\/pt-pt\/produto\/flexlinea-rs15-50-40-titanium_115000024\/#breadcrumb","itemListElement":[{"@type":"ListItem","position":1,"name":"Home","item":"https:\/\/www.teka.com\/pt-pt\/"},{"@type":"ListItem","position":2,"name":"FLEXLINEA RS15 50.40 TITANIUM"}]},{"@type":"WebSite","@id":"https:\/\/www.teka.com\/pt-pt\/#website","url":"https:\/\/www.teka.com\/pt-pt\/","name":"Teka Portugal","description":"","potentialAction":[{"@type":"SearchAction","target":{"@type":"EntryPoint","urlTemplate":"https:\/\/www.teka.com\/pt-pt\/?s={search_term_string}"},"query-input":{"@type":"PropertyValueSpecification","valueRequired":true,"valueName":"search_term_string"}}],"inLanguage":"pt-PT"}]}},"_links":{"self":[{"href":"https:\/\/www.teka.com\/pt-pt\/wp-json\/wp\/v2\/product\/59316","targetHints":{"allow":["GET"]}}],"collection":[{"href":"https:\/\/www.teka.com\/pt-pt\/wp-json\/wp\/v2\/product"}],"about":[{"href":"https:\/\/www.teka.com\/pt-pt\/wp-json\/wp\/v2\/types\/product"}],"wp:attachment":[{"href":"https:\/\/www.teka.com\/pt-pt\/wp-json\/wp\/v2\/media?parent=59316"}],"wp:term":[{"taxonomy":"product_cat","embeddable":true,"href":"https:\/\/www.teka.com\/pt-pt\/wp-json\/wp\/v2\/product_cat?post=59316"},{"taxonomy":"product_cleaning_system","embeddable":true,"href":"https:\/\/www.teka.com\/pt-pt\/wp-json\/wp\/v2\/product_cleaning_system?post=59316"},{"taxonomy":"product_edition","embeddable":true,"href":"https:\/\/www.teka.com\/pt-pt\/wp-json\/wp\/v2\/product_edition?post=59316"},{"taxonomy":"product_3rd_basket","embeddable":true,"href":"https:\/\/www.teka.com\/pt-pt\/wp-json\/wp\/v2\/product_3rd_basket?post=59316"},{"taxonomy":"product_drawers","embeddable":true,"href":"https:\/\/www.teka.com\/pt-pt\/wp-json\/wp\/v2\/product_drawers?post=59316"},{"taxonomy":"product_type_of_installation","embeddable":true,"href":"https:\/\/www.teka.com\/pt-pt\/wp-json\/wp\/v2\/product_type_of_installation?post=59316"},{"taxonomy":"product_serie","embeddable":true,"href":"https:\/\/www.teka.com\/pt-pt\/wp-json\/wp\/v2\/product_serie?post=59316"},{"taxonomy":"product_features","embeddable":true,"href":"https:\/\/www.teka.com\/pt-pt\/wp-json\/wp\/v2\/product_features?post=59316"},{"taxonomy":"finishes","embeddable":true,"href":"https:\/\/www.teka.com\/pt-pt\/wp-json\/wp\/v2\/finishes?post=59316"},{"taxonomy":"product_bundles","embeddable":true,"href":"https:\/\/www.teka.com\/pt-pt\/wp-json\/wp\/v2\/product_bundles?post=59316"},{"taxonomy":"product_energy_efficiency","embeddable":true,"href":"https:\/\/www.teka.com\/pt-pt\/wp-json\/wp\/v2\/product_energy_efficiency?post=59316"},{"taxonomy":"product_video_training","embeddable":true,"href":"https:\/\/www.teka.com\/pt-pt\/wp-json\/wp\/v2\/product_video_training?post=59316"}],"curies":[{"name":"wp","href":"https:\/\/api.w.org\/{rel}","templated":true}]}}