{"id":59345,"date":"2026-04-28T02:19:18","date_gmt":"2026-04-28T02:19:18","guid":{"rendered":"https:\/\/teka.com\/pt-pt\/izc-32600-mst_112500030"},"modified":"2026-04-28T12:06:21","modified_gmt":"2026-04-28T01:06:21","slug":"izs-86630-mst_112500030","status":"publish","type":"product","link":"https:\/\/www.teka.com\/pt-pt\/produto\/izs-86630-mst_112500030\/","title":{"rendered":"IZS 86630 MST"},"content":{"rendered":"<ul>\n<li>Placa de indu\u00e7\u00e3o MasterSense<\/li>\n<li>Flex com Sistema Slide Cooking<\/li>\n<li>Touch Control MultiSlider com bloqueio de seguran\u00e7a<\/li>\n<li>Vidro frontal biselado Quartzium Ceran\u00ae (4 mm altura)<\/li>\n<li>Programador do tempo de cozinhado<\/li>\n<li>6 combina\u00e7\u00f5es de cozinhado: 1 (\u00d8 150 mm) + 1 (\u00d8 280mm) + 2 (\u00d8 228&#215;200 mm) + 1 zona Flex + 1 zona Slide Cooking<\/li>\n<\/ul>\n","protected":false},"featured_media":0,"parent":0,"template":"","product_cat":[3061],"product_cleaning_system":[],"product_edition":[292606],"product_3rd_basket":[],"product_drawers":[],"product_type_of_installation":[],"product_serie":[],"product_features":[422194,422196,422197,422215,422223,422224,422225,422226,422227],"finishes":[],"product_bundles":[],"product_energy_efficiency":[],"product_video_training":[],"class_list":["post-59345","product","type-product","status-publish","hentry","product_cat-placas","usp-cookinglovers-01","color-vidro-preto","product_type_of_appliance-inducao","product_ambient-urban-colors-01","product_ambient-urban-colors-02","product_ambient-urban-colors-03","product_icons-autolock","product_icons-easy-installation","product_icons-multislider","product_icons-power","product_icons-power-plus","product_edition-night-river-black","product_features-keep-warm","product_features-simmering","product_features-melting","product_features-slidecooking","product_features-grilling","product_features-pan-frying","product_features-deep-fry","product_features-confit","product_features-poach"],"acf":[],"yoast_head":"<!-- This site is optimized with the Yoast SEO plugin v27.5 - https:\/\/yoast.com\/product\/yoast-seo-wordpress\/ -->\n<title>Cozinha placas IZS 86630 MST | Teka<\/title>\n<meta name=\"robots\" content=\"index, follow, max-snippet:-1, max-image-preview:large, max-video-preview:-1\" \/>\n<link rel=\"canonical\" href=\"https:\/\/www.teka.com\/pt-pt\/produto\/izs-86630-mst_112500030\/\" \/>\n<meta property=\"og:locale\" content=\"pt_PT\" \/>\n<meta property=\"og:type\" content=\"article\" \/>\n<meta property=\"og:title\" content=\"Cozinha placas IZS 86630 MST | Teka\" \/>\n<meta property=\"og:description\" content=\"Placa de indu\u00e7\u00e3o MasterSense Flex com Sistema Slide Cooking Touch Control MultiSlider com bloqueio de seguran\u00e7a Vidro frontal biselado Quartzium Ceran\u00ae (4 mm altura) Programador do tempo de cozinhado 6 combina\u00e7\u00f5es de cozinhado: 1 (\u00d8 150 mm) + 1 (\u00d8 280mm) + 2 (\u00d8 228&#215;200 mm) + 1 zona Flex + 1 zona Slide Cooking\" \/>\n<meta property=\"og:url\" content=\"https:\/\/www.teka.com\/pt-pt\/produto\/izs-86630-mst_112500030\/\" \/>\n<meta property=\"og:site_name\" content=\"Teka Portugal\" \/>\n<meta name=\"twitter:card\" content=\"summary_large_image\" \/>\n<script type=\"application\/ld+json\" class=\"yoast-schema-graph\">{\"@context\":\"https:\\\/\\\/schema.org\",\"@graph\":[{\"@type\":\"WebPage\",\"@id\":\"https:\\\/\\\/www.teka.com\\\/pt-pt\\\/produto\\\/izs-86630-mst_112500030\\\/\",\"url\":\"https:\\\/\\\/www.teka.com\\\/pt-pt\\\/produto\\\/izs-86630-mst_112500030\\\/\",\"name\":\"Cozinha placas IZS 86630 MST | Teka\",\"isPartOf\":{\"@id\":\"https:\\\/\\\/www.teka.com\\\/pt-pt\\\/#website\"},\"datePublished\":\"2026-04-28T02:19:18+00:00\",\"breadcrumb\":{\"@id\":\"https:\\\/\\\/www.teka.com\\\/pt-pt\\\/produto\\\/izs-86630-mst_112500030\\\/#breadcrumb\"},\"inLanguage\":\"pt-PT\",\"potentialAction\":[{\"@type\":\"ReadAction\",\"target\":[\"https:\\\/\\\/www.teka.com\\\/pt-pt\\\/produto\\\/izs-86630-mst_112500030\\\/\"]}]},{\"@type\":\"BreadcrumbList\",\"@id\":\"https:\\\/\\\/www.teka.com\\\/pt-pt\\\/produto\\\/izs-86630-mst_112500030\\\/#breadcrumb\",\"itemListElement\":[{\"@type\":\"ListItem\",\"position\":1,\"name\":\"Home\",\"item\":\"https:\\\/\\\/www.teka.com\\\/pt-pt\\\/\"},{\"@type\":\"ListItem\",\"position\":2,\"name\":\"IZS 86630 MST\"}]},{\"@type\":\"WebSite\",\"@id\":\"https:\\\/\\\/www.teka.com\\\/pt-pt\\\/#website\",\"url\":\"https:\\\/\\\/www.teka.com\\\/pt-pt\\\/\",\"name\":\"Teka Portugal\",\"description\":\"\",\"potentialAction\":[{\"@type\":\"SearchAction\",\"target\":{\"@type\":\"EntryPoint\",\"urlTemplate\":\"https:\\\/\\\/www.teka.com\\\/pt-pt\\\/?s={search_term_string}\"},\"query-input\":{\"@type\":\"PropertyValueSpecification\",\"valueRequired\":true,\"valueName\":\"search_term_string\"}}],\"inLanguage\":\"pt-PT\"}]}<\/script>\n<!-- \/ Yoast SEO plugin. -->","yoast_head_json":{"title":"Cozinha placas IZS 86630 MST | Teka","robots":{"index":"index","follow":"follow","max-snippet":"max-snippet:-1","max-image-preview":"max-image-preview:large","max-video-preview":"max-video-preview:-1"},"canonical":"https:\/\/www.teka.com\/pt-pt\/produto\/izs-86630-mst_112500030\/","og_locale":"pt_PT","og_type":"article","og_title":"Cozinha placas IZS 86630 MST | Teka","og_description":"Placa de indu\u00e7\u00e3o MasterSense Flex com Sistema Slide Cooking Touch Control MultiSlider com bloqueio de seguran\u00e7a Vidro frontal biselado Quartzium Ceran\u00ae (4 mm altura) Programador do tempo de cozinhado 6 combina\u00e7\u00f5es de cozinhado: 1 (\u00d8 150 mm) + 1 (\u00d8 280mm) + 2 (\u00d8 228&#215;200 mm) + 1 zona Flex + 1 zona Slide Cooking","og_url":"https:\/\/www.teka.com\/pt-pt\/produto\/izs-86630-mst_112500030\/","og_site_name":"Teka Portugal","twitter_card":"summary_large_image","schema":{"@context":"https:\/\/schema.org","@graph":[{"@type":"WebPage","@id":"https:\/\/www.teka.com\/pt-pt\/produto\/izs-86630-mst_112500030\/","url":"https:\/\/www.teka.com\/pt-pt\/produto\/izs-86630-mst_112500030\/","name":"Cozinha placas IZS 86630 MST | Teka","isPartOf":{"@id":"https:\/\/www.teka.com\/pt-pt\/#website"},"datePublished":"2026-04-28T02:19:18+00:00","breadcrumb":{"@id":"https:\/\/www.teka.com\/pt-pt\/produto\/izs-86630-mst_112500030\/#breadcrumb"},"inLanguage":"pt-PT","potentialAction":[{"@type":"ReadAction","target":["https:\/\/www.teka.com\/pt-pt\/produto\/izs-86630-mst_112500030\/"]}]},{"@type":"BreadcrumbList","@id":"https:\/\/www.teka.com\/pt-pt\/produto\/izs-86630-mst_112500030\/#breadcrumb","itemListElement":[{"@type":"ListItem","position":1,"name":"Home","item":"https:\/\/www.teka.com\/pt-pt\/"},{"@type":"ListItem","position":2,"name":"IZS 86630 MST"}]},{"@type":"WebSite","@id":"https:\/\/www.teka.com\/pt-pt\/#website","url":"https:\/\/www.teka.com\/pt-pt\/","name":"Teka Portugal","description":"","potentialAction":[{"@type":"SearchAction","target":{"@type":"EntryPoint","urlTemplate":"https:\/\/www.teka.com\/pt-pt\/?s={search_term_string}"},"query-input":{"@type":"PropertyValueSpecification","valueRequired":true,"valueName":"search_term_string"}}],"inLanguage":"pt-PT"}]}},"_links":{"self":[{"href":"https:\/\/www.teka.com\/pt-pt\/wp-json\/wp\/v2\/product\/59345","targetHints":{"allow":["GET"]}}],"collection":[{"href":"https:\/\/www.teka.com\/pt-pt\/wp-json\/wp\/v2\/product"}],"about":[{"href":"https:\/\/www.teka.com\/pt-pt\/wp-json\/wp\/v2\/types\/product"}],"wp:attachment":[{"href":"https:\/\/www.teka.com\/pt-pt\/wp-json\/wp\/v2\/media?parent=59345"}],"wp:term":[{"taxonomy":"product_cat","embeddable":true,"href":"https:\/\/www.teka.com\/pt-pt\/wp-json\/wp\/v2\/product_cat?post=59345"},{"taxonomy":"product_cleaning_system","embeddable":true,"href":"https:\/\/www.teka.com\/pt-pt\/wp-json\/wp\/v2\/product_cleaning_system?post=59345"},{"taxonomy":"product_edition","embeddable":true,"href":"https:\/\/www.teka.com\/pt-pt\/wp-json\/wp\/v2\/product_edition?post=59345"},{"taxonomy":"product_3rd_basket","embeddable":true,"href":"https:\/\/www.teka.com\/pt-pt\/wp-json\/wp\/v2\/product_3rd_basket?post=59345"},{"taxonomy":"product_drawers","embeddable":true,"href":"https:\/\/www.teka.com\/pt-pt\/wp-json\/wp\/v2\/product_drawers?post=59345"},{"taxonomy":"product_type_of_installation","embeddable":true,"href":"https:\/\/www.teka.com\/pt-pt\/wp-json\/wp\/v2\/product_type_of_installation?post=59345"},{"taxonomy":"product_serie","embeddable":true,"href":"https:\/\/www.teka.com\/pt-pt\/wp-json\/wp\/v2\/product_serie?post=59345"},{"taxonomy":"product_features","embeddable":true,"href":"https:\/\/www.teka.com\/pt-pt\/wp-json\/wp\/v2\/product_features?post=59345"},{"taxonomy":"finishes","embeddable":true,"href":"https:\/\/www.teka.com\/pt-pt\/wp-json\/wp\/v2\/finishes?post=59345"},{"taxonomy":"product_bundles","embeddable":true,"href":"https:\/\/www.teka.com\/pt-pt\/wp-json\/wp\/v2\/product_bundles?post=59345"},{"taxonomy":"product_energy_efficiency","embeddable":true,"href":"https:\/\/www.teka.com\/pt-pt\/wp-json\/wp\/v2\/product_energy_efficiency?post=59345"},{"taxonomy":"product_video_training","embeddable":true,"href":"https:\/\/www.teka.com\/pt-pt\/wp-json\/wp\/v2\/product_video_training?post=59345"}],"curies":[{"name":"wp","href":"https:\/\/api.w.org\/{rel}","templated":true}]}}