{"id":59381,"date":"2026-04-07T19:50:42","date_gmt":"2026-04-07T19:50:42","guid":{"rendered":"https:\/\/teka.com\/en-int\/diamond-rs15-1c-1e-86-rev_115100011"},"modified":"2026-03-14T05:44:19","modified_gmt":"2026-03-14T06:44:19","slug":"diamond-rs15-1c-1e-86-rev_115100011","status":"publish","type":"product","link":"https:\/\/www.teka.com\/pt-pt\/produto\/diamond-rs15-1c-1e-86-rev_115100011\/","title":{"rendered":"Diamond RS15 1B 1D 86"},"content":{"rendered":"<ul>\n<li>1 bacia e 1 escorredor<\/li>\n<li>Vidro temperado<\/li>\n<li>Bacia em a\u00e7o inoxid\u00e1vel 18\/10<\/li>\n<li>Profundidade da bacia: 200 mm<\/li>\n<li>Encastre<\/li>\n<\/ul>\n","protected":false},"featured_media":0,"parent":0,"template":"","product_cat":[3060],"product_cleaning_system":[],"product_edition":[292606],"product_3rd_basket":[],"product_drawers":[],"product_type_of_installation":[422213],"product_serie":[],"product_features":[],"finishes":[],"product_bundles":[],"product_energy_efficiency":[],"product_video_training":[],"class_list":["post-59381","product","type-product","status-publish","hentry","product_cat-lava-loucas","usp-sinks-02","usp-sinks-04","usp-sinks-05","usp-sinks-06","usp-diamond-01","color-vidro-preto","product_type_of_appliance-aco-inoxidavel-vidro","product_ambient-urban-colors-01","product_ambient-urban-colors-02","product_ambient-urban-colors-03","product_icons-200mm","product_icons-hygiene","product_icons-lifetime-warrantysilentsmart","product_icons-r15","product_edition-night-river-black","product_type_of_installation-encastre"],"acf":[],"yoast_head":"<!-- This site is optimized with the Yoast SEO plugin v27.2 - https:\/\/yoast.com\/product\/yoast-seo-wordpress\/ -->\n<title>Cozinha Lava-lou\u00e7as, Diamond RS15 1B 1D 86 | Teka<\/title>\n<meta name=\"robots\" content=\"index, follow, max-snippet:-1, max-image-preview:large, max-video-preview:-1\" \/>\n<link rel=\"canonical\" href=\"https:\/\/www.teka.com\/pt-pt\/produto\/diamond-rs15-1c-1e-86-rev_115100011\/\" \/>\n<meta property=\"og:locale\" content=\"pt_PT\" \/>\n<meta property=\"og:type\" content=\"article\" \/>\n<meta property=\"og:title\" content=\"Cozinha Lava-lou\u00e7as, Diamond RS15 1B 1D 86 | Teka\" \/>\n<meta property=\"og:description\" content=\"1 bacia e 1 escorredor Vidro temperado Bacia em a\u00e7o inoxid\u00e1vel 18\/10 Profundidade da bacia: 200 mm Encastre\" \/>\n<meta property=\"og:url\" content=\"https:\/\/www.teka.com\/pt-pt\/produto\/diamond-rs15-1c-1e-86-rev_115100011\/\" \/>\n<meta property=\"og:site_name\" content=\"Teka Portugal\" \/>\n<meta name=\"twitter:card\" content=\"summary_large_image\" \/>\n<script type=\"application\/ld+json\" class=\"yoast-schema-graph\">{\"@context\":\"https:\/\/schema.org\",\"@graph\":[{\"@type\":\"WebPage\",\"@id\":\"https:\/\/www.teka.com\/pt-pt\/produto\/diamond-rs15-1c-1e-86-rev_115100011\/\",\"url\":\"https:\/\/www.teka.com\/pt-pt\/produto\/diamond-rs15-1c-1e-86-rev_115100011\/\",\"name\":\"Cozinha Lava-lou\u00e7as, Diamond RS15 1B 1D 86 | Teka\",\"isPartOf\":{\"@id\":\"https:\/\/www.teka.com\/pt-pt\/#website\"},\"datePublished\":\"2026-04-07T19:50:42+00:00\",\"breadcrumb\":{\"@id\":\"https:\/\/www.teka.com\/pt-pt\/produto\/diamond-rs15-1c-1e-86-rev_115100011\/#breadcrumb\"},\"inLanguage\":\"pt-PT\",\"potentialAction\":[{\"@type\":\"ReadAction\",\"target\":[\"https:\/\/www.teka.com\/pt-pt\/produto\/diamond-rs15-1c-1e-86-rev_115100011\/\"]}]},{\"@type\":\"BreadcrumbList\",\"@id\":\"https:\/\/www.teka.com\/pt-pt\/produto\/diamond-rs15-1c-1e-86-rev_115100011\/#breadcrumb\",\"itemListElement\":[{\"@type\":\"ListItem\",\"position\":1,\"name\":\"Home\",\"item\":\"https:\/\/www.teka.com\/pt-pt\/\"},{\"@type\":\"ListItem\",\"position\":2,\"name\":\"DIAMOND RS15 1B 1D 86\"}]},{\"@type\":\"WebSite\",\"@id\":\"https:\/\/www.teka.com\/pt-pt\/#website\",\"url\":\"https:\/\/www.teka.com\/pt-pt\/\",\"name\":\"Teka Portugal\",\"description\":\"\",\"potentialAction\":[{\"@type\":\"SearchAction\",\"target\":{\"@type\":\"EntryPoint\",\"urlTemplate\":\"https:\/\/www.teka.com\/pt-pt\/?s={search_term_string}\"},\"query-input\":{\"@type\":\"PropertyValueSpecification\",\"valueRequired\":true,\"valueName\":\"search_term_string\"}}],\"inLanguage\":\"pt-PT\"}]}<\/script>\n<!-- \/ Yoast SEO plugin. -->","yoast_head_json":{"title":"Cozinha Lava-lou\u00e7as, Diamond RS15 1B 1D 86 | Teka","robots":{"index":"index","follow":"follow","max-snippet":"max-snippet:-1","max-image-preview":"max-image-preview:large","max-video-preview":"max-video-preview:-1"},"canonical":"https:\/\/www.teka.com\/pt-pt\/produto\/diamond-rs15-1c-1e-86-rev_115100011\/","og_locale":"pt_PT","og_type":"article","og_title":"Cozinha Lava-lou\u00e7as, Diamond RS15 1B 1D 86 | Teka","og_description":"1 bacia e 1 escorredor Vidro temperado Bacia em a\u00e7o inoxid\u00e1vel 18\/10 Profundidade da bacia: 200 mm Encastre","og_url":"https:\/\/www.teka.com\/pt-pt\/produto\/diamond-rs15-1c-1e-86-rev_115100011\/","og_site_name":"Teka Portugal","twitter_card":"summary_large_image","schema":{"@context":"https:\/\/schema.org","@graph":[{"@type":"WebPage","@id":"https:\/\/www.teka.com\/pt-pt\/produto\/diamond-rs15-1c-1e-86-rev_115100011\/","url":"https:\/\/www.teka.com\/pt-pt\/produto\/diamond-rs15-1c-1e-86-rev_115100011\/","name":"Cozinha Lava-lou\u00e7as, Diamond RS15 1B 1D 86 | Teka","isPartOf":{"@id":"https:\/\/www.teka.com\/pt-pt\/#website"},"datePublished":"2026-04-07T19:50:42+00:00","breadcrumb":{"@id":"https:\/\/www.teka.com\/pt-pt\/produto\/diamond-rs15-1c-1e-86-rev_115100011\/#breadcrumb"},"inLanguage":"pt-PT","potentialAction":[{"@type":"ReadAction","target":["https:\/\/www.teka.com\/pt-pt\/produto\/diamond-rs15-1c-1e-86-rev_115100011\/"]}]},{"@type":"BreadcrumbList","@id":"https:\/\/www.teka.com\/pt-pt\/produto\/diamond-rs15-1c-1e-86-rev_115100011\/#breadcrumb","itemListElement":[{"@type":"ListItem","position":1,"name":"Home","item":"https:\/\/www.teka.com\/pt-pt\/"},{"@type":"ListItem","position":2,"name":"DIAMOND RS15 1B 1D 86"}]},{"@type":"WebSite","@id":"https:\/\/www.teka.com\/pt-pt\/#website","url":"https:\/\/www.teka.com\/pt-pt\/","name":"Teka Portugal","description":"","potentialAction":[{"@type":"SearchAction","target":{"@type":"EntryPoint","urlTemplate":"https:\/\/www.teka.com\/pt-pt\/?s={search_term_string}"},"query-input":{"@type":"PropertyValueSpecification","valueRequired":true,"valueName":"search_term_string"}}],"inLanguage":"pt-PT"}]}},"_links":{"self":[{"href":"https:\/\/www.teka.com\/pt-pt\/wp-json\/wp\/v2\/product\/59381","targetHints":{"allow":["GET"]}}],"collection":[{"href":"https:\/\/www.teka.com\/pt-pt\/wp-json\/wp\/v2\/product"}],"about":[{"href":"https:\/\/www.teka.com\/pt-pt\/wp-json\/wp\/v2\/types\/product"}],"wp:attachment":[{"href":"https:\/\/www.teka.com\/pt-pt\/wp-json\/wp\/v2\/media?parent=59381"}],"wp:term":[{"taxonomy":"product_cat","embeddable":true,"href":"https:\/\/www.teka.com\/pt-pt\/wp-json\/wp\/v2\/product_cat?post=59381"},{"taxonomy":"product_cleaning_system","embeddable":true,"href":"https:\/\/www.teka.com\/pt-pt\/wp-json\/wp\/v2\/product_cleaning_system?post=59381"},{"taxonomy":"product_edition","embeddable":true,"href":"https:\/\/www.teka.com\/pt-pt\/wp-json\/wp\/v2\/product_edition?post=59381"},{"taxonomy":"product_3rd_basket","embeddable":true,"href":"https:\/\/www.teka.com\/pt-pt\/wp-json\/wp\/v2\/product_3rd_basket?post=59381"},{"taxonomy":"product_drawers","embeddable":true,"href":"https:\/\/www.teka.com\/pt-pt\/wp-json\/wp\/v2\/product_drawers?post=59381"},{"taxonomy":"product_type_of_installation","embeddable":true,"href":"https:\/\/www.teka.com\/pt-pt\/wp-json\/wp\/v2\/product_type_of_installation?post=59381"},{"taxonomy":"product_serie","embeddable":true,"href":"https:\/\/www.teka.com\/pt-pt\/wp-json\/wp\/v2\/product_serie?post=59381"},{"taxonomy":"product_features","embeddable":true,"href":"https:\/\/www.teka.com\/pt-pt\/wp-json\/wp\/v2\/product_features?post=59381"},{"taxonomy":"finishes","embeddable":true,"href":"https:\/\/www.teka.com\/pt-pt\/wp-json\/wp\/v2\/finishes?post=59381"},{"taxonomy":"product_bundles","embeddable":true,"href":"https:\/\/www.teka.com\/pt-pt\/wp-json\/wp\/v2\/product_bundles?post=59381"},{"taxonomy":"product_energy_efficiency","embeddable":true,"href":"https:\/\/www.teka.com\/pt-pt\/wp-json\/wp\/v2\/product_energy_efficiency?post=59381"},{"taxonomy":"product_video_training","embeddable":true,"href":"https:\/\/www.teka.com\/pt-pt\/wp-json\/wp\/v2\/product_video_training?post=59381"}],"curies":[{"name":"wp","href":"https:\/\/api.w.org\/{rel}","templated":true}]}}