{"id":59389,"date":"2026-04-07T20:18:51","date_gmt":"2026-04-07T20:18:51","guid":{"rendered":"https:\/\/teka.com\/en-int\/izc-64630-bk-mst_112500022"},"modified":"2026-03-21T01:07:24","modified_gmt":"2026-03-21T02:07:24","slug":"izc-64630-bk-mst_112500022","status":"publish","type":"product","link":"https:\/\/www.teka.com\/pt-pt\/produto\/izc-64630-bk-mst_112500022\/","title":{"rendered":"IZC 64630 MST"},"content":{"rendered":"<ul>\n<li>Placa de indu\u00e7\u00e3o MasterSense<\/li>\n<li>Touch Control MultiSlider com bloqueio de seguran\u00e7a<\/li>\n<li>Programador do tempo de cozinhado<\/li>\n<li>5 combina\u00e7\u00f5es de cozinhado<\/li>\n<li>Detetor de recipiente<\/li>\n<\/ul>\n","protected":false},"featured_media":0,"parent":0,"template":"","product_cat":[3061],"product_cleaning_system":[],"product_edition":[292606],"product_3rd_basket":[],"product_drawers":[],"product_type_of_installation":[],"product_serie":[],"product_features":[422193,422194,422196,422197,422223,422224,422225,422226],"finishes":[],"product_bundles":[],"product_energy_efficiency":[],"product_video_training":[],"class_list":["post-59389","product","type-product","status-publish","hentry","product_cat-placas","usp-induction-01","usp-induction-02","usp-induction-03","usp-induction-04","usp-induction-05","usp-induction-06","usp-induction-07","usp-induction-17","usp-productoftheyear-03","color-vidro-preto","product_type_of_appliance-inducao","product_ambient-urban-colors-01","product_ambient-urban-colors-02","product_ambient-urban-colors-03","product_icons-autolock","product_icons-easy-installation","product_icons-multislider","product_icons-power","product_icons-power-plus","product_edition-night-river-black","product_features-quick-boiling","product_features-keep-warm","product_features-simmering","product_features-melting","product_features-grilling","product_features-pan-frying","product_features-deep-fry","product_features-confit"],"acf":[],"yoast_head":"<!-- This site is optimized with the Yoast SEO plugin v27.2 - https:\/\/yoast.com\/product\/yoast-seo-wordpress\/ -->\n<title>Cozinha placas IZC 64630 MST | Teka<\/title>\n<meta name=\"robots\" content=\"index, follow, max-snippet:-1, max-image-preview:large, max-video-preview:-1\" \/>\n<link rel=\"canonical\" href=\"https:\/\/www.teka.com\/pt-pt\/produto\/izc-64630-bk-mst_112500022\/\" \/>\n<meta property=\"og:locale\" content=\"pt_PT\" \/>\n<meta property=\"og:type\" content=\"article\" \/>\n<meta property=\"og:title\" content=\"Cozinha placas IZC 64630 MST | Teka\" \/>\n<meta property=\"og:description\" content=\"Placa de indu\u00e7\u00e3o MasterSense Touch Control MultiSlider com bloqueio de seguran\u00e7a Programador do tempo de cozinhado 5 combina\u00e7\u00f5es de cozinhado Detetor de recipiente\" \/>\n<meta property=\"og:url\" content=\"https:\/\/www.teka.com\/pt-pt\/produto\/izc-64630-bk-mst_112500022\/\" \/>\n<meta property=\"og:site_name\" content=\"Teka Portugal\" \/>\n<meta name=\"twitter:card\" content=\"summary_large_image\" \/>\n<script type=\"application\/ld+json\" class=\"yoast-schema-graph\">{\"@context\":\"https:\/\/schema.org\",\"@graph\":[{\"@type\":\"WebPage\",\"@id\":\"https:\/\/www.teka.com\/pt-pt\/produto\/izc-64630-bk-mst_112500022\/\",\"url\":\"https:\/\/www.teka.com\/pt-pt\/produto\/izc-64630-bk-mst_112500022\/\",\"name\":\"Cozinha placas IZC 64630 MST | Teka\",\"isPartOf\":{\"@id\":\"https:\/\/www.teka.com\/pt-pt\/#website\"},\"datePublished\":\"2026-04-07T20:18:51+00:00\",\"breadcrumb\":{\"@id\":\"https:\/\/www.teka.com\/pt-pt\/produto\/izc-64630-bk-mst_112500022\/#breadcrumb\"},\"inLanguage\":\"pt-PT\",\"potentialAction\":[{\"@type\":\"ReadAction\",\"target\":[\"https:\/\/www.teka.com\/pt-pt\/produto\/izc-64630-bk-mst_112500022\/\"]}]},{\"@type\":\"BreadcrumbList\",\"@id\":\"https:\/\/www.teka.com\/pt-pt\/produto\/izc-64630-bk-mst_112500022\/#breadcrumb\",\"itemListElement\":[{\"@type\":\"ListItem\",\"position\":1,\"name\":\"Home\",\"item\":\"https:\/\/www.teka.com\/pt-pt\/\"},{\"@type\":\"ListItem\",\"position\":2,\"name\":\"IZC 64630 MST\"}]},{\"@type\":\"WebSite\",\"@id\":\"https:\/\/www.teka.com\/pt-pt\/#website\",\"url\":\"https:\/\/www.teka.com\/pt-pt\/\",\"name\":\"Teka Portugal\",\"description\":\"\",\"potentialAction\":[{\"@type\":\"SearchAction\",\"target\":{\"@type\":\"EntryPoint\",\"urlTemplate\":\"https:\/\/www.teka.com\/pt-pt\/?s={search_term_string}\"},\"query-input\":{\"@type\":\"PropertyValueSpecification\",\"valueRequired\":true,\"valueName\":\"search_term_string\"}}],\"inLanguage\":\"pt-PT\"}]}<\/script>\n<!-- \/ Yoast SEO plugin. -->","yoast_head_json":{"title":"Cozinha placas IZC 64630 MST | Teka","robots":{"index":"index","follow":"follow","max-snippet":"max-snippet:-1","max-image-preview":"max-image-preview:large","max-video-preview":"max-video-preview:-1"},"canonical":"https:\/\/www.teka.com\/pt-pt\/produto\/izc-64630-bk-mst_112500022\/","og_locale":"pt_PT","og_type":"article","og_title":"Cozinha placas IZC 64630 MST | Teka","og_description":"Placa de indu\u00e7\u00e3o MasterSense Touch Control MultiSlider com bloqueio de seguran\u00e7a Programador do tempo de cozinhado 5 combina\u00e7\u00f5es de cozinhado Detetor de recipiente","og_url":"https:\/\/www.teka.com\/pt-pt\/produto\/izc-64630-bk-mst_112500022\/","og_site_name":"Teka Portugal","twitter_card":"summary_large_image","schema":{"@context":"https:\/\/schema.org","@graph":[{"@type":"WebPage","@id":"https:\/\/www.teka.com\/pt-pt\/produto\/izc-64630-bk-mst_112500022\/","url":"https:\/\/www.teka.com\/pt-pt\/produto\/izc-64630-bk-mst_112500022\/","name":"Cozinha placas IZC 64630 MST | Teka","isPartOf":{"@id":"https:\/\/www.teka.com\/pt-pt\/#website"},"datePublished":"2026-04-07T20:18:51+00:00","breadcrumb":{"@id":"https:\/\/www.teka.com\/pt-pt\/produto\/izc-64630-bk-mst_112500022\/#breadcrumb"},"inLanguage":"pt-PT","potentialAction":[{"@type":"ReadAction","target":["https:\/\/www.teka.com\/pt-pt\/produto\/izc-64630-bk-mst_112500022\/"]}]},{"@type":"BreadcrumbList","@id":"https:\/\/www.teka.com\/pt-pt\/produto\/izc-64630-bk-mst_112500022\/#breadcrumb","itemListElement":[{"@type":"ListItem","position":1,"name":"Home","item":"https:\/\/www.teka.com\/pt-pt\/"},{"@type":"ListItem","position":2,"name":"IZC 64630 MST"}]},{"@type":"WebSite","@id":"https:\/\/www.teka.com\/pt-pt\/#website","url":"https:\/\/www.teka.com\/pt-pt\/","name":"Teka Portugal","description":"","potentialAction":[{"@type":"SearchAction","target":{"@type":"EntryPoint","urlTemplate":"https:\/\/www.teka.com\/pt-pt\/?s={search_term_string}"},"query-input":{"@type":"PropertyValueSpecification","valueRequired":true,"valueName":"search_term_string"}}],"inLanguage":"pt-PT"}]}},"_links":{"self":[{"href":"https:\/\/www.teka.com\/pt-pt\/wp-json\/wp\/v2\/product\/59389","targetHints":{"allow":["GET"]}}],"collection":[{"href":"https:\/\/www.teka.com\/pt-pt\/wp-json\/wp\/v2\/product"}],"about":[{"href":"https:\/\/www.teka.com\/pt-pt\/wp-json\/wp\/v2\/types\/product"}],"wp:attachment":[{"href":"https:\/\/www.teka.com\/pt-pt\/wp-json\/wp\/v2\/media?parent=59389"}],"wp:term":[{"taxonomy":"product_cat","embeddable":true,"href":"https:\/\/www.teka.com\/pt-pt\/wp-json\/wp\/v2\/product_cat?post=59389"},{"taxonomy":"product_cleaning_system","embeddable":true,"href":"https:\/\/www.teka.com\/pt-pt\/wp-json\/wp\/v2\/product_cleaning_system?post=59389"},{"taxonomy":"product_edition","embeddable":true,"href":"https:\/\/www.teka.com\/pt-pt\/wp-json\/wp\/v2\/product_edition?post=59389"},{"taxonomy":"product_3rd_basket","embeddable":true,"href":"https:\/\/www.teka.com\/pt-pt\/wp-json\/wp\/v2\/product_3rd_basket?post=59389"},{"taxonomy":"product_drawers","embeddable":true,"href":"https:\/\/www.teka.com\/pt-pt\/wp-json\/wp\/v2\/product_drawers?post=59389"},{"taxonomy":"product_type_of_installation","embeddable":true,"href":"https:\/\/www.teka.com\/pt-pt\/wp-json\/wp\/v2\/product_type_of_installation?post=59389"},{"taxonomy":"product_serie","embeddable":true,"href":"https:\/\/www.teka.com\/pt-pt\/wp-json\/wp\/v2\/product_serie?post=59389"},{"taxonomy":"product_features","embeddable":true,"href":"https:\/\/www.teka.com\/pt-pt\/wp-json\/wp\/v2\/product_features?post=59389"},{"taxonomy":"finishes","embeddable":true,"href":"https:\/\/www.teka.com\/pt-pt\/wp-json\/wp\/v2\/finishes?post=59389"},{"taxonomy":"product_bundles","embeddable":true,"href":"https:\/\/www.teka.com\/pt-pt\/wp-json\/wp\/v2\/product_bundles?post=59389"},{"taxonomy":"product_energy_efficiency","embeddable":true,"href":"https:\/\/www.teka.com\/pt-pt\/wp-json\/wp\/v2\/product_energy_efficiency?post=59389"},{"taxonomy":"product_video_training","embeddable":true,"href":"https:\/\/www.teka.com\/pt-pt\/wp-json\/wp\/v2\/product_video_training?post=59389"}],"curies":[{"name":"wp","href":"https:\/\/api.w.org\/{rel}","templated":true}]}}