{"id":21989,"date":"2018-09-11T07:58:22","date_gmt":"2018-09-11T07:58:22","guid":{"rendered":"http:\/\/teka.com\/?page_id=21989"},"modified":"2019-06-12T16:16:10","modified_gmt":"2019-06-12T16:16:10","slug":"about-us","status":"publish","type":"page","link":"https:\/\/www.teka.com\/ro-ro\/about-us\/","title":{"rendered":"About Teka"},"content":{"rendered":"<p>[et_pb_section bb_built=&#8221;1&#8243; module_id=&#8221;teka-top&#8221; _builder_version=&#8221;3.17.6&#8243; background_image=&#8221;https:\/\/www.teka.com\/ro-ro\/wp-content\/uploads\/sites\/17\/2018\/11\/teka-slider-about-us-desktop.jpg&#8221; next_background_color=&#8221;#0e0e0e&#8221; global_module=&#8221;23211&#8243;][et_pb_row global_parent=&#8221;23211&#8243; _builder_version=&#8221;3.17.6&#8243; background_size=&#8221;initial&#8221; background_position=&#8221;top_left&#8221; background_repeat=&#8221;repeat&#8221;][et_pb_column type=&#8221;1_2&#8243;][et_pb_text admin_label=&#8221;Header Title&#8221; global_parent=&#8221;23211&#8243; _builder_version=&#8221;3.17.6&#8243; background_layout=&#8221;dark&#8221;]<\/p>\n<h3><strong>Teka Group<\/strong>,<br \/>German&nbsp;Origin<\/h3>\n<p>&nbsp;<\/p>\n<\/p>\n<p>[\/et_pb_text][\/et_pb_column][et_pb_column type=&#8221;1_2&#8243;][\/et_pb_column][\/et_pb_row][\/et_pb_section][et_pb_section bb_built=&#8221;1&#8243; specialty=&#8221;off&#8221; prev_background_color=&#8221;#ffffff&#8221; _builder_version=&#8221;3.14&#8243; module_id=&#8221;teka-menu&#8221; background_color=&#8221;#0e0e0e&#8221; next_background_color=&#8221;#ffffff&#8221; global_module=&#8221;23212&#8243;][et_pb_row global_parent=&#8221;23212&#8243; background_position=&#8221;top_left&#8221; background_repeat=&#8221;repeat&#8221; background_size=&#8221;initial&#8221;][et_pb_column type=&#8221;4_4&#8243;][et_pb_sidebar global_parent=&#8221;23212&#8243; _builder_version=&#8221;3.17.6&#8243; area=&#8221;et_pb_widget_area_7&#8243; background_layout=&#8221;dark&#8221; disabled=&#8221;off&#8221; disabled_on=&#8221;on|on|&#8221; \/][et_pb_sidebar admin_label=&#8221;Sidebar Tablet&#8221; global_parent=&#8221;23212&#8243; _builder_version=&#8221;3.17.6&#8243; area=&#8221;et_pb_widget_area_9&#8243; background_layout=&#8221;dark&#8221; disabled=&#8221;off&#8221; disabled_on=&#8221;on||on&#8221; \/][et_pb_sidebar admin_label=&#8221;Sidebar Mobile&#8221; global_parent=&#8221;23212&#8243; _builder_version=&#8221;3.17.6&#8243; area=&#8221;et_pb_widget_area_8&#8243; background_layout=&#8221;dark&#8221; disabled=&#8221;off&#8221; disabled_on=&#8221;|on|on&#8221; \/][\/et_pb_column][\/et_pb_row][\/et_pb_section][et_pb_section bb_built=&#8221;1&#8243; module_id=&#8221;about-us&#8221; _builder_version=&#8221;3.17.6&#8243; prev_background_color=&#8221;#0e0e0e&#8221; next_background_color=&#8221;#000000&#8243;][et_pb_row use_custom_width=&#8221;on&#8221; custom_padding=&#8221;32px|0px|32px|0px|false|false&#8221; _builder_version=&#8221;3.17.2&#8243; background_size=&#8221;initial&#8221; background_position=&#8221;top_left&#8221; background_repeat=&#8221;repeat&#8221; module_alignment=&#8221;center&#8221;][et_pb_column type=&#8221;4_4&#8243;][et_pb_text _builder_version=&#8221;3.19&#8243;]<\/p>\n<h1 style=\"text-align: center;\">Cum s\u0103 cre\u0103m <strong>momente de neuitat<\/strong><\/h1>\n<p>[\/et_pb_text][\/et_pb_column][\/et_pb_row][et_pb_row custom_padding=&#8221;24.9375px|0px|24px|0px|false|false&#8221; _builder_version=&#8221;3.0.48&#8243; background_size=&#8221;initial&#8221; background_position=&#8221;top_left&#8221; background_repeat=&#8221;repeat&#8221;][et_pb_column type=&#8221;4_4&#8243;][et_pb_text _builder_version=&#8221;3.19&#8243; max_width=&#8221;80%&#8221; module_alignment=&#8221;center&#8221;]<\/p>\n<h6 style=\"text-align: center;\">\u00cen tot ceea ce facem, combin\u0103m <strong>calitatea, aplicabilitatea<\/strong> \u015fi <strong>eficien\u0163a<\/strong>, pentru a g\u0103si cea mai bun\u0103 solu\u0163ie \u00een casa dumneavoastr\u0103. Principalul nostru scop este de a v\u0103 oferi <strong>experien\u0163e memorabile<\/strong> pe care s\u0103 le \u00eemp\u0103rt\u0103\u015fi\u0163i cu cei dragi.<\/h6>\n<p>[\/et_pb_text][\/et_pb_column][\/et_pb_row][et_pb_row custom_padding=&#8221;24px|0px|24.9375px|0px|false|false&#8221; _builder_version=&#8221;3.0.48&#8243; background_size=&#8221;initial&#8221; background_position=&#8221;top_left&#8221; background_repeat=&#8221;repeat&#8221;][et_pb_column type=&#8221;4_4&#8243;][et_pb_divider color=&#8221;#b7b7b7&#8243; _builder_version=&#8221;3.14&#8243;]<\/p>\n<p>[\/et_pb_divider][et_pb_text _builder_version=&#8221;3.19&#8243;]<\/p>\n<h2 style=\"text-align: center;\">G\u0103ti\u0163i \u015fi redescoperi\u0163i <strong>via\u0163a<\/strong><\/h2>\n<p>[\/et_pb_text][\/et_pb_column][\/et_pb_row][et_pb_row _builder_version=&#8221;3.0.48&#8243; background_size=&#8221;initial&#8221; background_position=&#8221;top_left&#8221; background_repeat=&#8221;repeat&#8221;][et_pb_column type=&#8221;1_2&#8243;][et_pb_text _builder_version=&#8221;3.19&#8243;]<\/p>\n<p style=\"text-align: justify;\"><span style=\"font-size: 16px;\">Buc\u0103t\u0103ria este inima casei dumneavoastr\u0103. La Teka, proiect\u0103m electrocasnice care s\u0103 devin\u0103 sufletul buc\u0103t\u0103riei dumneavoastr\u0103, pentru c\u0103 aici se g\u0103te\u015fte via\u0163a, aici tr\u0103im unele dintre cele mai frumoase momente din via\u0163\u0103.<\/span><\/p>\n<p style=\"text-align: justify;\"><span style=\"font-size: 16px;\">Buc\u0103t\u0103ria este pentru noi mai mult dec\u00e2t locul unde se g\u0103te\u015fte m\u00e2ncarea. Este un loc unde r\u00e2dem, vis\u0103m, ne sf\u0103tuim, vorbim, lu\u0103m decizii, \u00eemp\u0103rt\u0103\u015fim ve\u015fti, ne facem planuri de via\u0163\u0103 \u015fi, \u00een final, tr\u0103im momente de neuitat.<\/span><\/p>\n<p style=\"text-align: justify;\"><span style=\"font-weight: 400;\">Din toate aceste motive, proiect\u0103m \u015fi fabric\u0103m electrocasnice care aduc solu\u0163ii \u015fi inova\u0163ii autentice \u00een buc\u0103t\u0103rie, solu\u0163ii care se potrivesc stilului dumneavoastr\u0103 de via\u0163\u0103 \u015fi care v\u0103 sunt \u00een armonie cu \u00eentreaga cas\u0103.<\/span><\/p>\n<p style=\"text-align: justify;\"><span style=\"font-weight: 400;\">Zi de zi, ne str\u0103duim s\u0103 v\u0103 \u00een\u0163elegem mai bine nevoile \u015fi s\u0103 venim cu noi solu\u0163ii pentru a v\u0103 ajuta s\u0103 g\u0103si\u0163i noi posibilit\u0103\u0163i \u00een buc\u0103t\u0103rie.<\/span><\/p>\n<p>[\/et_pb_text][\/et_pb_column][et_pb_column type=&#8221;1_2&#8243;][et_pb_text _builder_version=&#8221;3.19&#8243;]<\/p>\n<p>Marca noastr\u0103, creat\u0103 \u00een Germania, se bazeaz\u0103 pe calitate, tehnologie \u015fi inova\u0163ie. Produsele Teka sunt cunoscute \u00een \u00eentreaga lume pentru fiabilitatea, eficien\u0163a \u015fi precizia lor. Ast\u0103zi, dup\u0103 aproape 100 de ani de istorie, Teka \u00eenc\u0103 lucreaz\u0103 neobosit pentru a da tuturor produselor cea mai bun\u0103 func\u0163ionalitate \u015fi cel mai bun design, pentru a atinge excelen\u0163a cu fiecare pas.<\/p>\n<p style=\"text-align: justify;\"><span style=\"font-weight: 400;\">Valorile noastre, s\u0103dite ad\u00e2nc \u00een companie, sunt clare:<br \/>\nOnestitate, generozitate \u015fi originalitate. Aceasta \u00eenseamn\u0103 c\u0103 lucr\u0103m pentru dumneavoastr\u0103 \u015fi c\u0103 v\u0103 suntem al\u0103turi mereu, ajut\u00e2ndu-v\u0103 s\u0103 v\u0103 rezolva\u0163i problemele de fiecare zi prin solu\u0163iile noastre de calitate mondial\u0103.<br \/>\nSatisfac\u0163ia clien\u0163ilor este cea mai important\u0103 pentru noi.<\/span><\/p>\n<p>Ne-am str\u0103duit de la bun \u00eenceput s\u0103 avem produse de cea mai bun\u0103 calitate, designuri dintre cele mai moderne \u015fi originale, precum \u015fi cele mai mari inova\u0163ii la un pre\u0163 corect.<\/p>\n<p>[\/et_pb_text][\/et_pb_column][\/et_pb_row][\/et_pb_section][et_pb_section bb_built=&#8221;1&#8243; module_id=&#8221;about-teka-teka-bottom&#8221; _builder_version=&#8221;3.17.6&#8243; custom_margin=&#8221;0px|||&#8221; custom_padding=&#8221;0px|||&#8221; prev_background_color=&#8221;#000000&#8243;][et_pb_row _builder_version=&#8221;3.17.2&#8243; background_size=&#8221;initial&#8221; background_position=&#8221;top_left&#8221; background_repeat=&#8221;repeat&#8221;][et_pb_column type=&#8221;4_4&#8243;][et_pb_text _builder_version=&#8221;3.19&#8243;]<\/p>\n<h2 style=\"text-align: center;\">Iat\u0103 <strong>principalele ingrediente<\/strong> din produsele noastre:<\/h2>\n<p>[\/et_pb_text][\/et_pb_column][\/et_pb_row][et_pb_row _builder_version=&#8221;3.17.2&#8243; background_size=&#8221;initial&#8221; background_position=&#8221;top_left&#8221; background_repeat=&#8221;repeat&#8221;][et_pb_column type=&#8221;1_3&#8243;][et_pb_text admin_label=&#8221;Imagen + titulo&#8221; _builder_version=&#8221;3.19&#8243; background_image=&#8221;https:\/\/www.teka.com\/ro-ro\/wp-content\/uploads\/sites\/17\/2018\/12\/teka-honesty-270&#215;270.jpg&#8221; text_orientation=&#8221;center&#8221; background_layout=&#8221;dark&#8221; module_class=&#8221;our-values-img&#8221;]<\/p>\n<h3>Onestitate<\/h3>\n<p>[\/et_pb_text][et_pb_image src=&#8221;https:\/\/www.teka.com\/ro-ro\/wp-content\/uploads\/sites\/17\/2018\/11\/teka-honesty.jpg&#8221; align=&#8221;center&#8221; _builder_version=&#8221;3.17.6&#8243; disabled_on=&#8221;on|on|on&#8221; disabled=&#8221;on&#8221;]<\/p>\n<p>[\/et_pb_image][et_pb_text admin_label=&#8221;Honesty &#8211; Text&#8221; module_class=&#8221;sobre-teka-ingredientes&#8221; _builder_version=&#8221;3.19&#8243;]<\/p>\n<p style=\"text-align: center;\"><strong>Suntem de partea dumneavoastr\u0103.<\/strong><\/p>\n<p style=\"text-align: center;\">Form\u0103m o rela\u0163ie cu to\u0163i clien\u0163ii no\u015ftri, printr-un dialog responsabil, clar \u015fi transparent. Teka v\u0103 este aproape, v\u0103 \u00een\u0163elege nevoile \u015fi v\u0103 ajut\u0103 s\u0103 descoperi\u0163i noi posibilit\u0103\u0163i \u00een buc\u0103t\u0103rie.<\/p>\n<p>[\/et_pb_text][\/et_pb_column][et_pb_column type=&#8221;1_3&#8243;][et_pb_text admin_label=&#8221;Imagen + titulo&#8221; _builder_version=&#8221;3.19&#8243; background_image=&#8221;https:\/\/www.teka.com\/ro-ro\/wp-content\/uploads\/sites\/17\/2018\/12\/teka-generosity-270&#215;270.jpg&#8221; text_orientation=&#8221;center&#8221; background_layout=&#8221;dark&#8221; module_class=&#8221;our-values-img&#8221;]<\/p>\n<h3>Generozitate<\/h3>\n<p>[\/et_pb_text][et_pb_image src=&#8221;https:\/\/www.teka.com\/ro-ro\/wp-content\/uploads\/sites\/17\/2018\/11\/teka-generosity.jpg&#8221; align=&#8221;center&#8221; _builder_version=&#8221;3.17.6&#8243; disabled_on=&#8221;on|on|on&#8221; disabled=&#8221;on&#8221;]<\/p>\n<p>[\/et_pb_image][et_pb_text admin_label=&#8221;Generosity &#8211; Text&#8221; module_class=&#8221;sobre-teka-ingredientes&#8221; _builder_version=&#8221;3.19&#8243;]<\/p>\n<p style=\"text-align: center;\"><strong>Facem mai mult<\/strong><\/p>\n<p style=\"text-align: center;\">Ne concentr\u0103m pe ceea ce este autentic \u015fi esen\u0163ial: scopul nostru este s\u0103 transform\u0103m func\u0163ionalul \u00een uman. De aceea vrem s\u0103 oferim tehnologie de \u00eenalt\u0103 clas\u0103, inova\u0163ie \u015fi design original, la pre\u0163uri corecte.<\/p>\n<p style=\"text-align: center;\">Combin\u0103m astfel pove\u015ftile de acas\u0103 cu mo\u015ftenirea noastr\u0103 de solu\u0163ii superioare, pentru a \u00eensufle\u0163i buc\u0103t\u0103ria dumneavoastr\u0103. Pe de alt\u0103 parte, cre\u0103m atmosfera perfect\u0103 \u00een care pute\u0163i tr\u0103i momente magice, care fac sarea \u015fi piperul vie\u0163ii.<\/p>\n<p>[\/et_pb_text][\/et_pb_column][et_pb_column type=&#8221;1_3&#8243;][et_pb_text admin_label=&#8221;Imagen + titulo&#8221; _builder_version=&#8221;3.19&#8243; background_image=&#8221;https:\/\/www.teka.com\/ro-ro\/wp-content\/uploads\/sites\/17\/2018\/12\/teka-originality-270&#215;270.jpg&#8221; text_orientation=&#8221;center&#8221; background_layout=&#8221;dark&#8221; module_class=&#8221;our-values-img&#8221;]<\/p>\n<h3>Originalitate<\/h3>\n<p>[\/et_pb_text][et_pb_image src=&#8221;https:\/\/www.teka.com\/ro-ro\/wp-content\/uploads\/sites\/17\/2018\/11\/teka-originality.jpg&#8221; align=&#8221;center&#8221; _builder_version=&#8221;3.17.6&#8243; disabled_on=&#8221;on|on|on&#8221; disabled=&#8221;on&#8221;]<\/p>\n<p>[\/et_pb_image][et_pb_text admin_label=&#8221;Originality &#8211; Text&#8221; module_class=&#8221;sobre-teka-ingredientes&#8221; _builder_version=&#8221;3.19&#8243;]<\/p>\n<p style=\"text-align: center;\"><strong>O alternativ\u0103 demn\u0103 de luat \u00een seam\u0103<\/strong><\/p>\n<p style=\"text-align: center;\">St\u00e2rnim emo\u0163ii \u015fi gusturi distincte, gra\u0163ie modului nostru unic de a face lucrurile. Scopul nostru este de a ajunge la oameni, d\u00e2ndu-le \u015fansa de a tr\u0103i experien\u0163e care trec dincolo de caracteristicile produsului sau de inova\u0163ie. Pentru noi, inspira\u0163ia este calea de urmat pentru a deveni marca de suflet a clien\u0163ilor, o alternativ\u0103 autentic\u0103, croit\u0103 special pentru ei.<\/p>\n<p>[\/et_pb_text][\/et_pb_column][\/et_pb_row][\/et_pb_section]<\/p>\n","protected":false},"excerpt":{"rendered":"<p>Teka Group,German&nbsp;Origin &nbsp; Cum s\u0103 cre\u0103m momente de neuitat \u00cen tot ceea ce facem, combin\u0103m calitatea, aplicabilitatea \u015fi eficien\u0163a, pentru a g\u0103si cea mai bun\u0103 solu\u0163ie \u00een casa dumneavoastr\u0103. Principalul nostru scop este de a v\u0103 oferi experien\u0163e memorabile pe care s\u0103 le \u00eemp\u0103rt\u0103\u015fi\u0163i cu cei dragi. G\u0103ti\u0163i \u015fi redescoperi\u0163i via\u0163a Buc\u0103t\u0103ria este inima casei [&hellip;]<\/p>\n","protected":false},"author":9,"featured_media":0,"parent":0,"menu_order":0,"comment_status":"closed","ping_status":"closed","template":"","meta":{"_acf_changed":false,"_et_pb_use_builder":"on","_et_pb_old_content":"","_et_gb_content_width":"","footnotes":""},"class_list":["post-21989","page","type-page","status-publish","hentry"],"acf":[],"yoast_head":"<!-- This site is optimized with the Yoast SEO plugin v27.5 - https:\/\/yoast.com\/product\/yoast-seo-wordpress\/ -->\n<title>Teka: Cook your way to life | About the company and their values<\/title>\n<meta name=\"description\" content=\"Our trademark, born in Germany, relies on quality, technology and innovation. Teka products are known worldwide for their reliability, efficiency and...\" \/>\n<meta name=\"robots\" content=\"index, follow, max-snippet:-1, max-image-preview:large, max-video-preview:-1\" \/>\n<link rel=\"canonical\" href=\"https:\/\/www.teka.com\/ro-ro\/about-us\/\" \/>\n<meta property=\"og:locale\" content=\"ro_RO\" \/>\n<meta property=\"og:type\" content=\"article\" \/>\n<meta property=\"og:title\" content=\"Teka: Cook your way to life | About the company and their values\" \/>\n<meta property=\"og:description\" content=\"Our trademark, born in Germany, relies on quality, technology and innovation. Teka products are known worldwide for their reliability, efficiency and...\" \/>\n<meta property=\"og:url\" content=\"https:\/\/www.teka.com\/ro-ro\/about-us\/\" \/>\n<meta property=\"og:site_name\" content=\"Teka Romania\" \/>\n<meta property=\"article:modified_time\" content=\"2019-06-12T16:16:10+00:00\" \/>\n<meta name=\"twitter:card\" content=\"summary_large_image\" \/>\n<meta name=\"twitter:label1\" content=\"Timp estimat pentru citire\" \/>\n\t<meta name=\"twitter:data1\" content=\"7 minute\" \/>\n<script type=\"application\/ld+json\" class=\"yoast-schema-graph\">{\"@context\":\"https:\\\/\\\/schema.org\",\"@graph\":[{\"@type\":\"WebPage\",\"@id\":\"https:\\\/\\\/www.teka.com\\\/ro-ro\\\/about-us\\\/\",\"url\":\"https:\\\/\\\/www.teka.com\\\/ro-ro\\\/about-us\\\/\",\"name\":\"Teka: Cook your way to life | About the company and their values\",\"isPartOf\":{\"@id\":\"https:\\\/\\\/www.teka.com\\\/ro-ro\\\/#website\"},\"datePublished\":\"2018-09-11T07:58:22+00:00\",\"dateModified\":\"2019-06-12T16:16:10+00:00\",\"description\":\"Our trademark, born in Germany, relies on quality, technology and innovation. Teka products are known worldwide for their reliability, efficiency and...\",\"inLanguage\":\"ro-RO\",\"potentialAction\":[{\"@type\":\"ReadAction\",\"target\":[\"https:\\\/\\\/www.teka.com\\\/ro-ro\\\/about-us\\\/\"]}]},{\"@type\":\"WebSite\",\"@id\":\"https:\\\/\\\/www.teka.com\\\/ro-ro\\\/#website\",\"url\":\"https:\\\/\\\/www.teka.com\\\/ro-ro\\\/\",\"name\":\"Teka Romania\",\"description\":\"\",\"potentialAction\":[{\"@type\":\"SearchAction\",\"target\":{\"@type\":\"EntryPoint\",\"urlTemplate\":\"https:\\\/\\\/www.teka.com\\\/ro-ro\\\/?s={search_term_string}\"},\"query-input\":{\"@type\":\"PropertyValueSpecification\",\"valueRequired\":true,\"valueName\":\"search_term_string\"}}],\"inLanguage\":\"ro-RO\"}]}<\/script>\n<!-- \/ Yoast SEO plugin. -->","yoast_head_json":{"title":"Teka: Cook your way to life | About the company and their values","description":"Our trademark, born in Germany, relies on quality, technology and innovation. Teka products are known worldwide for their reliability, efficiency and...","robots":{"index":"index","follow":"follow","max-snippet":"max-snippet:-1","max-image-preview":"max-image-preview:large","max-video-preview":"max-video-preview:-1"},"canonical":"https:\/\/www.teka.com\/ro-ro\/about-us\/","og_locale":"ro_RO","og_type":"article","og_title":"Teka: Cook your way to life | About the company and their values","og_description":"Our trademark, born in Germany, relies on quality, technology and innovation. Teka products are known worldwide for their reliability, efficiency and...","og_url":"https:\/\/www.teka.com\/ro-ro\/about-us\/","og_site_name":"Teka Romania","article_modified_time":"2019-06-12T16:16:10+00:00","twitter_card":"summary_large_image","twitter_misc":{"Timp estimat pentru citire":"7 minute"},"schema":{"@context":"https:\/\/schema.org","@graph":[{"@type":"WebPage","@id":"https:\/\/www.teka.com\/ro-ro\/about-us\/","url":"https:\/\/www.teka.com\/ro-ro\/about-us\/","name":"Teka: Cook your way to life | About the company and their values","isPartOf":{"@id":"https:\/\/www.teka.com\/ro-ro\/#website"},"datePublished":"2018-09-11T07:58:22+00:00","dateModified":"2019-06-12T16:16:10+00:00","description":"Our trademark, born in Germany, relies on quality, technology and innovation. Teka products are known worldwide for their reliability, efficiency and...","inLanguage":"ro-RO","potentialAction":[{"@type":"ReadAction","target":["https:\/\/www.teka.com\/ro-ro\/about-us\/"]}]},{"@type":"WebSite","@id":"https:\/\/www.teka.com\/ro-ro\/#website","url":"https:\/\/www.teka.com\/ro-ro\/","name":"Teka Romania","description":"","potentialAction":[{"@type":"SearchAction","target":{"@type":"EntryPoint","urlTemplate":"https:\/\/www.teka.com\/ro-ro\/?s={search_term_string}"},"query-input":{"@type":"PropertyValueSpecification","valueRequired":true,"valueName":"search_term_string"}}],"inLanguage":"ro-RO"}]}},"_links":{"self":[{"href":"https:\/\/www.teka.com\/ro-ro\/wp-json\/wp\/v2\/pages\/21989","targetHints":{"allow":["GET"]}}],"collection":[{"href":"https:\/\/www.teka.com\/ro-ro\/wp-json\/wp\/v2\/pages"}],"about":[{"href":"https:\/\/www.teka.com\/ro-ro\/wp-json\/wp\/v2\/types\/page"}],"author":[{"embeddable":true,"href":"https:\/\/www.teka.com\/ro-ro\/wp-json\/wp\/v2\/users\/9"}],"replies":[{"embeddable":true,"href":"https:\/\/www.teka.com\/ro-ro\/wp-json\/wp\/v2\/comments?post=21989"}],"version-history":[{"count":71,"href":"https:\/\/www.teka.com\/ro-ro\/wp-json\/wp\/v2\/pages\/21989\/revisions"}],"predecessor-version":[{"id":55899,"href":"https:\/\/www.teka.com\/ro-ro\/wp-json\/wp\/v2\/pages\/21989\/revisions\/55899"}],"wp:attachment":[{"href":"https:\/\/www.teka.com\/ro-ro\/wp-json\/wp\/v2\/media?parent=21989"}],"curies":[{"name":"wp","href":"https:\/\/api.w.org\/{rel}","templated":true}]}}