{"id":21992,"date":"2018-09-11T08:07:26","date_gmt":"2018-09-11T08:07:26","guid":{"rendered":"http:\/\/teka.com\/?page_id=21992"},"modified":"2019-06-12T16:22:31","modified_gmt":"2019-06-12T16:22:31","slug":"istoria-noastra","status":"publish","type":"page","link":"https:\/\/www.teka.com\/ro-ro\/about-us\/istoria-noastra\/","title":{"rendered":"Istoria noastr\u0103"},"content":{"rendered":"<p>[et_pb_section fb_built=&#8221;1&#8243; module_id=&#8221;teka-top&#8221; _builder_version=&#8221;3.17.6&#8243; background_image=&#8221;https:\/\/www.teka.com\/ro-ro\/wp-content\/uploads\/sites\/17\/2018\/11\/teka-slider-about-us-desktop.jpg&#8221; global_module=&#8221;23211&#8243;][et_pb_row _builder_version=&#8221;3.17.6&#8243; background_size=&#8221;initial&#8221; background_position=&#8221;top_left&#8221; background_repeat=&#8221;repeat&#8221;][et_pb_column type=&#8221;1_2&#8243; _builder_version=&#8221;3.0.47&#8243; parallax=&#8221;off&#8221; parallax_method=&#8221;on&#8221;][et_pb_text admin_label=&#8221;Header Title&#8221; _builder_version=&#8221;3.17.6&#8243; background_layout=&#8221;dark&#8221;]<\/p>\n<h3><strong>Teka Group<\/strong>,<br \/>German&nbsp;Origin<\/h3>\n<p>&nbsp;<\/p>\n<\/p>\n<p>[\/et_pb_text][\/et_pb_column][et_pb_column type=&#8221;1_2&#8243; _builder_version=&#8221;3.0.47&#8243; parallax=&#8221;off&#8221; parallax_method=&#8221;on&#8221;][\/et_pb_column][\/et_pb_row][\/et_pb_section][et_pb_section fb_built=&#8221;1&#8243; module_id=&#8221;teka-menu&#8221; _builder_version=&#8221;3.14&#8243; background_color=&#8221;#0e0e0e&#8221; global_module=&#8221;23212&#8243;][et_pb_row _builder_version=&#8221;3.0.47&#8243; background_size=&#8221;initial&#8221; background_position=&#8221;top_left&#8221; background_repeat=&#8221;repeat&#8221;][et_pb_column type=&#8221;4_4&#8243; _builder_version=&#8221;3.0.47&#8243; parallax=&#8221;off&#8221; parallax_method=&#8221;on&#8221;][et_pb_sidebar area=&#8221;et_pb_widget_area_7&#8243; disabled_on=&#8221;on|on|&#8221; _builder_version=&#8221;3.17.6&#8243; background_layout=&#8221;dark&#8221;][\/et_pb_sidebar][et_pb_sidebar area=&#8221;et_pb_widget_area_9&#8243; disabled_on=&#8221;on||on&#8221; admin_label=&#8221;Sidebar Tablet&#8221; _builder_version=&#8221;3.17.6&#8243; background_layout=&#8221;dark&#8221;][\/et_pb_sidebar][et_pb_sidebar area=&#8221;et_pb_widget_area_8&#8243; disabled_on=&#8221;|on|on&#8221; admin_label=&#8221;Sidebar Mobile&#8221; _builder_version=&#8221;3.17.6&#8243; background_layout=&#8221;dark&#8221;][\/et_pb_sidebar][\/et_pb_column][\/et_pb_row][\/et_pb_section][et_pb_section fb_built=&#8221;1&#8243; module_id=&#8221;about-us&#8221; _builder_version=&#8221;3.17.6&#8243;][et_pb_row _builder_version=&#8221;3.0.48&#8243; background_size=&#8221;initial&#8221; background_position=&#8221;top_left&#8221; background_repeat=&#8221;repeat&#8221;][et_pb_column type=&#8221;4_4&#8243; _builder_version=&#8221;3.0.47&#8243; parallax=&#8221;off&#8221; parallax_method=&#8221;on&#8221;][et_pb_text _builder_version=&#8221;3.19&#8243; max_width=&#8221;80%&#8221; module_alignment=&#8221;center&#8221;]<\/p>\n<h1 style=\"text-align: center\"><strong>Istoria <\/strong>noastr\u0103<\/h1>\n<h6 style=\"text-align: center\">Teka are o istorie de peste <strong>90 de ani<\/strong>, de la \u00eenceputul activit\u0103\u021bii sale de fabricare a utilajelor agricole, p\u00e2n\u0103 \u00een prezent, devenind una dintre cele mai importante m\u0103rci de aparatur\u0103 din \u00eentreaga lume.<\/h6>\n<p>[\/et_pb_text][\/et_pb_column][\/et_pb_row][et_pb_row module_class_1=&#8221;second-on-mobile&#8221; module_class_2=&#8221;first-on-mobile&#8221; module_class=&#8221;custom_row&#8221; _builder_version=&#8221;3.17.6&#8243; background_size=&#8221;initial&#8221; background_position=&#8221;top_left&#8221; background_repeat=&#8221;repeat&#8221;][et_pb_column type=&#8221;1_2&#8243; _builder_version=&#8221;3.0.47&#8243; parallax=&#8221;off&#8221; parallax_method=&#8221;on&#8221; module_class=&#8221;second-on-mobile&#8221;][et_pb_image src=&#8221;https:\/\/www.teka.com\/ro-ro\/wp-content\/uploads\/sites\/17\/2018\/11\/black-and-white-buildings-city-1024&#215;768.jpg&#8221; _builder_version=&#8221;3.17.6&#8243;][\/et_pb_image][\/et_pb_column][et_pb_column type=&#8221;1_2&#8243; _builder_version=&#8221;3.0.47&#8243; parallax=&#8221;off&#8221; parallax_method=&#8221;on&#8221; module_class=&#8221;first-on-mobile&#8221;][et_pb_text _builder_version=&#8221;3.19&#8243;]<\/p>\n<h2 style=\"text-align: center\"><strong>1924-1957<\/strong><\/h2>\n<p><span style=\"font-weight: 400\">Istoria companiei Teka a \u00eenceput \u00een anul 1924, atunci c\u00e2nd Karl Thielmann a fondat o companie de utilaje agricole \u00een Germania \u0219i \u00een primii ani s-a concentrat pe acest sector.<\/span><\/p>\n<p><span style=\"font-weight: 400\">Cur\u00e2nd dup\u0103 aceea, a \u00eenceput s\u0103 lucreze cu o\u021bel inoxidabil, un pas \u00eenainte, esen\u021bial \u00een istoria societ\u0103\u021bii.<\/span><\/p>\n<p><span style=\"font-weight: 400\">\u00cen 1957, Helmut Klein s-a al\u0103turat companiei \u00een calitate de partener. Acela a fost momentul c\u00e2nd Teka a fost creat\u0103 ca marc\u0103 \u00eenregistrat\u0103, con\u021bin\u00e2nd ini\u021bialele ambilor fondatori, Thielmann &amp;amp; Klein.<\/span><\/p>\n<p>[\/et_pb_text][\/et_pb_column][\/et_pb_row][et_pb_row _builder_version=&#8221;3.0.48&#8243; background_size=&#8221;initial&#8221; background_position=&#8221;top_left&#8221; background_repeat=&#8221;repeat&#8221;][et_pb_column type=&#8221;1_2&#8243; _builder_version=&#8221;3.0.47&#8243; parallax=&#8221;off&#8221; parallax_method=&#8221;on&#8221;][et_pb_text _builder_version=&#8221;3.19&#8243;]<\/p>\n<h2 style=\"text-align: center\"><strong>1958-1969<\/strong><\/h2>\n<p><span style=\"font-weight: 400\">Din acel moment, au \u00eenceput s\u0103 fie puse \u00een v\u00e2nzare produse sub denumirea Teka. La \u00eenceput, Teka fabrica doar chiuvete. \u00cen anii urm\u0103tori, succesul produselor i-au oferit companiei Teka posibilitatea de a-\u0219i extinde catalogul \u0219i s\u0103 produc\u0103 aragaze, cuptoare \u0219i hote.<\/span><\/p>\n<p><span style=\"font-weight: 400\">\u00cen anul 1964, Teka s-a stabilit \u00een Spania \u0219i a \u00eenceput o ampl\u0103 extindere interna\u021bional\u0103 \u00een anii care au urmat, \u00eent\u00e2i \u00een Europa \u0219i ulterior \u00een restul continentelor. \u00cen toat\u0103 aceast\u0103 perioad\u0103, gama produselor s-a m\u0103rit \u0219i au ob\u021binut recunoa\u0219tere mondial\u0103, datorit\u0103 designului acestora \u0219i a produselor de buc\u0103t\u0103rie \u0219i baie de calitate superioar\u0103.<\/span><\/p>\n<p>[\/et_pb_text][\/et_pb_column][et_pb_column type=&#8221;1_2&#8243; _builder_version=&#8221;3.0.47&#8243; parallax=&#8221;off&#8221; parallax_method=&#8221;on&#8221;][et_pb_image src=&#8221;https:\/\/www.teka.com\/wp-content\/uploads\/sites\/3\/2018\/10\/shutterstock_1164436954_low_nwm.jpg&#8221; _builder_version=&#8221;3.17.6&#8243;][\/et_pb_image][\/et_pb_column][\/et_pb_row][et_pb_row module_class_1=&#8221;second-on-mobile&#8221; module_class_2=&#8221;first-on-mobile&#8221; module_class=&#8221;custom_row&#8221; _builder_version=&#8221;3.17.6&#8243; background_size=&#8221;initial&#8221; background_position=&#8221;top_left&#8221; background_repeat=&#8221;repeat&#8221;][et_pb_column type=&#8221;1_2&#8243; _builder_version=&#8221;3.0.47&#8243; parallax=&#8221;off&#8221; parallax_method=&#8221;on&#8221; module_class=&#8221;second-on-mobile&#8221;][et_pb_image src=&#8221;https:\/\/www.teka.com\/ro-ro\/wp-content\/uploads\/sites\/17\/2018\/11\/teka-china-1024&#215;768.jpg&#8221; _builder_version=&#8221;3.17.6&#8243;][\/et_pb_image][\/et_pb_column][et_pb_column type=&#8221;1_2&#8243; _builder_version=&#8221;3.0.47&#8243; parallax=&#8221;off&#8221; parallax_method=&#8221;on&#8221; module_class=&#8221;first-on-mobile&#8221;][et_pb_text _builder_version=&#8221;3.19&#8243;]<\/p>\n<h2 style=\"text-align: center\"><strong>1970-2015<\/strong><\/h2>\n<p><span style=\"font-weight: 400\">\u00cencep\u00e2nd cu anii \u201870, succesul m\u0103rcii pe pie\u021bele europene \u00een care era prezent\u0103, a dat startul unei ample extinderi a acesteia la nivel interna\u021bional. La \u00eenceput, pe restul pie\u021belor europene, iar mai apoi \u00een America, Asia, Africa \u0219i Orientul Mijlociu.<\/span><\/p>\n<p><span style=\"font-weight: 400\">\u00cen aceast\u0103 perioad\u0103, Teka a devenit unul dintre cei mai mari sponsori ai sportului din lume, sponsoriz\u00e2nd clubul de fotbal \u0219i de baschet Real Madrid, de\u021bin\u00e2nd un club de handbal, pun\u00e2nd bazele unei echipe de ciclism, lu\u00e2nd parte la raliul Paris-Dakar \u0219i chiar la Jocurile Olimpice de iarn\u0103.<\/span><\/p>\n<p>[\/et_pb_text][\/et_pb_column][\/et_pb_row][et_pb_row _builder_version=&#8221;3.0.48&#8243; background_size=&#8221;initial&#8221; background_position=&#8221;top_left&#8221; background_repeat=&#8221;repeat&#8221;][et_pb_column type=&#8221;1_2&#8243; _builder_version=&#8221;3.0.47&#8243; parallax=&#8221;off&#8221; parallax_method=&#8221;on&#8221;][et_pb_text _builder_version=&#8221;3.19&#8243;]<\/p>\n<h2 style=\"text-align: center\"><strong>\u00cen prezent<\/strong><\/h2>\n<p><span style=\"font-weight: 400\">\u00cen 2016, Teka a lansat gama Wish pentru toate aparatele sale electrocasnice, cea mai mare investi\u021bie din istoria companiei, re\u00eennoind toate fabricile \u0219i proiectele sale.<\/span><\/p>\n<p><span style=\"font-weight: 400\">\u00cen 2018, Teka se repozi\u021bioneaz\u0103 \u0219i introduce noul slogan \u201eCook your way to life\u201d. Compania a realizat cea mai ampl\u0103 campanie publicitar\u0103 din istoria sa, cu un scurtmetraj regizat de Marina Seresesky, nominalizat\u0103 la premiile Goya \u0219i muzica lui Glenn James Hansard \u2013 c\u00e2\u0219tig\u0103tor al premiului Oscar pentru cel mai bun c\u00e2ntec original dintr-un film. Teka colaboreaz\u0103 cu Fundaci\u00f3n Alzheimer Espa\u00f1a (Funda\u021bia spaniol\u0103 pentru Alzheimer) pentru aceast\u0103 campanie. Videoclipul a atins 13 milioane de vizion\u0103ri \u00eentr-o lun\u0103, ating\u00e2nd un record \u00een domeniu.<\/span><\/p>\n<p><span style=\"font-weight: 400\">\u00cen prezent, succesul produselor Teka a f\u0103cut \u00eenconjurul lumii, p\u00e2n\u0103 c\u00e2nd acestea au ajuns s\u0103 obtin\u0103 succes \u0219i premii importante, a\u0219a cum s-a \u00eent\u00e2mplat pe pia\u021ba spaniol\u0103, unde jum\u0103tate dintre gospod\u0103rii de\u021bin un produs Teka.<\/span><\/p>\n<p>[\/et_pb_text][\/et_pb_column][et_pb_column type=&#8221;1_2&#8243; _builder_version=&#8221;3.0.47&#8243; parallax=&#8221;off&#8221; parallax_method=&#8221;on&#8221;][et_pb_image src=&#8221;https:\/\/www.teka.com\/ro-ro\/wp-content\/uploads\/sites\/17\/2018\/11\/teka-hobs-iknob-IT-6450-1024&#215;768.jpg&#8221; align=&#8221;center&#8221; _builder_version=&#8221;3.17.6&#8243;][\/et_pb_image][\/et_pb_column][\/et_pb_row][\/et_pb_section]<\/p>\n","protected":false},"excerpt":{"rendered":"<p>Teka Group,German&nbsp;Origin &nbsp; Istoria noastr\u0103Teka are o istorie de peste 90 de ani, de la \u00eenceputul activit\u0103\u021bii sale de fabricare a utilajelor agricole, p\u00e2n\u0103 \u00een prezent, devenind una dintre cele mai importante m\u0103rci de aparatur\u0103 din \u00eentreaga lume. 1924-1957Istoria companiei Teka a \u00eenceput \u00een anul 1924, atunci c\u00e2nd Karl Thielmann a fondat o companie de [&hellip;]<\/p>\n","protected":false},"author":9,"featured_media":0,"parent":21989,"menu_order":2,"comment_status":"closed","ping_status":"closed","template":"","meta":{"_acf_changed":false,"_et_pb_use_builder":"on","_et_pb_old_content":"","_et_gb_content_width":"","footnotes":""},"class_list":["post-21992","page","type-page","status-publish","hentry"],"acf":[],"yoast_head":"<!-- This site is optimized with the Yoast SEO plugin v27.5 - https:\/\/yoast.com\/product\/yoast-seo-wordpress\/ -->\n<title>The history behind Teka brand | About the company<\/title>\n<meta name=\"description\" content=\"Teka has a history of more than 90 years, since the beginning of its activity manufacturing agricultura machinery, until now, becoming one of the most important appliances brand around the world.\" \/>\n<meta name=\"robots\" content=\"index, follow, max-snippet:-1, max-image-preview:large, max-video-preview:-1\" \/>\n<link rel=\"canonical\" href=\"https:\/\/www.teka.com\/ro-ro\/about-us\/istoria-noastra\/\" \/>\n<meta property=\"og:locale\" content=\"ro_RO\" \/>\n<meta property=\"og:type\" content=\"article\" \/>\n<meta property=\"og:title\" content=\"The history behind Teka brand | About the company\" \/>\n<meta property=\"og:description\" content=\"Teka has a history of more than 90 years, since the beginning of its activity manufacturing agricultura machinery, until now, becoming one of the most important appliances brand around the world.\" \/>\n<meta property=\"og:url\" content=\"https:\/\/www.teka.com\/ro-ro\/about-us\/istoria-noastra\/\" \/>\n<meta property=\"og:site_name\" content=\"Teka Romania\" \/>\n<meta property=\"article:modified_time\" content=\"2019-06-12T16:22:31+00:00\" \/>\n<meta name=\"twitter:card\" content=\"summary_large_image\" \/>\n<meta name=\"twitter:label1\" content=\"Timp estimat pentru citire\" \/>\n\t<meta name=\"twitter:data1\" content=\"5 minute\" \/>\n<script type=\"application\/ld+json\" class=\"yoast-schema-graph\">{\"@context\":\"https:\\\/\\\/schema.org\",\"@graph\":[{\"@type\":\"WebPage\",\"@id\":\"https:\\\/\\\/www.teka.com\\\/ro-ro\\\/about-us\\\/istoria-noastra\\\/\",\"url\":\"https:\\\/\\\/www.teka.com\\\/ro-ro\\\/about-us\\\/istoria-noastra\\\/\",\"name\":\"The history behind Teka brand | About the company\",\"isPartOf\":{\"@id\":\"https:\\\/\\\/www.teka.com\\\/ro-ro\\\/#website\"},\"datePublished\":\"2018-09-11T08:07:26+00:00\",\"dateModified\":\"2019-06-12T16:22:31+00:00\",\"description\":\"Teka has a history of more than 90 years, since the beginning of its activity manufacturing agricultura machinery, until now, becoming one of the most important appliances brand around the world.\",\"breadcrumb\":{\"@id\":\"https:\\\/\\\/www.teka.com\\\/ro-ro\\\/about-us\\\/istoria-noastra\\\/#breadcrumb\"},\"inLanguage\":\"ro-RO\",\"potentialAction\":[{\"@type\":\"ReadAction\",\"target\":[\"https:\\\/\\\/www.teka.com\\\/ro-ro\\\/about-us\\\/istoria-noastra\\\/\"]}]},{\"@type\":\"BreadcrumbList\",\"@id\":\"https:\\\/\\\/www.teka.com\\\/ro-ro\\\/about-us\\\/istoria-noastra\\\/#breadcrumb\",\"itemListElement\":[{\"@type\":\"ListItem\",\"position\":1,\"name\":\"About Teka\",\"item\":\"https:\\\/\\\/www.teka.com\\\/ro-ro\\\/about-us\\\/\"},{\"@type\":\"ListItem\",\"position\":2,\"name\":\"Istoria noastr\u0103\"}]},{\"@type\":\"WebSite\",\"@id\":\"https:\\\/\\\/www.teka.com\\\/ro-ro\\\/#website\",\"url\":\"https:\\\/\\\/www.teka.com\\\/ro-ro\\\/\",\"name\":\"Teka Romania\",\"description\":\"\",\"potentialAction\":[{\"@type\":\"SearchAction\",\"target\":{\"@type\":\"EntryPoint\",\"urlTemplate\":\"https:\\\/\\\/www.teka.com\\\/ro-ro\\\/?s={search_term_string}\"},\"query-input\":{\"@type\":\"PropertyValueSpecification\",\"valueRequired\":true,\"valueName\":\"search_term_string\"}}],\"inLanguage\":\"ro-RO\"}]}<\/script>\n<!-- \/ Yoast SEO plugin. -->","yoast_head_json":{"title":"The history behind Teka brand | About the company","description":"Teka has a history of more than 90 years, since the beginning of its activity manufacturing agricultura machinery, until now, becoming one of the most important appliances brand around the world.","robots":{"index":"index","follow":"follow","max-snippet":"max-snippet:-1","max-image-preview":"max-image-preview:large","max-video-preview":"max-video-preview:-1"},"canonical":"https:\/\/www.teka.com\/ro-ro\/about-us\/istoria-noastra\/","og_locale":"ro_RO","og_type":"article","og_title":"The history behind Teka brand | About the company","og_description":"Teka has a history of more than 90 years, since the beginning of its activity manufacturing agricultura machinery, until now, becoming one of the most important appliances brand around the world.","og_url":"https:\/\/www.teka.com\/ro-ro\/about-us\/istoria-noastra\/","og_site_name":"Teka Romania","article_modified_time":"2019-06-12T16:22:31+00:00","twitter_card":"summary_large_image","twitter_misc":{"Timp estimat pentru citire":"5 minute"},"schema":{"@context":"https:\/\/schema.org","@graph":[{"@type":"WebPage","@id":"https:\/\/www.teka.com\/ro-ro\/about-us\/istoria-noastra\/","url":"https:\/\/www.teka.com\/ro-ro\/about-us\/istoria-noastra\/","name":"The history behind Teka brand | About the company","isPartOf":{"@id":"https:\/\/www.teka.com\/ro-ro\/#website"},"datePublished":"2018-09-11T08:07:26+00:00","dateModified":"2019-06-12T16:22:31+00:00","description":"Teka has a history of more than 90 years, since the beginning of its activity manufacturing agricultura machinery, until now, becoming one of the most important appliances brand around the world.","breadcrumb":{"@id":"https:\/\/www.teka.com\/ro-ro\/about-us\/istoria-noastra\/#breadcrumb"},"inLanguage":"ro-RO","potentialAction":[{"@type":"ReadAction","target":["https:\/\/www.teka.com\/ro-ro\/about-us\/istoria-noastra\/"]}]},{"@type":"BreadcrumbList","@id":"https:\/\/www.teka.com\/ro-ro\/about-us\/istoria-noastra\/#breadcrumb","itemListElement":[{"@type":"ListItem","position":1,"name":"About Teka","item":"https:\/\/www.teka.com\/ro-ro\/about-us\/"},{"@type":"ListItem","position":2,"name":"Istoria noastr\u0103"}]},{"@type":"WebSite","@id":"https:\/\/www.teka.com\/ro-ro\/#website","url":"https:\/\/www.teka.com\/ro-ro\/","name":"Teka Romania","description":"","potentialAction":[{"@type":"SearchAction","target":{"@type":"EntryPoint","urlTemplate":"https:\/\/www.teka.com\/ro-ro\/?s={search_term_string}"},"query-input":{"@type":"PropertyValueSpecification","valueRequired":true,"valueName":"search_term_string"}}],"inLanguage":"ro-RO"}]}},"_links":{"self":[{"href":"https:\/\/www.teka.com\/ro-ro\/wp-json\/wp\/v2\/pages\/21992","targetHints":{"allow":["GET"]}}],"collection":[{"href":"https:\/\/www.teka.com\/ro-ro\/wp-json\/wp\/v2\/pages"}],"about":[{"href":"https:\/\/www.teka.com\/ro-ro\/wp-json\/wp\/v2\/types\/page"}],"author":[{"embeddable":true,"href":"https:\/\/www.teka.com\/ro-ro\/wp-json\/wp\/v2\/users\/9"}],"replies":[{"embeddable":true,"href":"https:\/\/www.teka.com\/ro-ro\/wp-json\/wp\/v2\/comments?post=21992"}],"version-history":[{"count":29,"href":"https:\/\/www.teka.com\/ro-ro\/wp-json\/wp\/v2\/pages\/21992\/revisions"}],"predecessor-version":[{"id":54186,"href":"https:\/\/www.teka.com\/ro-ro\/wp-json\/wp\/v2\/pages\/21992\/revisions\/54186"}],"up":[{"embeddable":true,"href":"https:\/\/www.teka.com\/ro-ro\/wp-json\/wp\/v2\/pages\/21989"}],"wp:attachment":[{"href":"https:\/\/www.teka.com\/ro-ro\/wp-json\/wp\/v2\/media?parent=21992"}],"curies":[{"name":"wp","href":"https:\/\/api.w.org\/{rel}","templated":true}]}}