{"id":23564,"date":"2018-09-24T15:55:57","date_gmt":"2018-09-24T15:55:57","guid":{"rendered":"http:\/\/teka.com\/?page_id=23564"},"modified":"2022-07-29T11:21:01","modified_gmt":"2022-07-29T11:21:01","slug":"conditii-de-acordare-a-garantiei","status":"publish","type":"page","link":"https:\/\/www.teka.com\/ro-ro\/suport\/conditii-de-acordare-a-garantiei\/","title":{"rendered":"Condi\u0163ii de acordare a garan\u0163iei"},"content":{"rendered":"<p>[et_pb_section fb_built=&#8221;1&#8243; module_id=&#8221;legal-container&#8221; _builder_version=&#8221;3.22&#8243;][et_pb_row _builder_version=&#8221;3.25&#8243;][et_pb_column type=&#8221;4_4&#8243; _builder_version=&#8221;3.25&#8243; custom_padding=&#8221;|||&#8221; custom_padding__hover=&#8221;|||&#8221;][et_pb_text _builder_version=&#8221;3.27.4&#8243;]<\/p>\n<h1>Condi\u0163ii de acordare a <strong>garan\u0163iei<\/strong><\/h1>\n<p>[\/et_pb_text][et_pb_text _builder_version=&#8221;4.9.2&#8243; hover_enabled=&#8221;0&#8243; sticky_enabled=&#8221;0&#8243;]<\/p>\n<p>Drepturile consumatorului sunt prevazute \u00een OG21\/1992 \u0219i L449\/2003 OUG174\/2008, OG 9\/2016 si OUG140\/2021 <br \/>Produsele cumparate sunt \u00eenso\u021bite de instruc\u021biuni de utilizare \u0219i instalare \u00een limba rom\u00e2n\u0103.<br \/>Produsul beneficiaza de o garantie legala de 24 luni, de la momentul livrarii acestuia catre consumatorul persoana fizica. In cazul persoanelor juridice, garantia de conformitate este de 12 luni.<br \/>Durata medie de utilizare este de 7 ani pentru aparatele electrocasnice de la data livr\u0103rii.<br \/>\u00cen aceast\u0103 perioad\u0103, cump\u0103r\u0103torul beneficiaz\u0103 \u00een afara perioadei de gra\u021bie de service postgaran\u021bie, contra cost, cu piese originale.<br \/>Perioada de garan\u021bie \u00eencepe cu data cump\u0103r\u0103rii \u0219i se prelunge\u0219te cu termenul scurs de la data reclama\u021biei p\u00e2n\u0103 la data repunerii \u00een func\u021biune a produsului.<br \/>Termenul pentru reparatie se stabileste de comun acord, in scris, intre vanzator si cumparator si este de maxim 15 zile calendaristice.<br \/>Garan\u021bia nu se extinde \u0219i asupra accesoriilor, consumabilelor ori subansamblelor casabile ale produselor. Pentru repara\u021bii, apela\u021bi numai la unit\u0103\u021bile service abilitate. \u00cen caz contrar, produsul \u00ee\u0219i pierde garan\u021bia.<br \/>Dupa expirarea termenului de garantie, consumatorul poate pretinde remedierea sau inlocuirea produselor care nu pot fi folosite in scopul pentru care au fost realizate, ca urmare a unor vicii ascunse aparute in cadrul duratei medii de utilizare.<br \/>Pentru aparatele electrocasnice consumatoare de combustibili gazo\u0219i, garan\u021bia este condi\u021bionat\u0103 de asigurarea parametrilor de alimentare cu gaz indica\u021bi de producator (gaz natural: 20mbari, G.P.L.: 30mbari).<br \/>\u00cenlocuirea produsului \u00een cadrul termenului de garan\u021bie, a c\u0103rui repara\u021bie nu mai este posibil\u0103 din motive tehnice se va face numai pe baza aprob\u0103rii emis\u0103 de TEKA.<br \/>Produsele au fost concepute \u0219i fabricate pentru a putea fi utilizate exclusiv pentru scopuri casnice.<br \/>\u00cen cazul chiuvetelor, trebuie respectate toate indica\u021biile privind modalitatea de \u00eentre\u021binere a acestora (cur\u0103\u021bare, transport etc.)<\/p>\n<p>Atentie! Exista produse care pot provoca rugina, decolorare sau pete. Acestea sunt: inalbitor (hipoclorid), acizii citrici, acizii clorhidrici, detergentii pe baza de albire, clorura de sodiu (sare), maioneza, pulberea de argint, agen\u021bii de curatare care elibereaza clor activ, sulf si sulfat.<\/p>\n<p>Calitatea apei poate afecta aspectul chiuvetei Dvs. Cand aceasta are un continut ridicat de fier, pot aparea pete de culoare maro, dand aspectul unei suprafe\u021be ruginite. Obiectele care prezinta rugina nu trebuie lasate sa intre in contact cu suprafata chiuvetei.<br \/>In cazul bateriilor, daca presiunea apei depaseste 5 bar, nu instalati bateria; in acest caz este necesar in adaptor. In cazul in care presiunea apei nu atinge 2 bar, bateria poate func\u021biona necorespunzator (in special cele prevazute cu termostat).<br \/>Prezenta calcarului in apa poate afecta buna funcionare a bateriilor.<\/p>\n<p>Garan\u021bia se pierde in cazul in care nu sunt montate filtre pentru robinete pe circuitul dintre robinetele generale si baterie, filtre care au rolul de a filtra impuritatile din apa.<br \/>Perioada legal\u0103 de garan\u021bie la data eliber\u0103rii acestui carnet de garan\u021bie. \u021a\u0103rile Uniunii Europene transpun Directiva 2019\/771 a Parlamentului European \u0219i a Consiliului din 20 mai 2019, iar \u00een cazul \u00een care dup\u0103 publicarea prezentului Caiet de garan\u021bii legisla\u021bia local\u0103 reglementeaz\u0103 o alt\u0103 perioad\u0103 legal\u0103 de garan\u021bie, prevaleaz\u0103 legea local\u0103. peste acest carnet de garan\u021bie<\/p>\n<p>[\/et_pb_text][\/et_pb_column][\/et_pb_row][\/et_pb_section]<\/p>\n","protected":false},"excerpt":{"rendered":"<p>Condi\u0163ii de acordare a garan\u0163iei Drepturile consumatorului sunt prevazute \u00een OG21\/1992 \u0219i L449\/2003 OUG174\/2008, OG 9\/2016 si OUG140\/2021 Produsele cumparate sunt \u00eenso\u021bite de instruc\u021biuni de utilizare \u0219i instalare \u00een limba rom\u00e2n\u0103.Produsul beneficiaza de o garantie legala de 24 luni, de la momentul livrarii acestuia catre consumatorul persoana fizica. In cazul persoanelor juridice, garantia de conformitate [&hellip;]<\/p>\n","protected":false},"author":9,"featured_media":0,"parent":5193,"menu_order":0,"comment_status":"closed","ping_status":"closed","template":"","meta":{"_acf_changed":false,"_et_pb_use_builder":"on","_et_pb_old_content":"","_et_gb_content_width":"","footnotes":""},"class_list":["post-23564","page","type-page","status-publish","hentry"],"acf":[],"yoast_head":"<!-- This site is optimized with the Yoast SEO plugin v27.2 - https:\/\/yoast.com\/product\/yoast-seo-wordpress\/ -->\n<title>Teka Romania | Condi\u0163ii de acordare a garan\u0163iei<\/title>\n<meta name=\"robots\" content=\"index, follow, max-snippet:-1, max-image-preview:large, max-video-preview:-1\" \/>\n<link rel=\"canonical\" href=\"https:\/\/www.teka.com\/ro-ro\/suport\/conditii-de-acordare-a-garantiei\/\" \/>\n<meta property=\"og:locale\" content=\"ro_RO\" \/>\n<meta property=\"og:type\" content=\"article\" \/>\n<meta property=\"og:title\" content=\"Teka Romania | Condi\u0163ii de acordare a garan\u0163iei\" \/>\n<meta property=\"og:description\" content=\"Condi\u0163ii de acordare a garan\u0163iei Drepturile consumatorului sunt prevazute \u00een OG21\/1992 \u0219i L449\/2003 OUG174\/2008, OG 9\/2016 si OUG140\/2021 Produsele cumparate sunt \u00eenso\u021bite de instruc\u021biuni de utilizare \u0219i instalare \u00een limba rom\u00e2n\u0103.Produsul beneficiaza de o garantie legala de 24 luni, de la momentul livrarii acestuia catre consumatorul persoana fizica. In cazul persoanelor juridice, garantia de conformitate [&hellip;]\" \/>\n<meta property=\"og:url\" content=\"https:\/\/www.teka.com\/ro-ro\/suport\/conditii-de-acordare-a-garantiei\/\" \/>\n<meta property=\"og:site_name\" content=\"Teka Romania\" \/>\n<meta property=\"article:modified_time\" content=\"2022-07-29T11:21:01+00:00\" \/>\n<meta name=\"twitter:card\" content=\"summary_large_image\" \/>\n<meta name=\"twitter:label1\" content=\"Timp estimat pentru citire\" \/>\n\t<meta name=\"twitter:data1\" content=\"3 minute\" \/>\n<script type=\"application\/ld+json\" class=\"yoast-schema-graph\">{\"@context\":\"https:\/\/schema.org\",\"@graph\":[{\"@type\":\"WebPage\",\"@id\":\"https:\/\/www.teka.com\/ro-ro\/suport\/conditii-de-acordare-a-garantiei\/\",\"url\":\"https:\/\/www.teka.com\/ro-ro\/suport\/conditii-de-acordare-a-garantiei\/\",\"name\":\"Teka Romania | Condi\u0163ii de acordare a garan\u0163iei\",\"isPartOf\":{\"@id\":\"https:\/\/www.teka.com\/ro-ro\/#website\"},\"datePublished\":\"2018-09-24T15:55:57+00:00\",\"dateModified\":\"2022-07-29T11:21:01+00:00\",\"breadcrumb\":{\"@id\":\"https:\/\/www.teka.com\/ro-ro\/suport\/conditii-de-acordare-a-garantiei\/#breadcrumb\"},\"inLanguage\":\"ro-RO\",\"potentialAction\":[{\"@type\":\"ReadAction\",\"target\":[\"https:\/\/www.teka.com\/ro-ro\/suport\/conditii-de-acordare-a-garantiei\/\"]}]},{\"@type\":\"BreadcrumbList\",\"@id\":\"https:\/\/www.teka.com\/ro-ro\/suport\/conditii-de-acordare-a-garantiei\/#breadcrumb\",\"itemListElement\":[{\"@type\":\"ListItem\",\"position\":1,\"name\":\"Suport\",\"item\":\"https:\/\/www.teka.com\/ro-ro\/suport\/\"},{\"@type\":\"ListItem\",\"position\":2,\"name\":\"Condi\u0163ii de acordare a garan\u0163iei\"}]},{\"@type\":\"WebSite\",\"@id\":\"https:\/\/www.teka.com\/ro-ro\/#website\",\"url\":\"https:\/\/www.teka.com\/ro-ro\/\",\"name\":\"Teka Romania\",\"description\":\"\",\"potentialAction\":[{\"@type\":\"SearchAction\",\"target\":{\"@type\":\"EntryPoint\",\"urlTemplate\":\"https:\/\/www.teka.com\/ro-ro\/?s={search_term_string}\"},\"query-input\":{\"@type\":\"PropertyValueSpecification\",\"valueRequired\":true,\"valueName\":\"search_term_string\"}}],\"inLanguage\":\"ro-RO\"}]}<\/script>\n<!-- \/ Yoast SEO plugin. -->","yoast_head_json":{"title":"Teka Romania | Condi\u0163ii de acordare a garan\u0163iei","robots":{"index":"index","follow":"follow","max-snippet":"max-snippet:-1","max-image-preview":"max-image-preview:large","max-video-preview":"max-video-preview:-1"},"canonical":"https:\/\/www.teka.com\/ro-ro\/suport\/conditii-de-acordare-a-garantiei\/","og_locale":"ro_RO","og_type":"article","og_title":"Teka Romania | Condi\u0163ii de acordare a garan\u0163iei","og_description":"Condi\u0163ii de acordare a garan\u0163iei Drepturile consumatorului sunt prevazute \u00een OG21\/1992 \u0219i L449\/2003 OUG174\/2008, OG 9\/2016 si OUG140\/2021 Produsele cumparate sunt \u00eenso\u021bite de instruc\u021biuni de utilizare \u0219i instalare \u00een limba rom\u00e2n\u0103.Produsul beneficiaza de o garantie legala de 24 luni, de la momentul livrarii acestuia catre consumatorul persoana fizica. In cazul persoanelor juridice, garantia de conformitate [&hellip;]","og_url":"https:\/\/www.teka.com\/ro-ro\/suport\/conditii-de-acordare-a-garantiei\/","og_site_name":"Teka Romania","article_modified_time":"2022-07-29T11:21:01+00:00","twitter_card":"summary_large_image","twitter_misc":{"Timp estimat pentru citire":"3 minute"},"schema":{"@context":"https:\/\/schema.org","@graph":[{"@type":"WebPage","@id":"https:\/\/www.teka.com\/ro-ro\/suport\/conditii-de-acordare-a-garantiei\/","url":"https:\/\/www.teka.com\/ro-ro\/suport\/conditii-de-acordare-a-garantiei\/","name":"Teka Romania | Condi\u0163ii de acordare a garan\u0163iei","isPartOf":{"@id":"https:\/\/www.teka.com\/ro-ro\/#website"},"datePublished":"2018-09-24T15:55:57+00:00","dateModified":"2022-07-29T11:21:01+00:00","breadcrumb":{"@id":"https:\/\/www.teka.com\/ro-ro\/suport\/conditii-de-acordare-a-garantiei\/#breadcrumb"},"inLanguage":"ro-RO","potentialAction":[{"@type":"ReadAction","target":["https:\/\/www.teka.com\/ro-ro\/suport\/conditii-de-acordare-a-garantiei\/"]}]},{"@type":"BreadcrumbList","@id":"https:\/\/www.teka.com\/ro-ro\/suport\/conditii-de-acordare-a-garantiei\/#breadcrumb","itemListElement":[{"@type":"ListItem","position":1,"name":"Suport","item":"https:\/\/www.teka.com\/ro-ro\/suport\/"},{"@type":"ListItem","position":2,"name":"Condi\u0163ii de acordare a garan\u0163iei"}]},{"@type":"WebSite","@id":"https:\/\/www.teka.com\/ro-ro\/#website","url":"https:\/\/www.teka.com\/ro-ro\/","name":"Teka Romania","description":"","potentialAction":[{"@type":"SearchAction","target":{"@type":"EntryPoint","urlTemplate":"https:\/\/www.teka.com\/ro-ro\/?s={search_term_string}"},"query-input":{"@type":"PropertyValueSpecification","valueRequired":true,"valueName":"search_term_string"}}],"inLanguage":"ro-RO"}]}},"_links":{"self":[{"href":"https:\/\/www.teka.com\/ro-ro\/wp-json\/wp\/v2\/pages\/23564","targetHints":{"allow":["GET"]}}],"collection":[{"href":"https:\/\/www.teka.com\/ro-ro\/wp-json\/wp\/v2\/pages"}],"about":[{"href":"https:\/\/www.teka.com\/ro-ro\/wp-json\/wp\/v2\/types\/page"}],"author":[{"embeddable":true,"href":"https:\/\/www.teka.com\/ro-ro\/wp-json\/wp\/v2\/users\/9"}],"replies":[{"embeddable":true,"href":"https:\/\/www.teka.com\/ro-ro\/wp-json\/wp\/v2\/comments?post=23564"}],"version-history":[{"count":6,"href":"https:\/\/www.teka.com\/ro-ro\/wp-json\/wp\/v2\/pages\/23564\/revisions"}],"predecessor-version":[{"id":118784,"href":"https:\/\/www.teka.com\/ro-ro\/wp-json\/wp\/v2\/pages\/23564\/revisions\/118784"}],"up":[{"embeddable":true,"href":"https:\/\/www.teka.com\/ro-ro\/wp-json\/wp\/v2\/pages\/5193"}],"wp:attachment":[{"href":"https:\/\/www.teka.com\/ro-ro\/wp-json\/wp\/v2\/media?parent=23564"}],"curies":[{"name":"wp","href":"https:\/\/api.w.org\/{rel}","templated":true}]}}