{"id":119774,"date":"2026-04-28T02:18:59","date_gmt":"2026-04-28T02:18:59","guid":{"rendered":"https:\/\/teka.com\/en-int\/ml-8220-bis-l_112030002"},"modified":"2026-04-28T12:05:21","modified_gmt":"2026-04-28T01:05:21","slug":"ml-8220-bis-l_112030002","status":"publish","type":"product","link":"https:\/\/www.teka.com\/ro-ro\/produs\/ml-8220-bis-l_112030002\/","title":{"rendered":"ML 8220 BIS L"},"content":{"rendered":"<ul>\n<li>Colec\u0163ia Urban Colors<\/li>\n<li>Cuptor Microunde + Grill<\/li>\n<li>Panou de control electronic din sticl\u0103, cu timer digital<\/li>\n<li>Baz\u0103 ceramic\u0103 cu \u00eenc\u0103lzire uniform\u0103<\/li>\n<li>Grill rabatabil, 1200 W<\/li>\n<li>Microunde 5 nivele de putere, 850 W<\/li>\n<\/ul>\n","protected":false},"featured_media":0,"parent":0,"template":"","product_cat":[273286],"product_cleaning_system":[],"product_3rd_basket":[],"product_drawers":[],"product_type_of_installation":[273218],"product_edition":[273587],"product_serie":[],"product_features":[],"finishes":[],"product_bundles":[],"product_energy_efficiency":[],"product_video_training":[273905,273907,273908],"class_list":["post-119774","product","type-product","status-publish","hentry","product_cat-cuptoare-cu-microunde","usp-microwaves-01","usp-microwaves-02","usp-microwaves-04","usp-microwaves-05","usp-microwaves-06","color-cristal-stone-grey","product_type_of_appliance-incorporabile","product_ambient-urban-colors-09","product_icons-22l","product_icons-ceramic-base","product_icons-defrost-by-time","product_icons-defrost-by-weight","product_icons-direct-access-menu","product_icons-electronic-door-opening","product_type_of_installation-incorporabile","product_edition-stone-grey","product_video_training-traininghoods-05","product_video_training-traininghoods-07","product_video_training-traininghoods-08"],"acf":[],"yoast_head":"<!-- This site is optimized with the Yoast SEO plugin v27.5 - https:\/\/yoast.com\/product\/yoast-seo-wordpress\/ -->\n<title>ML 8220 BIS L | Teka Romania<\/title>\n<meta name=\"robots\" content=\"index, follow, max-snippet:-1, max-image-preview:large, max-video-preview:-1\" \/>\n<link rel=\"canonical\" href=\"https:\/\/www.teka.com\/ro-ro\/produs\/ml-8220-bis-l_112030002\/\" \/>\n<meta property=\"og:locale\" content=\"ro_RO\" \/>\n<meta property=\"og:type\" content=\"article\" \/>\n<meta property=\"og:title\" content=\"ML 8220 BIS L | Teka Romania\" \/>\n<meta property=\"og:description\" content=\"Colec\u0163ia Urban Colors Cuptor Microunde + Grill Panou de control electronic din sticl\u0103, cu timer digital Baz\u0103 ceramic\u0103 cu \u00eenc\u0103lzire uniform\u0103 Grill rabatabil, 1200 W Microunde 5 nivele de putere, 850 W\" \/>\n<meta property=\"og:url\" content=\"https:\/\/www.teka.com\/ro-ro\/produs\/ml-8220-bis-l_112030002\/\" \/>\n<meta property=\"og:site_name\" content=\"Teka Romania\" \/>\n<meta name=\"twitter:card\" content=\"summary_large_image\" \/>\n<script type=\"application\/ld+json\" class=\"yoast-schema-graph\">{\"@context\":\"https:\\\/\\\/schema.org\",\"@graph\":[{\"@type\":\"WebPage\",\"@id\":\"https:\\\/\\\/www.teka.com\\\/ro-ro\\\/produs\\\/ml-8220-bis-l_112030002\\\/\",\"url\":\"https:\\\/\\\/www.teka.com\\\/ro-ro\\\/produs\\\/ml-8220-bis-l_112030002\\\/\",\"name\":\"ML 8220 BIS L | Teka Romania\",\"isPartOf\":{\"@id\":\"https:\\\/\\\/www.teka.com\\\/ro-ro\\\/#website\"},\"datePublished\":\"2026-04-28T02:18:59+00:00\",\"inLanguage\":\"ro-RO\",\"potentialAction\":[{\"@type\":\"ReadAction\",\"target\":[\"https:\\\/\\\/www.teka.com\\\/ro-ro\\\/produs\\\/ml-8220-bis-l_112030002\\\/\"]}]},{\"@type\":\"WebSite\",\"@id\":\"https:\\\/\\\/www.teka.com\\\/ro-ro\\\/#website\",\"url\":\"https:\\\/\\\/www.teka.com\\\/ro-ro\\\/\",\"name\":\"Teka Romania\",\"description\":\"\",\"potentialAction\":[{\"@type\":\"SearchAction\",\"target\":{\"@type\":\"EntryPoint\",\"urlTemplate\":\"https:\\\/\\\/www.teka.com\\\/ro-ro\\\/?s={search_term_string}\"},\"query-input\":{\"@type\":\"PropertyValueSpecification\",\"valueRequired\":true,\"valueName\":\"search_term_string\"}}],\"inLanguage\":\"ro-RO\"}]}<\/script>\n<!-- \/ Yoast SEO plugin. -->","yoast_head_json":{"title":"ML 8220 BIS L | Teka Romania","robots":{"index":"index","follow":"follow","max-snippet":"max-snippet:-1","max-image-preview":"max-image-preview:large","max-video-preview":"max-video-preview:-1"},"canonical":"https:\/\/www.teka.com\/ro-ro\/produs\/ml-8220-bis-l_112030002\/","og_locale":"ro_RO","og_type":"article","og_title":"ML 8220 BIS L | Teka Romania","og_description":"Colec\u0163ia Urban Colors Cuptor Microunde + Grill Panou de control electronic din sticl\u0103, cu timer digital Baz\u0103 ceramic\u0103 cu \u00eenc\u0103lzire uniform\u0103 Grill rabatabil, 1200 W Microunde 5 nivele de putere, 850 W","og_url":"https:\/\/www.teka.com\/ro-ro\/produs\/ml-8220-bis-l_112030002\/","og_site_name":"Teka Romania","twitter_card":"summary_large_image","schema":{"@context":"https:\/\/schema.org","@graph":[{"@type":"WebPage","@id":"https:\/\/www.teka.com\/ro-ro\/produs\/ml-8220-bis-l_112030002\/","url":"https:\/\/www.teka.com\/ro-ro\/produs\/ml-8220-bis-l_112030002\/","name":"ML 8220 BIS L | Teka Romania","isPartOf":{"@id":"https:\/\/www.teka.com\/ro-ro\/#website"},"datePublished":"2026-04-28T02:18:59+00:00","inLanguage":"ro-RO","potentialAction":[{"@type":"ReadAction","target":["https:\/\/www.teka.com\/ro-ro\/produs\/ml-8220-bis-l_112030002\/"]}]},{"@type":"WebSite","@id":"https:\/\/www.teka.com\/ro-ro\/#website","url":"https:\/\/www.teka.com\/ro-ro\/","name":"Teka Romania","description":"","potentialAction":[{"@type":"SearchAction","target":{"@type":"EntryPoint","urlTemplate":"https:\/\/www.teka.com\/ro-ro\/?s={search_term_string}"},"query-input":{"@type":"PropertyValueSpecification","valueRequired":true,"valueName":"search_term_string"}}],"inLanguage":"ro-RO"}]}},"_links":{"self":[{"href":"https:\/\/www.teka.com\/ro-ro\/wp-json\/wp\/v2\/product\/119774","targetHints":{"allow":["GET"]}}],"collection":[{"href":"https:\/\/www.teka.com\/ro-ro\/wp-json\/wp\/v2\/product"}],"about":[{"href":"https:\/\/www.teka.com\/ro-ro\/wp-json\/wp\/v2\/types\/product"}],"wp:attachment":[{"href":"https:\/\/www.teka.com\/ro-ro\/wp-json\/wp\/v2\/media?parent=119774"}],"wp:term":[{"taxonomy":"product_cat","embeddable":true,"href":"https:\/\/www.teka.com\/ro-ro\/wp-json\/wp\/v2\/product_cat?post=119774"},{"taxonomy":"product_cleaning_system","embeddable":true,"href":"https:\/\/www.teka.com\/ro-ro\/wp-json\/wp\/v2\/product_cleaning_system?post=119774"},{"taxonomy":"product_3rd_basket","embeddable":true,"href":"https:\/\/www.teka.com\/ro-ro\/wp-json\/wp\/v2\/product_3rd_basket?post=119774"},{"taxonomy":"product_drawers","embeddable":true,"href":"https:\/\/www.teka.com\/ro-ro\/wp-json\/wp\/v2\/product_drawers?post=119774"},{"taxonomy":"product_type_of_installation","embeddable":true,"href":"https:\/\/www.teka.com\/ro-ro\/wp-json\/wp\/v2\/product_type_of_installation?post=119774"},{"taxonomy":"product_edition","embeddable":true,"href":"https:\/\/www.teka.com\/ro-ro\/wp-json\/wp\/v2\/product_edition?post=119774"},{"taxonomy":"product_serie","embeddable":true,"href":"https:\/\/www.teka.com\/ro-ro\/wp-json\/wp\/v2\/product_serie?post=119774"},{"taxonomy":"product_features","embeddable":true,"href":"https:\/\/www.teka.com\/ro-ro\/wp-json\/wp\/v2\/product_features?post=119774"},{"taxonomy":"finishes","embeddable":true,"href":"https:\/\/www.teka.com\/ro-ro\/wp-json\/wp\/v2\/finishes?post=119774"},{"taxonomy":"product_bundles","embeddable":true,"href":"https:\/\/www.teka.com\/ro-ro\/wp-json\/wp\/v2\/product_bundles?post=119774"},{"taxonomy":"product_energy_efficiency","embeddable":true,"href":"https:\/\/www.teka.com\/ro-ro\/wp-json\/wp\/v2\/product_energy_efficiency?post=119774"},{"taxonomy":"product_video_training","embeddable":true,"href":"https:\/\/www.teka.com\/ro-ro\/wp-json\/wp\/v2\/product_video_training?post=119774"}],"curies":[{"name":"wp","href":"https:\/\/api.w.org\/{rel}","templated":true}]}}