{"id":119776,"date":"2026-04-27T06:16:59","date_gmt":"2026-04-27T06:16:59","guid":{"rendered":"https:\/\/teka.com\/en-int\/ml-8220-bis-l_112030000"},"modified":"2026-04-24T03:05:48","modified_gmt":"2026-04-24T04:05:48","slug":"ml-8220-bis-l_112030000","status":"publish","type":"product","link":"https:\/\/www.teka.com\/ro-ro\/produs\/ml-8220-bis-l_112030000\/","title":{"rendered":"ML 8220 BIS L"},"content":{"rendered":"<ul>\n<li>Colec\u0163ia Urban Colours<\/li>\n<li>Finisaj: Cristal alb \/ Design: Infinity Glass (f\u0103r\u0103 ram\u0103)<\/li>\n<li>Panou de control electronic cu display LED<\/li>\n<li>9 meniuri directe (re\u0163ete presetate)<\/li>\n<li>Gr\u0103tar rabatabil<\/li>\n<li>Decongelare automat\u0103 \u00een func\u0163ie de timp \u015fi greutate<\/li>\n<li>Sistem de siguran\u0163\u0103 pentru limitarea accesului copiilor<\/li>\n<\/ul>\n","protected":false},"featured_media":0,"parent":0,"template":"","product_cat":[273286],"product_cleaning_system":[],"product_3rd_basket":[],"product_drawers":[],"product_type_of_installation":[273218],"product_edition":[273589],"product_serie":[],"product_features":[],"finishes":[],"product_bundles":[],"product_energy_efficiency":[],"product_video_training":[273905,273907,273908],"class_list":["post-119776","product","type-product","status-publish","hentry","product_cat-cuptoare-cu-microunde","usp-microwaves-01","usp-microwaves-02","usp-microwaves-04","usp-microwaves-05","usp-microwaves-06","color-cristal-alb","product_type_of_appliance-incorporabile","product_ambient-urban-colors-07","product_ambient-urban-colors-08","product_icons-22l","product_icons-ceramic-base","product_icons-defrost-by-time","product_icons-defrost-by-weight","product_icons-direct-access-menu","product_icons-electronic-door-opening","product_type_of_installation-incorporabile","product_edition-white-marble","product_video_training-traininghoods-05","product_video_training-traininghoods-07","product_video_training-traininghoods-08"],"acf":[],"yoast_head":"<!-- This site is optimized with the Yoast SEO plugin v27.5 - https:\/\/yoast.com\/product\/yoast-seo-wordpress\/ -->\n<title>ML 8220 BIS L | Teka Romania<\/title>\n<meta name=\"robots\" content=\"index, follow, max-snippet:-1, max-image-preview:large, max-video-preview:-1\" \/>\n<link rel=\"canonical\" href=\"https:\/\/www.teka.com\/ro-ro\/produs\/ml-8220-bis-l_112030000\/\" \/>\n<meta property=\"og:locale\" content=\"ro_RO\" \/>\n<meta property=\"og:type\" content=\"article\" \/>\n<meta property=\"og:title\" content=\"ML 8220 BIS L | Teka Romania\" \/>\n<meta property=\"og:description\" content=\"Colec\u0163ia Urban Colours Finisaj: Cristal alb \/ Design: Infinity Glass (f\u0103r\u0103 ram\u0103) Panou de control electronic cu display LED 9 meniuri directe (re\u0163ete presetate) Gr\u0103tar rabatabil Decongelare automat\u0103 \u00een func\u0163ie de timp \u015fi greutate Sistem de siguran\u0163\u0103 pentru limitarea accesului copiilor\" \/>\n<meta property=\"og:url\" content=\"https:\/\/www.teka.com\/ro-ro\/produs\/ml-8220-bis-l_112030000\/\" \/>\n<meta property=\"og:site_name\" content=\"Teka Romania\" \/>\n<meta name=\"twitter:card\" content=\"summary_large_image\" \/>\n<script type=\"application\/ld+json\" class=\"yoast-schema-graph\">{\"@context\":\"https:\\\/\\\/schema.org\",\"@graph\":[{\"@type\":\"WebPage\",\"@id\":\"https:\\\/\\\/www.teka.com\\\/ro-ro\\\/produs\\\/ml-8220-bis-l_112030000\\\/\",\"url\":\"https:\\\/\\\/www.teka.com\\\/ro-ro\\\/produs\\\/ml-8220-bis-l_112030000\\\/\",\"name\":\"ML 8220 BIS L | Teka Romania\",\"isPartOf\":{\"@id\":\"https:\\\/\\\/www.teka.com\\\/ro-ro\\\/#website\"},\"datePublished\":\"2026-04-27T06:16:59+00:00\",\"inLanguage\":\"ro-RO\",\"potentialAction\":[{\"@type\":\"ReadAction\",\"target\":[\"https:\\\/\\\/www.teka.com\\\/ro-ro\\\/produs\\\/ml-8220-bis-l_112030000\\\/\"]}]},{\"@type\":\"WebSite\",\"@id\":\"https:\\\/\\\/www.teka.com\\\/ro-ro\\\/#website\",\"url\":\"https:\\\/\\\/www.teka.com\\\/ro-ro\\\/\",\"name\":\"Teka Romania\",\"description\":\"\",\"potentialAction\":[{\"@type\":\"SearchAction\",\"target\":{\"@type\":\"EntryPoint\",\"urlTemplate\":\"https:\\\/\\\/www.teka.com\\\/ro-ro\\\/?s={search_term_string}\"},\"query-input\":{\"@type\":\"PropertyValueSpecification\",\"valueRequired\":true,\"valueName\":\"search_term_string\"}}],\"inLanguage\":\"ro-RO\"}]}<\/script>\n<!-- \/ Yoast SEO plugin. -->","yoast_head_json":{"title":"ML 8220 BIS L | Teka Romania","robots":{"index":"index","follow":"follow","max-snippet":"max-snippet:-1","max-image-preview":"max-image-preview:large","max-video-preview":"max-video-preview:-1"},"canonical":"https:\/\/www.teka.com\/ro-ro\/produs\/ml-8220-bis-l_112030000\/","og_locale":"ro_RO","og_type":"article","og_title":"ML 8220 BIS L | Teka Romania","og_description":"Colec\u0163ia Urban Colours Finisaj: Cristal alb \/ Design: Infinity Glass (f\u0103r\u0103 ram\u0103) Panou de control electronic cu display LED 9 meniuri directe (re\u0163ete presetate) Gr\u0103tar rabatabil Decongelare automat\u0103 \u00een func\u0163ie de timp \u015fi greutate Sistem de siguran\u0163\u0103 pentru limitarea accesului copiilor","og_url":"https:\/\/www.teka.com\/ro-ro\/produs\/ml-8220-bis-l_112030000\/","og_site_name":"Teka Romania","twitter_card":"summary_large_image","schema":{"@context":"https:\/\/schema.org","@graph":[{"@type":"WebPage","@id":"https:\/\/www.teka.com\/ro-ro\/produs\/ml-8220-bis-l_112030000\/","url":"https:\/\/www.teka.com\/ro-ro\/produs\/ml-8220-bis-l_112030000\/","name":"ML 8220 BIS L | Teka Romania","isPartOf":{"@id":"https:\/\/www.teka.com\/ro-ro\/#website"},"datePublished":"2026-04-27T06:16:59+00:00","inLanguage":"ro-RO","potentialAction":[{"@type":"ReadAction","target":["https:\/\/www.teka.com\/ro-ro\/produs\/ml-8220-bis-l_112030000\/"]}]},{"@type":"WebSite","@id":"https:\/\/www.teka.com\/ro-ro\/#website","url":"https:\/\/www.teka.com\/ro-ro\/","name":"Teka Romania","description":"","potentialAction":[{"@type":"SearchAction","target":{"@type":"EntryPoint","urlTemplate":"https:\/\/www.teka.com\/ro-ro\/?s={search_term_string}"},"query-input":{"@type":"PropertyValueSpecification","valueRequired":true,"valueName":"search_term_string"}}],"inLanguage":"ro-RO"}]}},"_links":{"self":[{"href":"https:\/\/www.teka.com\/ro-ro\/wp-json\/wp\/v2\/product\/119776","targetHints":{"allow":["GET"]}}],"collection":[{"href":"https:\/\/www.teka.com\/ro-ro\/wp-json\/wp\/v2\/product"}],"about":[{"href":"https:\/\/www.teka.com\/ro-ro\/wp-json\/wp\/v2\/types\/product"}],"wp:attachment":[{"href":"https:\/\/www.teka.com\/ro-ro\/wp-json\/wp\/v2\/media?parent=119776"}],"wp:term":[{"taxonomy":"product_cat","embeddable":true,"href":"https:\/\/www.teka.com\/ro-ro\/wp-json\/wp\/v2\/product_cat?post=119776"},{"taxonomy":"product_cleaning_system","embeddable":true,"href":"https:\/\/www.teka.com\/ro-ro\/wp-json\/wp\/v2\/product_cleaning_system?post=119776"},{"taxonomy":"product_3rd_basket","embeddable":true,"href":"https:\/\/www.teka.com\/ro-ro\/wp-json\/wp\/v2\/product_3rd_basket?post=119776"},{"taxonomy":"product_drawers","embeddable":true,"href":"https:\/\/www.teka.com\/ro-ro\/wp-json\/wp\/v2\/product_drawers?post=119776"},{"taxonomy":"product_type_of_installation","embeddable":true,"href":"https:\/\/www.teka.com\/ro-ro\/wp-json\/wp\/v2\/product_type_of_installation?post=119776"},{"taxonomy":"product_edition","embeddable":true,"href":"https:\/\/www.teka.com\/ro-ro\/wp-json\/wp\/v2\/product_edition?post=119776"},{"taxonomy":"product_serie","embeddable":true,"href":"https:\/\/www.teka.com\/ro-ro\/wp-json\/wp\/v2\/product_serie?post=119776"},{"taxonomy":"product_features","embeddable":true,"href":"https:\/\/www.teka.com\/ro-ro\/wp-json\/wp\/v2\/product_features?post=119776"},{"taxonomy":"finishes","embeddable":true,"href":"https:\/\/www.teka.com\/ro-ro\/wp-json\/wp\/v2\/finishes?post=119776"},{"taxonomy":"product_bundles","embeddable":true,"href":"https:\/\/www.teka.com\/ro-ro\/wp-json\/wp\/v2\/product_bundles?post=119776"},{"taxonomy":"product_energy_efficiency","embeddable":true,"href":"https:\/\/www.teka.com\/ro-ro\/wp-json\/wp\/v2\/product_energy_efficiency?post=119776"},{"taxonomy":"product_video_training","embeddable":true,"href":"https:\/\/www.teka.com\/ro-ro\/wp-json\/wp\/v2\/product_video_training?post=119776"}],"curies":[{"name":"wp","href":"https:\/\/api.w.org\/{rel}","templated":true}]}}