{"id":119818,"date":"2026-04-07T19:54:59","date_gmt":"2026-04-07T19:54:59","guid":{"rendered":"https:\/\/teka.com\/en-int\/hlb-8600_111000011"},"modified":"2026-03-14T06:03:38","modified_gmt":"2026-03-14T07:03:38","slug":"hlb-8600_111000011","status":"publish","type":"product","link":"https:\/\/www.teka.com\/ro-ro\/produs\/hlb-8600_111000011\/","title":{"rendered":"HLB 8600"},"content":{"rendered":"<ul>\n<li>Colec\u0163ia Urban Colors<\/li>\n<li>Sistem de cur\u0103\u0163are Teka HydroClean\u00ae PRO<\/li>\n<li>Sistem Surround Temp (Turbo) &#8211; 12 func\u0163ii de preparare<\/li>\n<li>Display True colour TFT 4\u2019\u2019, cu timer digital<\/li>\n<li>1 sistem telescopic Plus &#8211; Extension (5 nivele de<\/li>\n<li>preparare)<\/li>\n<li>Asistent personal de preparare (PCA): 20 de re\u0163ete<\/li>\n<li>presetate<\/li>\n<\/ul>\n","protected":false},"featured_media":0,"parent":0,"template":"","product_cat":[273287],"product_cleaning_system":[3423],"product_3rd_basket":[],"product_drawers":[],"product_type_of_installation":[273218],"product_edition":[273587],"product_serie":[],"product_features":[],"finishes":[],"product_bundles":[],"product_energy_efficiency":[273830],"product_video_training":[273910,273912,273918,273930],"class_list":["post-119818","product","type-product","status-publish","hentry","product_cat-cuptoare","usp-ovens-04","usp-ovens-06","usp-ovens-10","usp-ovens-12","usp-ovens-13","usp-compacts-06","usp-compacts-05","color-cristal-stone-grey","product_type_of_appliance-multifunctionale","product_ambient-urban-colors-09","product_icons-hydroclean","product_icons-softclose","product_icons-70l","product_icons-plus-extension-telescopic-guide","product_icons-surroundtemp","product_cleaning_system-hydroclean","product_type_of_installation-incorporabile","product_edition-stone-grey","product_energy_efficiency-a-plus-icon","product_video_training-trainingovens-01","product_video_training-trainingovens-02","product_video_training-trainingovens-05","product_video_training-trainingovens-12"],"acf":[],"yoast_head":"<!-- This site is optimized with the Yoast SEO plugin v27.2 - https:\/\/yoast.com\/product\/yoast-seo-wordpress\/ -->\n<title>HLB 8600 | Teka Romania<\/title>\n<meta name=\"robots\" content=\"index, follow, max-snippet:-1, max-image-preview:large, max-video-preview:-1\" \/>\n<link rel=\"canonical\" href=\"https:\/\/www.teka.com\/ro-ro\/produs\/hlb-8600_111000011\/\" \/>\n<meta property=\"og:locale\" content=\"ro_RO\" \/>\n<meta property=\"og:type\" content=\"article\" \/>\n<meta property=\"og:title\" content=\"HLB 8600 | Teka Romania\" \/>\n<meta property=\"og:description\" content=\"Colec\u0163ia Urban Colors Sistem de cur\u0103\u0163are Teka HydroClean\u00ae PRO Sistem Surround Temp (Turbo) &#8211; 12 func\u0163ii de preparare Display True colour TFT 4\u2019\u2019, cu timer digital 1 sistem telescopic Plus &#8211; Extension (5 nivele de preparare) Asistent personal de preparare (PCA): 20 de re\u0163ete presetate\" \/>\n<meta property=\"og:url\" content=\"https:\/\/www.teka.com\/ro-ro\/produs\/hlb-8600_111000011\/\" \/>\n<meta property=\"og:site_name\" content=\"Teka Romania\" \/>\n<meta name=\"twitter:card\" content=\"summary_large_image\" \/>\n<script type=\"application\/ld+json\" class=\"yoast-schema-graph\">{\"@context\":\"https:\/\/schema.org\",\"@graph\":[{\"@type\":\"WebPage\",\"@id\":\"https:\/\/www.teka.com\/ro-ro\/produs\/hlb-8600_111000011\/\",\"url\":\"https:\/\/www.teka.com\/ro-ro\/produs\/hlb-8600_111000011\/\",\"name\":\"HLB 8600 | Teka Romania\",\"isPartOf\":{\"@id\":\"https:\/\/www.teka.com\/ro-ro\/#website\"},\"datePublished\":\"2026-04-07T19:54:59+00:00\",\"inLanguage\":\"ro-RO\",\"potentialAction\":[{\"@type\":\"ReadAction\",\"target\":[\"https:\/\/www.teka.com\/ro-ro\/produs\/hlb-8600_111000011\/\"]}]},{\"@type\":\"WebSite\",\"@id\":\"https:\/\/www.teka.com\/ro-ro\/#website\",\"url\":\"https:\/\/www.teka.com\/ro-ro\/\",\"name\":\"Teka Romania\",\"description\":\"\",\"potentialAction\":[{\"@type\":\"SearchAction\",\"target\":{\"@type\":\"EntryPoint\",\"urlTemplate\":\"https:\/\/www.teka.com\/ro-ro\/?s={search_term_string}\"},\"query-input\":{\"@type\":\"PropertyValueSpecification\",\"valueRequired\":true,\"valueName\":\"search_term_string\"}}],\"inLanguage\":\"ro-RO\"}]}<\/script>\n<!-- \/ Yoast SEO plugin. -->","yoast_head_json":{"title":"HLB 8600 | Teka Romania","robots":{"index":"index","follow":"follow","max-snippet":"max-snippet:-1","max-image-preview":"max-image-preview:large","max-video-preview":"max-video-preview:-1"},"canonical":"https:\/\/www.teka.com\/ro-ro\/produs\/hlb-8600_111000011\/","og_locale":"ro_RO","og_type":"article","og_title":"HLB 8600 | Teka Romania","og_description":"Colec\u0163ia Urban Colors Sistem de cur\u0103\u0163are Teka HydroClean\u00ae PRO Sistem Surround Temp (Turbo) &#8211; 12 func\u0163ii de preparare Display True colour TFT 4\u2019\u2019, cu timer digital 1 sistem telescopic Plus &#8211; Extension (5 nivele de preparare) Asistent personal de preparare (PCA): 20 de re\u0163ete presetate","og_url":"https:\/\/www.teka.com\/ro-ro\/produs\/hlb-8600_111000011\/","og_site_name":"Teka Romania","twitter_card":"summary_large_image","schema":{"@context":"https:\/\/schema.org","@graph":[{"@type":"WebPage","@id":"https:\/\/www.teka.com\/ro-ro\/produs\/hlb-8600_111000011\/","url":"https:\/\/www.teka.com\/ro-ro\/produs\/hlb-8600_111000011\/","name":"HLB 8600 | Teka Romania","isPartOf":{"@id":"https:\/\/www.teka.com\/ro-ro\/#website"},"datePublished":"2026-04-07T19:54:59+00:00","inLanguage":"ro-RO","potentialAction":[{"@type":"ReadAction","target":["https:\/\/www.teka.com\/ro-ro\/produs\/hlb-8600_111000011\/"]}]},{"@type":"WebSite","@id":"https:\/\/www.teka.com\/ro-ro\/#website","url":"https:\/\/www.teka.com\/ro-ro\/","name":"Teka Romania","description":"","potentialAction":[{"@type":"SearchAction","target":{"@type":"EntryPoint","urlTemplate":"https:\/\/www.teka.com\/ro-ro\/?s={search_term_string}"},"query-input":{"@type":"PropertyValueSpecification","valueRequired":true,"valueName":"search_term_string"}}],"inLanguage":"ro-RO"}]}},"_links":{"self":[{"href":"https:\/\/www.teka.com\/ro-ro\/wp-json\/wp\/v2\/product\/119818","targetHints":{"allow":["GET"]}}],"collection":[{"href":"https:\/\/www.teka.com\/ro-ro\/wp-json\/wp\/v2\/product"}],"about":[{"href":"https:\/\/www.teka.com\/ro-ro\/wp-json\/wp\/v2\/types\/product"}],"wp:attachment":[{"href":"https:\/\/www.teka.com\/ro-ro\/wp-json\/wp\/v2\/media?parent=119818"}],"wp:term":[{"taxonomy":"product_cat","embeddable":true,"href":"https:\/\/www.teka.com\/ro-ro\/wp-json\/wp\/v2\/product_cat?post=119818"},{"taxonomy":"product_cleaning_system","embeddable":true,"href":"https:\/\/www.teka.com\/ro-ro\/wp-json\/wp\/v2\/product_cleaning_system?post=119818"},{"taxonomy":"product_3rd_basket","embeddable":true,"href":"https:\/\/www.teka.com\/ro-ro\/wp-json\/wp\/v2\/product_3rd_basket?post=119818"},{"taxonomy":"product_drawers","embeddable":true,"href":"https:\/\/www.teka.com\/ro-ro\/wp-json\/wp\/v2\/product_drawers?post=119818"},{"taxonomy":"product_type_of_installation","embeddable":true,"href":"https:\/\/www.teka.com\/ro-ro\/wp-json\/wp\/v2\/product_type_of_installation?post=119818"},{"taxonomy":"product_edition","embeddable":true,"href":"https:\/\/www.teka.com\/ro-ro\/wp-json\/wp\/v2\/product_edition?post=119818"},{"taxonomy":"product_serie","embeddable":true,"href":"https:\/\/www.teka.com\/ro-ro\/wp-json\/wp\/v2\/product_serie?post=119818"},{"taxonomy":"product_features","embeddable":true,"href":"https:\/\/www.teka.com\/ro-ro\/wp-json\/wp\/v2\/product_features?post=119818"},{"taxonomy":"finishes","embeddable":true,"href":"https:\/\/www.teka.com\/ro-ro\/wp-json\/wp\/v2\/finishes?post=119818"},{"taxonomy":"product_bundles","embeddable":true,"href":"https:\/\/www.teka.com\/ro-ro\/wp-json\/wp\/v2\/product_bundles?post=119818"},{"taxonomy":"product_energy_efficiency","embeddable":true,"href":"https:\/\/www.teka.com\/ro-ro\/wp-json\/wp\/v2\/product_energy_efficiency?post=119818"},{"taxonomy":"product_video_training","embeddable":true,"href":"https:\/\/www.teka.com\/ro-ro\/wp-json\/wp\/v2\/product_video_training?post=119818"}],"curies":[{"name":"wp","href":"https:\/\/api.w.org\/{rel}","templated":true}]}}