{"id":119823,"date":"2026-04-24T07:41:37","date_gmt":"2026-04-24T07:41:37","guid":{"rendered":"https:\/\/teka.com\/en-int\/vs-1520-gs_111600004"},"modified":"2026-03-14T06:05:27","modified_gmt":"2026-03-14T07:05:27","slug":"vs-1520-gs_111600004","status":"publish","type":"product","link":"https:\/\/www.teka.com\/ro-ro\/produs\/vs-1520-gs_111600004\/","title":{"rendered":"VS 1520 GS"},"content":{"rendered":"<ul>\n<li>Aparat de vidat<\/li>\n<li>C\u00e2ntar de buc\u0103t\u0103rie cu capac de protec\u0163ie<\/li>\n<li>Compartiment pentru accesorii<\/li>\n<li>Sistem de \u00eenchidere a u\u015fii SoftClose<\/li>\n<li>Ideal pentru a fi combinat cu modelele de cuptoare compacte \u0219i microunde<\/li>\n<li>Not\u0103: Panoul frontal din cristal nu este inclus, produsul se comand\u0103 \u00eempreun\u0103 cu unul din kit-urile de mai jos:<\/li>\n<li>111890002 &#8211; Black<\/li>\n<li>111890003 &#8211; White<\/li>\n<li>111890004 &#8211; Stone Grey<\/li>\n<li>111890005 &#8211; Steam Grey<\/li>\n<li>111890006 &#8211; London Brick Brown<\/li>\n<\/ul>\n","protected":false},"featured_media":0,"parent":0,"template":"","product_cat":[273287],"product_cleaning_system":[],"product_3rd_basket":[],"product_drawers":[],"product_type_of_installation":[273218],"product_edition":[],"product_serie":[],"product_features":[],"finishes":[273693,273694,273695,273696,273697],"product_bundles":[],"product_energy_efficiency":[],"product_video_training":[],"class_list":["post-119823","product","type-product","status-publish","hentry","product_cat-cuptoare","usp-vacuumsealingmachine-03","product_type_of_appliance-drawers","product_type_of_installation-incorporabile","finishes-273693","finishes-273694","finishes-273695","finishes-273696","finishes-273697"],"acf":[],"yoast_head":"<!-- This site is optimized with the Yoast SEO plugin v27.5 - https:\/\/yoast.com\/product\/yoast-seo-wordpress\/ -->\n<title>VS 1520 GS | Teka Romania<\/title>\n<meta name=\"robots\" content=\"index, follow, max-snippet:-1, max-image-preview:large, max-video-preview:-1\" \/>\n<link rel=\"canonical\" href=\"https:\/\/www.teka.com\/ro-ro\/produs\/vs-1520-gs_111600004\/\" \/>\n<meta property=\"og:locale\" content=\"ro_RO\" \/>\n<meta property=\"og:type\" content=\"article\" \/>\n<meta property=\"og:title\" content=\"VS 1520 GS | Teka Romania\" \/>\n<meta property=\"og:description\" content=\"Aparat de vidat C\u00e2ntar de buc\u0103t\u0103rie cu capac de protec\u0163ie Compartiment pentru accesorii Sistem de \u00eenchidere a u\u015fii SoftClose Ideal pentru a fi combinat cu modelele de cuptoare compacte \u0219i microunde Not\u0103: Panoul frontal din cristal nu este inclus, produsul se comand\u0103 \u00eempreun\u0103 cu unul din kit-urile de mai jos: 111890002 &#8211; Black 111890003 &#8211; [&hellip;]\" \/>\n<meta property=\"og:url\" content=\"https:\/\/www.teka.com\/ro-ro\/produs\/vs-1520-gs_111600004\/\" \/>\n<meta property=\"og:site_name\" content=\"Teka Romania\" \/>\n<meta name=\"twitter:card\" content=\"summary_large_image\" \/>\n<script type=\"application\/ld+json\" class=\"yoast-schema-graph\">{\"@context\":\"https:\\\/\\\/schema.org\",\"@graph\":[{\"@type\":\"WebPage\",\"@id\":\"https:\\\/\\\/www.teka.com\\\/ro-ro\\\/produs\\\/vs-1520-gs_111600004\\\/\",\"url\":\"https:\\\/\\\/www.teka.com\\\/ro-ro\\\/produs\\\/vs-1520-gs_111600004\\\/\",\"name\":\"VS 1520 GS | Teka Romania\",\"isPartOf\":{\"@id\":\"https:\\\/\\\/www.teka.com\\\/ro-ro\\\/#website\"},\"datePublished\":\"2026-04-24T07:41:37+00:00\",\"inLanguage\":\"ro-RO\",\"potentialAction\":[{\"@type\":\"ReadAction\",\"target\":[\"https:\\\/\\\/www.teka.com\\\/ro-ro\\\/produs\\\/vs-1520-gs_111600004\\\/\"]}]},{\"@type\":\"WebSite\",\"@id\":\"https:\\\/\\\/www.teka.com\\\/ro-ro\\\/#website\",\"url\":\"https:\\\/\\\/www.teka.com\\\/ro-ro\\\/\",\"name\":\"Teka Romania\",\"description\":\"\",\"potentialAction\":[{\"@type\":\"SearchAction\",\"target\":{\"@type\":\"EntryPoint\",\"urlTemplate\":\"https:\\\/\\\/www.teka.com\\\/ro-ro\\\/?s={search_term_string}\"},\"query-input\":{\"@type\":\"PropertyValueSpecification\",\"valueRequired\":true,\"valueName\":\"search_term_string\"}}],\"inLanguage\":\"ro-RO\"}]}<\/script>\n<!-- \/ Yoast SEO plugin. -->","yoast_head_json":{"title":"VS 1520 GS | Teka Romania","robots":{"index":"index","follow":"follow","max-snippet":"max-snippet:-1","max-image-preview":"max-image-preview:large","max-video-preview":"max-video-preview:-1"},"canonical":"https:\/\/www.teka.com\/ro-ro\/produs\/vs-1520-gs_111600004\/","og_locale":"ro_RO","og_type":"article","og_title":"VS 1520 GS | Teka Romania","og_description":"Aparat de vidat C\u00e2ntar de buc\u0103t\u0103rie cu capac de protec\u0163ie Compartiment pentru accesorii Sistem de \u00eenchidere a u\u015fii SoftClose Ideal pentru a fi combinat cu modelele de cuptoare compacte \u0219i microunde Not\u0103: Panoul frontal din cristal nu este inclus, produsul se comand\u0103 \u00eempreun\u0103 cu unul din kit-urile de mai jos: 111890002 &#8211; Black 111890003 &#8211; [&hellip;]","og_url":"https:\/\/www.teka.com\/ro-ro\/produs\/vs-1520-gs_111600004\/","og_site_name":"Teka Romania","twitter_card":"summary_large_image","schema":{"@context":"https:\/\/schema.org","@graph":[{"@type":"WebPage","@id":"https:\/\/www.teka.com\/ro-ro\/produs\/vs-1520-gs_111600004\/","url":"https:\/\/www.teka.com\/ro-ro\/produs\/vs-1520-gs_111600004\/","name":"VS 1520 GS | Teka Romania","isPartOf":{"@id":"https:\/\/www.teka.com\/ro-ro\/#website"},"datePublished":"2026-04-24T07:41:37+00:00","inLanguage":"ro-RO","potentialAction":[{"@type":"ReadAction","target":["https:\/\/www.teka.com\/ro-ro\/produs\/vs-1520-gs_111600004\/"]}]},{"@type":"WebSite","@id":"https:\/\/www.teka.com\/ro-ro\/#website","url":"https:\/\/www.teka.com\/ro-ro\/","name":"Teka Romania","description":"","potentialAction":[{"@type":"SearchAction","target":{"@type":"EntryPoint","urlTemplate":"https:\/\/www.teka.com\/ro-ro\/?s={search_term_string}"},"query-input":{"@type":"PropertyValueSpecification","valueRequired":true,"valueName":"search_term_string"}}],"inLanguage":"ro-RO"}]}},"_links":{"self":[{"href":"https:\/\/www.teka.com\/ro-ro\/wp-json\/wp\/v2\/product\/119823","targetHints":{"allow":["GET"]}}],"collection":[{"href":"https:\/\/www.teka.com\/ro-ro\/wp-json\/wp\/v2\/product"}],"about":[{"href":"https:\/\/www.teka.com\/ro-ro\/wp-json\/wp\/v2\/types\/product"}],"wp:attachment":[{"href":"https:\/\/www.teka.com\/ro-ro\/wp-json\/wp\/v2\/media?parent=119823"}],"wp:term":[{"taxonomy":"product_cat","embeddable":true,"href":"https:\/\/www.teka.com\/ro-ro\/wp-json\/wp\/v2\/product_cat?post=119823"},{"taxonomy":"product_cleaning_system","embeddable":true,"href":"https:\/\/www.teka.com\/ro-ro\/wp-json\/wp\/v2\/product_cleaning_system?post=119823"},{"taxonomy":"product_3rd_basket","embeddable":true,"href":"https:\/\/www.teka.com\/ro-ro\/wp-json\/wp\/v2\/product_3rd_basket?post=119823"},{"taxonomy":"product_drawers","embeddable":true,"href":"https:\/\/www.teka.com\/ro-ro\/wp-json\/wp\/v2\/product_drawers?post=119823"},{"taxonomy":"product_type_of_installation","embeddable":true,"href":"https:\/\/www.teka.com\/ro-ro\/wp-json\/wp\/v2\/product_type_of_installation?post=119823"},{"taxonomy":"product_edition","embeddable":true,"href":"https:\/\/www.teka.com\/ro-ro\/wp-json\/wp\/v2\/product_edition?post=119823"},{"taxonomy":"product_serie","embeddable":true,"href":"https:\/\/www.teka.com\/ro-ro\/wp-json\/wp\/v2\/product_serie?post=119823"},{"taxonomy":"product_features","embeddable":true,"href":"https:\/\/www.teka.com\/ro-ro\/wp-json\/wp\/v2\/product_features?post=119823"},{"taxonomy":"finishes","embeddable":true,"href":"https:\/\/www.teka.com\/ro-ro\/wp-json\/wp\/v2\/finishes?post=119823"},{"taxonomy":"product_bundles","embeddable":true,"href":"https:\/\/www.teka.com\/ro-ro\/wp-json\/wp\/v2\/product_bundles?post=119823"},{"taxonomy":"product_energy_efficiency","embeddable":true,"href":"https:\/\/www.teka.com\/ro-ro\/wp-json\/wp\/v2\/product_energy_efficiency?post=119823"},{"taxonomy":"product_video_training","embeddable":true,"href":"https:\/\/www.teka.com\/ro-ro\/wp-json\/wp\/v2\/product_video_training?post=119823"}],"curies":[{"name":"wp","href":"https:\/\/api.w.org\/{rel}","templated":true}]}}