{"id":119872,"date":"2026-04-07T20:14:20","date_gmt":"2026-04-07T20:14:20","guid":{"rendered":"https:\/\/teka.com\/en-int\/dvn-64030-bk_112950004"},"modified":"2026-03-14T06:41:06","modified_gmt":"2026-03-14T07:41:06","slug":"dvn-64030-bk_112950004","status":"publish","type":"product","link":"https:\/\/www.teka.com\/ro-ro\/produs\/dvn-64030-bk_112950004\/","title":{"rendered":"DVN 64030 BK"},"content":{"rendered":"<ul>\n<li>Hot\u0103 \u015femineu<\/li>\n<li>60 cm<\/li>\n<li>Design vertical<\/li>\n<li>Cristal negru<\/li>\n<li>Sistem de extrac\u0163ie perimetral\u0103<\/li>\n<li>Touch Control<\/li>\n<li>2 trepte putere + 1 Turbo<\/li>\n<\/ul>\n","protected":false},"featured_media":0,"parent":0,"template":"","product_cat":[273285],"product_cleaning_system":[],"product_3rd_basket":[],"product_drawers":[],"product_type_of_installation":[],"product_edition":[273585],"product_serie":[],"product_features":[],"finishes":[],"product_bundles":[],"product_energy_efficiency":[273828],"product_video_training":[],"class_list":["post-119872","product","type-product","status-publish","hentry","product_cat-hote","usp-hoods-02","usp-hoods-06","usp-hoods-10","usp-hoods-14","color-sticla-neagra","product_type_of_appliance-decorative","product_ambient-urban-colors-01","product_ambient-urban-colors-02","product_ambient-urban-colors-03","product_icons-led","product_icons-perimeter-extraction","product_icons-stop-delay-timer","product_edition-night-river-black","product_energy_efficiency-c-icon"],"acf":[],"yoast_head":"<!-- This site is optimized with the Yoast SEO plugin v27.2 - https:\/\/yoast.com\/product\/yoast-seo-wordpress\/ -->\n<title>DVN 64030 BK | Teka Romania<\/title>\n<meta name=\"robots\" content=\"index, follow, max-snippet:-1, max-image-preview:large, max-video-preview:-1\" \/>\n<link rel=\"canonical\" href=\"https:\/\/www.teka.com\/ro-ro\/produs\/dvn-64030-bk_112950004\/\" \/>\n<meta property=\"og:locale\" content=\"ro_RO\" \/>\n<meta property=\"og:type\" content=\"article\" \/>\n<meta property=\"og:title\" content=\"DVN 64030 BK | Teka Romania\" \/>\n<meta property=\"og:description\" content=\"Hot\u0103 \u015femineu 60 cm Design vertical Cristal negru Sistem de extrac\u0163ie perimetral\u0103 Touch Control 2 trepte putere + 1 Turbo\" \/>\n<meta property=\"og:url\" content=\"https:\/\/www.teka.com\/ro-ro\/produs\/dvn-64030-bk_112950004\/\" \/>\n<meta property=\"og:site_name\" content=\"Teka Romania\" \/>\n<meta name=\"twitter:card\" content=\"summary_large_image\" \/>\n<script type=\"application\/ld+json\" class=\"yoast-schema-graph\">{\"@context\":\"https:\/\/schema.org\",\"@graph\":[{\"@type\":\"WebPage\",\"@id\":\"https:\/\/www.teka.com\/ro-ro\/produs\/dvn-64030-bk_112950004\/\",\"url\":\"https:\/\/www.teka.com\/ro-ro\/produs\/dvn-64030-bk_112950004\/\",\"name\":\"DVN 64030 BK | Teka Romania\",\"isPartOf\":{\"@id\":\"https:\/\/www.teka.com\/ro-ro\/#website\"},\"datePublished\":\"2026-04-07T20:14:20+00:00\",\"inLanguage\":\"ro-RO\",\"potentialAction\":[{\"@type\":\"ReadAction\",\"target\":[\"https:\/\/www.teka.com\/ro-ro\/produs\/dvn-64030-bk_112950004\/\"]}]},{\"@type\":\"WebSite\",\"@id\":\"https:\/\/www.teka.com\/ro-ro\/#website\",\"url\":\"https:\/\/www.teka.com\/ro-ro\/\",\"name\":\"Teka Romania\",\"description\":\"\",\"potentialAction\":[{\"@type\":\"SearchAction\",\"target\":{\"@type\":\"EntryPoint\",\"urlTemplate\":\"https:\/\/www.teka.com\/ro-ro\/?s={search_term_string}\"},\"query-input\":{\"@type\":\"PropertyValueSpecification\",\"valueRequired\":true,\"valueName\":\"search_term_string\"}}],\"inLanguage\":\"ro-RO\"}]}<\/script>\n<!-- \/ Yoast SEO plugin. -->","yoast_head_json":{"title":"DVN 64030 BK | Teka Romania","robots":{"index":"index","follow":"follow","max-snippet":"max-snippet:-1","max-image-preview":"max-image-preview:large","max-video-preview":"max-video-preview:-1"},"canonical":"https:\/\/www.teka.com\/ro-ro\/produs\/dvn-64030-bk_112950004\/","og_locale":"ro_RO","og_type":"article","og_title":"DVN 64030 BK | Teka Romania","og_description":"Hot\u0103 \u015femineu 60 cm Design vertical Cristal negru Sistem de extrac\u0163ie perimetral\u0103 Touch Control 2 trepte putere + 1 Turbo","og_url":"https:\/\/www.teka.com\/ro-ro\/produs\/dvn-64030-bk_112950004\/","og_site_name":"Teka Romania","twitter_card":"summary_large_image","schema":{"@context":"https:\/\/schema.org","@graph":[{"@type":"WebPage","@id":"https:\/\/www.teka.com\/ro-ro\/produs\/dvn-64030-bk_112950004\/","url":"https:\/\/www.teka.com\/ro-ro\/produs\/dvn-64030-bk_112950004\/","name":"DVN 64030 BK | Teka Romania","isPartOf":{"@id":"https:\/\/www.teka.com\/ro-ro\/#website"},"datePublished":"2026-04-07T20:14:20+00:00","inLanguage":"ro-RO","potentialAction":[{"@type":"ReadAction","target":["https:\/\/www.teka.com\/ro-ro\/produs\/dvn-64030-bk_112950004\/"]}]},{"@type":"WebSite","@id":"https:\/\/www.teka.com\/ro-ro\/#website","url":"https:\/\/www.teka.com\/ro-ro\/","name":"Teka Romania","description":"","potentialAction":[{"@type":"SearchAction","target":{"@type":"EntryPoint","urlTemplate":"https:\/\/www.teka.com\/ro-ro\/?s={search_term_string}"},"query-input":{"@type":"PropertyValueSpecification","valueRequired":true,"valueName":"search_term_string"}}],"inLanguage":"ro-RO"}]}},"_links":{"self":[{"href":"https:\/\/www.teka.com\/ro-ro\/wp-json\/wp\/v2\/product\/119872","targetHints":{"allow":["GET"]}}],"collection":[{"href":"https:\/\/www.teka.com\/ro-ro\/wp-json\/wp\/v2\/product"}],"about":[{"href":"https:\/\/www.teka.com\/ro-ro\/wp-json\/wp\/v2\/types\/product"}],"wp:attachment":[{"href":"https:\/\/www.teka.com\/ro-ro\/wp-json\/wp\/v2\/media?parent=119872"}],"wp:term":[{"taxonomy":"product_cat","embeddable":true,"href":"https:\/\/www.teka.com\/ro-ro\/wp-json\/wp\/v2\/product_cat?post=119872"},{"taxonomy":"product_cleaning_system","embeddable":true,"href":"https:\/\/www.teka.com\/ro-ro\/wp-json\/wp\/v2\/product_cleaning_system?post=119872"},{"taxonomy":"product_3rd_basket","embeddable":true,"href":"https:\/\/www.teka.com\/ro-ro\/wp-json\/wp\/v2\/product_3rd_basket?post=119872"},{"taxonomy":"product_drawers","embeddable":true,"href":"https:\/\/www.teka.com\/ro-ro\/wp-json\/wp\/v2\/product_drawers?post=119872"},{"taxonomy":"product_type_of_installation","embeddable":true,"href":"https:\/\/www.teka.com\/ro-ro\/wp-json\/wp\/v2\/product_type_of_installation?post=119872"},{"taxonomy":"product_edition","embeddable":true,"href":"https:\/\/www.teka.com\/ro-ro\/wp-json\/wp\/v2\/product_edition?post=119872"},{"taxonomy":"product_serie","embeddable":true,"href":"https:\/\/www.teka.com\/ro-ro\/wp-json\/wp\/v2\/product_serie?post=119872"},{"taxonomy":"product_features","embeddable":true,"href":"https:\/\/www.teka.com\/ro-ro\/wp-json\/wp\/v2\/product_features?post=119872"},{"taxonomy":"finishes","embeddable":true,"href":"https:\/\/www.teka.com\/ro-ro\/wp-json\/wp\/v2\/finishes?post=119872"},{"taxonomy":"product_bundles","embeddable":true,"href":"https:\/\/www.teka.com\/ro-ro\/wp-json\/wp\/v2\/product_bundles?post=119872"},{"taxonomy":"product_energy_efficiency","embeddable":true,"href":"https:\/\/www.teka.com\/ro-ro\/wp-json\/wp\/v2\/product_energy_efficiency?post=119872"},{"taxonomy":"product_video_training","embeddable":true,"href":"https:\/\/www.teka.com\/ro-ro\/wp-json\/wp\/v2\/product_video_training?post=119872"}],"curies":[{"name":"wp","href":"https:\/\/api.w.org\/{rel}","templated":true}]}}