{"id":119878,"date":"2026-04-25T00:08:18","date_gmt":"2026-04-25T00:08:18","guid":{"rendered":"https:\/\/teka.com\/en-int\/izc-64630-mst-wh_112500027"},"modified":"2026-03-14T06:57:13","modified_gmt":"2026-03-14T07:57:13","slug":"izc-64630-mst-wh_112500027","status":"publish","type":"product","link":"https:\/\/www.teka.com\/ro-ro\/produs\/izc-64630-mst-wh_112500027\/","title":{"rendered":"IZC 64630 MST WH"},"content":{"rendered":"<ul>\n<li>Plit\u0103 electric\u0103 cu induc\u0163ie MasterSense, 60 cm<\/li>\n<li>MultiSlider Touch Control<\/li>\n<li>5 zone de preparare (4 + Syncro)<\/li>\n<li>Programator electronic pentru fiecare zon\u0103<\/li>\n<li>8 func\u0163ii directe: Pr\u0103jire, Pr\u0103jire \u00een baie de ulei, Pr\u0103jire la tigaie, Men\u0163inerea temperaturii preparatelor, Griddle, QuickBoiling, \u00cen\u0103bu\u015fire \u015fi Topire<\/li>\n<li>Sistem de optimizare a vasului<\/li>\n<li>Detectare automat\u0103 a vasului<\/li>\n<li>Sistem de blocare de siguran\u0163\u0103<\/li>\n<\/ul>\n","protected":false},"featured_media":0,"parent":0,"template":"","product_cat":[273282],"product_cleaning_system":[],"product_3rd_basket":[],"product_drawers":[],"product_type_of_installation":[],"product_edition":[273589],"product_serie":[],"product_features":[273219,273220,273236,273237,273238,273239,273240,273245],"finishes":[],"product_bundles":[],"product_energy_efficiency":[],"product_video_training":[273901,273911,273914,273916,273917,273919,273922,273923],"class_list":["post-119878","product","type-product","status-publish","hentry","product_cat-plite","usp-induction-01","usp-induction-02","usp-induction-03","usp-induction-04","usp-induction-05","usp-induction-06","usp-induction-07","usp-induction-17","usp-productoftheyear-03","color-alb","product_type_of_appliance-plite-cu-inductie","product_ambient-urban-colors-07","product_ambient-urban-colors-08","product_icons-multislider","product_icons-power","product_icons-power-plus","product_icons-autolock","product_icons-easy-installation","product_edition-white-marble","product_features-quick-boiling","product_features-keep-warm","product_features-grilling","product_features-pan-frying","product_features-deep-fry","product_features-simmering","product_features-melting","product_features-confit","product_video_training-traininghobs-01","product_video_training-traininghobs-04","product_video_training-traininghobs-05","product_video_training-traininghobs-06","product_video_training-traininghobs-07","product_video_training-traininghobs-08","product_video_training-traininghobs-10","product_video_training-traininghobs-11"],"acf":[],"yoast_head":"<!-- This site is optimized with the Yoast SEO plugin v27.2 - https:\/\/yoast.com\/product\/yoast-seo-wordpress\/ -->\n<title>IZC 64630 MST WH | Teka Romania<\/title>\n<meta name=\"robots\" content=\"index, follow, max-snippet:-1, max-image-preview:large, max-video-preview:-1\" \/>\n<link rel=\"canonical\" href=\"https:\/\/www.teka.com\/ro-ro\/produs\/izc-64630-mst-wh_112500027\/\" \/>\n<meta property=\"og:locale\" content=\"ro_RO\" \/>\n<meta property=\"og:type\" content=\"article\" \/>\n<meta property=\"og:title\" content=\"IZC 64630 MST WH | Teka Romania\" \/>\n<meta property=\"og:description\" content=\"Plit\u0103 electric\u0103 cu induc\u0163ie MasterSense, 60 cm MultiSlider Touch Control 5 zone de preparare (4 + Syncro) Programator electronic pentru fiecare zon\u0103 8 func\u0163ii directe: Pr\u0103jire, Pr\u0103jire \u00een baie de ulei, Pr\u0103jire la tigaie, Men\u0163inerea temperaturii preparatelor, Griddle, QuickBoiling, \u00cen\u0103bu\u015fire \u015fi Topire Sistem de optimizare a vasului Detectare automat\u0103 a vasului Sistem de blocare de [&hellip;]\" \/>\n<meta property=\"og:url\" content=\"https:\/\/www.teka.com\/ro-ro\/produs\/izc-64630-mst-wh_112500027\/\" \/>\n<meta property=\"og:site_name\" content=\"Teka Romania\" \/>\n<meta name=\"twitter:card\" content=\"summary_large_image\" \/>\n<script type=\"application\/ld+json\" class=\"yoast-schema-graph\">{\"@context\":\"https:\/\/schema.org\",\"@graph\":[{\"@type\":\"WebPage\",\"@id\":\"https:\/\/www.teka.com\/ro-ro\/produs\/izc-64630-mst-wh_112500027\/\",\"url\":\"https:\/\/www.teka.com\/ro-ro\/produs\/izc-64630-mst-wh_112500027\/\",\"name\":\"IZC 64630 MST WH | Teka Romania\",\"isPartOf\":{\"@id\":\"https:\/\/www.teka.com\/ro-ro\/#website\"},\"datePublished\":\"2026-04-25T00:08:18+00:00\",\"inLanguage\":\"ro-RO\",\"potentialAction\":[{\"@type\":\"ReadAction\",\"target\":[\"https:\/\/www.teka.com\/ro-ro\/produs\/izc-64630-mst-wh_112500027\/\"]}]},{\"@type\":\"WebSite\",\"@id\":\"https:\/\/www.teka.com\/ro-ro\/#website\",\"url\":\"https:\/\/www.teka.com\/ro-ro\/\",\"name\":\"Teka Romania\",\"description\":\"\",\"potentialAction\":[{\"@type\":\"SearchAction\",\"target\":{\"@type\":\"EntryPoint\",\"urlTemplate\":\"https:\/\/www.teka.com\/ro-ro\/?s={search_term_string}\"},\"query-input\":{\"@type\":\"PropertyValueSpecification\",\"valueRequired\":true,\"valueName\":\"search_term_string\"}}],\"inLanguage\":\"ro-RO\"}]}<\/script>\n<!-- \/ Yoast SEO plugin. -->","yoast_head_json":{"title":"IZC 64630 MST WH | Teka Romania","robots":{"index":"index","follow":"follow","max-snippet":"max-snippet:-1","max-image-preview":"max-image-preview:large","max-video-preview":"max-video-preview:-1"},"canonical":"https:\/\/www.teka.com\/ro-ro\/produs\/izc-64630-mst-wh_112500027\/","og_locale":"ro_RO","og_type":"article","og_title":"IZC 64630 MST WH | Teka Romania","og_description":"Plit\u0103 electric\u0103 cu induc\u0163ie MasterSense, 60 cm MultiSlider Touch Control 5 zone de preparare (4 + Syncro) Programator electronic pentru fiecare zon\u0103 8 func\u0163ii directe: Pr\u0103jire, Pr\u0103jire \u00een baie de ulei, Pr\u0103jire la tigaie, Men\u0163inerea temperaturii preparatelor, Griddle, QuickBoiling, \u00cen\u0103bu\u015fire \u015fi Topire Sistem de optimizare a vasului Detectare automat\u0103 a vasului Sistem de blocare de [&hellip;]","og_url":"https:\/\/www.teka.com\/ro-ro\/produs\/izc-64630-mst-wh_112500027\/","og_site_name":"Teka Romania","twitter_card":"summary_large_image","schema":{"@context":"https:\/\/schema.org","@graph":[{"@type":"WebPage","@id":"https:\/\/www.teka.com\/ro-ro\/produs\/izc-64630-mst-wh_112500027\/","url":"https:\/\/www.teka.com\/ro-ro\/produs\/izc-64630-mst-wh_112500027\/","name":"IZC 64630 MST WH | Teka Romania","isPartOf":{"@id":"https:\/\/www.teka.com\/ro-ro\/#website"},"datePublished":"2026-04-25T00:08:18+00:00","inLanguage":"ro-RO","potentialAction":[{"@type":"ReadAction","target":["https:\/\/www.teka.com\/ro-ro\/produs\/izc-64630-mst-wh_112500027\/"]}]},{"@type":"WebSite","@id":"https:\/\/www.teka.com\/ro-ro\/#website","url":"https:\/\/www.teka.com\/ro-ro\/","name":"Teka Romania","description":"","potentialAction":[{"@type":"SearchAction","target":{"@type":"EntryPoint","urlTemplate":"https:\/\/www.teka.com\/ro-ro\/?s={search_term_string}"},"query-input":{"@type":"PropertyValueSpecification","valueRequired":true,"valueName":"search_term_string"}}],"inLanguage":"ro-RO"}]}},"_links":{"self":[{"href":"https:\/\/www.teka.com\/ro-ro\/wp-json\/wp\/v2\/product\/119878","targetHints":{"allow":["GET"]}}],"collection":[{"href":"https:\/\/www.teka.com\/ro-ro\/wp-json\/wp\/v2\/product"}],"about":[{"href":"https:\/\/www.teka.com\/ro-ro\/wp-json\/wp\/v2\/types\/product"}],"wp:attachment":[{"href":"https:\/\/www.teka.com\/ro-ro\/wp-json\/wp\/v2\/media?parent=119878"}],"wp:term":[{"taxonomy":"product_cat","embeddable":true,"href":"https:\/\/www.teka.com\/ro-ro\/wp-json\/wp\/v2\/product_cat?post=119878"},{"taxonomy":"product_cleaning_system","embeddable":true,"href":"https:\/\/www.teka.com\/ro-ro\/wp-json\/wp\/v2\/product_cleaning_system?post=119878"},{"taxonomy":"product_3rd_basket","embeddable":true,"href":"https:\/\/www.teka.com\/ro-ro\/wp-json\/wp\/v2\/product_3rd_basket?post=119878"},{"taxonomy":"product_drawers","embeddable":true,"href":"https:\/\/www.teka.com\/ro-ro\/wp-json\/wp\/v2\/product_drawers?post=119878"},{"taxonomy":"product_type_of_installation","embeddable":true,"href":"https:\/\/www.teka.com\/ro-ro\/wp-json\/wp\/v2\/product_type_of_installation?post=119878"},{"taxonomy":"product_edition","embeddable":true,"href":"https:\/\/www.teka.com\/ro-ro\/wp-json\/wp\/v2\/product_edition?post=119878"},{"taxonomy":"product_serie","embeddable":true,"href":"https:\/\/www.teka.com\/ro-ro\/wp-json\/wp\/v2\/product_serie?post=119878"},{"taxonomy":"product_features","embeddable":true,"href":"https:\/\/www.teka.com\/ro-ro\/wp-json\/wp\/v2\/product_features?post=119878"},{"taxonomy":"finishes","embeddable":true,"href":"https:\/\/www.teka.com\/ro-ro\/wp-json\/wp\/v2\/finishes?post=119878"},{"taxonomy":"product_bundles","embeddable":true,"href":"https:\/\/www.teka.com\/ro-ro\/wp-json\/wp\/v2\/product_bundles?post=119878"},{"taxonomy":"product_energy_efficiency","embeddable":true,"href":"https:\/\/www.teka.com\/ro-ro\/wp-json\/wp\/v2\/product_energy_efficiency?post=119878"},{"taxonomy":"product_video_training","embeddable":true,"href":"https:\/\/www.teka.com\/ro-ro\/wp-json\/wp\/v2\/product_video_training?post=119878"}],"curies":[{"name":"wp","href":"https:\/\/api.w.org\/{rel}","templated":true}]}}