{"id":119899,"date":"2026-05-04T14:48:50","date_gmt":"2026-05-04T14:48:50","guid":{"rendered":"https:\/\/teka.com\/en-int\/dvt-pro-68660-tbs_112930039"},"modified":"2026-05-04T12:48:50","modified_gmt":"2026-05-04T01:48:50","slug":"dvt-pro-68660-tbs_112930039","status":"publish","type":"product","link":"https:\/\/www.teka.com\/ro-ro\/produs\/dvt-pro-68660-tbs_112930039\/","title":{"rendered":"DVT Pro 68660 TBS"},"content":{"rendered":"<ul>\n<li>Hot\u0103 \u015femineu, cu design vertical<\/li>\n<li>Sistemde extrac\u0163ie DUAL (\u00cencorporarea unui filtru suplimentar \u00eembun\u0103t\u0103\u021be\u0219te capacitatea de extrac\u0163ie \u0219i de eliminare a mirosurilor, combin\u00e2nd extrac\u0163ia frontal\u0103 \u0219i pe cea perimetral\u0103 \u00eentr-un sistem dublu de extrac\u021bie).<\/li>\n<li>Sistem de extrac\u0163ie perimetral\u0103 \u201cContour\u201d<\/li>\n<li>Touch control<\/li>\n<li>Paravan de sticl\u0103 cu sistem de deschidere tip Piston<\/li>\n<li>3 trepte putere + 1 Turbo<\/li>\n<li>Func\u0163ie Fresh AIR<\/li>\n<\/ul>\n","protected":false},"featured_media":0,"parent":0,"template":"","product_cat":[273285],"product_cleaning_system":[],"product_3rd_basket":[],"product_drawers":[],"product_type_of_installation":[],"product_edition":[273585],"product_serie":[],"product_features":[],"finishes":[],"product_bundles":[],"product_energy_efficiency":[273830],"product_video_training":[],"class_list":["post-119899","product","type-product","status-publish","hentry","product_cat-hote","usp-hoods-06","usp-hoods-08","usp-hoods-09","usp-hoods-10","usp-hoods-11","usp-hoods-13","usp-hoods-14","usp-hoods-07","color-sticla-neagra","product_type_of_appliance-decorative","product_ambient-urban-colors-01","product_ambient-urban-colors-02","product_ambient-urban-colors-03","product_icons-freshair","product_icons-led","product_icons-perimeter-extraction","product_icons-stop-delay-timer","product_edition-night-river-black","product_energy_efficiency-a-plus-icon"],"acf":[],"yoast_head":"<!-- This site is optimized with the Yoast SEO plugin v27.5 - https:\/\/yoast.com\/product\/yoast-seo-wordpress\/ -->\n<title>DVT Pro 68660 TBS | Teka Romania<\/title>\n<meta name=\"robots\" content=\"index, follow, max-snippet:-1, max-image-preview:large, max-video-preview:-1\" \/>\n<link rel=\"canonical\" href=\"https:\/\/www.teka.com\/ro-ro\/produs\/dvt-pro-68660-tbs_112930039\/\" \/>\n<meta property=\"og:locale\" content=\"ro_RO\" \/>\n<meta property=\"og:type\" content=\"article\" \/>\n<meta property=\"og:title\" content=\"DVT Pro 68660 TBS | Teka Romania\" \/>\n<meta property=\"og:description\" content=\"Hot\u0103 \u015femineu, cu design vertical Sistemde extrac\u0163ie DUAL (\u00cencorporarea unui filtru suplimentar \u00eembun\u0103t\u0103\u021be\u0219te capacitatea de extrac\u0163ie \u0219i de eliminare a mirosurilor, combin\u00e2nd extrac\u0163ia frontal\u0103 \u0219i pe cea perimetral\u0103 \u00eentr-un sistem dublu de extrac\u021bie). Sistem de extrac\u0163ie perimetral\u0103 \u201cContour\u201d Touch control Paravan de sticl\u0103 cu sistem de deschidere tip Piston 3 trepte putere + 1 Turbo [&hellip;]\" \/>\n<meta property=\"og:url\" content=\"https:\/\/www.teka.com\/ro-ro\/produs\/dvt-pro-68660-tbs_112930039\/\" \/>\n<meta property=\"og:site_name\" content=\"Teka Romania\" \/>\n<meta name=\"twitter:card\" content=\"summary_large_image\" \/>\n<script type=\"application\/ld+json\" class=\"yoast-schema-graph\">{\"@context\":\"https:\\\/\\\/schema.org\",\"@graph\":[{\"@type\":\"WebPage\",\"@id\":\"https:\\\/\\\/www.teka.com\\\/ro-ro\\\/produs\\\/dvt-pro-68660-tbs_112930039\\\/\",\"url\":\"https:\\\/\\\/www.teka.com\\\/ro-ro\\\/produs\\\/dvt-pro-68660-tbs_112930039\\\/\",\"name\":\"DVT Pro 68660 TBS | Teka Romania\",\"isPartOf\":{\"@id\":\"https:\\\/\\\/www.teka.com\\\/ro-ro\\\/#website\"},\"datePublished\":\"2026-05-04T14:48:50+00:00\",\"inLanguage\":\"ro-RO\",\"potentialAction\":[{\"@type\":\"ReadAction\",\"target\":[\"https:\\\/\\\/www.teka.com\\\/ro-ro\\\/produs\\\/dvt-pro-68660-tbs_112930039\\\/\"]}]},{\"@type\":\"WebSite\",\"@id\":\"https:\\\/\\\/www.teka.com\\\/ro-ro\\\/#website\",\"url\":\"https:\\\/\\\/www.teka.com\\\/ro-ro\\\/\",\"name\":\"Teka Romania\",\"description\":\"\",\"potentialAction\":[{\"@type\":\"SearchAction\",\"target\":{\"@type\":\"EntryPoint\",\"urlTemplate\":\"https:\\\/\\\/www.teka.com\\\/ro-ro\\\/?s={search_term_string}\"},\"query-input\":{\"@type\":\"PropertyValueSpecification\",\"valueRequired\":true,\"valueName\":\"search_term_string\"}}],\"inLanguage\":\"ro-RO\"}]}<\/script>\n<!-- \/ Yoast SEO plugin. -->","yoast_head_json":{"title":"DVT Pro 68660 TBS | Teka Romania","robots":{"index":"index","follow":"follow","max-snippet":"max-snippet:-1","max-image-preview":"max-image-preview:large","max-video-preview":"max-video-preview:-1"},"canonical":"https:\/\/www.teka.com\/ro-ro\/produs\/dvt-pro-68660-tbs_112930039\/","og_locale":"ro_RO","og_type":"article","og_title":"DVT Pro 68660 TBS | Teka Romania","og_description":"Hot\u0103 \u015femineu, cu design vertical Sistemde extrac\u0163ie DUAL (\u00cencorporarea unui filtru suplimentar \u00eembun\u0103t\u0103\u021be\u0219te capacitatea de extrac\u0163ie \u0219i de eliminare a mirosurilor, combin\u00e2nd extrac\u0163ia frontal\u0103 \u0219i pe cea perimetral\u0103 \u00eentr-un sistem dublu de extrac\u021bie). Sistem de extrac\u0163ie perimetral\u0103 \u201cContour\u201d Touch control Paravan de sticl\u0103 cu sistem de deschidere tip Piston 3 trepte putere + 1 Turbo [&hellip;]","og_url":"https:\/\/www.teka.com\/ro-ro\/produs\/dvt-pro-68660-tbs_112930039\/","og_site_name":"Teka Romania","twitter_card":"summary_large_image","schema":{"@context":"https:\/\/schema.org","@graph":[{"@type":"WebPage","@id":"https:\/\/www.teka.com\/ro-ro\/produs\/dvt-pro-68660-tbs_112930039\/","url":"https:\/\/www.teka.com\/ro-ro\/produs\/dvt-pro-68660-tbs_112930039\/","name":"DVT Pro 68660 TBS | Teka Romania","isPartOf":{"@id":"https:\/\/www.teka.com\/ro-ro\/#website"},"datePublished":"2026-05-04T14:48:50+00:00","inLanguage":"ro-RO","potentialAction":[{"@type":"ReadAction","target":["https:\/\/www.teka.com\/ro-ro\/produs\/dvt-pro-68660-tbs_112930039\/"]}]},{"@type":"WebSite","@id":"https:\/\/www.teka.com\/ro-ro\/#website","url":"https:\/\/www.teka.com\/ro-ro\/","name":"Teka Romania","description":"","potentialAction":[{"@type":"SearchAction","target":{"@type":"EntryPoint","urlTemplate":"https:\/\/www.teka.com\/ro-ro\/?s={search_term_string}"},"query-input":{"@type":"PropertyValueSpecification","valueRequired":true,"valueName":"search_term_string"}}],"inLanguage":"ro-RO"}]}},"_links":{"self":[{"href":"https:\/\/www.teka.com\/ro-ro\/wp-json\/wp\/v2\/product\/119899","targetHints":{"allow":["GET"]}}],"collection":[{"href":"https:\/\/www.teka.com\/ro-ro\/wp-json\/wp\/v2\/product"}],"about":[{"href":"https:\/\/www.teka.com\/ro-ro\/wp-json\/wp\/v2\/types\/product"}],"wp:attachment":[{"href":"https:\/\/www.teka.com\/ro-ro\/wp-json\/wp\/v2\/media?parent=119899"}],"wp:term":[{"taxonomy":"product_cat","embeddable":true,"href":"https:\/\/www.teka.com\/ro-ro\/wp-json\/wp\/v2\/product_cat?post=119899"},{"taxonomy":"product_cleaning_system","embeddable":true,"href":"https:\/\/www.teka.com\/ro-ro\/wp-json\/wp\/v2\/product_cleaning_system?post=119899"},{"taxonomy":"product_3rd_basket","embeddable":true,"href":"https:\/\/www.teka.com\/ro-ro\/wp-json\/wp\/v2\/product_3rd_basket?post=119899"},{"taxonomy":"product_drawers","embeddable":true,"href":"https:\/\/www.teka.com\/ro-ro\/wp-json\/wp\/v2\/product_drawers?post=119899"},{"taxonomy":"product_type_of_installation","embeddable":true,"href":"https:\/\/www.teka.com\/ro-ro\/wp-json\/wp\/v2\/product_type_of_installation?post=119899"},{"taxonomy":"product_edition","embeddable":true,"href":"https:\/\/www.teka.com\/ro-ro\/wp-json\/wp\/v2\/product_edition?post=119899"},{"taxonomy":"product_serie","embeddable":true,"href":"https:\/\/www.teka.com\/ro-ro\/wp-json\/wp\/v2\/product_serie?post=119899"},{"taxonomy":"product_features","embeddable":true,"href":"https:\/\/www.teka.com\/ro-ro\/wp-json\/wp\/v2\/product_features?post=119899"},{"taxonomy":"finishes","embeddable":true,"href":"https:\/\/www.teka.com\/ro-ro\/wp-json\/wp\/v2\/finishes?post=119899"},{"taxonomy":"product_bundles","embeddable":true,"href":"https:\/\/www.teka.com\/ro-ro\/wp-json\/wp\/v2\/product_bundles?post=119899"},{"taxonomy":"product_energy_efficiency","embeddable":true,"href":"https:\/\/www.teka.com\/ro-ro\/wp-json\/wp\/v2\/product_energy_efficiency?post=119899"},{"taxonomy":"product_video_training","embeddable":true,"href":"https:\/\/www.teka.com\/ro-ro\/wp-json\/wp\/v2\/product_video_training?post=119899"}],"curies":[{"name":"wp","href":"https:\/\/api.w.org\/{rel}","templated":true}]}}