{"id":119908,"date":"2026-04-27T06:27:11","date_gmt":"2026-04-27T06:27:11","guid":{"rendered":"https:\/\/teka.com\/en-int\/flexlinea-rs15-5040-m-xt-1b-pure-clean_115000046"},"modified":"2026-04-23T08:12:16","modified_gmt":"2026-04-23T09:12:16","slug":"flexlinea-rs15-5040-m-xt-1b-pure-clean_115000046","status":"publish","type":"product","link":"https:\/\/www.teka.com\/ro-ro\/produs\/flexlinea-rs15-5040-m-xt-1b-pure-clean_115000046\/","title":{"rendered":"FlexLinea RS15 50.40 M-XT 1B PURE CLEAN"},"content":{"rendered":"<ul>\n<li>Chiuvet\u0103 \u201cPureClean\u201d din inox, 1 cuv\u0103, instalare Undermount, Top &amp; Flush<\/li>\n<li>Tratamentul PureClean v\u0103 ofer\u0103 o suprafa\u0163a curata \u015fi uscat\u0103, prevenind acumularea de bacterii \u00een chiuvet\u0103.<\/li>\n<li>Sistem SilentSmart &#8211; prin care zgomotul f\u0103cut de curgerea apei este redus cu p\u00e2n\u0103 la 50%.<\/li>\n<li>Capac decorativ SQ (p\u0103trat)<\/li>\n<\/ul>\n","protected":false},"featured_media":0,"parent":0,"template":"","product_cat":[273281],"product_cleaning_system":[],"product_3rd_basket":[],"product_drawers":[],"product_type_of_installation":[273235,273243,273244],"product_edition":[],"product_serie":[],"product_features":[],"finishes":[],"product_bundles":[],"product_energy_efficiency":[],"product_video_training":[],"class_list":["post-119908","product","type-product","status-publish","hentry","product_cat-chiuvete","usp-sinks-02","usp-sinks-04","usp-sinks-05","usp-sinks-installation-01","usp-flexlinea-01","usp-pureclean-01","color-inox","product_type_of_appliance-inox","product_ambient-ambient-18","product_ambient-island-shelf-hood-01","product_icons-200mm","product_icons-hygiene","product_icons-lifetime-warrantysilentsmart","product_icons-r15","product_type_of_installation-undermount","product_type_of_installation-top","product_type_of_installation-flush"],"acf":[],"yoast_head":"<!-- This site is optimized with the Yoast SEO plugin v27.5 - https:\/\/yoast.com\/product\/yoast-seo-wordpress\/ -->\n<title>FlexLinea RS15 50.40 M-XT 1B PURE CLEAN | Teka Romania<\/title>\n<meta name=\"robots\" content=\"index, follow, max-snippet:-1, max-image-preview:large, max-video-preview:-1\" \/>\n<link rel=\"canonical\" href=\"https:\/\/www.teka.com\/ro-ro\/produs\/flexlinea-rs15-5040-m-xt-1b-pure-clean_115000046\/\" \/>\n<meta property=\"og:locale\" content=\"ro_RO\" \/>\n<meta property=\"og:type\" content=\"article\" \/>\n<meta property=\"og:title\" content=\"FlexLinea RS15 50.40 M-XT 1B PURE CLEAN | Teka Romania\" \/>\n<meta property=\"og:description\" content=\"Chiuvet\u0103 \u201cPureClean\u201d din inox, 1 cuv\u0103, instalare Undermount, Top &amp; Flush Tratamentul PureClean v\u0103 ofer\u0103 o suprafa\u0163a curata \u015fi uscat\u0103, prevenind acumularea de bacterii \u00een chiuvet\u0103. Sistem SilentSmart &#8211; prin care zgomotul f\u0103cut de curgerea apei este redus cu p\u00e2n\u0103 la 50%. Capac decorativ SQ (p\u0103trat)\" \/>\n<meta property=\"og:url\" content=\"https:\/\/www.teka.com\/ro-ro\/produs\/flexlinea-rs15-5040-m-xt-1b-pure-clean_115000046\/\" \/>\n<meta property=\"og:site_name\" content=\"Teka Romania\" \/>\n<meta name=\"twitter:card\" content=\"summary_large_image\" \/>\n<script type=\"application\/ld+json\" class=\"yoast-schema-graph\">{\"@context\":\"https:\\\/\\\/schema.org\",\"@graph\":[{\"@type\":\"WebPage\",\"@id\":\"https:\\\/\\\/www.teka.com\\\/ro-ro\\\/produs\\\/flexlinea-rs15-5040-m-xt-1b-pure-clean_115000046\\\/\",\"url\":\"https:\\\/\\\/www.teka.com\\\/ro-ro\\\/produs\\\/flexlinea-rs15-5040-m-xt-1b-pure-clean_115000046\\\/\",\"name\":\"FlexLinea RS15 50.40 M-XT 1B PURE CLEAN | Teka Romania\",\"isPartOf\":{\"@id\":\"https:\\\/\\\/www.teka.com\\\/ro-ro\\\/#website\"},\"datePublished\":\"2026-04-27T06:27:11+00:00\",\"inLanguage\":\"ro-RO\",\"potentialAction\":[{\"@type\":\"ReadAction\",\"target\":[\"https:\\\/\\\/www.teka.com\\\/ro-ro\\\/produs\\\/flexlinea-rs15-5040-m-xt-1b-pure-clean_115000046\\\/\"]}]},{\"@type\":\"WebSite\",\"@id\":\"https:\\\/\\\/www.teka.com\\\/ro-ro\\\/#website\",\"url\":\"https:\\\/\\\/www.teka.com\\\/ro-ro\\\/\",\"name\":\"Teka Romania\",\"description\":\"\",\"potentialAction\":[{\"@type\":\"SearchAction\",\"target\":{\"@type\":\"EntryPoint\",\"urlTemplate\":\"https:\\\/\\\/www.teka.com\\\/ro-ro\\\/?s={search_term_string}\"},\"query-input\":{\"@type\":\"PropertyValueSpecification\",\"valueRequired\":true,\"valueName\":\"search_term_string\"}}],\"inLanguage\":\"ro-RO\"}]}<\/script>\n<!-- \/ Yoast SEO plugin. -->","yoast_head_json":{"title":"FlexLinea RS15 50.40 M-XT 1B PURE CLEAN | Teka Romania","robots":{"index":"index","follow":"follow","max-snippet":"max-snippet:-1","max-image-preview":"max-image-preview:large","max-video-preview":"max-video-preview:-1"},"canonical":"https:\/\/www.teka.com\/ro-ro\/produs\/flexlinea-rs15-5040-m-xt-1b-pure-clean_115000046\/","og_locale":"ro_RO","og_type":"article","og_title":"FlexLinea RS15 50.40 M-XT 1B PURE CLEAN | Teka Romania","og_description":"Chiuvet\u0103 \u201cPureClean\u201d din inox, 1 cuv\u0103, instalare Undermount, Top &amp; Flush Tratamentul PureClean v\u0103 ofer\u0103 o suprafa\u0163a curata \u015fi uscat\u0103, prevenind acumularea de bacterii \u00een chiuvet\u0103. Sistem SilentSmart &#8211; prin care zgomotul f\u0103cut de curgerea apei este redus cu p\u00e2n\u0103 la 50%. Capac decorativ SQ (p\u0103trat)","og_url":"https:\/\/www.teka.com\/ro-ro\/produs\/flexlinea-rs15-5040-m-xt-1b-pure-clean_115000046\/","og_site_name":"Teka Romania","twitter_card":"summary_large_image","schema":{"@context":"https:\/\/schema.org","@graph":[{"@type":"WebPage","@id":"https:\/\/www.teka.com\/ro-ro\/produs\/flexlinea-rs15-5040-m-xt-1b-pure-clean_115000046\/","url":"https:\/\/www.teka.com\/ro-ro\/produs\/flexlinea-rs15-5040-m-xt-1b-pure-clean_115000046\/","name":"FlexLinea RS15 50.40 M-XT 1B PURE CLEAN | Teka Romania","isPartOf":{"@id":"https:\/\/www.teka.com\/ro-ro\/#website"},"datePublished":"2026-04-27T06:27:11+00:00","inLanguage":"ro-RO","potentialAction":[{"@type":"ReadAction","target":["https:\/\/www.teka.com\/ro-ro\/produs\/flexlinea-rs15-5040-m-xt-1b-pure-clean_115000046\/"]}]},{"@type":"WebSite","@id":"https:\/\/www.teka.com\/ro-ro\/#website","url":"https:\/\/www.teka.com\/ro-ro\/","name":"Teka Romania","description":"","potentialAction":[{"@type":"SearchAction","target":{"@type":"EntryPoint","urlTemplate":"https:\/\/www.teka.com\/ro-ro\/?s={search_term_string}"},"query-input":{"@type":"PropertyValueSpecification","valueRequired":true,"valueName":"search_term_string"}}],"inLanguage":"ro-RO"}]}},"_links":{"self":[{"href":"https:\/\/www.teka.com\/ro-ro\/wp-json\/wp\/v2\/product\/119908","targetHints":{"allow":["GET"]}}],"collection":[{"href":"https:\/\/www.teka.com\/ro-ro\/wp-json\/wp\/v2\/product"}],"about":[{"href":"https:\/\/www.teka.com\/ro-ro\/wp-json\/wp\/v2\/types\/product"}],"wp:attachment":[{"href":"https:\/\/www.teka.com\/ro-ro\/wp-json\/wp\/v2\/media?parent=119908"}],"wp:term":[{"taxonomy":"product_cat","embeddable":true,"href":"https:\/\/www.teka.com\/ro-ro\/wp-json\/wp\/v2\/product_cat?post=119908"},{"taxonomy":"product_cleaning_system","embeddable":true,"href":"https:\/\/www.teka.com\/ro-ro\/wp-json\/wp\/v2\/product_cleaning_system?post=119908"},{"taxonomy":"product_3rd_basket","embeddable":true,"href":"https:\/\/www.teka.com\/ro-ro\/wp-json\/wp\/v2\/product_3rd_basket?post=119908"},{"taxonomy":"product_drawers","embeddable":true,"href":"https:\/\/www.teka.com\/ro-ro\/wp-json\/wp\/v2\/product_drawers?post=119908"},{"taxonomy":"product_type_of_installation","embeddable":true,"href":"https:\/\/www.teka.com\/ro-ro\/wp-json\/wp\/v2\/product_type_of_installation?post=119908"},{"taxonomy":"product_edition","embeddable":true,"href":"https:\/\/www.teka.com\/ro-ro\/wp-json\/wp\/v2\/product_edition?post=119908"},{"taxonomy":"product_serie","embeddable":true,"href":"https:\/\/www.teka.com\/ro-ro\/wp-json\/wp\/v2\/product_serie?post=119908"},{"taxonomy":"product_features","embeddable":true,"href":"https:\/\/www.teka.com\/ro-ro\/wp-json\/wp\/v2\/product_features?post=119908"},{"taxonomy":"finishes","embeddable":true,"href":"https:\/\/www.teka.com\/ro-ro\/wp-json\/wp\/v2\/finishes?post=119908"},{"taxonomy":"product_bundles","embeddable":true,"href":"https:\/\/www.teka.com\/ro-ro\/wp-json\/wp\/v2\/product_bundles?post=119908"},{"taxonomy":"product_energy_efficiency","embeddable":true,"href":"https:\/\/www.teka.com\/ro-ro\/wp-json\/wp\/v2\/product_energy_efficiency?post=119908"},{"taxonomy":"product_video_training","embeddable":true,"href":"https:\/\/www.teka.com\/ro-ro\/wp-json\/wp\/v2\/product_video_training?post=119908"}],"curies":[{"name":"wp","href":"https:\/\/api.w.org\/{rel}","templated":true}]}}