{"id":119912,"date":"2026-05-04T20:20:14","date_gmt":"2026-05-04T20:20:14","guid":{"rendered":"https:\/\/teka.com\/en-int\/dfi-46700_114270009"},"modified":"2026-05-04T06:08:50","modified_gmt":"2026-05-04T07:08:50","slug":"dfi-46700_114270009","status":"publish","type":"product","link":"https:\/\/www.teka.com\/ro-ro\/produs\/dfi-46700_114270009\/","title":{"rendered":"DFI 46700"},"content":{"rendered":"<ul>\n<li>Ma\u0219in\u0103 de sp\u0103lat vase complet \u00eencorporabil\u0103, 60 cm<\/li>\n<li>Motor inverter<\/li>\n<li>Capacitate: 14 seturi<\/li>\n<li>Panou de control electronic<\/li>\n<li>Display LED de culoare alb\u0103<\/li>\n<li>7 programe de sp\u0103lare<\/li>\n<li>5 nivele de temperatur\u0103: 35\u00b0, 40\u00b0,50\u00b0, 65\u00b0, 70\u00b0 C<\/li>\n<li>Senzor MultiCleaner (3 \u00een 1)<\/li>\n<li>Sistem SmartSensor pentru m\u0103surarea gradului de murd\u0103rie<\/li>\n<li>Program special: Auto-Cur\u0103\u0163are<\/li>\n<li>Func\u0163ie Extra-uscare<\/li>\n<\/ul>\n","protected":false},"featured_media":0,"parent":0,"template":"","product_cat":[273292],"product_cleaning_system":[],"product_3rd_basket":[],"product_drawers":[],"product_type_of_installation":[273218],"product_edition":[],"product_serie":[],"product_features":[],"finishes":[],"product_bundles":[],"product_energy_efficiency":[273326],"product_video_training":[273902],"class_list":["post-119912","product","type-product","status-publish","hentry","product_cat-masini-de-spalat-vase","usp-dishwashers-12","usp-dishwashers-14","usp-dishwashers-15","usp-dishwashers-19","usp-dishwashers-24","product_type_of_appliance-incorporabile","product_icons-eco-function","product_icons-extra-dry-function","product_icons-multi-cleaner","product_icons-smart-sensor","product_type_of_installation-incorporabile","product_energy_efficiency-e-ue-icon-new","product_video_training-trainingdishwasers-01"],"acf":[],"yoast_head":"<!-- This site is optimized with the Yoast SEO plugin v27.5 - https:\/\/yoast.com\/product\/yoast-seo-wordpress\/ -->\n<title>DFI 46700 | Teka Romania<\/title>\n<meta name=\"robots\" content=\"index, follow, max-snippet:-1, max-image-preview:large, max-video-preview:-1\" \/>\n<link rel=\"canonical\" href=\"https:\/\/www.teka.com\/ro-ro\/produs\/dfi-46700_114270009\/\" \/>\n<meta property=\"og:locale\" content=\"ro_RO\" \/>\n<meta property=\"og:type\" content=\"article\" \/>\n<meta property=\"og:title\" content=\"DFI 46700 | Teka Romania\" \/>\n<meta property=\"og:description\" content=\"Ma\u0219in\u0103 de sp\u0103lat vase complet \u00eencorporabil\u0103, 60 cm Motor inverter Capacitate: 14 seturi Panou de control electronic Display LED de culoare alb\u0103 7 programe de sp\u0103lare 5 nivele de temperatur\u0103: 35\u00b0, 40\u00b0,50\u00b0, 65\u00b0, 70\u00b0 C Senzor MultiCleaner (3 \u00een 1) Sistem SmartSensor pentru m\u0103surarea gradului de murd\u0103rie Program special: Auto-Cur\u0103\u0163are Func\u0163ie Extra-uscare\" \/>\n<meta property=\"og:url\" content=\"https:\/\/www.teka.com\/ro-ro\/produs\/dfi-46700_114270009\/\" \/>\n<meta property=\"og:site_name\" content=\"Teka Romania\" \/>\n<meta name=\"twitter:card\" content=\"summary_large_image\" \/>\n<script type=\"application\/ld+json\" class=\"yoast-schema-graph\">{\"@context\":\"https:\\\/\\\/schema.org\",\"@graph\":[{\"@type\":\"WebPage\",\"@id\":\"https:\\\/\\\/www.teka.com\\\/ro-ro\\\/produs\\\/dfi-46700_114270009\\\/\",\"url\":\"https:\\\/\\\/www.teka.com\\\/ro-ro\\\/produs\\\/dfi-46700_114270009\\\/\",\"name\":\"DFI 46700 | Teka Romania\",\"isPartOf\":{\"@id\":\"https:\\\/\\\/www.teka.com\\\/ro-ro\\\/#website\"},\"datePublished\":\"2026-05-04T20:20:14+00:00\",\"inLanguage\":\"ro-RO\",\"potentialAction\":[{\"@type\":\"ReadAction\",\"target\":[\"https:\\\/\\\/www.teka.com\\\/ro-ro\\\/produs\\\/dfi-46700_114270009\\\/\"]}]},{\"@type\":\"WebSite\",\"@id\":\"https:\\\/\\\/www.teka.com\\\/ro-ro\\\/#website\",\"url\":\"https:\\\/\\\/www.teka.com\\\/ro-ro\\\/\",\"name\":\"Teka Romania\",\"description\":\"\",\"potentialAction\":[{\"@type\":\"SearchAction\",\"target\":{\"@type\":\"EntryPoint\",\"urlTemplate\":\"https:\\\/\\\/www.teka.com\\\/ro-ro\\\/?s={search_term_string}\"},\"query-input\":{\"@type\":\"PropertyValueSpecification\",\"valueRequired\":true,\"valueName\":\"search_term_string\"}}],\"inLanguage\":\"ro-RO\"}]}<\/script>\n<!-- \/ Yoast SEO plugin. -->","yoast_head_json":{"title":"DFI 46700 | Teka Romania","robots":{"index":"index","follow":"follow","max-snippet":"max-snippet:-1","max-image-preview":"max-image-preview:large","max-video-preview":"max-video-preview:-1"},"canonical":"https:\/\/www.teka.com\/ro-ro\/produs\/dfi-46700_114270009\/","og_locale":"ro_RO","og_type":"article","og_title":"DFI 46700 | Teka Romania","og_description":"Ma\u0219in\u0103 de sp\u0103lat vase complet \u00eencorporabil\u0103, 60 cm Motor inverter Capacitate: 14 seturi Panou de control electronic Display LED de culoare alb\u0103 7 programe de sp\u0103lare 5 nivele de temperatur\u0103: 35\u00b0, 40\u00b0,50\u00b0, 65\u00b0, 70\u00b0 C Senzor MultiCleaner (3 \u00een 1) Sistem SmartSensor pentru m\u0103surarea gradului de murd\u0103rie Program special: Auto-Cur\u0103\u0163are Func\u0163ie Extra-uscare","og_url":"https:\/\/www.teka.com\/ro-ro\/produs\/dfi-46700_114270009\/","og_site_name":"Teka Romania","twitter_card":"summary_large_image","schema":{"@context":"https:\/\/schema.org","@graph":[{"@type":"WebPage","@id":"https:\/\/www.teka.com\/ro-ro\/produs\/dfi-46700_114270009\/","url":"https:\/\/www.teka.com\/ro-ro\/produs\/dfi-46700_114270009\/","name":"DFI 46700 | Teka Romania","isPartOf":{"@id":"https:\/\/www.teka.com\/ro-ro\/#website"},"datePublished":"2026-05-04T20:20:14+00:00","inLanguage":"ro-RO","potentialAction":[{"@type":"ReadAction","target":["https:\/\/www.teka.com\/ro-ro\/produs\/dfi-46700_114270009\/"]}]},{"@type":"WebSite","@id":"https:\/\/www.teka.com\/ro-ro\/#website","url":"https:\/\/www.teka.com\/ro-ro\/","name":"Teka Romania","description":"","potentialAction":[{"@type":"SearchAction","target":{"@type":"EntryPoint","urlTemplate":"https:\/\/www.teka.com\/ro-ro\/?s={search_term_string}"},"query-input":{"@type":"PropertyValueSpecification","valueRequired":true,"valueName":"search_term_string"}}],"inLanguage":"ro-RO"}]}},"_links":{"self":[{"href":"https:\/\/www.teka.com\/ro-ro\/wp-json\/wp\/v2\/product\/119912","targetHints":{"allow":["GET"]}}],"collection":[{"href":"https:\/\/www.teka.com\/ro-ro\/wp-json\/wp\/v2\/product"}],"about":[{"href":"https:\/\/www.teka.com\/ro-ro\/wp-json\/wp\/v2\/types\/product"}],"wp:attachment":[{"href":"https:\/\/www.teka.com\/ro-ro\/wp-json\/wp\/v2\/media?parent=119912"}],"wp:term":[{"taxonomy":"product_cat","embeddable":true,"href":"https:\/\/www.teka.com\/ro-ro\/wp-json\/wp\/v2\/product_cat?post=119912"},{"taxonomy":"product_cleaning_system","embeddable":true,"href":"https:\/\/www.teka.com\/ro-ro\/wp-json\/wp\/v2\/product_cleaning_system?post=119912"},{"taxonomy":"product_3rd_basket","embeddable":true,"href":"https:\/\/www.teka.com\/ro-ro\/wp-json\/wp\/v2\/product_3rd_basket?post=119912"},{"taxonomy":"product_drawers","embeddable":true,"href":"https:\/\/www.teka.com\/ro-ro\/wp-json\/wp\/v2\/product_drawers?post=119912"},{"taxonomy":"product_type_of_installation","embeddable":true,"href":"https:\/\/www.teka.com\/ro-ro\/wp-json\/wp\/v2\/product_type_of_installation?post=119912"},{"taxonomy":"product_edition","embeddable":true,"href":"https:\/\/www.teka.com\/ro-ro\/wp-json\/wp\/v2\/product_edition?post=119912"},{"taxonomy":"product_serie","embeddable":true,"href":"https:\/\/www.teka.com\/ro-ro\/wp-json\/wp\/v2\/product_serie?post=119912"},{"taxonomy":"product_features","embeddable":true,"href":"https:\/\/www.teka.com\/ro-ro\/wp-json\/wp\/v2\/product_features?post=119912"},{"taxonomy":"finishes","embeddable":true,"href":"https:\/\/www.teka.com\/ro-ro\/wp-json\/wp\/v2\/finishes?post=119912"},{"taxonomy":"product_bundles","embeddable":true,"href":"https:\/\/www.teka.com\/ro-ro\/wp-json\/wp\/v2\/product_bundles?post=119912"},{"taxonomy":"product_energy_efficiency","embeddable":true,"href":"https:\/\/www.teka.com\/ro-ro\/wp-json\/wp\/v2\/product_energy_efficiency?post=119912"},{"taxonomy":"product_video_training","embeddable":true,"href":"https:\/\/www.teka.com\/ro-ro\/wp-json\/wp\/v2\/product_video_training?post=119912"}],"curies":[{"name":"wp","href":"https:\/\/api.w.org\/{rel}","templated":true}]}}