{"id":119915,"date":"2026-05-06T06:16:39","date_gmt":"2026-05-06T06:16:39","guid":{"rendered":"https:\/\/teka.com\/en-int\/dfi-76950_114260004"},"modified":"2026-05-04T12:54:25","modified_gmt":"2026-05-04T01:54:25","slug":"dfi-76950_114260004","status":"publish","type":"product","link":"https:\/\/www.teka.com\/ro-ro\/produs\/dfi-76950_114260004\/","title":{"rendered":"DFI 76950"},"content":{"rendered":"<ul>\n<li>Ma\u0219in\u0103 de sp\u0103lat vase complet \u00eencorporabil\u0103<\/li>\n<li>U\u0219\u0103 glisant\u0103<\/li>\n<li>Capacitate: 15 seturi<\/li>\n<li>Panou de control electronic<\/li>\n<li>Afi\u015faj luminos pe podea<\/li>\n<li>Compartiment culisant pentru detergent<\/li>\n<li>Display LCD<\/li>\n<li>Func\u0163e antibacterian\u0103 IonClean<\/li>\n<li>Prezen\u0163a celui de-al treilea pulverizator<\/li>\n<li>Compartiment superior semi-ajustabil pe \u00een\u0103l\u0163ime<\/li>\n<li>9 programe de sp\u0103lare<\/li>\n<li>6 nivele de temperatur\u0103: 35\u00b0, 40\u00b0, 45\u00b0,50\u00b0, 65\u00b0, 70\u00b0 C<\/li>\n<li>Program Uscare Premium &#8211; sistem automat de deschidere<\/li>\n<li>Program Express<\/li>\n<\/ul>\n","protected":false},"featured_media":0,"parent":0,"template":"","product_cat":[273292],"product_cleaning_system":[],"product_3rd_basket":[273233],"product_drawers":[],"product_type_of_installation":[273218],"product_edition":[],"product_serie":[],"product_features":[],"finishes":[],"product_bundles":[],"product_energy_efficiency":[273325],"product_video_training":[273902],"class_list":["post-119915","product","type-product","status-publish","hentry","product_cat-masini-de-spalat-vase","usp-dishwashers-04","usp-dishwashers-15","usp-dishwashers-20","usp-dishwashers-23","usp-dishwashers-24","usp-productoftheyear-01","product_type_of_appliance-incorporabile","product_ambient-fbk-01","product_icons-beam-on-floor","product_icons-eco-function","product_icons-ionclean","product_icons-multi-cleaner","product_icons-premium-dry","product_icons-sliding-door","product_icons-smart-sensor","product_icons-third-cutlery-tray","product_3rd_basket-al-treilea-cos","product_type_of_installation-incorporabile","product_energy_efficiency-d-ue-icon-new","product_video_training-trainingdishwasers-01"],"acf":[],"yoast_head":"<!-- This site is optimized with the Yoast SEO plugin v27.5 - https:\/\/yoast.com\/product\/yoast-seo-wordpress\/ -->\n<title>DFI 76950 | Teka Romania<\/title>\n<meta name=\"robots\" content=\"index, follow, max-snippet:-1, max-image-preview:large, max-video-preview:-1\" \/>\n<link rel=\"canonical\" href=\"https:\/\/www.teka.com\/ro-ro\/produs\/dfi-76950_114260004\/\" \/>\n<meta property=\"og:locale\" content=\"ro_RO\" \/>\n<meta property=\"og:type\" content=\"article\" \/>\n<meta property=\"og:title\" content=\"DFI 76950 | Teka Romania\" \/>\n<meta property=\"og:description\" content=\"Ma\u0219in\u0103 de sp\u0103lat vase complet \u00eencorporabil\u0103 U\u0219\u0103 glisant\u0103 Capacitate: 15 seturi Panou de control electronic Afi\u015faj luminos pe podea Compartiment culisant pentru detergent Display LCD Func\u0163e antibacterian\u0103 IonClean Prezen\u0163a celui de-al treilea pulverizator Compartiment superior semi-ajustabil pe \u00een\u0103l\u0163ime 9 programe de sp\u0103lare 6 nivele de temperatur\u0103: 35\u00b0, 40\u00b0, 45\u00b0,50\u00b0, 65\u00b0, 70\u00b0 C Program Uscare Premium [&hellip;]\" \/>\n<meta property=\"og:url\" content=\"https:\/\/www.teka.com\/ro-ro\/produs\/dfi-76950_114260004\/\" \/>\n<meta property=\"og:site_name\" content=\"Teka Romania\" \/>\n<meta name=\"twitter:card\" content=\"summary_large_image\" \/>\n<script type=\"application\/ld+json\" class=\"yoast-schema-graph\">{\"@context\":\"https:\\\/\\\/schema.org\",\"@graph\":[{\"@type\":\"WebPage\",\"@id\":\"https:\\\/\\\/www.teka.com\\\/ro-ro\\\/produs\\\/dfi-76950_114260004\\\/\",\"url\":\"https:\\\/\\\/www.teka.com\\\/ro-ro\\\/produs\\\/dfi-76950_114260004\\\/\",\"name\":\"DFI 76950 | Teka Romania\",\"isPartOf\":{\"@id\":\"https:\\\/\\\/www.teka.com\\\/ro-ro\\\/#website\"},\"datePublished\":\"2026-05-06T06:16:39+00:00\",\"inLanguage\":\"ro-RO\",\"potentialAction\":[{\"@type\":\"ReadAction\",\"target\":[\"https:\\\/\\\/www.teka.com\\\/ro-ro\\\/produs\\\/dfi-76950_114260004\\\/\"]}]},{\"@type\":\"WebSite\",\"@id\":\"https:\\\/\\\/www.teka.com\\\/ro-ro\\\/#website\",\"url\":\"https:\\\/\\\/www.teka.com\\\/ro-ro\\\/\",\"name\":\"Teka Romania\",\"description\":\"\",\"potentialAction\":[{\"@type\":\"SearchAction\",\"target\":{\"@type\":\"EntryPoint\",\"urlTemplate\":\"https:\\\/\\\/www.teka.com\\\/ro-ro\\\/?s={search_term_string}\"},\"query-input\":{\"@type\":\"PropertyValueSpecification\",\"valueRequired\":true,\"valueName\":\"search_term_string\"}}],\"inLanguage\":\"ro-RO\"}]}<\/script>\n<!-- \/ Yoast SEO plugin. -->","yoast_head_json":{"title":"DFI 76950 | Teka Romania","robots":{"index":"index","follow":"follow","max-snippet":"max-snippet:-1","max-image-preview":"max-image-preview:large","max-video-preview":"max-video-preview:-1"},"canonical":"https:\/\/www.teka.com\/ro-ro\/produs\/dfi-76950_114260004\/","og_locale":"ro_RO","og_type":"article","og_title":"DFI 76950 | Teka Romania","og_description":"Ma\u0219in\u0103 de sp\u0103lat vase complet \u00eencorporabil\u0103 U\u0219\u0103 glisant\u0103 Capacitate: 15 seturi Panou de control electronic Afi\u015faj luminos pe podea Compartiment culisant pentru detergent Display LCD Func\u0163e antibacterian\u0103 IonClean Prezen\u0163a celui de-al treilea pulverizator Compartiment superior semi-ajustabil pe \u00een\u0103l\u0163ime 9 programe de sp\u0103lare 6 nivele de temperatur\u0103: 35\u00b0, 40\u00b0, 45\u00b0,50\u00b0, 65\u00b0, 70\u00b0 C Program Uscare Premium [&hellip;]","og_url":"https:\/\/www.teka.com\/ro-ro\/produs\/dfi-76950_114260004\/","og_site_name":"Teka Romania","twitter_card":"summary_large_image","schema":{"@context":"https:\/\/schema.org","@graph":[{"@type":"WebPage","@id":"https:\/\/www.teka.com\/ro-ro\/produs\/dfi-76950_114260004\/","url":"https:\/\/www.teka.com\/ro-ro\/produs\/dfi-76950_114260004\/","name":"DFI 76950 | Teka Romania","isPartOf":{"@id":"https:\/\/www.teka.com\/ro-ro\/#website"},"datePublished":"2026-05-06T06:16:39+00:00","inLanguage":"ro-RO","potentialAction":[{"@type":"ReadAction","target":["https:\/\/www.teka.com\/ro-ro\/produs\/dfi-76950_114260004\/"]}]},{"@type":"WebSite","@id":"https:\/\/www.teka.com\/ro-ro\/#website","url":"https:\/\/www.teka.com\/ro-ro\/","name":"Teka Romania","description":"","potentialAction":[{"@type":"SearchAction","target":{"@type":"EntryPoint","urlTemplate":"https:\/\/www.teka.com\/ro-ro\/?s={search_term_string}"},"query-input":{"@type":"PropertyValueSpecification","valueRequired":true,"valueName":"search_term_string"}}],"inLanguage":"ro-RO"}]}},"_links":{"self":[{"href":"https:\/\/www.teka.com\/ro-ro\/wp-json\/wp\/v2\/product\/119915","targetHints":{"allow":["GET"]}}],"collection":[{"href":"https:\/\/www.teka.com\/ro-ro\/wp-json\/wp\/v2\/product"}],"about":[{"href":"https:\/\/www.teka.com\/ro-ro\/wp-json\/wp\/v2\/types\/product"}],"wp:attachment":[{"href":"https:\/\/www.teka.com\/ro-ro\/wp-json\/wp\/v2\/media?parent=119915"}],"wp:term":[{"taxonomy":"product_cat","embeddable":true,"href":"https:\/\/www.teka.com\/ro-ro\/wp-json\/wp\/v2\/product_cat?post=119915"},{"taxonomy":"product_cleaning_system","embeddable":true,"href":"https:\/\/www.teka.com\/ro-ro\/wp-json\/wp\/v2\/product_cleaning_system?post=119915"},{"taxonomy":"product_3rd_basket","embeddable":true,"href":"https:\/\/www.teka.com\/ro-ro\/wp-json\/wp\/v2\/product_3rd_basket?post=119915"},{"taxonomy":"product_drawers","embeddable":true,"href":"https:\/\/www.teka.com\/ro-ro\/wp-json\/wp\/v2\/product_drawers?post=119915"},{"taxonomy":"product_type_of_installation","embeddable":true,"href":"https:\/\/www.teka.com\/ro-ro\/wp-json\/wp\/v2\/product_type_of_installation?post=119915"},{"taxonomy":"product_edition","embeddable":true,"href":"https:\/\/www.teka.com\/ro-ro\/wp-json\/wp\/v2\/product_edition?post=119915"},{"taxonomy":"product_serie","embeddable":true,"href":"https:\/\/www.teka.com\/ro-ro\/wp-json\/wp\/v2\/product_serie?post=119915"},{"taxonomy":"product_features","embeddable":true,"href":"https:\/\/www.teka.com\/ro-ro\/wp-json\/wp\/v2\/product_features?post=119915"},{"taxonomy":"finishes","embeddable":true,"href":"https:\/\/www.teka.com\/ro-ro\/wp-json\/wp\/v2\/finishes?post=119915"},{"taxonomy":"product_bundles","embeddable":true,"href":"https:\/\/www.teka.com\/ro-ro\/wp-json\/wp\/v2\/product_bundles?post=119915"},{"taxonomy":"product_energy_efficiency","embeddable":true,"href":"https:\/\/www.teka.com\/ro-ro\/wp-json\/wp\/v2\/product_energy_efficiency?post=119915"},{"taxonomy":"product_video_training","embeddable":true,"href":"https:\/\/www.teka.com\/ro-ro\/wp-json\/wp\/v2\/product_video_training?post=119915"}],"curies":[{"name":"wp","href":"https:\/\/api.w.org\/{rel}","templated":true}]}}