{"id":119928,"date":"2026-04-27T06:27:40","date_gmt":"2026-04-27T06:27:40","guid":{"rendered":"https:\/\/teka.com\/en-int\/directsense-izf-68700-mst_112500037"},"modified":"2026-04-24T02:24:41","modified_gmt":"2026-04-24T03:24:41","slug":"directsense-izf-68700-mst_112500037","status":"publish","type":"product","link":"https:\/\/www.teka.com\/ro-ro\/produs\/directsense-izf-68700-mst_112500037\/","title":{"rendered":"DirectSense IZF 68700 MST"},"content":{"rendered":"<ul>\n<li>Plit\u0103 electric\u0103 cu induc\u0163ie, 60 cm<\/li>\n<li>Cristal negru\/ Muchie frontal\u0103 fa\u0163etat\u0103<\/li>\n<li>FLEX DirectSense cu sistem de induc\u021bie Full FLEX<\/li>\n<li>Touch Control Multislider, cu blocare de siguran\u021b\u0103<\/li>\n<li>Timer<\/li>\n<li>7 zone de preparare (4 + 2 zone FLEX + 1 zon\u0103 Full FLEX)<\/li>\n<\/ul>\n","protected":false},"featured_media":0,"parent":0,"template":"","product_cat":[273282],"product_cleaning_system":[],"product_3rd_basket":[],"product_drawers":[],"product_type_of_installation":[],"product_edition":[273585],"product_serie":[],"product_features":[273219,273220,273236,273237,273238,273239,273240,273245,273309,273310],"finishes":[],"product_bundles":[],"product_energy_efficiency":[],"product_video_training":[273901,273903,273911,273914,273916,273917,273919,273920,273922,273923],"class_list":["post-119928","product","type-product","status-publish","hentry","product_cat-plite","usp-induction-02","usp-induction-03","usp-induction-04","usp-induction-05","usp-induction-06","usp-induction-07","usp-induction-08","usp-induction-10","usp-productoftheyear-03","color-sticla-neagra","product_type_of_appliance-plite-cu-inductie","product_ambient-urban-colors-01","product_ambient-urban-colors-02","product_ambient-urban-colors-03","product_ambient-ambient-11","product_icons-multislider","product_icons-power","product_icons-power-plus","product_icons-autolock","product_icons-easy-installation","product_edition-night-river-black","product_features-quick-boiling","product_features-keep-warm","product_features-grilling","product_features-pan-frying","product_features-deep-fry","product_features-simmering","product_features-melting","product_features-confit","product_features-poach","product_features-rice-cook","product_video_training-traininghobs-01","product_video_training-traininghobs-02","product_video_training-traininghobs-04","product_video_training-traininghobs-05","product_video_training-traininghobs-06","product_video_training-traininghobs-07","product_video_training-traininghobs-08","product_video_training-traininghobs-09","product_video_training-traininghobs-10","product_video_training-traininghobs-11"],"acf":[],"yoast_head":"<!-- This site is optimized with the Yoast SEO plugin v27.5 - https:\/\/yoast.com\/product\/yoast-seo-wordpress\/ -->\n<title>DirectSense IZF 68700 MST | Teka Romania<\/title>\n<meta name=\"robots\" content=\"index, follow, max-snippet:-1, max-image-preview:large, max-video-preview:-1\" \/>\n<link rel=\"canonical\" href=\"https:\/\/www.teka.com\/ro-ro\/produs\/directsense-izf-68700-mst_112500037\/\" \/>\n<meta property=\"og:locale\" content=\"ro_RO\" \/>\n<meta property=\"og:type\" content=\"article\" \/>\n<meta property=\"og:title\" content=\"DirectSense IZF 68700 MST | Teka Romania\" \/>\n<meta property=\"og:description\" content=\"Plit\u0103 electric\u0103 cu induc\u0163ie, 60 cm Cristal negru\/ Muchie frontal\u0103 fa\u0163etat\u0103 FLEX DirectSense cu sistem de induc\u021bie Full FLEX Touch Control Multislider, cu blocare de siguran\u021b\u0103 Timer 7 zone de preparare (4 + 2 zone FLEX + 1 zon\u0103 Full FLEX)\" \/>\n<meta property=\"og:url\" content=\"https:\/\/www.teka.com\/ro-ro\/produs\/directsense-izf-68700-mst_112500037\/\" \/>\n<meta property=\"og:site_name\" content=\"Teka Romania\" \/>\n<meta name=\"twitter:card\" content=\"summary_large_image\" \/>\n<script type=\"application\/ld+json\" class=\"yoast-schema-graph\">{\"@context\":\"https:\\\/\\\/schema.org\",\"@graph\":[{\"@type\":\"WebPage\",\"@id\":\"https:\\\/\\\/www.teka.com\\\/ro-ro\\\/produs\\\/directsense-izf-68700-mst_112500037\\\/\",\"url\":\"https:\\\/\\\/www.teka.com\\\/ro-ro\\\/produs\\\/directsense-izf-68700-mst_112500037\\\/\",\"name\":\"DirectSense IZF 68700 MST | Teka Romania\",\"isPartOf\":{\"@id\":\"https:\\\/\\\/www.teka.com\\\/ro-ro\\\/#website\"},\"datePublished\":\"2026-04-27T06:27:40+00:00\",\"inLanguage\":\"ro-RO\",\"potentialAction\":[{\"@type\":\"ReadAction\",\"target\":[\"https:\\\/\\\/www.teka.com\\\/ro-ro\\\/produs\\\/directsense-izf-68700-mst_112500037\\\/\"]}]},{\"@type\":\"WebSite\",\"@id\":\"https:\\\/\\\/www.teka.com\\\/ro-ro\\\/#website\",\"url\":\"https:\\\/\\\/www.teka.com\\\/ro-ro\\\/\",\"name\":\"Teka Romania\",\"description\":\"\",\"potentialAction\":[{\"@type\":\"SearchAction\",\"target\":{\"@type\":\"EntryPoint\",\"urlTemplate\":\"https:\\\/\\\/www.teka.com\\\/ro-ro\\\/?s={search_term_string}\"},\"query-input\":{\"@type\":\"PropertyValueSpecification\",\"valueRequired\":true,\"valueName\":\"search_term_string\"}}],\"inLanguage\":\"ro-RO\"}]}<\/script>\n<!-- \/ Yoast SEO plugin. -->","yoast_head_json":{"title":"DirectSense IZF 68700 MST | Teka Romania","robots":{"index":"index","follow":"follow","max-snippet":"max-snippet:-1","max-image-preview":"max-image-preview:large","max-video-preview":"max-video-preview:-1"},"canonical":"https:\/\/www.teka.com\/ro-ro\/produs\/directsense-izf-68700-mst_112500037\/","og_locale":"ro_RO","og_type":"article","og_title":"DirectSense IZF 68700 MST | Teka Romania","og_description":"Plit\u0103 electric\u0103 cu induc\u0163ie, 60 cm Cristal negru\/ Muchie frontal\u0103 fa\u0163etat\u0103 FLEX DirectSense cu sistem de induc\u021bie Full FLEX Touch Control Multislider, cu blocare de siguran\u021b\u0103 Timer 7 zone de preparare (4 + 2 zone FLEX + 1 zon\u0103 Full FLEX)","og_url":"https:\/\/www.teka.com\/ro-ro\/produs\/directsense-izf-68700-mst_112500037\/","og_site_name":"Teka Romania","twitter_card":"summary_large_image","schema":{"@context":"https:\/\/schema.org","@graph":[{"@type":"WebPage","@id":"https:\/\/www.teka.com\/ro-ro\/produs\/directsense-izf-68700-mst_112500037\/","url":"https:\/\/www.teka.com\/ro-ro\/produs\/directsense-izf-68700-mst_112500037\/","name":"DirectSense IZF 68700 MST | Teka Romania","isPartOf":{"@id":"https:\/\/www.teka.com\/ro-ro\/#website"},"datePublished":"2026-04-27T06:27:40+00:00","inLanguage":"ro-RO","potentialAction":[{"@type":"ReadAction","target":["https:\/\/www.teka.com\/ro-ro\/produs\/directsense-izf-68700-mst_112500037\/"]}]},{"@type":"WebSite","@id":"https:\/\/www.teka.com\/ro-ro\/#website","url":"https:\/\/www.teka.com\/ro-ro\/","name":"Teka Romania","description":"","potentialAction":[{"@type":"SearchAction","target":{"@type":"EntryPoint","urlTemplate":"https:\/\/www.teka.com\/ro-ro\/?s={search_term_string}"},"query-input":{"@type":"PropertyValueSpecification","valueRequired":true,"valueName":"search_term_string"}}],"inLanguage":"ro-RO"}]}},"_links":{"self":[{"href":"https:\/\/www.teka.com\/ro-ro\/wp-json\/wp\/v2\/product\/119928","targetHints":{"allow":["GET"]}}],"collection":[{"href":"https:\/\/www.teka.com\/ro-ro\/wp-json\/wp\/v2\/product"}],"about":[{"href":"https:\/\/www.teka.com\/ro-ro\/wp-json\/wp\/v2\/types\/product"}],"wp:attachment":[{"href":"https:\/\/www.teka.com\/ro-ro\/wp-json\/wp\/v2\/media?parent=119928"}],"wp:term":[{"taxonomy":"product_cat","embeddable":true,"href":"https:\/\/www.teka.com\/ro-ro\/wp-json\/wp\/v2\/product_cat?post=119928"},{"taxonomy":"product_cleaning_system","embeddable":true,"href":"https:\/\/www.teka.com\/ro-ro\/wp-json\/wp\/v2\/product_cleaning_system?post=119928"},{"taxonomy":"product_3rd_basket","embeddable":true,"href":"https:\/\/www.teka.com\/ro-ro\/wp-json\/wp\/v2\/product_3rd_basket?post=119928"},{"taxonomy":"product_drawers","embeddable":true,"href":"https:\/\/www.teka.com\/ro-ro\/wp-json\/wp\/v2\/product_drawers?post=119928"},{"taxonomy":"product_type_of_installation","embeddable":true,"href":"https:\/\/www.teka.com\/ro-ro\/wp-json\/wp\/v2\/product_type_of_installation?post=119928"},{"taxonomy":"product_edition","embeddable":true,"href":"https:\/\/www.teka.com\/ro-ro\/wp-json\/wp\/v2\/product_edition?post=119928"},{"taxonomy":"product_serie","embeddable":true,"href":"https:\/\/www.teka.com\/ro-ro\/wp-json\/wp\/v2\/product_serie?post=119928"},{"taxonomy":"product_features","embeddable":true,"href":"https:\/\/www.teka.com\/ro-ro\/wp-json\/wp\/v2\/product_features?post=119928"},{"taxonomy":"finishes","embeddable":true,"href":"https:\/\/www.teka.com\/ro-ro\/wp-json\/wp\/v2\/finishes?post=119928"},{"taxonomy":"product_bundles","embeddable":true,"href":"https:\/\/www.teka.com\/ro-ro\/wp-json\/wp\/v2\/product_bundles?post=119928"},{"taxonomy":"product_energy_efficiency","embeddable":true,"href":"https:\/\/www.teka.com\/ro-ro\/wp-json\/wp\/v2\/product_energy_efficiency?post=119928"},{"taxonomy":"product_video_training","embeddable":true,"href":"https:\/\/www.teka.com\/ro-ro\/wp-json\/wp\/v2\/product_video_training?post=119928"}],"curies":[{"name":"wp","href":"https:\/\/api.w.org\/{rel}","templated":true}]}}