{"id":119938,"date":"2026-04-27T06:28:50","date_gmt":"2026-04-27T06:28:50","guid":{"rendered":"https:\/\/teka.com\/en-int\/maestropizza-hlb-8510-p_111000046"},"modified":"2026-04-24T06:26:31","modified_gmt":"2026-04-24T07:26:31","slug":"maestropizza-hlb-8510-p_111000046","status":"publish","type":"product","link":"https:\/\/www.teka.com\/ro-ro\/produs\/maestropizza-hlb-8510-p_111000046\/","title":{"rendered":"MaestroPizza HLB 8510 P"},"content":{"rendered":"<ul>\n<li>Cuptor MaestroPizza<\/li>\n<li>Design Infinity (f\u0103r\u0103 ornament de inox pe panoul de control \u015fi conturul u\u015fii)<\/li>\n<li>Grill extrem de puternic (340\u00baC)<\/li>\n<li>Include piatr\u0103 special\u0103 pentru preparare pizza<\/li>\n<li>Func\u021bia pirolitic\u0103 \u0219i sistem de cur\u0103\u021bare HydroClean\u00ae PRO<\/li>\n<\/ul>\n","protected":false},"featured_media":0,"parent":0,"template":"","product_cat":[273287],"product_cleaning_system":[3423,3536],"product_3rd_basket":[],"product_drawers":[],"product_type_of_installation":[273218],"product_edition":[273585],"product_serie":[],"product_features":[],"finishes":[],"product_bundles":[],"product_energy_efficiency":[273830],"product_video_training":[273910,273912,273918,273921,273930],"class_list":["post-119938","product","type-product","status-publish","hentry","product_cat-cuptoare","usp-ovens-05","usp-ovens-13","usp-maestropizza-06","usp-maestropizza-02","usp-maestropizza-04","usp-maestropizza-05","usp-compacts-05","color-sticla-neagra","product_type_of_appliance-multifunctionale","product_ambient-ambient-06","product_ambient-ambient-23","product_icons-hydroclean","product_icons-softclose","product_icons-70l","product_icons-plus-extension-telescopic-guide","product_icons-pyrolysis","product_icons-surroundtemp","product_cleaning_system-hydroclean","product_cleaning_system-pirolitic","product_type_of_installation-incorporabile","product_edition-night-river-black","product_energy_efficiency-a-plus-icon","product_video_training-trainingovens-01","product_video_training-trainingovens-02","product_video_training-trainingovens-05","product_video_training-trainingovens-06","product_video_training-trainingovens-12"],"acf":[],"yoast_head":"<!-- This site is optimized with the Yoast SEO plugin v27.5 - https:\/\/yoast.com\/product\/yoast-seo-wordpress\/ -->\n<title>MaestroPizza HLB 8510 P | Teka Romania<\/title>\n<meta name=\"robots\" content=\"index, follow, max-snippet:-1, max-image-preview:large, max-video-preview:-1\" \/>\n<link rel=\"canonical\" href=\"https:\/\/www.teka.com\/ro-ro\/produs\/maestropizza-hlb-8510-p_111000046\/\" \/>\n<meta property=\"og:locale\" content=\"ro_RO\" \/>\n<meta property=\"og:type\" content=\"article\" \/>\n<meta property=\"og:title\" content=\"MaestroPizza HLB 8510 P | Teka Romania\" \/>\n<meta property=\"og:description\" content=\"Cuptor MaestroPizza Design Infinity (f\u0103r\u0103 ornament de inox pe panoul de control \u015fi conturul u\u015fii) Grill extrem de puternic (340\u00baC) Include piatr\u0103 special\u0103 pentru preparare pizza Func\u021bia pirolitic\u0103 \u0219i sistem de cur\u0103\u021bare HydroClean\u00ae PRO\" \/>\n<meta property=\"og:url\" content=\"https:\/\/www.teka.com\/ro-ro\/produs\/maestropizza-hlb-8510-p_111000046\/\" \/>\n<meta property=\"og:site_name\" content=\"Teka Romania\" \/>\n<meta name=\"twitter:card\" content=\"summary_large_image\" \/>\n<script type=\"application\/ld+json\" class=\"yoast-schema-graph\">{\"@context\":\"https:\\\/\\\/schema.org\",\"@graph\":[{\"@type\":\"WebPage\",\"@id\":\"https:\\\/\\\/www.teka.com\\\/ro-ro\\\/produs\\\/maestropizza-hlb-8510-p_111000046\\\/\",\"url\":\"https:\\\/\\\/www.teka.com\\\/ro-ro\\\/produs\\\/maestropizza-hlb-8510-p_111000046\\\/\",\"name\":\"MaestroPizza HLB 8510 P | Teka Romania\",\"isPartOf\":{\"@id\":\"https:\\\/\\\/www.teka.com\\\/ro-ro\\\/#website\"},\"datePublished\":\"2026-04-27T06:28:50+00:00\",\"inLanguage\":\"ro-RO\",\"potentialAction\":[{\"@type\":\"ReadAction\",\"target\":[\"https:\\\/\\\/www.teka.com\\\/ro-ro\\\/produs\\\/maestropizza-hlb-8510-p_111000046\\\/\"]}]},{\"@type\":\"WebSite\",\"@id\":\"https:\\\/\\\/www.teka.com\\\/ro-ro\\\/#website\",\"url\":\"https:\\\/\\\/www.teka.com\\\/ro-ro\\\/\",\"name\":\"Teka Romania\",\"description\":\"\",\"potentialAction\":[{\"@type\":\"SearchAction\",\"target\":{\"@type\":\"EntryPoint\",\"urlTemplate\":\"https:\\\/\\\/www.teka.com\\\/ro-ro\\\/?s={search_term_string}\"},\"query-input\":{\"@type\":\"PropertyValueSpecification\",\"valueRequired\":true,\"valueName\":\"search_term_string\"}}],\"inLanguage\":\"ro-RO\"}]}<\/script>\n<!-- \/ Yoast SEO plugin. -->","yoast_head_json":{"title":"MaestroPizza HLB 8510 P | Teka Romania","robots":{"index":"index","follow":"follow","max-snippet":"max-snippet:-1","max-image-preview":"max-image-preview:large","max-video-preview":"max-video-preview:-1"},"canonical":"https:\/\/www.teka.com\/ro-ro\/produs\/maestropizza-hlb-8510-p_111000046\/","og_locale":"ro_RO","og_type":"article","og_title":"MaestroPizza HLB 8510 P | Teka Romania","og_description":"Cuptor MaestroPizza Design Infinity (f\u0103r\u0103 ornament de inox pe panoul de control \u015fi conturul u\u015fii) Grill extrem de puternic (340\u00baC) Include piatr\u0103 special\u0103 pentru preparare pizza Func\u021bia pirolitic\u0103 \u0219i sistem de cur\u0103\u021bare HydroClean\u00ae PRO","og_url":"https:\/\/www.teka.com\/ro-ro\/produs\/maestropizza-hlb-8510-p_111000046\/","og_site_name":"Teka Romania","twitter_card":"summary_large_image","schema":{"@context":"https:\/\/schema.org","@graph":[{"@type":"WebPage","@id":"https:\/\/www.teka.com\/ro-ro\/produs\/maestropizza-hlb-8510-p_111000046\/","url":"https:\/\/www.teka.com\/ro-ro\/produs\/maestropizza-hlb-8510-p_111000046\/","name":"MaestroPizza HLB 8510 P | Teka Romania","isPartOf":{"@id":"https:\/\/www.teka.com\/ro-ro\/#website"},"datePublished":"2026-04-27T06:28:50+00:00","inLanguage":"ro-RO","potentialAction":[{"@type":"ReadAction","target":["https:\/\/www.teka.com\/ro-ro\/produs\/maestropizza-hlb-8510-p_111000046\/"]}]},{"@type":"WebSite","@id":"https:\/\/www.teka.com\/ro-ro\/#website","url":"https:\/\/www.teka.com\/ro-ro\/","name":"Teka Romania","description":"","potentialAction":[{"@type":"SearchAction","target":{"@type":"EntryPoint","urlTemplate":"https:\/\/www.teka.com\/ro-ro\/?s={search_term_string}"},"query-input":{"@type":"PropertyValueSpecification","valueRequired":true,"valueName":"search_term_string"}}],"inLanguage":"ro-RO"}]}},"_links":{"self":[{"href":"https:\/\/www.teka.com\/ro-ro\/wp-json\/wp\/v2\/product\/119938","targetHints":{"allow":["GET"]}}],"collection":[{"href":"https:\/\/www.teka.com\/ro-ro\/wp-json\/wp\/v2\/product"}],"about":[{"href":"https:\/\/www.teka.com\/ro-ro\/wp-json\/wp\/v2\/types\/product"}],"wp:attachment":[{"href":"https:\/\/www.teka.com\/ro-ro\/wp-json\/wp\/v2\/media?parent=119938"}],"wp:term":[{"taxonomy":"product_cat","embeddable":true,"href":"https:\/\/www.teka.com\/ro-ro\/wp-json\/wp\/v2\/product_cat?post=119938"},{"taxonomy":"product_cleaning_system","embeddable":true,"href":"https:\/\/www.teka.com\/ro-ro\/wp-json\/wp\/v2\/product_cleaning_system?post=119938"},{"taxonomy":"product_3rd_basket","embeddable":true,"href":"https:\/\/www.teka.com\/ro-ro\/wp-json\/wp\/v2\/product_3rd_basket?post=119938"},{"taxonomy":"product_drawers","embeddable":true,"href":"https:\/\/www.teka.com\/ro-ro\/wp-json\/wp\/v2\/product_drawers?post=119938"},{"taxonomy":"product_type_of_installation","embeddable":true,"href":"https:\/\/www.teka.com\/ro-ro\/wp-json\/wp\/v2\/product_type_of_installation?post=119938"},{"taxonomy":"product_edition","embeddable":true,"href":"https:\/\/www.teka.com\/ro-ro\/wp-json\/wp\/v2\/product_edition?post=119938"},{"taxonomy":"product_serie","embeddable":true,"href":"https:\/\/www.teka.com\/ro-ro\/wp-json\/wp\/v2\/product_serie?post=119938"},{"taxonomy":"product_features","embeddable":true,"href":"https:\/\/www.teka.com\/ro-ro\/wp-json\/wp\/v2\/product_features?post=119938"},{"taxonomy":"finishes","embeddable":true,"href":"https:\/\/www.teka.com\/ro-ro\/wp-json\/wp\/v2\/finishes?post=119938"},{"taxonomy":"product_bundles","embeddable":true,"href":"https:\/\/www.teka.com\/ro-ro\/wp-json\/wp\/v2\/product_bundles?post=119938"},{"taxonomy":"product_energy_efficiency","embeddable":true,"href":"https:\/\/www.teka.com\/ro-ro\/wp-json\/wp\/v2\/product_energy_efficiency?post=119938"},{"taxonomy":"product_video_training","embeddable":true,"href":"https:\/\/www.teka.com\/ro-ro\/wp-json\/wp\/v2\/product_video_training?post=119938"}],"curies":[{"name":"wp","href":"https:\/\/api.w.org\/{rel}","templated":true}]}}