{"id":119956,"date":"2026-04-07T20:44:46","date_gmt":"2026-04-07T20:44:46","guid":{"rendered":"https:\/\/teka.com\/ro-ro\/gzc-64300-xbc_112570167"},"modified":"2026-03-14T07:51:59","modified_gmt":"2026-03-14T08:51:59","slug":"gzc-64300-xbc_112570167","status":"publish","type":"product","link":"https:\/\/www.teka.com\/ro-ro\/produs\/gzc-64300-xbc_112570167\/","title":{"rendered":"GZC 64300 XBC"},"content":{"rendered":"<ul>\n<li>Colec\u0163ia Urban Colors<\/li>\n<li>Plit\u0103 pe gaz din cristal Black, 60cm, muchie frontal\u0103 fa\u0163etat\u0103;<\/li>\n<li>Sistem de control prin butoane frontale, cu design ergonomic;<\/li>\n<li>9 nivele de putere cu sistem de control ExactFlame, ceea ce permite utilizatorului s\u0103 selecteze cu precizie nivelul de putere dorit;<\/li>\n<li>4 zone de g\u0103tit cu arz\u0103toare cu eficien\u0163a ridicat\u0103<\/li>\n<\/ul>\n","protected":false},"featured_media":0,"parent":0,"template":"","product_cat":[273282],"product_cleaning_system":[],"product_3rd_basket":[],"product_drawers":[],"product_type_of_installation":[],"product_edition":[273585],"product_serie":[],"product_features":[],"finishes":[],"product_bundles":[],"product_energy_efficiency":[],"product_video_training":[],"class_list":["post-119956","product","type-product","status-publish","hentry","product_cat-plite","usp-gas-01","usp-gas-02","usp-gas-03","usp-gas-05","usp-gas-06","usp-cookinglovers-01","color-sticla-neagra","product_type_of_appliance-plite-pe-gaz","product_ambient-urban-colors-01","product_ambient-urban-colors-02","product_ambient-urban-colors-03","product_icons-exactflame","product_icons-auto-ignition","product_icons-autolock","product_icons-easy-installation","product_edition-night-river-black"],"acf":[],"yoast_head":"<!-- This site is optimized with the Yoast SEO plugin v27.2 - https:\/\/yoast.com\/product\/yoast-seo-wordpress\/ -->\n<title>GZC 64300 XBC | Teka Romania<\/title>\n<meta name=\"robots\" content=\"index, follow, max-snippet:-1, max-image-preview:large, max-video-preview:-1\" \/>\n<link rel=\"canonical\" href=\"https:\/\/www.teka.com\/ro-ro\/produs\/gzc-64300-xbc_112570167\/\" \/>\n<meta property=\"og:locale\" content=\"ro_RO\" \/>\n<meta property=\"og:type\" content=\"article\" \/>\n<meta property=\"og:title\" content=\"GZC 64300 XBC | Teka Romania\" \/>\n<meta property=\"og:description\" content=\"Colec\u0163ia Urban Colors Plit\u0103 pe gaz din cristal Black, 60cm, muchie frontal\u0103 fa\u0163etat\u0103; Sistem de control prin butoane frontale, cu design ergonomic; 9 nivele de putere cu sistem de control ExactFlame, ceea ce permite utilizatorului s\u0103 selecteze cu precizie nivelul de putere dorit; 4 zone de g\u0103tit cu arz\u0103toare cu eficien\u0163a ridicat\u0103\" \/>\n<meta property=\"og:url\" content=\"https:\/\/www.teka.com\/ro-ro\/produs\/gzc-64300-xbc_112570167\/\" \/>\n<meta property=\"og:site_name\" content=\"Teka Romania\" \/>\n<meta name=\"twitter:card\" content=\"summary_large_image\" \/>\n<script type=\"application\/ld+json\" class=\"yoast-schema-graph\">{\"@context\":\"https:\/\/schema.org\",\"@graph\":[{\"@type\":\"WebPage\",\"@id\":\"https:\/\/www.teka.com\/ro-ro\/produs\/gzc-64300-xbc_112570167\/\",\"url\":\"https:\/\/www.teka.com\/ro-ro\/produs\/gzc-64300-xbc_112570167\/\",\"name\":\"GZC 64300 XBC | Teka Romania\",\"isPartOf\":{\"@id\":\"https:\/\/www.teka.com\/ro-ro\/#website\"},\"datePublished\":\"2026-04-07T20:44:46+00:00\",\"inLanguage\":\"ro-RO\",\"potentialAction\":[{\"@type\":\"ReadAction\",\"target\":[\"https:\/\/www.teka.com\/ro-ro\/produs\/gzc-64300-xbc_112570167\/\"]}]},{\"@type\":\"WebSite\",\"@id\":\"https:\/\/www.teka.com\/ro-ro\/#website\",\"url\":\"https:\/\/www.teka.com\/ro-ro\/\",\"name\":\"Teka Romania\",\"description\":\"\",\"potentialAction\":[{\"@type\":\"SearchAction\",\"target\":{\"@type\":\"EntryPoint\",\"urlTemplate\":\"https:\/\/www.teka.com\/ro-ro\/?s={search_term_string}\"},\"query-input\":{\"@type\":\"PropertyValueSpecification\",\"valueRequired\":true,\"valueName\":\"search_term_string\"}}],\"inLanguage\":\"ro-RO\"}]}<\/script>\n<!-- \/ Yoast SEO plugin. -->","yoast_head_json":{"title":"GZC 64300 XBC | Teka Romania","robots":{"index":"index","follow":"follow","max-snippet":"max-snippet:-1","max-image-preview":"max-image-preview:large","max-video-preview":"max-video-preview:-1"},"canonical":"https:\/\/www.teka.com\/ro-ro\/produs\/gzc-64300-xbc_112570167\/","og_locale":"ro_RO","og_type":"article","og_title":"GZC 64300 XBC | Teka Romania","og_description":"Colec\u0163ia Urban Colors Plit\u0103 pe gaz din cristal Black, 60cm, muchie frontal\u0103 fa\u0163etat\u0103; Sistem de control prin butoane frontale, cu design ergonomic; 9 nivele de putere cu sistem de control ExactFlame, ceea ce permite utilizatorului s\u0103 selecteze cu precizie nivelul de putere dorit; 4 zone de g\u0103tit cu arz\u0103toare cu eficien\u0163a ridicat\u0103","og_url":"https:\/\/www.teka.com\/ro-ro\/produs\/gzc-64300-xbc_112570167\/","og_site_name":"Teka Romania","twitter_card":"summary_large_image","schema":{"@context":"https:\/\/schema.org","@graph":[{"@type":"WebPage","@id":"https:\/\/www.teka.com\/ro-ro\/produs\/gzc-64300-xbc_112570167\/","url":"https:\/\/www.teka.com\/ro-ro\/produs\/gzc-64300-xbc_112570167\/","name":"GZC 64300 XBC | Teka Romania","isPartOf":{"@id":"https:\/\/www.teka.com\/ro-ro\/#website"},"datePublished":"2026-04-07T20:44:46+00:00","inLanguage":"ro-RO","potentialAction":[{"@type":"ReadAction","target":["https:\/\/www.teka.com\/ro-ro\/produs\/gzc-64300-xbc_112570167\/"]}]},{"@type":"WebSite","@id":"https:\/\/www.teka.com\/ro-ro\/#website","url":"https:\/\/www.teka.com\/ro-ro\/","name":"Teka Romania","description":"","potentialAction":[{"@type":"SearchAction","target":{"@type":"EntryPoint","urlTemplate":"https:\/\/www.teka.com\/ro-ro\/?s={search_term_string}"},"query-input":{"@type":"PropertyValueSpecification","valueRequired":true,"valueName":"search_term_string"}}],"inLanguage":"ro-RO"}]}},"_links":{"self":[{"href":"https:\/\/www.teka.com\/ro-ro\/wp-json\/wp\/v2\/product\/119956","targetHints":{"allow":["GET"]}}],"collection":[{"href":"https:\/\/www.teka.com\/ro-ro\/wp-json\/wp\/v2\/product"}],"about":[{"href":"https:\/\/www.teka.com\/ro-ro\/wp-json\/wp\/v2\/types\/product"}],"wp:attachment":[{"href":"https:\/\/www.teka.com\/ro-ro\/wp-json\/wp\/v2\/media?parent=119956"}],"wp:term":[{"taxonomy":"product_cat","embeddable":true,"href":"https:\/\/www.teka.com\/ro-ro\/wp-json\/wp\/v2\/product_cat?post=119956"},{"taxonomy":"product_cleaning_system","embeddable":true,"href":"https:\/\/www.teka.com\/ro-ro\/wp-json\/wp\/v2\/product_cleaning_system?post=119956"},{"taxonomy":"product_3rd_basket","embeddable":true,"href":"https:\/\/www.teka.com\/ro-ro\/wp-json\/wp\/v2\/product_3rd_basket?post=119956"},{"taxonomy":"product_drawers","embeddable":true,"href":"https:\/\/www.teka.com\/ro-ro\/wp-json\/wp\/v2\/product_drawers?post=119956"},{"taxonomy":"product_type_of_installation","embeddable":true,"href":"https:\/\/www.teka.com\/ro-ro\/wp-json\/wp\/v2\/product_type_of_installation?post=119956"},{"taxonomy":"product_edition","embeddable":true,"href":"https:\/\/www.teka.com\/ro-ro\/wp-json\/wp\/v2\/product_edition?post=119956"},{"taxonomy":"product_serie","embeddable":true,"href":"https:\/\/www.teka.com\/ro-ro\/wp-json\/wp\/v2\/product_serie?post=119956"},{"taxonomy":"product_features","embeddable":true,"href":"https:\/\/www.teka.com\/ro-ro\/wp-json\/wp\/v2\/product_features?post=119956"},{"taxonomy":"finishes","embeddable":true,"href":"https:\/\/www.teka.com\/ro-ro\/wp-json\/wp\/v2\/finishes?post=119956"},{"taxonomy":"product_bundles","embeddable":true,"href":"https:\/\/www.teka.com\/ro-ro\/wp-json\/wp\/v2\/product_bundles?post=119956"},{"taxonomy":"product_energy_efficiency","embeddable":true,"href":"https:\/\/www.teka.com\/ro-ro\/wp-json\/wp\/v2\/product_energy_efficiency?post=119956"},{"taxonomy":"product_video_training","embeddable":true,"href":"https:\/\/www.teka.com\/ro-ro\/wp-json\/wp\/v2\/product_video_training?post=119956"}],"curies":[{"name":"wp","href":"https:\/\/api.w.org\/{rel}","templated":true}]}}