{"id":119960,"date":"2026-04-26T00:42:01","date_gmt":"2026-04-26T00:42:01","guid":{"rendered":"https:\/\/teka.com\/en-int\/gzc-64320-xbc_112570171"},"modified":"2026-03-14T07:52:09","modified_gmt":"2026-03-14T08:52:09","slug":"gzc-64320-xbc_112570171","status":"publish","type":"product","link":"https:\/\/www.teka.com\/ro-ro\/produs\/gzc-64320-xbc_112570171\/","title":{"rendered":"GZC 64320 XBC"},"content":{"rendered":"<ul>\n<li>Colec\u0163ia Urban Colors<\/li>\n<li>Finisaj: Cristal Steam Grey\/ Muchie frontal\u0103 fa\u0163etat\u0103<\/li>\n<li>Sistem de control cu butoane frontale cu design ergonomic<\/li>\n<li>Suprafa\u021b\u0103 ceramic\u0103<\/li>\n<li>9 nivele de putere cu control precis al fl\u0103c\u0103rii<\/li>\n<li>4 zone de preparare:<\/li>\n<li>1 arz\u0103tor coroan\u0103 dubl\u0103, 4,00 kW<\/li>\n<li>1 arz\u0103tor semi-rapid, 1,75 kW<\/li>\n<li>1 arz\u0103tor rapid, 2,80 kW<\/li>\n<li>1 arz\u0103tor auxiliar, 1,00 kW<\/li>\n<li>Tip gaz: Natural<\/li>\n<\/ul>\n","protected":false},"featured_media":0,"parent":0,"template":"","product_cat":[273282],"product_cleaning_system":[],"product_3rd_basket":[],"product_drawers":[],"product_type_of_installation":[],"product_edition":[273588],"product_serie":[],"product_features":[],"finishes":[],"product_bundles":[],"product_energy_efficiency":[],"product_video_training":[],"class_list":["post-119960","product","type-product","status-publish","hentry","product_cat-plite","usp-gas-01","usp-gas-02","usp-gas-03","usp-gas-05","usp-gas-07","usp-cookinglovers-01","color-steam-grey","product_type_of_appliance-plite-pe-gaz","product_ambient-urban-colors-10","product_icons-exactflame","product_icons-auto-ignition","product_icons-autolock","product_icons-easy-installation","product_edition-steam-grey"],"acf":[],"yoast_head":"<!-- This site is optimized with the Yoast SEO plugin v27.5 - https:\/\/yoast.com\/product\/yoast-seo-wordpress\/ -->\n<title>GZC 64320 XBC | Teka Romania<\/title>\n<meta name=\"robots\" content=\"index, follow, max-snippet:-1, max-image-preview:large, max-video-preview:-1\" \/>\n<link rel=\"canonical\" href=\"https:\/\/www.teka.com\/ro-ro\/produs\/gzc-64320-xbc_112570171\/\" \/>\n<meta property=\"og:locale\" content=\"ro_RO\" \/>\n<meta property=\"og:type\" content=\"article\" \/>\n<meta property=\"og:title\" content=\"GZC 64320 XBC | Teka Romania\" \/>\n<meta property=\"og:description\" content=\"Colec\u0163ia Urban Colors Finisaj: Cristal Steam Grey\/ Muchie frontal\u0103 fa\u0163etat\u0103 Sistem de control cu butoane frontale cu design ergonomic Suprafa\u021b\u0103 ceramic\u0103 9 nivele de putere cu control precis al fl\u0103c\u0103rii 4 zone de preparare: 1 arz\u0103tor coroan\u0103 dubl\u0103, 4,00 kW 1 arz\u0103tor semi-rapid, 1,75 kW 1 arz\u0103tor rapid, 2,80 kW 1 arz\u0103tor auxiliar, 1,00 kW [&hellip;]\" \/>\n<meta property=\"og:url\" content=\"https:\/\/www.teka.com\/ro-ro\/produs\/gzc-64320-xbc_112570171\/\" \/>\n<meta property=\"og:site_name\" content=\"Teka Romania\" \/>\n<meta name=\"twitter:card\" content=\"summary_large_image\" \/>\n<script type=\"application\/ld+json\" class=\"yoast-schema-graph\">{\"@context\":\"https:\\\/\\\/schema.org\",\"@graph\":[{\"@type\":\"WebPage\",\"@id\":\"https:\\\/\\\/www.teka.com\\\/ro-ro\\\/produs\\\/gzc-64320-xbc_112570171\\\/\",\"url\":\"https:\\\/\\\/www.teka.com\\\/ro-ro\\\/produs\\\/gzc-64320-xbc_112570171\\\/\",\"name\":\"GZC 64320 XBC | Teka Romania\",\"isPartOf\":{\"@id\":\"https:\\\/\\\/www.teka.com\\\/ro-ro\\\/#website\"},\"datePublished\":\"2026-04-26T00:42:01+00:00\",\"inLanguage\":\"ro-RO\",\"potentialAction\":[{\"@type\":\"ReadAction\",\"target\":[\"https:\\\/\\\/www.teka.com\\\/ro-ro\\\/produs\\\/gzc-64320-xbc_112570171\\\/\"]}]},{\"@type\":\"WebSite\",\"@id\":\"https:\\\/\\\/www.teka.com\\\/ro-ro\\\/#website\",\"url\":\"https:\\\/\\\/www.teka.com\\\/ro-ro\\\/\",\"name\":\"Teka Romania\",\"description\":\"\",\"potentialAction\":[{\"@type\":\"SearchAction\",\"target\":{\"@type\":\"EntryPoint\",\"urlTemplate\":\"https:\\\/\\\/www.teka.com\\\/ro-ro\\\/?s={search_term_string}\"},\"query-input\":{\"@type\":\"PropertyValueSpecification\",\"valueRequired\":true,\"valueName\":\"search_term_string\"}}],\"inLanguage\":\"ro-RO\"}]}<\/script>\n<!-- \/ Yoast SEO plugin. -->","yoast_head_json":{"title":"GZC 64320 XBC | Teka Romania","robots":{"index":"index","follow":"follow","max-snippet":"max-snippet:-1","max-image-preview":"max-image-preview:large","max-video-preview":"max-video-preview:-1"},"canonical":"https:\/\/www.teka.com\/ro-ro\/produs\/gzc-64320-xbc_112570171\/","og_locale":"ro_RO","og_type":"article","og_title":"GZC 64320 XBC | Teka Romania","og_description":"Colec\u0163ia Urban Colors Finisaj: Cristal Steam Grey\/ Muchie frontal\u0103 fa\u0163etat\u0103 Sistem de control cu butoane frontale cu design ergonomic Suprafa\u021b\u0103 ceramic\u0103 9 nivele de putere cu control precis al fl\u0103c\u0103rii 4 zone de preparare: 1 arz\u0103tor coroan\u0103 dubl\u0103, 4,00 kW 1 arz\u0103tor semi-rapid, 1,75 kW 1 arz\u0103tor rapid, 2,80 kW 1 arz\u0103tor auxiliar, 1,00 kW [&hellip;]","og_url":"https:\/\/www.teka.com\/ro-ro\/produs\/gzc-64320-xbc_112570171\/","og_site_name":"Teka Romania","twitter_card":"summary_large_image","schema":{"@context":"https:\/\/schema.org","@graph":[{"@type":"WebPage","@id":"https:\/\/www.teka.com\/ro-ro\/produs\/gzc-64320-xbc_112570171\/","url":"https:\/\/www.teka.com\/ro-ro\/produs\/gzc-64320-xbc_112570171\/","name":"GZC 64320 XBC | Teka Romania","isPartOf":{"@id":"https:\/\/www.teka.com\/ro-ro\/#website"},"datePublished":"2026-04-26T00:42:01+00:00","inLanguage":"ro-RO","potentialAction":[{"@type":"ReadAction","target":["https:\/\/www.teka.com\/ro-ro\/produs\/gzc-64320-xbc_112570171\/"]}]},{"@type":"WebSite","@id":"https:\/\/www.teka.com\/ro-ro\/#website","url":"https:\/\/www.teka.com\/ro-ro\/","name":"Teka Romania","description":"","potentialAction":[{"@type":"SearchAction","target":{"@type":"EntryPoint","urlTemplate":"https:\/\/www.teka.com\/ro-ro\/?s={search_term_string}"},"query-input":{"@type":"PropertyValueSpecification","valueRequired":true,"valueName":"search_term_string"}}],"inLanguage":"ro-RO"}]}},"_links":{"self":[{"href":"https:\/\/www.teka.com\/ro-ro\/wp-json\/wp\/v2\/product\/119960","targetHints":{"allow":["GET"]}}],"collection":[{"href":"https:\/\/www.teka.com\/ro-ro\/wp-json\/wp\/v2\/product"}],"about":[{"href":"https:\/\/www.teka.com\/ro-ro\/wp-json\/wp\/v2\/types\/product"}],"wp:attachment":[{"href":"https:\/\/www.teka.com\/ro-ro\/wp-json\/wp\/v2\/media?parent=119960"}],"wp:term":[{"taxonomy":"product_cat","embeddable":true,"href":"https:\/\/www.teka.com\/ro-ro\/wp-json\/wp\/v2\/product_cat?post=119960"},{"taxonomy":"product_cleaning_system","embeddable":true,"href":"https:\/\/www.teka.com\/ro-ro\/wp-json\/wp\/v2\/product_cleaning_system?post=119960"},{"taxonomy":"product_3rd_basket","embeddable":true,"href":"https:\/\/www.teka.com\/ro-ro\/wp-json\/wp\/v2\/product_3rd_basket?post=119960"},{"taxonomy":"product_drawers","embeddable":true,"href":"https:\/\/www.teka.com\/ro-ro\/wp-json\/wp\/v2\/product_drawers?post=119960"},{"taxonomy":"product_type_of_installation","embeddable":true,"href":"https:\/\/www.teka.com\/ro-ro\/wp-json\/wp\/v2\/product_type_of_installation?post=119960"},{"taxonomy":"product_edition","embeddable":true,"href":"https:\/\/www.teka.com\/ro-ro\/wp-json\/wp\/v2\/product_edition?post=119960"},{"taxonomy":"product_serie","embeddable":true,"href":"https:\/\/www.teka.com\/ro-ro\/wp-json\/wp\/v2\/product_serie?post=119960"},{"taxonomy":"product_features","embeddable":true,"href":"https:\/\/www.teka.com\/ro-ro\/wp-json\/wp\/v2\/product_features?post=119960"},{"taxonomy":"finishes","embeddable":true,"href":"https:\/\/www.teka.com\/ro-ro\/wp-json\/wp\/v2\/finishes?post=119960"},{"taxonomy":"product_bundles","embeddable":true,"href":"https:\/\/www.teka.com\/ro-ro\/wp-json\/wp\/v2\/product_bundles?post=119960"},{"taxonomy":"product_energy_efficiency","embeddable":true,"href":"https:\/\/www.teka.com\/ro-ro\/wp-json\/wp\/v2\/product_energy_efficiency?post=119960"},{"taxonomy":"product_video_training","embeddable":true,"href":"https:\/\/www.teka.com\/ro-ro\/wp-json\/wp\/v2\/product_video_training?post=119960"}],"curies":[{"name":"wp","href":"https:\/\/api.w.org\/{rel}","templated":true}]}}