{"id":119968,"date":"2026-04-07T20:47:33","date_gmt":"2026-04-07T20:47:33","guid":{"rendered":"https:\/\/teka.com\/en-int\/jzc-95314-abc_112570202"},"modified":"2026-03-14T07:53:57","modified_gmt":"2026-03-14T08:53:57","slug":"jzc-95314-abc_112570202","status":"publish","type":"product","link":"https:\/\/www.teka.com\/ro-ro\/produs\/jzc-95314-abc_112570202\/","title":{"rendered":"JZC 95314 ABC"},"content":{"rendered":"<ul>\n<li>Plit\u0103 mixt\u0103 din cristal 1 zon\u0103 gaz + 4 zone induc\u0163ie, 90 cm<\/li>\n<li>Exact Flame<\/li>\n<li>Touch Control Multi Slider<\/li>\n<li>9 nivele de putere<\/li>\n<li>5 zone de preparare<\/li>\n<\/ul>\n","protected":false},"featured_media":0,"parent":0,"template":"","product_cat":[273282],"product_cleaning_system":[],"product_3rd_basket":[],"product_drawers":[],"product_type_of_installation":[],"product_edition":[273585],"product_serie":[],"product_features":[],"finishes":[],"product_bundles":[],"product_energy_efficiency":[],"product_video_training":[273917],"class_list":["post-119968","product","type-product","status-publish","hentry","product_cat-plite","usp-gas-01","usp-gas-03","usp-gas-05","usp-induction-17","usp-cookinglovers-01","color-sticla-neagra","product_ambient-urban-colors-01","product_ambient-urban-colors-02","product_ambient-urban-colors-03","product_ambient-ambient-10","product_icons-exactflame","product_icons-multislider","product_icons-auto-ignition","product_icons-power","product_icons-power-plus","product_icons-autolock","product_icons-easy-installation","product_edition-night-river-black","product_video_training-traininghobs-07"],"acf":[],"yoast_head":"<!-- This site is optimized with the Yoast SEO plugin v27.2 - https:\/\/yoast.com\/product\/yoast-seo-wordpress\/ -->\n<title>JZC 95314 ABC | Teka Romania<\/title>\n<meta name=\"robots\" content=\"index, follow, max-snippet:-1, max-image-preview:large, max-video-preview:-1\" \/>\n<link rel=\"canonical\" href=\"https:\/\/www.teka.com\/ro-ro\/produs\/jzc-95314-abc_112570202\/\" \/>\n<meta property=\"og:locale\" content=\"ro_RO\" \/>\n<meta property=\"og:type\" content=\"article\" \/>\n<meta property=\"og:title\" content=\"JZC 95314 ABC | Teka Romania\" \/>\n<meta property=\"og:description\" content=\"Plit\u0103 mixt\u0103 din cristal 1 zon\u0103 gaz + 4 zone induc\u0163ie, 90 cm Exact Flame Touch Control Multi Slider 9 nivele de putere 5 zone de preparare\" \/>\n<meta property=\"og:url\" content=\"https:\/\/www.teka.com\/ro-ro\/produs\/jzc-95314-abc_112570202\/\" \/>\n<meta property=\"og:site_name\" content=\"Teka Romania\" \/>\n<meta name=\"twitter:card\" content=\"summary_large_image\" \/>\n<script type=\"application\/ld+json\" class=\"yoast-schema-graph\">{\"@context\":\"https:\/\/schema.org\",\"@graph\":[{\"@type\":\"WebPage\",\"@id\":\"https:\/\/www.teka.com\/ro-ro\/produs\/jzc-95314-abc_112570202\/\",\"url\":\"https:\/\/www.teka.com\/ro-ro\/produs\/jzc-95314-abc_112570202\/\",\"name\":\"JZC 95314 ABC | Teka Romania\",\"isPartOf\":{\"@id\":\"https:\/\/www.teka.com\/ro-ro\/#website\"},\"datePublished\":\"2026-04-07T20:47:33+00:00\",\"inLanguage\":\"ro-RO\",\"potentialAction\":[{\"@type\":\"ReadAction\",\"target\":[\"https:\/\/www.teka.com\/ro-ro\/produs\/jzc-95314-abc_112570202\/\"]}]},{\"@type\":\"WebSite\",\"@id\":\"https:\/\/www.teka.com\/ro-ro\/#website\",\"url\":\"https:\/\/www.teka.com\/ro-ro\/\",\"name\":\"Teka Romania\",\"description\":\"\",\"potentialAction\":[{\"@type\":\"SearchAction\",\"target\":{\"@type\":\"EntryPoint\",\"urlTemplate\":\"https:\/\/www.teka.com\/ro-ro\/?s={search_term_string}\"},\"query-input\":{\"@type\":\"PropertyValueSpecification\",\"valueRequired\":true,\"valueName\":\"search_term_string\"}}],\"inLanguage\":\"ro-RO\"}]}<\/script>\n<!-- \/ Yoast SEO plugin. -->","yoast_head_json":{"title":"JZC 95314 ABC | Teka Romania","robots":{"index":"index","follow":"follow","max-snippet":"max-snippet:-1","max-image-preview":"max-image-preview:large","max-video-preview":"max-video-preview:-1"},"canonical":"https:\/\/www.teka.com\/ro-ro\/produs\/jzc-95314-abc_112570202\/","og_locale":"ro_RO","og_type":"article","og_title":"JZC 95314 ABC | Teka Romania","og_description":"Plit\u0103 mixt\u0103 din cristal 1 zon\u0103 gaz + 4 zone induc\u0163ie, 90 cm Exact Flame Touch Control Multi Slider 9 nivele de putere 5 zone de preparare","og_url":"https:\/\/www.teka.com\/ro-ro\/produs\/jzc-95314-abc_112570202\/","og_site_name":"Teka Romania","twitter_card":"summary_large_image","schema":{"@context":"https:\/\/schema.org","@graph":[{"@type":"WebPage","@id":"https:\/\/www.teka.com\/ro-ro\/produs\/jzc-95314-abc_112570202\/","url":"https:\/\/www.teka.com\/ro-ro\/produs\/jzc-95314-abc_112570202\/","name":"JZC 95314 ABC | Teka Romania","isPartOf":{"@id":"https:\/\/www.teka.com\/ro-ro\/#website"},"datePublished":"2026-04-07T20:47:33+00:00","inLanguage":"ro-RO","potentialAction":[{"@type":"ReadAction","target":["https:\/\/www.teka.com\/ro-ro\/produs\/jzc-95314-abc_112570202\/"]}]},{"@type":"WebSite","@id":"https:\/\/www.teka.com\/ro-ro\/#website","url":"https:\/\/www.teka.com\/ro-ro\/","name":"Teka Romania","description":"","potentialAction":[{"@type":"SearchAction","target":{"@type":"EntryPoint","urlTemplate":"https:\/\/www.teka.com\/ro-ro\/?s={search_term_string}"},"query-input":{"@type":"PropertyValueSpecification","valueRequired":true,"valueName":"search_term_string"}}],"inLanguage":"ro-RO"}]}},"_links":{"self":[{"href":"https:\/\/www.teka.com\/ro-ro\/wp-json\/wp\/v2\/product\/119968","targetHints":{"allow":["GET"]}}],"collection":[{"href":"https:\/\/www.teka.com\/ro-ro\/wp-json\/wp\/v2\/product"}],"about":[{"href":"https:\/\/www.teka.com\/ro-ro\/wp-json\/wp\/v2\/types\/product"}],"wp:attachment":[{"href":"https:\/\/www.teka.com\/ro-ro\/wp-json\/wp\/v2\/media?parent=119968"}],"wp:term":[{"taxonomy":"product_cat","embeddable":true,"href":"https:\/\/www.teka.com\/ro-ro\/wp-json\/wp\/v2\/product_cat?post=119968"},{"taxonomy":"product_cleaning_system","embeddable":true,"href":"https:\/\/www.teka.com\/ro-ro\/wp-json\/wp\/v2\/product_cleaning_system?post=119968"},{"taxonomy":"product_3rd_basket","embeddable":true,"href":"https:\/\/www.teka.com\/ro-ro\/wp-json\/wp\/v2\/product_3rd_basket?post=119968"},{"taxonomy":"product_drawers","embeddable":true,"href":"https:\/\/www.teka.com\/ro-ro\/wp-json\/wp\/v2\/product_drawers?post=119968"},{"taxonomy":"product_type_of_installation","embeddable":true,"href":"https:\/\/www.teka.com\/ro-ro\/wp-json\/wp\/v2\/product_type_of_installation?post=119968"},{"taxonomy":"product_edition","embeddable":true,"href":"https:\/\/www.teka.com\/ro-ro\/wp-json\/wp\/v2\/product_edition?post=119968"},{"taxonomy":"product_serie","embeddable":true,"href":"https:\/\/www.teka.com\/ro-ro\/wp-json\/wp\/v2\/product_serie?post=119968"},{"taxonomy":"product_features","embeddable":true,"href":"https:\/\/www.teka.com\/ro-ro\/wp-json\/wp\/v2\/product_features?post=119968"},{"taxonomy":"finishes","embeddable":true,"href":"https:\/\/www.teka.com\/ro-ro\/wp-json\/wp\/v2\/finishes?post=119968"},{"taxonomy":"product_bundles","embeddable":true,"href":"https:\/\/www.teka.com\/ro-ro\/wp-json\/wp\/v2\/product_bundles?post=119968"},{"taxonomy":"product_energy_efficiency","embeddable":true,"href":"https:\/\/www.teka.com\/ro-ro\/wp-json\/wp\/v2\/product_energy_efficiency?post=119968"},{"taxonomy":"product_video_training","embeddable":true,"href":"https:\/\/www.teka.com\/ro-ro\/wp-json\/wp\/v2\/product_video_training?post=119968"}],"curies":[{"name":"wp","href":"https:\/\/api.w.org\/{rel}","templated":true}]}}