{"id":120009,"date":"2026-05-14T17:54:43","date_gmt":"2026-05-14T17:54:43","guid":{"rendered":"https:\/\/teka.com\/en-int\/steamgourmet-hlb-8550-sc_111200001"},"modified":"2026-05-07T06:33:02","modified_gmt":"2026-05-07T07:33:02","slug":"steamgourmet-hlb-8550-sc_111200001","status":"publish","type":"product","link":"https:\/\/www.teka.com\/ro-ro\/produs\/steamgourmet-hlb-8550-sc_111200001\/","title":{"rendered":"SteamGourmet HLB 8550 SC"},"content":{"rendered":"<ul>\n<li>Cuptor multifunc\u0163ional, cu aburi<\/li>\n<li>Sistem de cur\u0103\u0163are SteamClean<\/li>\n<li>Sistem SurroundTemp- 12 func\u0163ii de preparare<\/li>\n<li>Preparare la aburi 35-100\u00baC<\/li>\n<li>Touch Contro &amp; butoane, timer digital<\/li>\n<li>1 sistem telescopic Plus- Extension (5 nivele de preparare)<\/li>\n<\/ul>\n","protected":false},"featured_media":0,"parent":0,"template":"","product_cat":[273287],"product_cleaning_system":[3423],"product_3rd_basket":[],"product_drawers":[],"product_type_of_installation":[273218],"product_edition":[],"product_serie":[],"product_features":[],"finishes":[],"product_bundles":[],"product_energy_efficiency":[273830],"product_video_training":[273910,273912,273918,273930],"class_list":["post-120009","product","type-product","status-publish","hentry","product_cat-cuptoare","usp-ovens-06","usp-ovens-10","usp-ovens-13","usp-compacts-08","color-sticla-neagra","product_type_of_appliance-multifunctionale","product_type_of_appliance-cu-aburi","product_icons-hydroclean","product_icons-softclose","product_icons-70l","product_icons-plus-extension-telescopic-guide","product_icons-surroundtemp","product_cleaning_system-hydroclean","product_type_of_installation-incorporabile","product_energy_efficiency-a-plus-icon","product_video_training-trainingovens-01","product_video_training-trainingovens-02","product_video_training-trainingovens-05","product_video_training-trainingovens-12"],"acf":[],"yoast_head":"<!-- This site is optimized with the Yoast SEO plugin v27.5 - https:\/\/yoast.com\/product\/yoast-seo-wordpress\/ -->\n<title>SteamGourmet HLB 8550 SC | Teka Romania<\/title>\n<meta name=\"robots\" content=\"index, follow, max-snippet:-1, max-image-preview:large, max-video-preview:-1\" \/>\n<link rel=\"canonical\" href=\"https:\/\/www.teka.com\/ro-ro\/produs\/steamgourmet-hlb-8550-sc_111200001\/\" \/>\n<meta property=\"og:locale\" content=\"ro_RO\" \/>\n<meta property=\"og:type\" content=\"article\" \/>\n<meta property=\"og:title\" content=\"SteamGourmet HLB 8550 SC | Teka Romania\" \/>\n<meta property=\"og:description\" content=\"Cuptor multifunc\u0163ional, cu aburi Sistem de cur\u0103\u0163are SteamClean Sistem SurroundTemp- 12 func\u0163ii de preparare Preparare la aburi 35-100\u00baC Touch Contro &amp; butoane, timer digital 1 sistem telescopic Plus- Extension (5 nivele de preparare)\" \/>\n<meta property=\"og:url\" content=\"https:\/\/www.teka.com\/ro-ro\/produs\/steamgourmet-hlb-8550-sc_111200001\/\" \/>\n<meta property=\"og:site_name\" content=\"Teka Romania\" \/>\n<meta name=\"twitter:card\" content=\"summary_large_image\" \/>\n<script type=\"application\/ld+json\" class=\"yoast-schema-graph\">{\"@context\":\"https:\\\/\\\/schema.org\",\"@graph\":[{\"@type\":\"WebPage\",\"@id\":\"https:\\\/\\\/www.teka.com\\\/ro-ro\\\/produs\\\/steamgourmet-hlb-8550-sc_111200001\\\/\",\"url\":\"https:\\\/\\\/www.teka.com\\\/ro-ro\\\/produs\\\/steamgourmet-hlb-8550-sc_111200001\\\/\",\"name\":\"SteamGourmet HLB 8550 SC | Teka Romania\",\"isPartOf\":{\"@id\":\"https:\\\/\\\/www.teka.com\\\/ro-ro\\\/#website\"},\"datePublished\":\"2026-05-14T17:54:43+00:00\",\"inLanguage\":\"ro-RO\",\"potentialAction\":[{\"@type\":\"ReadAction\",\"target\":[\"https:\\\/\\\/www.teka.com\\\/ro-ro\\\/produs\\\/steamgourmet-hlb-8550-sc_111200001\\\/\"]}]},{\"@type\":\"WebSite\",\"@id\":\"https:\\\/\\\/www.teka.com\\\/ro-ro\\\/#website\",\"url\":\"https:\\\/\\\/www.teka.com\\\/ro-ro\\\/\",\"name\":\"Teka Romania\",\"description\":\"\",\"potentialAction\":[{\"@type\":\"SearchAction\",\"target\":{\"@type\":\"EntryPoint\",\"urlTemplate\":\"https:\\\/\\\/www.teka.com\\\/ro-ro\\\/?s={search_term_string}\"},\"query-input\":{\"@type\":\"PropertyValueSpecification\",\"valueRequired\":true,\"valueName\":\"search_term_string\"}}],\"inLanguage\":\"ro-RO\"}]}<\/script>\n<!-- \/ Yoast SEO plugin. -->","yoast_head_json":{"title":"SteamGourmet HLB 8550 SC | Teka Romania","robots":{"index":"index","follow":"follow","max-snippet":"max-snippet:-1","max-image-preview":"max-image-preview:large","max-video-preview":"max-video-preview:-1"},"canonical":"https:\/\/www.teka.com\/ro-ro\/produs\/steamgourmet-hlb-8550-sc_111200001\/","og_locale":"ro_RO","og_type":"article","og_title":"SteamGourmet HLB 8550 SC | Teka Romania","og_description":"Cuptor multifunc\u0163ional, cu aburi Sistem de cur\u0103\u0163are SteamClean Sistem SurroundTemp- 12 func\u0163ii de preparare Preparare la aburi 35-100\u00baC Touch Contro &amp; butoane, timer digital 1 sistem telescopic Plus- Extension (5 nivele de preparare)","og_url":"https:\/\/www.teka.com\/ro-ro\/produs\/steamgourmet-hlb-8550-sc_111200001\/","og_site_name":"Teka Romania","twitter_card":"summary_large_image","schema":{"@context":"https:\/\/schema.org","@graph":[{"@type":"WebPage","@id":"https:\/\/www.teka.com\/ro-ro\/produs\/steamgourmet-hlb-8550-sc_111200001\/","url":"https:\/\/www.teka.com\/ro-ro\/produs\/steamgourmet-hlb-8550-sc_111200001\/","name":"SteamGourmet HLB 8550 SC | Teka Romania","isPartOf":{"@id":"https:\/\/www.teka.com\/ro-ro\/#website"},"datePublished":"2026-05-14T17:54:43+00:00","inLanguage":"ro-RO","potentialAction":[{"@type":"ReadAction","target":["https:\/\/www.teka.com\/ro-ro\/produs\/steamgourmet-hlb-8550-sc_111200001\/"]}]},{"@type":"WebSite","@id":"https:\/\/www.teka.com\/ro-ro\/#website","url":"https:\/\/www.teka.com\/ro-ro\/","name":"Teka Romania","description":"","potentialAction":[{"@type":"SearchAction","target":{"@type":"EntryPoint","urlTemplate":"https:\/\/www.teka.com\/ro-ro\/?s={search_term_string}"},"query-input":{"@type":"PropertyValueSpecification","valueRequired":true,"valueName":"search_term_string"}}],"inLanguage":"ro-RO"}]}},"_links":{"self":[{"href":"https:\/\/www.teka.com\/ro-ro\/wp-json\/wp\/v2\/product\/120009","targetHints":{"allow":["GET"]}}],"collection":[{"href":"https:\/\/www.teka.com\/ro-ro\/wp-json\/wp\/v2\/product"}],"about":[{"href":"https:\/\/www.teka.com\/ro-ro\/wp-json\/wp\/v2\/types\/product"}],"wp:attachment":[{"href":"https:\/\/www.teka.com\/ro-ro\/wp-json\/wp\/v2\/media?parent=120009"}],"wp:term":[{"taxonomy":"product_cat","embeddable":true,"href":"https:\/\/www.teka.com\/ro-ro\/wp-json\/wp\/v2\/product_cat?post=120009"},{"taxonomy":"product_cleaning_system","embeddable":true,"href":"https:\/\/www.teka.com\/ro-ro\/wp-json\/wp\/v2\/product_cleaning_system?post=120009"},{"taxonomy":"product_3rd_basket","embeddable":true,"href":"https:\/\/www.teka.com\/ro-ro\/wp-json\/wp\/v2\/product_3rd_basket?post=120009"},{"taxonomy":"product_drawers","embeddable":true,"href":"https:\/\/www.teka.com\/ro-ro\/wp-json\/wp\/v2\/product_drawers?post=120009"},{"taxonomy":"product_type_of_installation","embeddable":true,"href":"https:\/\/www.teka.com\/ro-ro\/wp-json\/wp\/v2\/product_type_of_installation?post=120009"},{"taxonomy":"product_edition","embeddable":true,"href":"https:\/\/www.teka.com\/ro-ro\/wp-json\/wp\/v2\/product_edition?post=120009"},{"taxonomy":"product_serie","embeddable":true,"href":"https:\/\/www.teka.com\/ro-ro\/wp-json\/wp\/v2\/product_serie?post=120009"},{"taxonomy":"product_features","embeddable":true,"href":"https:\/\/www.teka.com\/ro-ro\/wp-json\/wp\/v2\/product_features?post=120009"},{"taxonomy":"finishes","embeddable":true,"href":"https:\/\/www.teka.com\/ro-ro\/wp-json\/wp\/v2\/finishes?post=120009"},{"taxonomy":"product_bundles","embeddable":true,"href":"https:\/\/www.teka.com\/ro-ro\/wp-json\/wp\/v2\/product_bundles?post=120009"},{"taxonomy":"product_energy_efficiency","embeddable":true,"href":"https:\/\/www.teka.com\/ro-ro\/wp-json\/wp\/v2\/product_energy_efficiency?post=120009"},{"taxonomy":"product_video_training","embeddable":true,"href":"https:\/\/www.teka.com\/ro-ro\/wp-json\/wp\/v2\/product_video_training?post=120009"}],"curies":[{"name":"wp","href":"https:\/\/api.w.org\/{rel}","templated":true}]}}