{"id":120010,"date":"2026-04-26T10:33:55","date_gmt":"2026-04-26T10:33:55","guid":{"rendered":"https:\/\/teka.com\/tr-tr\/hlx-640-kb_112620029"},"modified":"2026-03-14T08:23:10","modified_gmt":"2026-03-14T09:23:10","slug":"hlx-640-kb_112620029","status":"publish","type":"product","link":"https:\/\/www.teka.com\/ro-ro\/produs\/hlx-640-kb_112620029\/","title":{"rendered":"HLX 640 KB"},"content":{"rendered":"<ul>\n<li>4 zone de preparare:<\/li>\n<li>&#8211; 1 arz\u0103tor rapid, 3 kW<\/li>\n<li>&#8211; 2 arz\u0103toare semi-rapide, 1.75 kW<\/li>\n<li>&#8211; 1 arz\u0103tor auxiliar, 1 kW<\/li>\n<li>Control cu butoane laterale cu design ergonomic<\/li>\n<li>Sigurant\u0103 pentru supravegherea fl\u0103c\u0103rii<\/li>\n<li>Aprindere electric\u0103 integrat\u0103 \u00een buton<\/li>\n<\/ul>\n","protected":false},"featured_media":0,"parent":0,"template":"","product_cat":[273282],"product_cleaning_system":[],"product_3rd_basket":[],"product_drawers":[],"product_type_of_installation":[],"product_edition":[],"product_serie":[],"product_features":[],"finishes":[],"product_bundles":[],"product_energy_efficiency":[],"product_video_training":[],"class_list":["post-120010","product","type-product","status-publish","hentry","product_cat-plite","usp-gas-03","usp-gas-05","usp-cookinglovers-01","color-sticla-neagra","product_type_of_appliance-plite-pe-gaz","product_icons-auto-ignition","product_icons-autolock"],"acf":[],"yoast_head":"<!-- This site is optimized with the Yoast SEO plugin v27.2 - https:\/\/yoast.com\/product\/yoast-seo-wordpress\/ -->\n<title>HLX 640 KB | Teka Romania<\/title>\n<meta name=\"robots\" content=\"index, follow, max-snippet:-1, max-image-preview:large, max-video-preview:-1\" \/>\n<link rel=\"canonical\" href=\"https:\/\/www.teka.com\/ro-ro\/produs\/hlx-640-kb_112620029\/\" \/>\n<meta property=\"og:locale\" content=\"ro_RO\" \/>\n<meta property=\"og:type\" content=\"article\" \/>\n<meta property=\"og:title\" content=\"HLX 640 KB | Teka Romania\" \/>\n<meta property=\"og:description\" content=\"4 zone de preparare: &#8211; 1 arz\u0103tor rapid, 3 kW &#8211; 2 arz\u0103toare semi-rapide, 1.75 kW &#8211; 1 arz\u0103tor auxiliar, 1 kW Control cu butoane laterale cu design ergonomic Sigurant\u0103 pentru supravegherea fl\u0103c\u0103rii Aprindere electric\u0103 integrat\u0103 \u00een buton\" \/>\n<meta property=\"og:url\" content=\"https:\/\/www.teka.com\/ro-ro\/produs\/hlx-640-kb_112620029\/\" \/>\n<meta property=\"og:site_name\" content=\"Teka Romania\" \/>\n<meta name=\"twitter:card\" content=\"summary_large_image\" \/>\n<script type=\"application\/ld+json\" class=\"yoast-schema-graph\">{\"@context\":\"https:\/\/schema.org\",\"@graph\":[{\"@type\":\"WebPage\",\"@id\":\"https:\/\/www.teka.com\/ro-ro\/produs\/hlx-640-kb_112620029\/\",\"url\":\"https:\/\/www.teka.com\/ro-ro\/produs\/hlx-640-kb_112620029\/\",\"name\":\"HLX 640 KB | Teka Romania\",\"isPartOf\":{\"@id\":\"https:\/\/www.teka.com\/ro-ro\/#website\"},\"datePublished\":\"2026-04-26T10:33:55+00:00\",\"inLanguage\":\"ro-RO\",\"potentialAction\":[{\"@type\":\"ReadAction\",\"target\":[\"https:\/\/www.teka.com\/ro-ro\/produs\/hlx-640-kb_112620029\/\"]}]},{\"@type\":\"WebSite\",\"@id\":\"https:\/\/www.teka.com\/ro-ro\/#website\",\"url\":\"https:\/\/www.teka.com\/ro-ro\/\",\"name\":\"Teka Romania\",\"description\":\"\",\"potentialAction\":[{\"@type\":\"SearchAction\",\"target\":{\"@type\":\"EntryPoint\",\"urlTemplate\":\"https:\/\/www.teka.com\/ro-ro\/?s={search_term_string}\"},\"query-input\":{\"@type\":\"PropertyValueSpecification\",\"valueRequired\":true,\"valueName\":\"search_term_string\"}}],\"inLanguage\":\"ro-RO\"}]}<\/script>\n<!-- \/ Yoast SEO plugin. -->","yoast_head_json":{"title":"HLX 640 KB | Teka Romania","robots":{"index":"index","follow":"follow","max-snippet":"max-snippet:-1","max-image-preview":"max-image-preview:large","max-video-preview":"max-video-preview:-1"},"canonical":"https:\/\/www.teka.com\/ro-ro\/produs\/hlx-640-kb_112620029\/","og_locale":"ro_RO","og_type":"article","og_title":"HLX 640 KB | Teka Romania","og_description":"4 zone de preparare: &#8211; 1 arz\u0103tor rapid, 3 kW &#8211; 2 arz\u0103toare semi-rapide, 1.75 kW &#8211; 1 arz\u0103tor auxiliar, 1 kW Control cu butoane laterale cu design ergonomic Sigurant\u0103 pentru supravegherea fl\u0103c\u0103rii Aprindere electric\u0103 integrat\u0103 \u00een buton","og_url":"https:\/\/www.teka.com\/ro-ro\/produs\/hlx-640-kb_112620029\/","og_site_name":"Teka Romania","twitter_card":"summary_large_image","schema":{"@context":"https:\/\/schema.org","@graph":[{"@type":"WebPage","@id":"https:\/\/www.teka.com\/ro-ro\/produs\/hlx-640-kb_112620029\/","url":"https:\/\/www.teka.com\/ro-ro\/produs\/hlx-640-kb_112620029\/","name":"HLX 640 KB | Teka Romania","isPartOf":{"@id":"https:\/\/www.teka.com\/ro-ro\/#website"},"datePublished":"2026-04-26T10:33:55+00:00","inLanguage":"ro-RO","potentialAction":[{"@type":"ReadAction","target":["https:\/\/www.teka.com\/ro-ro\/produs\/hlx-640-kb_112620029\/"]}]},{"@type":"WebSite","@id":"https:\/\/www.teka.com\/ro-ro\/#website","url":"https:\/\/www.teka.com\/ro-ro\/","name":"Teka Romania","description":"","potentialAction":[{"@type":"SearchAction","target":{"@type":"EntryPoint","urlTemplate":"https:\/\/www.teka.com\/ro-ro\/?s={search_term_string}"},"query-input":{"@type":"PropertyValueSpecification","valueRequired":true,"valueName":"search_term_string"}}],"inLanguage":"ro-RO"}]}},"_links":{"self":[{"href":"https:\/\/www.teka.com\/ro-ro\/wp-json\/wp\/v2\/product\/120010","targetHints":{"allow":["GET"]}}],"collection":[{"href":"https:\/\/www.teka.com\/ro-ro\/wp-json\/wp\/v2\/product"}],"about":[{"href":"https:\/\/www.teka.com\/ro-ro\/wp-json\/wp\/v2\/types\/product"}],"wp:attachment":[{"href":"https:\/\/www.teka.com\/ro-ro\/wp-json\/wp\/v2\/media?parent=120010"}],"wp:term":[{"taxonomy":"product_cat","embeddable":true,"href":"https:\/\/www.teka.com\/ro-ro\/wp-json\/wp\/v2\/product_cat?post=120010"},{"taxonomy":"product_cleaning_system","embeddable":true,"href":"https:\/\/www.teka.com\/ro-ro\/wp-json\/wp\/v2\/product_cleaning_system?post=120010"},{"taxonomy":"product_3rd_basket","embeddable":true,"href":"https:\/\/www.teka.com\/ro-ro\/wp-json\/wp\/v2\/product_3rd_basket?post=120010"},{"taxonomy":"product_drawers","embeddable":true,"href":"https:\/\/www.teka.com\/ro-ro\/wp-json\/wp\/v2\/product_drawers?post=120010"},{"taxonomy":"product_type_of_installation","embeddable":true,"href":"https:\/\/www.teka.com\/ro-ro\/wp-json\/wp\/v2\/product_type_of_installation?post=120010"},{"taxonomy":"product_edition","embeddable":true,"href":"https:\/\/www.teka.com\/ro-ro\/wp-json\/wp\/v2\/product_edition?post=120010"},{"taxonomy":"product_serie","embeddable":true,"href":"https:\/\/www.teka.com\/ro-ro\/wp-json\/wp\/v2\/product_serie?post=120010"},{"taxonomy":"product_features","embeddable":true,"href":"https:\/\/www.teka.com\/ro-ro\/wp-json\/wp\/v2\/product_features?post=120010"},{"taxonomy":"finishes","embeddable":true,"href":"https:\/\/www.teka.com\/ro-ro\/wp-json\/wp\/v2\/finishes?post=120010"},{"taxonomy":"product_bundles","embeddable":true,"href":"https:\/\/www.teka.com\/ro-ro\/wp-json\/wp\/v2\/product_bundles?post=120010"},{"taxonomy":"product_energy_efficiency","embeddable":true,"href":"https:\/\/www.teka.com\/ro-ro\/wp-json\/wp\/v2\/product_energy_efficiency?post=120010"},{"taxonomy":"product_video_training","embeddable":true,"href":"https:\/\/www.teka.com\/ro-ro\/wp-json\/wp\/v2\/product_video_training?post=120010"}],"curies":[{"name":"wp","href":"https:\/\/api.w.org\/{rel}","templated":true}]}}