{"id":120013,"date":"2026-05-05T21:48:52","date_gmt":"2026-05-05T21:48:52","guid":{"rendered":"https:\/\/teka.com\/tr-tr\/dos-902-vn_113010009"},"modified":"2026-05-04T01:23:53","modified_gmt":"2026-05-04T02:23:53","slug":"dos-902-vn_113010009","status":"publish","type":"product","link":"https:\/\/www.teka.com\/ro-ro\/produs\/dos-902-vn_113010009\/","title":{"rendered":"DOS 90.2 VN"},"content":{"rendered":"<ul>\n<li>Hot\u0103 \u015femineu, 90 cm<\/li>\n<li>Vanilla rustic &#8211; ram\u0103 finisaj alam\u0103<\/li>\n<li>Form\u0103 piramid\u0103<\/li>\n<li>3 trepte putere + Intensiv<\/li>\n<li>Panou de control electronic, 2 becuri LED, 2 filtre aluminiu<\/li>\n<li>Consumul anual de energie kWh\/a: 75 \/ Clasa energetic\u0103: B<\/li>\n<li>Eficien\u0163a fluido-dinamic\u0103: 21,1 \/ Clasa de eficien\u0163\u0103 fluido-dinamic\u0103: C<\/li>\n<li>Eficien\u0163a ilumin\u0103rii lux\/Watt: 76,1 \/ Clasa de eficien\u0163\u0103 a ilumin\u0103rii: A<\/li>\n<li>Eficien\u0163a filtr\u0103rii gr\u0103similor: 75,1 \/ Clasa de eficien\u0163\u0103 a filtr\u0103rii gr\u0103similor: C<\/li>\n<li>Debitul de aer la tura\u0163ie minim\u0103 \u00een condi\u0163ii normale de utilizare m3\/h: 245<\/li>\n<li>Debitul de aer la tura\u0163ie maxim\u0103 \u00een condi\u0163ii normale de utilizare m3\/h: 500<\/li>\n<li>Debitul de aer \u00een modul intensiv sau accelerat m3\/h: 600<\/li>\n<li>Puterea acustic\u0103 ponderat\u0103 a emisiilor sonore transmise prin aer, la tura\u0163ia minim\u0103 disponibil\u0103 \u00een condi\u0163ii normale de utilizare dB (A): 46<\/li>\n<li>Puterea acustic\u0103 ponderat\u0103 a emisiilor sonore transmise prin aer, la tura\u0163ia maxim\u0103 disponibil\u0103 \u00een condi\u0163ii normale de utilizare dB(A): 64<\/li>\n<li>Puterea acustic\u0103 ponderat\u0103 A a emisiilor sonore transmise prin aer, \u00een modul intensiv sau accelerat dB (A): 68.<\/li>\n<li>3 trepte putere + Intensiv<\/li>\n<li>Panou de control electronic, 2 becuri LED, 2 filtre aluminiu<\/li>\n<\/ul>\n","protected":false},"featured_media":0,"parent":0,"template":"","product_cat":[273285],"product_cleaning_system":[],"product_3rd_basket":[],"product_drawers":[],"product_type_of_installation":[],"product_edition":[],"product_serie":[],"product_features":[],"finishes":[],"product_bundles":[],"product_energy_efficiency":[273827],"product_video_training":[],"class_list":["post-120013","product","type-product","status-publish","hentry","product_cat-hote","product_type_of_appliance-decorative","product_icons-led","product_energy_efficiency-b-icon"],"acf":[],"yoast_head":"<!-- This site is optimized with the Yoast SEO plugin v27.5 - https:\/\/yoast.com\/product\/yoast-seo-wordpress\/ -->\n<title>DOS 90.2 VN | Teka Romania<\/title>\n<meta name=\"robots\" content=\"index, follow, max-snippet:-1, max-image-preview:large, max-video-preview:-1\" \/>\n<link rel=\"canonical\" href=\"https:\/\/www.teka.com\/ro-ro\/produs\/dos-902-vn_113010009\/\" \/>\n<meta property=\"og:locale\" content=\"ro_RO\" \/>\n<meta property=\"og:type\" content=\"article\" \/>\n<meta property=\"og:title\" content=\"DOS 90.2 VN | Teka Romania\" \/>\n<meta property=\"og:description\" content=\"Hot\u0103 \u015femineu, 90 cm Vanilla rustic &#8211; ram\u0103 finisaj alam\u0103 Form\u0103 piramid\u0103 3 trepte putere + Intensiv Panou de control electronic, 2 becuri LED, 2 filtre aluminiu Consumul anual de energie kWh\/a: 75 \/ Clasa energetic\u0103: B Eficien\u0163a fluido-dinamic\u0103: 21,1 \/ Clasa de eficien\u0163\u0103 fluido-dinamic\u0103: C Eficien\u0163a ilumin\u0103rii lux\/Watt: 76,1 \/ Clasa de eficien\u0163\u0103 a [&hellip;]\" \/>\n<meta property=\"og:url\" content=\"https:\/\/www.teka.com\/ro-ro\/produs\/dos-902-vn_113010009\/\" \/>\n<meta property=\"og:site_name\" content=\"Teka Romania\" \/>\n<meta name=\"twitter:card\" content=\"summary_large_image\" \/>\n<meta name=\"twitter:label1\" content=\"Timp estimat pentru citire\" \/>\n\t<meta name=\"twitter:data1\" content=\"1 minut\" \/>\n<script type=\"application\/ld+json\" class=\"yoast-schema-graph\">{\"@context\":\"https:\\\/\\\/schema.org\",\"@graph\":[{\"@type\":\"WebPage\",\"@id\":\"https:\\\/\\\/www.teka.com\\\/ro-ro\\\/produs\\\/dos-902-vn_113010009\\\/\",\"url\":\"https:\\\/\\\/www.teka.com\\\/ro-ro\\\/produs\\\/dos-902-vn_113010009\\\/\",\"name\":\"DOS 90.2 VN | Teka Romania\",\"isPartOf\":{\"@id\":\"https:\\\/\\\/www.teka.com\\\/ro-ro\\\/#website\"},\"datePublished\":\"2026-05-05T21:48:52+00:00\",\"inLanguage\":\"ro-RO\",\"potentialAction\":[{\"@type\":\"ReadAction\",\"target\":[\"https:\\\/\\\/www.teka.com\\\/ro-ro\\\/produs\\\/dos-902-vn_113010009\\\/\"]}]},{\"@type\":\"WebSite\",\"@id\":\"https:\\\/\\\/www.teka.com\\\/ro-ro\\\/#website\",\"url\":\"https:\\\/\\\/www.teka.com\\\/ro-ro\\\/\",\"name\":\"Teka Romania\",\"description\":\"\",\"potentialAction\":[{\"@type\":\"SearchAction\",\"target\":{\"@type\":\"EntryPoint\",\"urlTemplate\":\"https:\\\/\\\/www.teka.com\\\/ro-ro\\\/?s={search_term_string}\"},\"query-input\":{\"@type\":\"PropertyValueSpecification\",\"valueRequired\":true,\"valueName\":\"search_term_string\"}}],\"inLanguage\":\"ro-RO\"}]}<\/script>\n<!-- \/ Yoast SEO plugin. -->","yoast_head_json":{"title":"DOS 90.2 VN | Teka Romania","robots":{"index":"index","follow":"follow","max-snippet":"max-snippet:-1","max-image-preview":"max-image-preview:large","max-video-preview":"max-video-preview:-1"},"canonical":"https:\/\/www.teka.com\/ro-ro\/produs\/dos-902-vn_113010009\/","og_locale":"ro_RO","og_type":"article","og_title":"DOS 90.2 VN | Teka Romania","og_description":"Hot\u0103 \u015femineu, 90 cm Vanilla rustic &#8211; ram\u0103 finisaj alam\u0103 Form\u0103 piramid\u0103 3 trepte putere + Intensiv Panou de control electronic, 2 becuri LED, 2 filtre aluminiu Consumul anual de energie kWh\/a: 75 \/ Clasa energetic\u0103: B Eficien\u0163a fluido-dinamic\u0103: 21,1 \/ Clasa de eficien\u0163\u0103 fluido-dinamic\u0103: C Eficien\u0163a ilumin\u0103rii lux\/Watt: 76,1 \/ Clasa de eficien\u0163\u0103 a [&hellip;]","og_url":"https:\/\/www.teka.com\/ro-ro\/produs\/dos-902-vn_113010009\/","og_site_name":"Teka Romania","twitter_card":"summary_large_image","twitter_misc":{"Timp estimat pentru citire":"1 minut"},"schema":{"@context":"https:\/\/schema.org","@graph":[{"@type":"WebPage","@id":"https:\/\/www.teka.com\/ro-ro\/produs\/dos-902-vn_113010009\/","url":"https:\/\/www.teka.com\/ro-ro\/produs\/dos-902-vn_113010009\/","name":"DOS 90.2 VN | Teka Romania","isPartOf":{"@id":"https:\/\/www.teka.com\/ro-ro\/#website"},"datePublished":"2026-05-05T21:48:52+00:00","inLanguage":"ro-RO","potentialAction":[{"@type":"ReadAction","target":["https:\/\/www.teka.com\/ro-ro\/produs\/dos-902-vn_113010009\/"]}]},{"@type":"WebSite","@id":"https:\/\/www.teka.com\/ro-ro\/#website","url":"https:\/\/www.teka.com\/ro-ro\/","name":"Teka Romania","description":"","potentialAction":[{"@type":"SearchAction","target":{"@type":"EntryPoint","urlTemplate":"https:\/\/www.teka.com\/ro-ro\/?s={search_term_string}"},"query-input":{"@type":"PropertyValueSpecification","valueRequired":true,"valueName":"search_term_string"}}],"inLanguage":"ro-RO"}]}},"_links":{"self":[{"href":"https:\/\/www.teka.com\/ro-ro\/wp-json\/wp\/v2\/product\/120013","targetHints":{"allow":["GET"]}}],"collection":[{"href":"https:\/\/www.teka.com\/ro-ro\/wp-json\/wp\/v2\/product"}],"about":[{"href":"https:\/\/www.teka.com\/ro-ro\/wp-json\/wp\/v2\/types\/product"}],"wp:attachment":[{"href":"https:\/\/www.teka.com\/ro-ro\/wp-json\/wp\/v2\/media?parent=120013"}],"wp:term":[{"taxonomy":"product_cat","embeddable":true,"href":"https:\/\/www.teka.com\/ro-ro\/wp-json\/wp\/v2\/product_cat?post=120013"},{"taxonomy":"product_cleaning_system","embeddable":true,"href":"https:\/\/www.teka.com\/ro-ro\/wp-json\/wp\/v2\/product_cleaning_system?post=120013"},{"taxonomy":"product_3rd_basket","embeddable":true,"href":"https:\/\/www.teka.com\/ro-ro\/wp-json\/wp\/v2\/product_3rd_basket?post=120013"},{"taxonomy":"product_drawers","embeddable":true,"href":"https:\/\/www.teka.com\/ro-ro\/wp-json\/wp\/v2\/product_drawers?post=120013"},{"taxonomy":"product_type_of_installation","embeddable":true,"href":"https:\/\/www.teka.com\/ro-ro\/wp-json\/wp\/v2\/product_type_of_installation?post=120013"},{"taxonomy":"product_edition","embeddable":true,"href":"https:\/\/www.teka.com\/ro-ro\/wp-json\/wp\/v2\/product_edition?post=120013"},{"taxonomy":"product_serie","embeddable":true,"href":"https:\/\/www.teka.com\/ro-ro\/wp-json\/wp\/v2\/product_serie?post=120013"},{"taxonomy":"product_features","embeddable":true,"href":"https:\/\/www.teka.com\/ro-ro\/wp-json\/wp\/v2\/product_features?post=120013"},{"taxonomy":"finishes","embeddable":true,"href":"https:\/\/www.teka.com\/ro-ro\/wp-json\/wp\/v2\/finishes?post=120013"},{"taxonomy":"product_bundles","embeddable":true,"href":"https:\/\/www.teka.com\/ro-ro\/wp-json\/wp\/v2\/product_bundles?post=120013"},{"taxonomy":"product_energy_efficiency","embeddable":true,"href":"https:\/\/www.teka.com\/ro-ro\/wp-json\/wp\/v2\/product_energy_efficiency?post=120013"},{"taxonomy":"product_video_training","embeddable":true,"href":"https:\/\/www.teka.com\/ro-ro\/wp-json\/wp\/v2\/product_video_training?post=120013"}],"curies":[{"name":"wp","href":"https:\/\/api.w.org\/{rel}","templated":true}]}}