{"id":120044,"date":"2026-04-07T20:16:28","date_gmt":"2026-04-07T20:16:28","guid":{"rendered":"https:\/\/teka.com\/en-int\/steakmaster_111000036"},"modified":"2026-03-26T01:40:29","modified_gmt":"2026-03-26T02:40:29","slug":"steakmaster_111000036","status":"publish","type":"product","link":"https:\/\/www.teka.com\/ro-ro\/produs\/steakmaster_111000036\/","title":{"rendered":"SteakMaster"},"content":{"rendered":"<ul>\n<li>Colectia Urban Colors<\/li>\n<li>Design Infinity Glass (f\u0103r\u0103 ornament de inox pe panoul de control \u015fi conturul u\u015fii)<\/li>\n<li>Functie STEAKMASTER cu Grill special &#8211; pana la 700 gr C., programe auto si gratar din fonta personalizat;<\/li>\n<li>13 func\u0163ii, Asistent personal de preparare (PCA): 20 de re\u0163ete presetate<\/li>\n<li>Func\u0163ie TURBO \/ Func\u0163ie SlowCook: g\u0103tire la temperatur\u0103 joas\u0103<\/li>\n<li>Func\u0163ii: pizza, dospire, decongelare &amp; ECO<\/li>\n<\/ul>\n","protected":false},"featured_media":0,"parent":0,"template":"","product_cat":[273287],"product_cleaning_system":[3423,3536],"product_3rd_basket":[],"product_drawers":[],"product_type_of_installation":[273218],"product_edition":[273585],"product_serie":[],"product_features":[],"finishes":[],"product_bundles":[],"product_energy_efficiency":[273826],"product_video_training":[273910,273912,273918,273921,273925,273926,273927,273928,273930],"class_list":["post-120044","product","type-product","status-publish","hentry","product_cat-cuptoare","usp-steakmaster-02","usp-steakmaster-03","usp-steakmaster-05","usp-steakmaster-06","usp-steakmaster-01","usp-steakmaster-08","usp-steakmaster-04","usp-compacts-08","color-sticla-neagra","product_type_of_appliance-multifunctionale","product_ambient-urban-colors-01","product_ambient-urban-colors-02","product_ambient-urban-colors-03","product_ambient-ambient-10","product_ambient-ambient-23","product_icons-hydroclean","product_icons-softclose","product_icons-plus-extension-telescopic-guide","product_icons-pyrolysis","product_icons-surroundtemp","product_cleaning_system-hydroclean","product_cleaning_system-pirolitic","product_type_of_installation-incorporabile","product_edition-night-river-black","product_energy_efficiency-a-icon","product_video_training-trainingovens-01","product_video_training-trainingovens-02","product_video_training-trainingovens-05","product_video_training-trainingovens-06","product_video_training-trainingovens-07","product_video_training-trainingovens-08","product_video_training-trainingovens-09","product_video_training-trainingovens-10","product_video_training-trainingovens-12"],"acf":[],"yoast_head":"<!-- This site is optimized with the Yoast SEO plugin v27.2 - https:\/\/yoast.com\/product\/yoast-seo-wordpress\/ -->\n<title>SteakMaster | Teka Romania<\/title>\n<meta name=\"robots\" content=\"index, follow, max-snippet:-1, max-image-preview:large, max-video-preview:-1\" \/>\n<link rel=\"canonical\" href=\"https:\/\/www.teka.com\/ro-ro\/produs\/steakmaster_111000036\/\" \/>\n<meta property=\"og:locale\" content=\"ro_RO\" \/>\n<meta property=\"og:type\" content=\"article\" \/>\n<meta property=\"og:title\" content=\"SteakMaster | Teka Romania\" \/>\n<meta property=\"og:description\" content=\"Colectia Urban Colors Design Infinity Glass (f\u0103r\u0103 ornament de inox pe panoul de control \u015fi conturul u\u015fii) Functie STEAKMASTER cu Grill special &#8211; pana la 700 gr C., programe auto si gratar din fonta personalizat; 13 func\u0163ii, Asistent personal de preparare (PCA): 20 de re\u0163ete presetate Func\u0163ie TURBO \/ Func\u0163ie SlowCook: g\u0103tire la temperatur\u0103 joas\u0103 [&hellip;]\" \/>\n<meta property=\"og:url\" content=\"https:\/\/www.teka.com\/ro-ro\/produs\/steakmaster_111000036\/\" \/>\n<meta property=\"og:site_name\" content=\"Teka Romania\" \/>\n<meta name=\"twitter:card\" content=\"summary_large_image\" \/>\n<script type=\"application\/ld+json\" class=\"yoast-schema-graph\">{\"@context\":\"https:\/\/schema.org\",\"@graph\":[{\"@type\":\"WebPage\",\"@id\":\"https:\/\/www.teka.com\/ro-ro\/produs\/steakmaster_111000036\/\",\"url\":\"https:\/\/www.teka.com\/ro-ro\/produs\/steakmaster_111000036\/\",\"name\":\"SteakMaster | Teka Romania\",\"isPartOf\":{\"@id\":\"https:\/\/www.teka.com\/ro-ro\/#website\"},\"datePublished\":\"2026-04-07T20:16:28+00:00\",\"inLanguage\":\"ro-RO\",\"potentialAction\":[{\"@type\":\"ReadAction\",\"target\":[\"https:\/\/www.teka.com\/ro-ro\/produs\/steakmaster_111000036\/\"]}]},{\"@type\":\"WebSite\",\"@id\":\"https:\/\/www.teka.com\/ro-ro\/#website\",\"url\":\"https:\/\/www.teka.com\/ro-ro\/\",\"name\":\"Teka Romania\",\"description\":\"\",\"potentialAction\":[{\"@type\":\"SearchAction\",\"target\":{\"@type\":\"EntryPoint\",\"urlTemplate\":\"https:\/\/www.teka.com\/ro-ro\/?s={search_term_string}\"},\"query-input\":{\"@type\":\"PropertyValueSpecification\",\"valueRequired\":true,\"valueName\":\"search_term_string\"}}],\"inLanguage\":\"ro-RO\"}]}<\/script>\n<!-- \/ Yoast SEO plugin. -->","yoast_head_json":{"title":"SteakMaster | Teka Romania","robots":{"index":"index","follow":"follow","max-snippet":"max-snippet:-1","max-image-preview":"max-image-preview:large","max-video-preview":"max-video-preview:-1"},"canonical":"https:\/\/www.teka.com\/ro-ro\/produs\/steakmaster_111000036\/","og_locale":"ro_RO","og_type":"article","og_title":"SteakMaster | Teka Romania","og_description":"Colectia Urban Colors Design Infinity Glass (f\u0103r\u0103 ornament de inox pe panoul de control \u015fi conturul u\u015fii) Functie STEAKMASTER cu Grill special &#8211; pana la 700 gr C., programe auto si gratar din fonta personalizat; 13 func\u0163ii, Asistent personal de preparare (PCA): 20 de re\u0163ete presetate Func\u0163ie TURBO \/ Func\u0163ie SlowCook: g\u0103tire la temperatur\u0103 joas\u0103 [&hellip;]","og_url":"https:\/\/www.teka.com\/ro-ro\/produs\/steakmaster_111000036\/","og_site_name":"Teka Romania","twitter_card":"summary_large_image","schema":{"@context":"https:\/\/schema.org","@graph":[{"@type":"WebPage","@id":"https:\/\/www.teka.com\/ro-ro\/produs\/steakmaster_111000036\/","url":"https:\/\/www.teka.com\/ro-ro\/produs\/steakmaster_111000036\/","name":"SteakMaster | Teka Romania","isPartOf":{"@id":"https:\/\/www.teka.com\/ro-ro\/#website"},"datePublished":"2026-04-07T20:16:28+00:00","inLanguage":"ro-RO","potentialAction":[{"@type":"ReadAction","target":["https:\/\/www.teka.com\/ro-ro\/produs\/steakmaster_111000036\/"]}]},{"@type":"WebSite","@id":"https:\/\/www.teka.com\/ro-ro\/#website","url":"https:\/\/www.teka.com\/ro-ro\/","name":"Teka Romania","description":"","potentialAction":[{"@type":"SearchAction","target":{"@type":"EntryPoint","urlTemplate":"https:\/\/www.teka.com\/ro-ro\/?s={search_term_string}"},"query-input":{"@type":"PropertyValueSpecification","valueRequired":true,"valueName":"search_term_string"}}],"inLanguage":"ro-RO"}]}},"_links":{"self":[{"href":"https:\/\/www.teka.com\/ro-ro\/wp-json\/wp\/v2\/product\/120044","targetHints":{"allow":["GET"]}}],"collection":[{"href":"https:\/\/www.teka.com\/ro-ro\/wp-json\/wp\/v2\/product"}],"about":[{"href":"https:\/\/www.teka.com\/ro-ro\/wp-json\/wp\/v2\/types\/product"}],"wp:attachment":[{"href":"https:\/\/www.teka.com\/ro-ro\/wp-json\/wp\/v2\/media?parent=120044"}],"wp:term":[{"taxonomy":"product_cat","embeddable":true,"href":"https:\/\/www.teka.com\/ro-ro\/wp-json\/wp\/v2\/product_cat?post=120044"},{"taxonomy":"product_cleaning_system","embeddable":true,"href":"https:\/\/www.teka.com\/ro-ro\/wp-json\/wp\/v2\/product_cleaning_system?post=120044"},{"taxonomy":"product_3rd_basket","embeddable":true,"href":"https:\/\/www.teka.com\/ro-ro\/wp-json\/wp\/v2\/product_3rd_basket?post=120044"},{"taxonomy":"product_drawers","embeddable":true,"href":"https:\/\/www.teka.com\/ro-ro\/wp-json\/wp\/v2\/product_drawers?post=120044"},{"taxonomy":"product_type_of_installation","embeddable":true,"href":"https:\/\/www.teka.com\/ro-ro\/wp-json\/wp\/v2\/product_type_of_installation?post=120044"},{"taxonomy":"product_edition","embeddable":true,"href":"https:\/\/www.teka.com\/ro-ro\/wp-json\/wp\/v2\/product_edition?post=120044"},{"taxonomy":"product_serie","embeddable":true,"href":"https:\/\/www.teka.com\/ro-ro\/wp-json\/wp\/v2\/product_serie?post=120044"},{"taxonomy":"product_features","embeddable":true,"href":"https:\/\/www.teka.com\/ro-ro\/wp-json\/wp\/v2\/product_features?post=120044"},{"taxonomy":"finishes","embeddable":true,"href":"https:\/\/www.teka.com\/ro-ro\/wp-json\/wp\/v2\/finishes?post=120044"},{"taxonomy":"product_bundles","embeddable":true,"href":"https:\/\/www.teka.com\/ro-ro\/wp-json\/wp\/v2\/product_bundles?post=120044"},{"taxonomy":"product_energy_efficiency","embeddable":true,"href":"https:\/\/www.teka.com\/ro-ro\/wp-json\/wp\/v2\/product_energy_efficiency?post=120044"},{"taxonomy":"product_video_training","embeddable":true,"href":"https:\/\/www.teka.com\/ro-ro\/wp-json\/wp\/v2\/product_video_training?post=120044"}],"curies":[{"name":"wp","href":"https:\/\/api.w.org\/{rel}","templated":true}]}}