{"id":120136,"date":"2026-05-08T13:46:16","date_gmt":"2026-05-08T13:46:16","guid":{"rendered":"https:\/\/teka.com\/es-es\/rbf-77360-fi_113560017"},"modified":"2026-05-07T06:30:25","modified_gmt":"2026-05-07T07:30:25","slug":"rbf-77360-fi_113560017","status":"publish","type":"product","link":"https:\/\/www.teka.com\/ro-ro\/produs\/rbf-77360-fi_113560017\/","title":{"rendered":"RBF 77360 FI"},"content":{"rendered":"<ul>\n<li>Combin\u0103 frigorific\u0103 \u00eencorporabil\u0103<\/li>\n<li>Usi reversibile<\/li>\n<li>LongLife No Frost<\/li>\n<li>Panou de control electronic, cu afisaj in partea superioara<\/li>\n<li>Sistem de iluminare LED<\/li>\n<li>Congelator 4*<\/li>\n<li>5 rafturi din sticla securizata, ajustabile pe inaltime<\/li>\n<li>3 sertare in congelator;<\/li>\n<li>Functie ECO \/ Vacanta<\/li>\n<\/ul>\n","protected":false},"featured_media":0,"parent":0,"template":"","product_cat":[273871],"product_cleaning_system":[],"product_3rd_basket":[],"product_drawers":[273215,273216],"product_type_of_installation":[273218],"product_edition":[],"product_serie":[],"product_features":[],"finishes":[],"product_bundles":[],"product_energy_efficiency":[],"product_video_training":[],"class_list":["post-120136","product","type-product","status-publish","hentry","product_cat-aparate-frigorifice","product_type_of_appliance-frigidere","product_icons-easy-90","product_icons-eco-function","product_icons-fresh-box","product_icons-led","product_icons-motor-inverter","product_icons-on-holidays-function","product_icons-zero-box","product_drawers-zero-box","product_drawers-fresh-box","product_type_of_installation-incorporabile"],"acf":[],"yoast_head":"<!-- This site is optimized with the Yoast SEO plugin v27.5 - https:\/\/yoast.com\/product\/yoast-seo-wordpress\/ -->\n<title>RBF 77360 FI | Teka Romania<\/title>\n<meta name=\"robots\" content=\"index, follow, max-snippet:-1, max-image-preview:large, max-video-preview:-1\" \/>\n<link rel=\"canonical\" href=\"https:\/\/www.teka.com\/ro-ro\/produs\/rbf-77360-fi_113560017\/\" \/>\n<meta property=\"og:locale\" content=\"ro_RO\" \/>\n<meta property=\"og:type\" content=\"article\" \/>\n<meta property=\"og:title\" content=\"RBF 77360 FI | Teka Romania\" \/>\n<meta property=\"og:description\" content=\"Combin\u0103 frigorific\u0103 \u00eencorporabil\u0103 Usi reversibile LongLife No Frost Panou de control electronic, cu afisaj in partea superioara Sistem de iluminare LED Congelator 4* 5 rafturi din sticla securizata, ajustabile pe inaltime 3 sertare in congelator; Functie ECO \/ Vacanta\" \/>\n<meta property=\"og:url\" content=\"https:\/\/www.teka.com\/ro-ro\/produs\/rbf-77360-fi_113560017\/\" \/>\n<meta property=\"og:site_name\" content=\"Teka Romania\" \/>\n<meta name=\"twitter:card\" content=\"summary_large_image\" \/>\n<script type=\"application\/ld+json\" class=\"yoast-schema-graph\">{\"@context\":\"https:\\\/\\\/schema.org\",\"@graph\":[{\"@type\":\"WebPage\",\"@id\":\"https:\\\/\\\/www.teka.com\\\/ro-ro\\\/produs\\\/rbf-77360-fi_113560017\\\/\",\"url\":\"https:\\\/\\\/www.teka.com\\\/ro-ro\\\/produs\\\/rbf-77360-fi_113560017\\\/\",\"name\":\"RBF 77360 FI | Teka Romania\",\"isPartOf\":{\"@id\":\"https:\\\/\\\/www.teka.com\\\/ro-ro\\\/#website\"},\"datePublished\":\"2026-05-08T13:46:16+00:00\",\"inLanguage\":\"ro-RO\",\"potentialAction\":[{\"@type\":\"ReadAction\",\"target\":[\"https:\\\/\\\/www.teka.com\\\/ro-ro\\\/produs\\\/rbf-77360-fi_113560017\\\/\"]}]},{\"@type\":\"WebSite\",\"@id\":\"https:\\\/\\\/www.teka.com\\\/ro-ro\\\/#website\",\"url\":\"https:\\\/\\\/www.teka.com\\\/ro-ro\\\/\",\"name\":\"Teka Romania\",\"description\":\"\",\"potentialAction\":[{\"@type\":\"SearchAction\",\"target\":{\"@type\":\"EntryPoint\",\"urlTemplate\":\"https:\\\/\\\/www.teka.com\\\/ro-ro\\\/?s={search_term_string}\"},\"query-input\":{\"@type\":\"PropertyValueSpecification\",\"valueRequired\":true,\"valueName\":\"search_term_string\"}}],\"inLanguage\":\"ro-RO\"}]}<\/script>\n<!-- \/ Yoast SEO plugin. -->","yoast_head_json":{"title":"RBF 77360 FI | Teka Romania","robots":{"index":"index","follow":"follow","max-snippet":"max-snippet:-1","max-image-preview":"max-image-preview:large","max-video-preview":"max-video-preview:-1"},"canonical":"https:\/\/www.teka.com\/ro-ro\/produs\/rbf-77360-fi_113560017\/","og_locale":"ro_RO","og_type":"article","og_title":"RBF 77360 FI | Teka Romania","og_description":"Combin\u0103 frigorific\u0103 \u00eencorporabil\u0103 Usi reversibile LongLife No Frost Panou de control electronic, cu afisaj in partea superioara Sistem de iluminare LED Congelator 4* 5 rafturi din sticla securizata, ajustabile pe inaltime 3 sertare in congelator; Functie ECO \/ Vacanta","og_url":"https:\/\/www.teka.com\/ro-ro\/produs\/rbf-77360-fi_113560017\/","og_site_name":"Teka Romania","twitter_card":"summary_large_image","schema":{"@context":"https:\/\/schema.org","@graph":[{"@type":"WebPage","@id":"https:\/\/www.teka.com\/ro-ro\/produs\/rbf-77360-fi_113560017\/","url":"https:\/\/www.teka.com\/ro-ro\/produs\/rbf-77360-fi_113560017\/","name":"RBF 77360 FI | Teka Romania","isPartOf":{"@id":"https:\/\/www.teka.com\/ro-ro\/#website"},"datePublished":"2026-05-08T13:46:16+00:00","inLanguage":"ro-RO","potentialAction":[{"@type":"ReadAction","target":["https:\/\/www.teka.com\/ro-ro\/produs\/rbf-77360-fi_113560017\/"]}]},{"@type":"WebSite","@id":"https:\/\/www.teka.com\/ro-ro\/#website","url":"https:\/\/www.teka.com\/ro-ro\/","name":"Teka Romania","description":"","potentialAction":[{"@type":"SearchAction","target":{"@type":"EntryPoint","urlTemplate":"https:\/\/www.teka.com\/ro-ro\/?s={search_term_string}"},"query-input":{"@type":"PropertyValueSpecification","valueRequired":true,"valueName":"search_term_string"}}],"inLanguage":"ro-RO"}]}},"_links":{"self":[{"href":"https:\/\/www.teka.com\/ro-ro\/wp-json\/wp\/v2\/product\/120136","targetHints":{"allow":["GET"]}}],"collection":[{"href":"https:\/\/www.teka.com\/ro-ro\/wp-json\/wp\/v2\/product"}],"about":[{"href":"https:\/\/www.teka.com\/ro-ro\/wp-json\/wp\/v2\/types\/product"}],"wp:attachment":[{"href":"https:\/\/www.teka.com\/ro-ro\/wp-json\/wp\/v2\/media?parent=120136"}],"wp:term":[{"taxonomy":"product_cat","embeddable":true,"href":"https:\/\/www.teka.com\/ro-ro\/wp-json\/wp\/v2\/product_cat?post=120136"},{"taxonomy":"product_cleaning_system","embeddable":true,"href":"https:\/\/www.teka.com\/ro-ro\/wp-json\/wp\/v2\/product_cleaning_system?post=120136"},{"taxonomy":"product_3rd_basket","embeddable":true,"href":"https:\/\/www.teka.com\/ro-ro\/wp-json\/wp\/v2\/product_3rd_basket?post=120136"},{"taxonomy":"product_drawers","embeddable":true,"href":"https:\/\/www.teka.com\/ro-ro\/wp-json\/wp\/v2\/product_drawers?post=120136"},{"taxonomy":"product_type_of_installation","embeddable":true,"href":"https:\/\/www.teka.com\/ro-ro\/wp-json\/wp\/v2\/product_type_of_installation?post=120136"},{"taxonomy":"product_edition","embeddable":true,"href":"https:\/\/www.teka.com\/ro-ro\/wp-json\/wp\/v2\/product_edition?post=120136"},{"taxonomy":"product_serie","embeddable":true,"href":"https:\/\/www.teka.com\/ro-ro\/wp-json\/wp\/v2\/product_serie?post=120136"},{"taxonomy":"product_features","embeddable":true,"href":"https:\/\/www.teka.com\/ro-ro\/wp-json\/wp\/v2\/product_features?post=120136"},{"taxonomy":"finishes","embeddable":true,"href":"https:\/\/www.teka.com\/ro-ro\/wp-json\/wp\/v2\/finishes?post=120136"},{"taxonomy":"product_bundles","embeddable":true,"href":"https:\/\/www.teka.com\/ro-ro\/wp-json\/wp\/v2\/product_bundles?post=120136"},{"taxonomy":"product_energy_efficiency","embeddable":true,"href":"https:\/\/www.teka.com\/ro-ro\/wp-json\/wp\/v2\/product_energy_efficiency?post=120136"},{"taxonomy":"product_video_training","embeddable":true,"href":"https:\/\/www.teka.com\/ro-ro\/wp-json\/wp\/v2\/product_video_training?post=120136"}],"curies":[{"name":"wp","href":"https:\/\/api.w.org\/{rel}","templated":true}]}}