{"id":120190,"date":"2026-04-25T18:51:07","date_gmt":"2026-04-25T18:51:07","guid":{"rendered":"https:\/\/teka.com\/ro-ro\/hlb-8415_111000052"},"modified":"2026-04-03T03:01:45","modified_gmt":"2026-04-03T04:01:45","slug":"hlb-8415_111000052","status":"publish","type":"product","link":"https:\/\/www.teka.com\/ro-ro\/produs\/hlb-8415_111000052\/","title":{"rendered":"HLB 8415"},"content":{"rendered":"<ul>\n<li>Colec\u0163ia Urban Colours<\/li>\n<li>Cuptor multifunc\u0163ional<\/li>\n<li>Sistem Surround Temp (Turbo) &#8211; 9 func\u0163ii de preparare<\/li>\n<li>Accesoriu STEAMBOX inclus<\/li>\n<li>Func\u0163ie ECO<\/li>\n<li>Sistem de cur\u0103\u0163are Teka HydroClean\u00ae PRO<\/li>\n<li>Control cu butoane<\/li>\n<li>Timer electronic<\/li>\n<li>1 sistem telescopic (5 nivele de preparare)<\/li>\n<\/ul>\n","protected":false},"featured_media":0,"parent":0,"template":"","product_cat":[273287],"product_cleaning_system":[3423],"product_3rd_basket":[],"product_drawers":[],"product_type_of_installation":[273218],"product_edition":[273585],"product_serie":[],"product_features":[],"finishes":[],"product_bundles":[],"product_energy_efficiency":[273830],"product_video_training":[273910,273912,273918,273929,273930],"class_list":["post-120190","product","type-product","status-publish","hentry","product_cat-cuptoare","usp-ovens-04","usp-ovens-06","usp-ovens-10","usp-ovens-11","usp-cookinglovers-01","color-sticla-neagra","product_type_of_appliance-multifunctionale","product_ambient-urban-colors-01","product_ambient-urban-colors-02","product_ambient-urban-colors-03","product_icons-hydroclean","product_icons-softclose","product_icons-70l","product_icons-plus-extension-telescopic-guide","product_icons-surroundtemp","product_icons-the-steambox-included","product_cleaning_system-hydroclean","product_type_of_installation-incorporabile","product_edition-night-river-black","product_energy_efficiency-a-plus-icon","product_video_training-trainingovens-01","product_video_training-trainingovens-02","product_video_training-trainingovens-05","product_video_training-trainingovens-11","product_video_training-trainingovens-12"],"acf":[],"yoast_head":"<!-- This site is optimized with the Yoast SEO plugin v27.5 - https:\/\/yoast.com\/product\/yoast-seo-wordpress\/ -->\n<title>HLB 8415 | Teka Romania<\/title>\n<meta name=\"robots\" content=\"index, follow, max-snippet:-1, max-image-preview:large, max-video-preview:-1\" \/>\n<link rel=\"canonical\" href=\"https:\/\/www.teka.com\/ro-ro\/produs\/hlb-8415_111000052\/\" \/>\n<meta property=\"og:locale\" content=\"ro_RO\" \/>\n<meta property=\"og:type\" content=\"article\" \/>\n<meta property=\"og:title\" content=\"HLB 8415 | Teka Romania\" \/>\n<meta property=\"og:description\" content=\"Colec\u0163ia Urban Colours Cuptor multifunc\u0163ional Sistem Surround Temp (Turbo) &#8211; 9 func\u0163ii de preparare Accesoriu STEAMBOX inclus Func\u0163ie ECO Sistem de cur\u0103\u0163are Teka HydroClean\u00ae PRO Control cu butoane Timer electronic 1 sistem telescopic (5 nivele de preparare)\" \/>\n<meta property=\"og:url\" content=\"https:\/\/www.teka.com\/ro-ro\/produs\/hlb-8415_111000052\/\" \/>\n<meta property=\"og:site_name\" content=\"Teka Romania\" \/>\n<meta name=\"twitter:card\" content=\"summary_large_image\" \/>\n<script type=\"application\/ld+json\" class=\"yoast-schema-graph\">{\"@context\":\"https:\\\/\\\/schema.org\",\"@graph\":[{\"@type\":\"WebPage\",\"@id\":\"https:\\\/\\\/www.teka.com\\\/ro-ro\\\/produs\\\/hlb-8415_111000052\\\/\",\"url\":\"https:\\\/\\\/www.teka.com\\\/ro-ro\\\/produs\\\/hlb-8415_111000052\\\/\",\"name\":\"HLB 8415 | Teka Romania\",\"isPartOf\":{\"@id\":\"https:\\\/\\\/www.teka.com\\\/ro-ro\\\/#website\"},\"datePublished\":\"2026-04-25T18:51:07+00:00\",\"inLanguage\":\"ro-RO\",\"potentialAction\":[{\"@type\":\"ReadAction\",\"target\":[\"https:\\\/\\\/www.teka.com\\\/ro-ro\\\/produs\\\/hlb-8415_111000052\\\/\"]}]},{\"@type\":\"WebSite\",\"@id\":\"https:\\\/\\\/www.teka.com\\\/ro-ro\\\/#website\",\"url\":\"https:\\\/\\\/www.teka.com\\\/ro-ro\\\/\",\"name\":\"Teka Romania\",\"description\":\"\",\"potentialAction\":[{\"@type\":\"SearchAction\",\"target\":{\"@type\":\"EntryPoint\",\"urlTemplate\":\"https:\\\/\\\/www.teka.com\\\/ro-ro\\\/?s={search_term_string}\"},\"query-input\":{\"@type\":\"PropertyValueSpecification\",\"valueRequired\":true,\"valueName\":\"search_term_string\"}}],\"inLanguage\":\"ro-RO\"}]}<\/script>\n<!-- \/ Yoast SEO plugin. -->","yoast_head_json":{"title":"HLB 8415 | Teka Romania","robots":{"index":"index","follow":"follow","max-snippet":"max-snippet:-1","max-image-preview":"max-image-preview:large","max-video-preview":"max-video-preview:-1"},"canonical":"https:\/\/www.teka.com\/ro-ro\/produs\/hlb-8415_111000052\/","og_locale":"ro_RO","og_type":"article","og_title":"HLB 8415 | Teka Romania","og_description":"Colec\u0163ia Urban Colours Cuptor multifunc\u0163ional Sistem Surround Temp (Turbo) &#8211; 9 func\u0163ii de preparare Accesoriu STEAMBOX inclus Func\u0163ie ECO Sistem de cur\u0103\u0163are Teka HydroClean\u00ae PRO Control cu butoane Timer electronic 1 sistem telescopic (5 nivele de preparare)","og_url":"https:\/\/www.teka.com\/ro-ro\/produs\/hlb-8415_111000052\/","og_site_name":"Teka Romania","twitter_card":"summary_large_image","schema":{"@context":"https:\/\/schema.org","@graph":[{"@type":"WebPage","@id":"https:\/\/www.teka.com\/ro-ro\/produs\/hlb-8415_111000052\/","url":"https:\/\/www.teka.com\/ro-ro\/produs\/hlb-8415_111000052\/","name":"HLB 8415 | Teka Romania","isPartOf":{"@id":"https:\/\/www.teka.com\/ro-ro\/#website"},"datePublished":"2026-04-25T18:51:07+00:00","inLanguage":"ro-RO","potentialAction":[{"@type":"ReadAction","target":["https:\/\/www.teka.com\/ro-ro\/produs\/hlb-8415_111000052\/"]}]},{"@type":"WebSite","@id":"https:\/\/www.teka.com\/ro-ro\/#website","url":"https:\/\/www.teka.com\/ro-ro\/","name":"Teka Romania","description":"","potentialAction":[{"@type":"SearchAction","target":{"@type":"EntryPoint","urlTemplate":"https:\/\/www.teka.com\/ro-ro\/?s={search_term_string}"},"query-input":{"@type":"PropertyValueSpecification","valueRequired":true,"valueName":"search_term_string"}}],"inLanguage":"ro-RO"}]}},"_links":{"self":[{"href":"https:\/\/www.teka.com\/ro-ro\/wp-json\/wp\/v2\/product\/120190","targetHints":{"allow":["GET"]}}],"collection":[{"href":"https:\/\/www.teka.com\/ro-ro\/wp-json\/wp\/v2\/product"}],"about":[{"href":"https:\/\/www.teka.com\/ro-ro\/wp-json\/wp\/v2\/types\/product"}],"wp:attachment":[{"href":"https:\/\/www.teka.com\/ro-ro\/wp-json\/wp\/v2\/media?parent=120190"}],"wp:term":[{"taxonomy":"product_cat","embeddable":true,"href":"https:\/\/www.teka.com\/ro-ro\/wp-json\/wp\/v2\/product_cat?post=120190"},{"taxonomy":"product_cleaning_system","embeddable":true,"href":"https:\/\/www.teka.com\/ro-ro\/wp-json\/wp\/v2\/product_cleaning_system?post=120190"},{"taxonomy":"product_3rd_basket","embeddable":true,"href":"https:\/\/www.teka.com\/ro-ro\/wp-json\/wp\/v2\/product_3rd_basket?post=120190"},{"taxonomy":"product_drawers","embeddable":true,"href":"https:\/\/www.teka.com\/ro-ro\/wp-json\/wp\/v2\/product_drawers?post=120190"},{"taxonomy":"product_type_of_installation","embeddable":true,"href":"https:\/\/www.teka.com\/ro-ro\/wp-json\/wp\/v2\/product_type_of_installation?post=120190"},{"taxonomy":"product_edition","embeddable":true,"href":"https:\/\/www.teka.com\/ro-ro\/wp-json\/wp\/v2\/product_edition?post=120190"},{"taxonomy":"product_serie","embeddable":true,"href":"https:\/\/www.teka.com\/ro-ro\/wp-json\/wp\/v2\/product_serie?post=120190"},{"taxonomy":"product_features","embeddable":true,"href":"https:\/\/www.teka.com\/ro-ro\/wp-json\/wp\/v2\/product_features?post=120190"},{"taxonomy":"finishes","embeddable":true,"href":"https:\/\/www.teka.com\/ro-ro\/wp-json\/wp\/v2\/finishes?post=120190"},{"taxonomy":"product_bundles","embeddable":true,"href":"https:\/\/www.teka.com\/ro-ro\/wp-json\/wp\/v2\/product_bundles?post=120190"},{"taxonomy":"product_energy_efficiency","embeddable":true,"href":"https:\/\/www.teka.com\/ro-ro\/wp-json\/wp\/v2\/product_energy_efficiency?post=120190"},{"taxonomy":"product_video_training","embeddable":true,"href":"https:\/\/www.teka.com\/ro-ro\/wp-json\/wp\/v2\/product_video_training?post=120190"}],"curies":[{"name":"wp","href":"https:\/\/api.w.org\/{rel}","templated":true}]}}