{"id":120191,"date":"2026-04-26T18:46:57","date_gmt":"2026-04-26T18:46:57","guid":{"rendered":"https:\/\/teka.com\/en-int\/dvi-98-g1-eos-bm_112930071"},"modified":"2026-03-14T08:42:14","modified_gmt":"2026-03-14T09:42:14","slug":"dvi-98-g1-eos-bm_112930071","status":"publish","type":"product","link":"https:\/\/www.teka.com\/ro-ro\/produs\/dvi-98-g1-eos-bm_112930071\/","title":{"rendered":"DVI 98-G1 EOS BM"},"content":{"rendered":"<ul>\n<li>Infinity G1. Hot\u0103 90 cm cu design vertical<\/li>\n<li>Sistem de extrac\u0163ie perimetral\u0103<\/li>\n<li>Functie Fresh AIR (10 min ON \/ 50 min OFF)<\/li>\n<li>Motor Eco Power Brushless<\/li>\n<li>Paravan sticl\u0103 de culoare neagr\u0103<\/li>\n<li>Control cu butoane \/ Timer<\/li>\n<li>2 becuri LED \/ 3 trepte putere + 1 Turbo<\/li>\n<li>Indicator pentru saturarea filtrelor<\/li>\n<\/ul>\n","protected":false},"featured_media":0,"parent":0,"template":"","product_cat":[273285],"product_cleaning_system":[],"product_3rd_basket":[],"product_drawers":[],"product_type_of_installation":[],"product_edition":[],"product_serie":[],"product_features":[],"finishes":[],"product_bundles":[],"product_energy_efficiency":[273830],"product_video_training":[],"class_list":["post-120191","product","type-product","status-publish","hentry","product_cat-hote","usp-infinityg1-01","usp-infinityg1-02","usp-infinityg1-03","usp-infinityg1-11","usp-infinityg1-12","usp-infinityg1-13","usp-cookinglovers-01","color-black-matt","product_type_of_appliance-decorative","product_ambient-infinityg1","product_icons-freshair","product_icons-led","product_icons-perimeter-extraction","product_icons-stop-delay-timer","product_energy_efficiency-a-plus-icon"],"acf":[],"yoast_head":"<!-- This site is optimized with the Yoast SEO plugin v27.5 - https:\/\/yoast.com\/product\/yoast-seo-wordpress\/ -->\n<title>DVI 98-G1 EOS BM | Teka Romania<\/title>\n<meta name=\"robots\" content=\"index, follow, max-snippet:-1, max-image-preview:large, max-video-preview:-1\" \/>\n<link rel=\"canonical\" href=\"https:\/\/www.teka.com\/ro-ro\/produs\/dvi-98-g1-eos-bm_112930071\/\" \/>\n<meta property=\"og:locale\" content=\"ro_RO\" \/>\n<meta property=\"og:type\" content=\"article\" \/>\n<meta property=\"og:title\" content=\"DVI 98-G1 EOS BM | Teka Romania\" \/>\n<meta property=\"og:description\" content=\"Infinity G1. Hot\u0103 90 cm cu design vertical Sistem de extrac\u0163ie perimetral\u0103 Functie Fresh AIR (10 min ON \/ 50 min OFF) Motor Eco Power Brushless Paravan sticl\u0103 de culoare neagr\u0103 Control cu butoane \/ Timer 2 becuri LED \/ 3 trepte putere + 1 Turbo Indicator pentru saturarea filtrelor\" \/>\n<meta property=\"og:url\" content=\"https:\/\/www.teka.com\/ro-ro\/produs\/dvi-98-g1-eos-bm_112930071\/\" \/>\n<meta property=\"og:site_name\" content=\"Teka Romania\" \/>\n<meta name=\"twitter:card\" content=\"summary_large_image\" \/>\n<script type=\"application\/ld+json\" class=\"yoast-schema-graph\">{\"@context\":\"https:\\\/\\\/schema.org\",\"@graph\":[{\"@type\":\"WebPage\",\"@id\":\"https:\\\/\\\/www.teka.com\\\/ro-ro\\\/produs\\\/dvi-98-g1-eos-bm_112930071\\\/\",\"url\":\"https:\\\/\\\/www.teka.com\\\/ro-ro\\\/produs\\\/dvi-98-g1-eos-bm_112930071\\\/\",\"name\":\"DVI 98-G1 EOS BM | Teka Romania\",\"isPartOf\":{\"@id\":\"https:\\\/\\\/www.teka.com\\\/ro-ro\\\/#website\"},\"datePublished\":\"2026-04-26T18:46:57+00:00\",\"inLanguage\":\"ro-RO\",\"potentialAction\":[{\"@type\":\"ReadAction\",\"target\":[\"https:\\\/\\\/www.teka.com\\\/ro-ro\\\/produs\\\/dvi-98-g1-eos-bm_112930071\\\/\"]}]},{\"@type\":\"WebSite\",\"@id\":\"https:\\\/\\\/www.teka.com\\\/ro-ro\\\/#website\",\"url\":\"https:\\\/\\\/www.teka.com\\\/ro-ro\\\/\",\"name\":\"Teka Romania\",\"description\":\"\",\"potentialAction\":[{\"@type\":\"SearchAction\",\"target\":{\"@type\":\"EntryPoint\",\"urlTemplate\":\"https:\\\/\\\/www.teka.com\\\/ro-ro\\\/?s={search_term_string}\"},\"query-input\":{\"@type\":\"PropertyValueSpecification\",\"valueRequired\":true,\"valueName\":\"search_term_string\"}}],\"inLanguage\":\"ro-RO\"}]}<\/script>\n<!-- \/ Yoast SEO plugin. -->","yoast_head_json":{"title":"DVI 98-G1 EOS BM | Teka Romania","robots":{"index":"index","follow":"follow","max-snippet":"max-snippet:-1","max-image-preview":"max-image-preview:large","max-video-preview":"max-video-preview:-1"},"canonical":"https:\/\/www.teka.com\/ro-ro\/produs\/dvi-98-g1-eos-bm_112930071\/","og_locale":"ro_RO","og_type":"article","og_title":"DVI 98-G1 EOS BM | Teka Romania","og_description":"Infinity G1. Hot\u0103 90 cm cu design vertical Sistem de extrac\u0163ie perimetral\u0103 Functie Fresh AIR (10 min ON \/ 50 min OFF) Motor Eco Power Brushless Paravan sticl\u0103 de culoare neagr\u0103 Control cu butoane \/ Timer 2 becuri LED \/ 3 trepte putere + 1 Turbo Indicator pentru saturarea filtrelor","og_url":"https:\/\/www.teka.com\/ro-ro\/produs\/dvi-98-g1-eos-bm_112930071\/","og_site_name":"Teka Romania","twitter_card":"summary_large_image","schema":{"@context":"https:\/\/schema.org","@graph":[{"@type":"WebPage","@id":"https:\/\/www.teka.com\/ro-ro\/produs\/dvi-98-g1-eos-bm_112930071\/","url":"https:\/\/www.teka.com\/ro-ro\/produs\/dvi-98-g1-eos-bm_112930071\/","name":"DVI 98-G1 EOS BM | Teka Romania","isPartOf":{"@id":"https:\/\/www.teka.com\/ro-ro\/#website"},"datePublished":"2026-04-26T18:46:57+00:00","inLanguage":"ro-RO","potentialAction":[{"@type":"ReadAction","target":["https:\/\/www.teka.com\/ro-ro\/produs\/dvi-98-g1-eos-bm_112930071\/"]}]},{"@type":"WebSite","@id":"https:\/\/www.teka.com\/ro-ro\/#website","url":"https:\/\/www.teka.com\/ro-ro\/","name":"Teka Romania","description":"","potentialAction":[{"@type":"SearchAction","target":{"@type":"EntryPoint","urlTemplate":"https:\/\/www.teka.com\/ro-ro\/?s={search_term_string}"},"query-input":{"@type":"PropertyValueSpecification","valueRequired":true,"valueName":"search_term_string"}}],"inLanguage":"ro-RO"}]}},"_links":{"self":[{"href":"https:\/\/www.teka.com\/ro-ro\/wp-json\/wp\/v2\/product\/120191","targetHints":{"allow":["GET"]}}],"collection":[{"href":"https:\/\/www.teka.com\/ro-ro\/wp-json\/wp\/v2\/product"}],"about":[{"href":"https:\/\/www.teka.com\/ro-ro\/wp-json\/wp\/v2\/types\/product"}],"wp:attachment":[{"href":"https:\/\/www.teka.com\/ro-ro\/wp-json\/wp\/v2\/media?parent=120191"}],"wp:term":[{"taxonomy":"product_cat","embeddable":true,"href":"https:\/\/www.teka.com\/ro-ro\/wp-json\/wp\/v2\/product_cat?post=120191"},{"taxonomy":"product_cleaning_system","embeddable":true,"href":"https:\/\/www.teka.com\/ro-ro\/wp-json\/wp\/v2\/product_cleaning_system?post=120191"},{"taxonomy":"product_3rd_basket","embeddable":true,"href":"https:\/\/www.teka.com\/ro-ro\/wp-json\/wp\/v2\/product_3rd_basket?post=120191"},{"taxonomy":"product_drawers","embeddable":true,"href":"https:\/\/www.teka.com\/ro-ro\/wp-json\/wp\/v2\/product_drawers?post=120191"},{"taxonomy":"product_type_of_installation","embeddable":true,"href":"https:\/\/www.teka.com\/ro-ro\/wp-json\/wp\/v2\/product_type_of_installation?post=120191"},{"taxonomy":"product_edition","embeddable":true,"href":"https:\/\/www.teka.com\/ro-ro\/wp-json\/wp\/v2\/product_edition?post=120191"},{"taxonomy":"product_serie","embeddable":true,"href":"https:\/\/www.teka.com\/ro-ro\/wp-json\/wp\/v2\/product_serie?post=120191"},{"taxonomy":"product_features","embeddable":true,"href":"https:\/\/www.teka.com\/ro-ro\/wp-json\/wp\/v2\/product_features?post=120191"},{"taxonomy":"finishes","embeddable":true,"href":"https:\/\/www.teka.com\/ro-ro\/wp-json\/wp\/v2\/finishes?post=120191"},{"taxonomy":"product_bundles","embeddable":true,"href":"https:\/\/www.teka.com\/ro-ro\/wp-json\/wp\/v2\/product_bundles?post=120191"},{"taxonomy":"product_energy_efficiency","embeddable":true,"href":"https:\/\/www.teka.com\/ro-ro\/wp-json\/wp\/v2\/product_energy_efficiency?post=120191"},{"taxonomy":"product_video_training","embeddable":true,"href":"https:\/\/www.teka.com\/ro-ro\/wp-json\/wp\/v2\/product_video_training?post=120191"}],"curies":[{"name":"wp","href":"https:\/\/api.w.org\/{rel}","templated":true}]}}