{"id":120192,"date":"2026-05-14T14:51:07","date_gmt":"2026-05-14T14:51:07","guid":{"rendered":"https:\/\/teka.com\/en-int\/nfl-342-c_113420000"},"modified":"2026-05-07T04:59:48","modified_gmt":"2026-05-07T05:59:48","slug":"nfl-342-c_113420000","status":"publish","type":"product","link":"https:\/\/www.teka.com\/ro-ro\/produs\/nfl-342-c_113420000\/","title":{"rendered":"NFL 342 C"},"content":{"rendered":"<ul>\n<li>U\u015fi reversibile<\/li>\n<li>Full No Frost<\/li>\n<li>Control electronic<\/li>\n<li>Functii congelare rapid\u0103 &amp; racire rapid\u0103<\/li>\n<li>Sistem de iluminare interioar\u0103 LED<\/li>\n<li>Congelator 4*<\/li>\n<li>Rafturi din sticl\u0103 securizat\u0103 ajustabile pe \u00een\u0103l\u0163ime<\/li>\n<li>2 sertare pentru legume-fructe<\/li>\n<li>FRESH BOX \u2013 reglarea temperaturii si umiditatii<\/li>\n<\/ul>\n","protected":false},"featured_media":0,"parent":0,"template":"","product_cat":[273871],"product_cleaning_system":[],"product_3rd_basket":[],"product_drawers":[273216],"product_type_of_installation":[273212],"product_edition":[],"product_serie":[],"product_features":[],"finishes":[],"product_bundles":[],"product_energy_efficiency":[273326],"product_video_training":[],"class_list":["post-120192","product","type-product","status-publish","hentry","product_cat-aparate-frigorifice","usp-coldline-01","color-inox","product_type_of_appliance-frigidere","product_icons-fresh-box","product_icons-full-no-frost","product_icons-led","product_drawers-fresh-box","product_type_of_installation-free-standing","product_energy_efficiency-e-ue-icon-new"],"acf":[],"yoast_head":"<!-- This site is optimized with the Yoast SEO plugin v27.5 - https:\/\/yoast.com\/product\/yoast-seo-wordpress\/ -->\n<title>NFL 342 C | Teka Romania<\/title>\n<meta name=\"robots\" content=\"index, follow, max-snippet:-1, max-image-preview:large, max-video-preview:-1\" \/>\n<link rel=\"canonical\" href=\"https:\/\/www.teka.com\/ro-ro\/produs\/nfl-342-c_113420000\/\" \/>\n<meta property=\"og:locale\" content=\"ro_RO\" \/>\n<meta property=\"og:type\" content=\"article\" \/>\n<meta property=\"og:title\" content=\"NFL 342 C | Teka Romania\" \/>\n<meta property=\"og:description\" content=\"U\u015fi reversibile Full No Frost Control electronic Functii congelare rapid\u0103 &amp; racire rapid\u0103 Sistem de iluminare interioar\u0103 LED Congelator 4* Rafturi din sticl\u0103 securizat\u0103 ajustabile pe \u00een\u0103l\u0163ime 2 sertare pentru legume-fructe FRESH BOX \u2013 reglarea temperaturii si umiditatii\" \/>\n<meta property=\"og:url\" content=\"https:\/\/www.teka.com\/ro-ro\/produs\/nfl-342-c_113420000\/\" \/>\n<meta property=\"og:site_name\" content=\"Teka Romania\" \/>\n<meta name=\"twitter:card\" content=\"summary_large_image\" \/>\n<script type=\"application\/ld+json\" class=\"yoast-schema-graph\">{\"@context\":\"https:\\\/\\\/schema.org\",\"@graph\":[{\"@type\":\"WebPage\",\"@id\":\"https:\\\/\\\/www.teka.com\\\/ro-ro\\\/produs\\\/nfl-342-c_113420000\\\/\",\"url\":\"https:\\\/\\\/www.teka.com\\\/ro-ro\\\/produs\\\/nfl-342-c_113420000\\\/\",\"name\":\"NFL 342 C | Teka Romania\",\"isPartOf\":{\"@id\":\"https:\\\/\\\/www.teka.com\\\/ro-ro\\\/#website\"},\"datePublished\":\"2026-05-14T14:51:07+00:00\",\"inLanguage\":\"ro-RO\",\"potentialAction\":[{\"@type\":\"ReadAction\",\"target\":[\"https:\\\/\\\/www.teka.com\\\/ro-ro\\\/produs\\\/nfl-342-c_113420000\\\/\"]}]},{\"@type\":\"WebSite\",\"@id\":\"https:\\\/\\\/www.teka.com\\\/ro-ro\\\/#website\",\"url\":\"https:\\\/\\\/www.teka.com\\\/ro-ro\\\/\",\"name\":\"Teka Romania\",\"description\":\"\",\"potentialAction\":[{\"@type\":\"SearchAction\",\"target\":{\"@type\":\"EntryPoint\",\"urlTemplate\":\"https:\\\/\\\/www.teka.com\\\/ro-ro\\\/?s={search_term_string}\"},\"query-input\":{\"@type\":\"PropertyValueSpecification\",\"valueRequired\":true,\"valueName\":\"search_term_string\"}}],\"inLanguage\":\"ro-RO\"}]}<\/script>\n<!-- \/ Yoast SEO plugin. -->","yoast_head_json":{"title":"NFL 342 C | Teka Romania","robots":{"index":"index","follow":"follow","max-snippet":"max-snippet:-1","max-image-preview":"max-image-preview:large","max-video-preview":"max-video-preview:-1"},"canonical":"https:\/\/www.teka.com\/ro-ro\/produs\/nfl-342-c_113420000\/","og_locale":"ro_RO","og_type":"article","og_title":"NFL 342 C | Teka Romania","og_description":"U\u015fi reversibile Full No Frost Control electronic Functii congelare rapid\u0103 &amp; racire rapid\u0103 Sistem de iluminare interioar\u0103 LED Congelator 4* Rafturi din sticl\u0103 securizat\u0103 ajustabile pe \u00een\u0103l\u0163ime 2 sertare pentru legume-fructe FRESH BOX \u2013 reglarea temperaturii si umiditatii","og_url":"https:\/\/www.teka.com\/ro-ro\/produs\/nfl-342-c_113420000\/","og_site_name":"Teka Romania","twitter_card":"summary_large_image","schema":{"@context":"https:\/\/schema.org","@graph":[{"@type":"WebPage","@id":"https:\/\/www.teka.com\/ro-ro\/produs\/nfl-342-c_113420000\/","url":"https:\/\/www.teka.com\/ro-ro\/produs\/nfl-342-c_113420000\/","name":"NFL 342 C | Teka Romania","isPartOf":{"@id":"https:\/\/www.teka.com\/ro-ro\/#website"},"datePublished":"2026-05-14T14:51:07+00:00","inLanguage":"ro-RO","potentialAction":[{"@type":"ReadAction","target":["https:\/\/www.teka.com\/ro-ro\/produs\/nfl-342-c_113420000\/"]}]},{"@type":"WebSite","@id":"https:\/\/www.teka.com\/ro-ro\/#website","url":"https:\/\/www.teka.com\/ro-ro\/","name":"Teka Romania","description":"","potentialAction":[{"@type":"SearchAction","target":{"@type":"EntryPoint","urlTemplate":"https:\/\/www.teka.com\/ro-ro\/?s={search_term_string}"},"query-input":{"@type":"PropertyValueSpecification","valueRequired":true,"valueName":"search_term_string"}}],"inLanguage":"ro-RO"}]}},"_links":{"self":[{"href":"https:\/\/www.teka.com\/ro-ro\/wp-json\/wp\/v2\/product\/120192","targetHints":{"allow":["GET"]}}],"collection":[{"href":"https:\/\/www.teka.com\/ro-ro\/wp-json\/wp\/v2\/product"}],"about":[{"href":"https:\/\/www.teka.com\/ro-ro\/wp-json\/wp\/v2\/types\/product"}],"wp:attachment":[{"href":"https:\/\/www.teka.com\/ro-ro\/wp-json\/wp\/v2\/media?parent=120192"}],"wp:term":[{"taxonomy":"product_cat","embeddable":true,"href":"https:\/\/www.teka.com\/ro-ro\/wp-json\/wp\/v2\/product_cat?post=120192"},{"taxonomy":"product_cleaning_system","embeddable":true,"href":"https:\/\/www.teka.com\/ro-ro\/wp-json\/wp\/v2\/product_cleaning_system?post=120192"},{"taxonomy":"product_3rd_basket","embeddable":true,"href":"https:\/\/www.teka.com\/ro-ro\/wp-json\/wp\/v2\/product_3rd_basket?post=120192"},{"taxonomy":"product_drawers","embeddable":true,"href":"https:\/\/www.teka.com\/ro-ro\/wp-json\/wp\/v2\/product_drawers?post=120192"},{"taxonomy":"product_type_of_installation","embeddable":true,"href":"https:\/\/www.teka.com\/ro-ro\/wp-json\/wp\/v2\/product_type_of_installation?post=120192"},{"taxonomy":"product_edition","embeddable":true,"href":"https:\/\/www.teka.com\/ro-ro\/wp-json\/wp\/v2\/product_edition?post=120192"},{"taxonomy":"product_serie","embeddable":true,"href":"https:\/\/www.teka.com\/ro-ro\/wp-json\/wp\/v2\/product_serie?post=120192"},{"taxonomy":"product_features","embeddable":true,"href":"https:\/\/www.teka.com\/ro-ro\/wp-json\/wp\/v2\/product_features?post=120192"},{"taxonomy":"finishes","embeddable":true,"href":"https:\/\/www.teka.com\/ro-ro\/wp-json\/wp\/v2\/finishes?post=120192"},{"taxonomy":"product_bundles","embeddable":true,"href":"https:\/\/www.teka.com\/ro-ro\/wp-json\/wp\/v2\/product_bundles?post=120192"},{"taxonomy":"product_energy_efficiency","embeddable":true,"href":"https:\/\/www.teka.com\/ro-ro\/wp-json\/wp\/v2\/product_energy_efficiency?post=120192"},{"taxonomy":"product_video_training","embeddable":true,"href":"https:\/\/www.teka.com\/ro-ro\/wp-json\/wp\/v2\/product_video_training?post=120192"}],"curies":[{"name":"wp","href":"https:\/\/api.w.org\/{rel}","templated":true}]}}