{"id":120214,"date":"2026-04-05T02:25:23","date_gmt":"2026-04-05T02:25:23","guid":{"rendered":"https:\/\/teka.com\/en-int\/radea-r10-5040-m-tg_115230051"},"modified":"2026-03-14T08:17:01","modified_gmt":"2026-03-14T09:17:01","slug":"radea-r10-5040-m-tg_115230051","status":"publish","type":"product","link":"https:\/\/www.teka.com\/ro-ro\/produs\/radea-r10-5040-m-tg_115230051\/","title":{"rendered":"Radea R10 50.40 M-TG"},"content":{"rendered":"<ul>\n<li>Colectia Radea<\/li>\n<li>Chiuvet\u0103 Tegranite+<\/li>\n<li>1 cuv\u0103<\/li>\n<li>Suprafa\u021b\u0103 cu rezisten\u021b\u0103 ridicat\u0103 la impact, \u0219ocuri termice \u0219i temperaturi ridicate<\/li>\n<li>Rezisten\u021b\u0103 excelent\u0103 la razele UV \u015fi \u00eempotriva decolor\u0103rii<\/li>\n<li>Suprafa\u021b\u0103 cu protec\u0163ie antibacterian\u0103 foarte u\u0219or de cur\u0103\u021bat<\/li>\n<li>Instalare 2 in 1: Top &amp; Undermount<\/li>\n<li>Set de scurgere 3 \u00bd PerfectFlow cu preaplin<\/li>\n<\/ul>\n","protected":false},"featured_media":0,"parent":0,"template":"","product_cat":[273281],"product_cleaning_system":[],"product_3rd_basket":[],"product_drawers":[],"product_type_of_installation":[273234,273235],"product_edition":[],"product_serie":[],"product_features":[],"finishes":[],"product_bundles":[],"product_energy_efficiency":[],"product_video_training":[],"class_list":["post-120214","product","type-product","status-publish","hentry","product_cat-chiuvete","usp-sinks-06","usp-tegranite-01","color-carbon","product_type_of_appliance-granit","product_icons-200mm","product_icons-colour_intensity","product_icons-easy_clean","product_icons-food_safe","product_icons-scratch_proof","product_type_of_installation-inset","product_type_of_installation-undermount"],"acf":[],"yoast_head":"<!-- This site is optimized with the Yoast SEO plugin v27.2 - https:\/\/yoast.com\/product\/yoast-seo-wordpress\/ -->\n<title>Radea R10 50.40 M-TG | Teka Romania<\/title>\n<meta name=\"robots\" content=\"index, follow, max-snippet:-1, max-image-preview:large, max-video-preview:-1\" \/>\n<link rel=\"canonical\" href=\"https:\/\/www.teka.com\/ro-ro\/produs\/radea-r10-5040-m-tg_115230051\/\" \/>\n<meta property=\"og:locale\" content=\"ro_RO\" \/>\n<meta property=\"og:type\" content=\"article\" \/>\n<meta property=\"og:title\" content=\"Radea R10 50.40 M-TG | Teka Romania\" \/>\n<meta property=\"og:description\" content=\"Colectia Radea Chiuvet\u0103 Tegranite+ 1 cuv\u0103 Suprafa\u021b\u0103 cu rezisten\u021b\u0103 ridicat\u0103 la impact, \u0219ocuri termice \u0219i temperaturi ridicate Rezisten\u021b\u0103 excelent\u0103 la razele UV \u015fi \u00eempotriva decolor\u0103rii Suprafa\u021b\u0103 cu protec\u0163ie antibacterian\u0103 foarte u\u0219or de cur\u0103\u021bat Instalare 2 in 1: Top &amp; Undermount Set de scurgere 3 \u00bd PerfectFlow cu preaplin\" \/>\n<meta property=\"og:url\" content=\"https:\/\/www.teka.com\/ro-ro\/produs\/radea-r10-5040-m-tg_115230051\/\" \/>\n<meta property=\"og:site_name\" content=\"Teka Romania\" \/>\n<meta name=\"twitter:card\" content=\"summary_large_image\" \/>\n<script type=\"application\/ld+json\" class=\"yoast-schema-graph\">{\"@context\":\"https:\/\/schema.org\",\"@graph\":[{\"@type\":\"WebPage\",\"@id\":\"https:\/\/www.teka.com\/ro-ro\/produs\/radea-r10-5040-m-tg_115230051\/\",\"url\":\"https:\/\/www.teka.com\/ro-ro\/produs\/radea-r10-5040-m-tg_115230051\/\",\"name\":\"Radea R10 50.40 M-TG | Teka Romania\",\"isPartOf\":{\"@id\":\"https:\/\/www.teka.com\/ro-ro\/#website\"},\"datePublished\":\"2026-04-05T02:25:23+00:00\",\"inLanguage\":\"ro-RO\",\"potentialAction\":[{\"@type\":\"ReadAction\",\"target\":[\"https:\/\/www.teka.com\/ro-ro\/produs\/radea-r10-5040-m-tg_115230051\/\"]}]},{\"@type\":\"WebSite\",\"@id\":\"https:\/\/www.teka.com\/ro-ro\/#website\",\"url\":\"https:\/\/www.teka.com\/ro-ro\/\",\"name\":\"Teka Romania\",\"description\":\"\",\"potentialAction\":[{\"@type\":\"SearchAction\",\"target\":{\"@type\":\"EntryPoint\",\"urlTemplate\":\"https:\/\/www.teka.com\/ro-ro\/?s={search_term_string}\"},\"query-input\":{\"@type\":\"PropertyValueSpecification\",\"valueRequired\":true,\"valueName\":\"search_term_string\"}}],\"inLanguage\":\"ro-RO\"}]}<\/script>\n<!-- \/ Yoast SEO plugin. -->","yoast_head_json":{"title":"Radea R10 50.40 M-TG | Teka Romania","robots":{"index":"index","follow":"follow","max-snippet":"max-snippet:-1","max-image-preview":"max-image-preview:large","max-video-preview":"max-video-preview:-1"},"canonical":"https:\/\/www.teka.com\/ro-ro\/produs\/radea-r10-5040-m-tg_115230051\/","og_locale":"ro_RO","og_type":"article","og_title":"Radea R10 50.40 M-TG | Teka Romania","og_description":"Colectia Radea Chiuvet\u0103 Tegranite+ 1 cuv\u0103 Suprafa\u021b\u0103 cu rezisten\u021b\u0103 ridicat\u0103 la impact, \u0219ocuri termice \u0219i temperaturi ridicate Rezisten\u021b\u0103 excelent\u0103 la razele UV \u015fi \u00eempotriva decolor\u0103rii Suprafa\u021b\u0103 cu protec\u0163ie antibacterian\u0103 foarte u\u0219or de cur\u0103\u021bat Instalare 2 in 1: Top &amp; Undermount Set de scurgere 3 \u00bd PerfectFlow cu preaplin","og_url":"https:\/\/www.teka.com\/ro-ro\/produs\/radea-r10-5040-m-tg_115230051\/","og_site_name":"Teka Romania","twitter_card":"summary_large_image","schema":{"@context":"https:\/\/schema.org","@graph":[{"@type":"WebPage","@id":"https:\/\/www.teka.com\/ro-ro\/produs\/radea-r10-5040-m-tg_115230051\/","url":"https:\/\/www.teka.com\/ro-ro\/produs\/radea-r10-5040-m-tg_115230051\/","name":"Radea R10 50.40 M-TG | Teka Romania","isPartOf":{"@id":"https:\/\/www.teka.com\/ro-ro\/#website"},"datePublished":"2026-04-05T02:25:23+00:00","inLanguage":"ro-RO","potentialAction":[{"@type":"ReadAction","target":["https:\/\/www.teka.com\/ro-ro\/produs\/radea-r10-5040-m-tg_115230051\/"]}]},{"@type":"WebSite","@id":"https:\/\/www.teka.com\/ro-ro\/#website","url":"https:\/\/www.teka.com\/ro-ro\/","name":"Teka Romania","description":"","potentialAction":[{"@type":"SearchAction","target":{"@type":"EntryPoint","urlTemplate":"https:\/\/www.teka.com\/ro-ro\/?s={search_term_string}"},"query-input":{"@type":"PropertyValueSpecification","valueRequired":true,"valueName":"search_term_string"}}],"inLanguage":"ro-RO"}]}},"_links":{"self":[{"href":"https:\/\/www.teka.com\/ro-ro\/wp-json\/wp\/v2\/product\/120214","targetHints":{"allow":["GET"]}}],"collection":[{"href":"https:\/\/www.teka.com\/ro-ro\/wp-json\/wp\/v2\/product"}],"about":[{"href":"https:\/\/www.teka.com\/ro-ro\/wp-json\/wp\/v2\/types\/product"}],"wp:attachment":[{"href":"https:\/\/www.teka.com\/ro-ro\/wp-json\/wp\/v2\/media?parent=120214"}],"wp:term":[{"taxonomy":"product_cat","embeddable":true,"href":"https:\/\/www.teka.com\/ro-ro\/wp-json\/wp\/v2\/product_cat?post=120214"},{"taxonomy":"product_cleaning_system","embeddable":true,"href":"https:\/\/www.teka.com\/ro-ro\/wp-json\/wp\/v2\/product_cleaning_system?post=120214"},{"taxonomy":"product_3rd_basket","embeddable":true,"href":"https:\/\/www.teka.com\/ro-ro\/wp-json\/wp\/v2\/product_3rd_basket?post=120214"},{"taxonomy":"product_drawers","embeddable":true,"href":"https:\/\/www.teka.com\/ro-ro\/wp-json\/wp\/v2\/product_drawers?post=120214"},{"taxonomy":"product_type_of_installation","embeddable":true,"href":"https:\/\/www.teka.com\/ro-ro\/wp-json\/wp\/v2\/product_type_of_installation?post=120214"},{"taxonomy":"product_edition","embeddable":true,"href":"https:\/\/www.teka.com\/ro-ro\/wp-json\/wp\/v2\/product_edition?post=120214"},{"taxonomy":"product_serie","embeddable":true,"href":"https:\/\/www.teka.com\/ro-ro\/wp-json\/wp\/v2\/product_serie?post=120214"},{"taxonomy":"product_features","embeddable":true,"href":"https:\/\/www.teka.com\/ro-ro\/wp-json\/wp\/v2\/product_features?post=120214"},{"taxonomy":"finishes","embeddable":true,"href":"https:\/\/www.teka.com\/ro-ro\/wp-json\/wp\/v2\/finishes?post=120214"},{"taxonomy":"product_bundles","embeddable":true,"href":"https:\/\/www.teka.com\/ro-ro\/wp-json\/wp\/v2\/product_bundles?post=120214"},{"taxonomy":"product_energy_efficiency","embeddable":true,"href":"https:\/\/www.teka.com\/ro-ro\/wp-json\/wp\/v2\/product_energy_efficiency?post=120214"},{"taxonomy":"product_video_training","embeddable":true,"href":"https:\/\/www.teka.com\/ro-ro\/wp-json\/wp\/v2\/product_video_training?post=120214"}],"curies":[{"name":"wp","href":"https:\/\/api.w.org\/{rel}","templated":true}]}}