{"id":120220,"date":"2026-04-07T21:06:42","date_gmt":"2026-04-07T21:06:42","guid":{"rendered":"https:\/\/teka.com\/en-int\/rlf-85950-gbk_113430074"},"modified":"2026-04-04T12:08:29","modified_gmt":"2026-04-04T01:08:29","slug":"rlf-85950-gbk_113430074","status":"publish","type":"product","link":"https:\/\/www.teka.com\/ro-ro\/produs\/rlf-85950-gbk_113430074\/","title":{"rendered":"RLF 85950 GBK"},"content":{"rendered":"<ul>\n<li>Side by Side cu refrigerator de vinuri integrat<\/li>\n<li>Full No Frost<\/li>\n<li>Motor inverter<\/li>\n<li>Panou de control electronic cu display pe u\u015f\u0103<\/li>\n<li>Functie R\u0103cire rapid\u0103<\/li>\n<li>Functie Congelare rapid\u0103<\/li>\n<li>Functie \u201cVacanta\u201d<\/li>\n<li>Tehnologie MetalCooling \u2013 panoul metalic pozitionat in interior pe partea din spate mentine temperatura optima in chiar daca usa este deschisa si inchisa in mod constant<\/li>\n<\/ul>\n","protected":false},"featured_media":0,"parent":0,"template":"","product_cat":[273871],"product_cleaning_system":[],"product_3rd_basket":[],"product_drawers":[],"product_type_of_installation":[273212],"product_edition":[],"product_serie":[],"product_features":[],"finishes":[],"product_bundles":[],"product_energy_efficiency":[273326],"product_video_training":[],"class_list":["post-120220","product","type-product","status-publish","hentry","product_cat-aparate-frigorifice","usp-winecoolers-06","usp-winecoolers-08","usp-coldline-01","usp-coldline-02","color-sticla-neagra","product_type_of_appliance-frigidere","product_ambient-fbk-01","product_icons-easy-90","product_icons-led","product_icons-motor-inverter","product_icons-on-holidays-function","product_type_of_installation-free-standing","product_energy_efficiency-e-ue-icon-new"],"acf":[],"yoast_head":"<!-- This site is optimized with the Yoast SEO plugin v27.2 - https:\/\/yoast.com\/product\/yoast-seo-wordpress\/ -->\n<title>RLF 85950 GBK | Teka Romania<\/title>\n<meta name=\"robots\" content=\"index, follow, max-snippet:-1, max-image-preview:large, max-video-preview:-1\" \/>\n<link rel=\"canonical\" href=\"https:\/\/www.teka.com\/ro-ro\/produs\/rlf-85950-gbk_113430074\/\" \/>\n<meta property=\"og:locale\" content=\"ro_RO\" \/>\n<meta property=\"og:type\" content=\"article\" \/>\n<meta property=\"og:title\" content=\"RLF 85950 GBK | Teka Romania\" \/>\n<meta property=\"og:description\" content=\"Side by Side cu refrigerator de vinuri integrat Full No Frost Motor inverter Panou de control electronic cu display pe u\u015f\u0103 Functie R\u0103cire rapid\u0103 Functie Congelare rapid\u0103 Functie \u201cVacanta\u201d Tehnologie MetalCooling \u2013 panoul metalic pozitionat in interior pe partea din spate mentine temperatura optima in chiar daca usa este deschisa si inchisa in mod constant\" \/>\n<meta property=\"og:url\" content=\"https:\/\/www.teka.com\/ro-ro\/produs\/rlf-85950-gbk_113430074\/\" \/>\n<meta property=\"og:site_name\" content=\"Teka Romania\" \/>\n<meta name=\"twitter:card\" content=\"summary_large_image\" \/>\n<script type=\"application\/ld+json\" class=\"yoast-schema-graph\">{\"@context\":\"https:\/\/schema.org\",\"@graph\":[{\"@type\":\"WebPage\",\"@id\":\"https:\/\/www.teka.com\/ro-ro\/produs\/rlf-85950-gbk_113430074\/\",\"url\":\"https:\/\/www.teka.com\/ro-ro\/produs\/rlf-85950-gbk_113430074\/\",\"name\":\"RLF 85950 GBK | Teka Romania\",\"isPartOf\":{\"@id\":\"https:\/\/www.teka.com\/ro-ro\/#website\"},\"datePublished\":\"2026-04-07T21:06:42+00:00\",\"inLanguage\":\"ro-RO\",\"potentialAction\":[{\"@type\":\"ReadAction\",\"target\":[\"https:\/\/www.teka.com\/ro-ro\/produs\/rlf-85950-gbk_113430074\/\"]}]},{\"@type\":\"WebSite\",\"@id\":\"https:\/\/www.teka.com\/ro-ro\/#website\",\"url\":\"https:\/\/www.teka.com\/ro-ro\/\",\"name\":\"Teka Romania\",\"description\":\"\",\"potentialAction\":[{\"@type\":\"SearchAction\",\"target\":{\"@type\":\"EntryPoint\",\"urlTemplate\":\"https:\/\/www.teka.com\/ro-ro\/?s={search_term_string}\"},\"query-input\":{\"@type\":\"PropertyValueSpecification\",\"valueRequired\":true,\"valueName\":\"search_term_string\"}}],\"inLanguage\":\"ro-RO\"}]}<\/script>\n<!-- \/ Yoast SEO plugin. -->","yoast_head_json":{"title":"RLF 85950 GBK | Teka Romania","robots":{"index":"index","follow":"follow","max-snippet":"max-snippet:-1","max-image-preview":"max-image-preview:large","max-video-preview":"max-video-preview:-1"},"canonical":"https:\/\/www.teka.com\/ro-ro\/produs\/rlf-85950-gbk_113430074\/","og_locale":"ro_RO","og_type":"article","og_title":"RLF 85950 GBK | Teka Romania","og_description":"Side by Side cu refrigerator de vinuri integrat Full No Frost Motor inverter Panou de control electronic cu display pe u\u015f\u0103 Functie R\u0103cire rapid\u0103 Functie Congelare rapid\u0103 Functie \u201cVacanta\u201d Tehnologie MetalCooling \u2013 panoul metalic pozitionat in interior pe partea din spate mentine temperatura optima in chiar daca usa este deschisa si inchisa in mod constant","og_url":"https:\/\/www.teka.com\/ro-ro\/produs\/rlf-85950-gbk_113430074\/","og_site_name":"Teka Romania","twitter_card":"summary_large_image","schema":{"@context":"https:\/\/schema.org","@graph":[{"@type":"WebPage","@id":"https:\/\/www.teka.com\/ro-ro\/produs\/rlf-85950-gbk_113430074\/","url":"https:\/\/www.teka.com\/ro-ro\/produs\/rlf-85950-gbk_113430074\/","name":"RLF 85950 GBK | Teka Romania","isPartOf":{"@id":"https:\/\/www.teka.com\/ro-ro\/#website"},"datePublished":"2026-04-07T21:06:42+00:00","inLanguage":"ro-RO","potentialAction":[{"@type":"ReadAction","target":["https:\/\/www.teka.com\/ro-ro\/produs\/rlf-85950-gbk_113430074\/"]}]},{"@type":"WebSite","@id":"https:\/\/www.teka.com\/ro-ro\/#website","url":"https:\/\/www.teka.com\/ro-ro\/","name":"Teka Romania","description":"","potentialAction":[{"@type":"SearchAction","target":{"@type":"EntryPoint","urlTemplate":"https:\/\/www.teka.com\/ro-ro\/?s={search_term_string}"},"query-input":{"@type":"PropertyValueSpecification","valueRequired":true,"valueName":"search_term_string"}}],"inLanguage":"ro-RO"}]}},"_links":{"self":[{"href":"https:\/\/www.teka.com\/ro-ro\/wp-json\/wp\/v2\/product\/120220","targetHints":{"allow":["GET"]}}],"collection":[{"href":"https:\/\/www.teka.com\/ro-ro\/wp-json\/wp\/v2\/product"}],"about":[{"href":"https:\/\/www.teka.com\/ro-ro\/wp-json\/wp\/v2\/types\/product"}],"wp:attachment":[{"href":"https:\/\/www.teka.com\/ro-ro\/wp-json\/wp\/v2\/media?parent=120220"}],"wp:term":[{"taxonomy":"product_cat","embeddable":true,"href":"https:\/\/www.teka.com\/ro-ro\/wp-json\/wp\/v2\/product_cat?post=120220"},{"taxonomy":"product_cleaning_system","embeddable":true,"href":"https:\/\/www.teka.com\/ro-ro\/wp-json\/wp\/v2\/product_cleaning_system?post=120220"},{"taxonomy":"product_3rd_basket","embeddable":true,"href":"https:\/\/www.teka.com\/ro-ro\/wp-json\/wp\/v2\/product_3rd_basket?post=120220"},{"taxonomy":"product_drawers","embeddable":true,"href":"https:\/\/www.teka.com\/ro-ro\/wp-json\/wp\/v2\/product_drawers?post=120220"},{"taxonomy":"product_type_of_installation","embeddable":true,"href":"https:\/\/www.teka.com\/ro-ro\/wp-json\/wp\/v2\/product_type_of_installation?post=120220"},{"taxonomy":"product_edition","embeddable":true,"href":"https:\/\/www.teka.com\/ro-ro\/wp-json\/wp\/v2\/product_edition?post=120220"},{"taxonomy":"product_serie","embeddable":true,"href":"https:\/\/www.teka.com\/ro-ro\/wp-json\/wp\/v2\/product_serie?post=120220"},{"taxonomy":"product_features","embeddable":true,"href":"https:\/\/www.teka.com\/ro-ro\/wp-json\/wp\/v2\/product_features?post=120220"},{"taxonomy":"finishes","embeddable":true,"href":"https:\/\/www.teka.com\/ro-ro\/wp-json\/wp\/v2\/finishes?post=120220"},{"taxonomy":"product_bundles","embeddable":true,"href":"https:\/\/www.teka.com\/ro-ro\/wp-json\/wp\/v2\/product_bundles?post=120220"},{"taxonomy":"product_energy_efficiency","embeddable":true,"href":"https:\/\/www.teka.com\/ro-ro\/wp-json\/wp\/v2\/product_energy_efficiency?post=120220"},{"taxonomy":"product_video_training","embeddable":true,"href":"https:\/\/www.teka.com\/ro-ro\/wp-json\/wp\/v2\/product_video_training?post=120220"}],"curies":[{"name":"wp","href":"https:\/\/api.w.org\/{rel}","templated":true}]}}