{"id":120224,"date":"2026-04-07T21:08:24","date_gmt":"2026-04-07T21:08:24","guid":{"rendered":"https:\/\/teka.com\/en-int\/wmk-10620-wh_113920010"},"modified":"2026-03-14T08:43:23","modified_gmt":"2026-03-14T09:43:23","slug":"wmk-10620-wh_113920010","status":"publish","type":"product","link":"https:\/\/www.teka.com\/ro-ro\/produs\/wmk-10620-wh_113920010\/","title":{"rendered":"WMK 10620 WH"},"content":{"rendered":"<ul>\n<li>Ma\u0219in\u0103 de sp\u0103lat rufe free-standing f\u0103r\u0103 usc\u0103tor<\/li>\n<li>400 &#8211; 1200 rpm<\/li>\n<li>Capacitate sp\u0103lare: 6 kg<\/li>\n<li>Panou de control electronic<\/li>\n<li>Touch Control<\/li>\n<li>15 programe sp\u0103lare<\/li>\n<li>Programe speciale: rapid 15 min, ECO, Lan\u0103, Delicat, Sport, Bumbac, Hainute bebelu\u0219i, Jeans<\/li>\n<\/ul>\n","protected":false},"featured_media":0,"parent":0,"template":"","product_cat":[273298],"product_cleaning_system":[],"product_3rd_basket":[],"product_drawers":[],"product_type_of_installation":[273212],"product_edition":[],"product_serie":[],"product_features":[],"finishes":[],"product_bundles":[],"product_energy_efficiency":[273325],"product_video_training":[],"class_list":["post-120224","product","type-product","status-publish","hentry","product_cat-masini-de-spalat","color-alb","product_icons-quick-cycle","product_type_of_installation-free-standing","product_energy_efficiency-d-ue-icon-new"],"acf":[],"yoast_head":"<!-- This site is optimized with the Yoast SEO plugin v27.2 - https:\/\/yoast.com\/product\/yoast-seo-wordpress\/ -->\n<title>WMK 10620 WH | Teka Romania<\/title>\n<meta name=\"robots\" content=\"index, follow, max-snippet:-1, max-image-preview:large, max-video-preview:-1\" \/>\n<link rel=\"canonical\" href=\"https:\/\/www.teka.com\/ro-ro\/produs\/wmk-10620-wh_113920010\/\" \/>\n<meta property=\"og:locale\" content=\"ro_RO\" \/>\n<meta property=\"og:type\" content=\"article\" \/>\n<meta property=\"og:title\" content=\"WMK 10620 WH | Teka Romania\" \/>\n<meta property=\"og:description\" content=\"Ma\u0219in\u0103 de sp\u0103lat rufe free-standing f\u0103r\u0103 usc\u0103tor 400 &#8211; 1200 rpm Capacitate sp\u0103lare: 6 kg Panou de control electronic Touch Control 15 programe sp\u0103lare Programe speciale: rapid 15 min, ECO, Lan\u0103, Delicat, Sport, Bumbac, Hainute bebelu\u0219i, Jeans\" \/>\n<meta property=\"og:url\" content=\"https:\/\/www.teka.com\/ro-ro\/produs\/wmk-10620-wh_113920010\/\" \/>\n<meta property=\"og:site_name\" content=\"Teka Romania\" \/>\n<meta name=\"twitter:card\" content=\"summary_large_image\" \/>\n<script type=\"application\/ld+json\" class=\"yoast-schema-graph\">{\"@context\":\"https:\/\/schema.org\",\"@graph\":[{\"@type\":\"WebPage\",\"@id\":\"https:\/\/www.teka.com\/ro-ro\/produs\/wmk-10620-wh_113920010\/\",\"url\":\"https:\/\/www.teka.com\/ro-ro\/produs\/wmk-10620-wh_113920010\/\",\"name\":\"WMK 10620 WH | Teka Romania\",\"isPartOf\":{\"@id\":\"https:\/\/www.teka.com\/ro-ro\/#website\"},\"datePublished\":\"2026-04-07T21:08:24+00:00\",\"inLanguage\":\"ro-RO\",\"potentialAction\":[{\"@type\":\"ReadAction\",\"target\":[\"https:\/\/www.teka.com\/ro-ro\/produs\/wmk-10620-wh_113920010\/\"]}]},{\"@type\":\"WebSite\",\"@id\":\"https:\/\/www.teka.com\/ro-ro\/#website\",\"url\":\"https:\/\/www.teka.com\/ro-ro\/\",\"name\":\"Teka Romania\",\"description\":\"\",\"potentialAction\":[{\"@type\":\"SearchAction\",\"target\":{\"@type\":\"EntryPoint\",\"urlTemplate\":\"https:\/\/www.teka.com\/ro-ro\/?s={search_term_string}\"},\"query-input\":{\"@type\":\"PropertyValueSpecification\",\"valueRequired\":true,\"valueName\":\"search_term_string\"}}],\"inLanguage\":\"ro-RO\"}]}<\/script>\n<!-- \/ Yoast SEO plugin. -->","yoast_head_json":{"title":"WMK 10620 WH | Teka Romania","robots":{"index":"index","follow":"follow","max-snippet":"max-snippet:-1","max-image-preview":"max-image-preview:large","max-video-preview":"max-video-preview:-1"},"canonical":"https:\/\/www.teka.com\/ro-ro\/produs\/wmk-10620-wh_113920010\/","og_locale":"ro_RO","og_type":"article","og_title":"WMK 10620 WH | Teka Romania","og_description":"Ma\u0219in\u0103 de sp\u0103lat rufe free-standing f\u0103r\u0103 usc\u0103tor 400 &#8211; 1200 rpm Capacitate sp\u0103lare: 6 kg Panou de control electronic Touch Control 15 programe sp\u0103lare Programe speciale: rapid 15 min, ECO, Lan\u0103, Delicat, Sport, Bumbac, Hainute bebelu\u0219i, Jeans","og_url":"https:\/\/www.teka.com\/ro-ro\/produs\/wmk-10620-wh_113920010\/","og_site_name":"Teka Romania","twitter_card":"summary_large_image","schema":{"@context":"https:\/\/schema.org","@graph":[{"@type":"WebPage","@id":"https:\/\/www.teka.com\/ro-ro\/produs\/wmk-10620-wh_113920010\/","url":"https:\/\/www.teka.com\/ro-ro\/produs\/wmk-10620-wh_113920010\/","name":"WMK 10620 WH | Teka Romania","isPartOf":{"@id":"https:\/\/www.teka.com\/ro-ro\/#website"},"datePublished":"2026-04-07T21:08:24+00:00","inLanguage":"ro-RO","potentialAction":[{"@type":"ReadAction","target":["https:\/\/www.teka.com\/ro-ro\/produs\/wmk-10620-wh_113920010\/"]}]},{"@type":"WebSite","@id":"https:\/\/www.teka.com\/ro-ro\/#website","url":"https:\/\/www.teka.com\/ro-ro\/","name":"Teka Romania","description":"","potentialAction":[{"@type":"SearchAction","target":{"@type":"EntryPoint","urlTemplate":"https:\/\/www.teka.com\/ro-ro\/?s={search_term_string}"},"query-input":{"@type":"PropertyValueSpecification","valueRequired":true,"valueName":"search_term_string"}}],"inLanguage":"ro-RO"}]}},"_links":{"self":[{"href":"https:\/\/www.teka.com\/ro-ro\/wp-json\/wp\/v2\/product\/120224","targetHints":{"allow":["GET"]}}],"collection":[{"href":"https:\/\/www.teka.com\/ro-ro\/wp-json\/wp\/v2\/product"}],"about":[{"href":"https:\/\/www.teka.com\/ro-ro\/wp-json\/wp\/v2\/types\/product"}],"wp:attachment":[{"href":"https:\/\/www.teka.com\/ro-ro\/wp-json\/wp\/v2\/media?parent=120224"}],"wp:term":[{"taxonomy":"product_cat","embeddable":true,"href":"https:\/\/www.teka.com\/ro-ro\/wp-json\/wp\/v2\/product_cat?post=120224"},{"taxonomy":"product_cleaning_system","embeddable":true,"href":"https:\/\/www.teka.com\/ro-ro\/wp-json\/wp\/v2\/product_cleaning_system?post=120224"},{"taxonomy":"product_3rd_basket","embeddable":true,"href":"https:\/\/www.teka.com\/ro-ro\/wp-json\/wp\/v2\/product_3rd_basket?post=120224"},{"taxonomy":"product_drawers","embeddable":true,"href":"https:\/\/www.teka.com\/ro-ro\/wp-json\/wp\/v2\/product_drawers?post=120224"},{"taxonomy":"product_type_of_installation","embeddable":true,"href":"https:\/\/www.teka.com\/ro-ro\/wp-json\/wp\/v2\/product_type_of_installation?post=120224"},{"taxonomy":"product_edition","embeddable":true,"href":"https:\/\/www.teka.com\/ro-ro\/wp-json\/wp\/v2\/product_edition?post=120224"},{"taxonomy":"product_serie","embeddable":true,"href":"https:\/\/www.teka.com\/ro-ro\/wp-json\/wp\/v2\/product_serie?post=120224"},{"taxonomy":"product_features","embeddable":true,"href":"https:\/\/www.teka.com\/ro-ro\/wp-json\/wp\/v2\/product_features?post=120224"},{"taxonomy":"finishes","embeddable":true,"href":"https:\/\/www.teka.com\/ro-ro\/wp-json\/wp\/v2\/finishes?post=120224"},{"taxonomy":"product_bundles","embeddable":true,"href":"https:\/\/www.teka.com\/ro-ro\/wp-json\/wp\/v2\/product_bundles?post=120224"},{"taxonomy":"product_energy_efficiency","embeddable":true,"href":"https:\/\/www.teka.com\/ro-ro\/wp-json\/wp\/v2\/product_energy_efficiency?post=120224"},{"taxonomy":"product_video_training","embeddable":true,"href":"https:\/\/www.teka.com\/ro-ro\/wp-json\/wp\/v2\/product_video_training?post=120224"}],"curies":[{"name":"wp","href":"https:\/\/api.w.org\/{rel}","templated":true}]}}