{"id":120225,"date":"2026-04-07T21:08:26","date_gmt":"2026-04-07T21:08:26","guid":{"rendered":"https:\/\/teka.com\/en-int\/wmk-40740-wh_113910016"},"modified":"2026-04-02T01:08:02","modified_gmt":"2026-04-02T02:08:02","slug":"wmk-40740-wh_113910016","status":"publish","type":"product","link":"https:\/\/www.teka.com\/ro-ro\/produs\/wmk-40740-wh_113910016\/","title":{"rendered":"WMK 40740 WH"},"content":{"rendered":"<ul>\n<li>Ma\u0219in\u0103 de sp\u0103lat rufe free-standing f\u0103r\u0103 usc\u0103tor<\/li>\n<li>Motor Inverter<\/li>\n<li>400 &#8211; 1200 rpm<\/li>\n<li>Capacitate sp\u0103lare: 7 kg<\/li>\n<li>Panou de control electronic<\/li>\n<li>Touch Control<\/li>\n<li>15 programe sp\u0103lare<\/li>\n<li>Programe speciale: rapid 15 min, ECO, Lan\u0103, Delicat, Sport, Bumbac, Hainute bebelu\u0219i, Jeans<\/li>\n<\/ul>\n","protected":false},"featured_media":0,"parent":0,"template":"","product_cat":[273298],"product_cleaning_system":[],"product_3rd_basket":[],"product_drawers":[],"product_type_of_installation":[273212],"product_edition":[],"product_serie":[],"product_features":[],"finishes":[],"product_bundles":[],"product_energy_efficiency":[273322],"product_video_training":[],"class_list":["post-120225","product","type-product","status-publish","hentry","product_cat-masini-de-spalat","color-alb","product_icons-quick-cycle","product_type_of_installation-free-standing","product_energy_efficiency-a-ue-icon-new"],"acf":[],"yoast_head":"<!-- This site is optimized with the Yoast SEO plugin v27.2 - https:\/\/yoast.com\/product\/yoast-seo-wordpress\/ -->\n<title>WMK 40740 WH | Teka Romania<\/title>\n<meta name=\"robots\" content=\"index, follow, max-snippet:-1, max-image-preview:large, max-video-preview:-1\" \/>\n<link rel=\"canonical\" href=\"https:\/\/www.teka.com\/ro-ro\/produs\/wmk-40740-wh_113910016\/\" \/>\n<meta property=\"og:locale\" content=\"ro_RO\" \/>\n<meta property=\"og:type\" content=\"article\" \/>\n<meta property=\"og:title\" content=\"WMK 40740 WH | Teka Romania\" \/>\n<meta property=\"og:description\" content=\"Ma\u0219in\u0103 de sp\u0103lat rufe free-standing f\u0103r\u0103 usc\u0103tor Motor Inverter 400 &#8211; 1200 rpm Capacitate sp\u0103lare: 7 kg Panou de control electronic Touch Control 15 programe sp\u0103lare Programe speciale: rapid 15 min, ECO, Lan\u0103, Delicat, Sport, Bumbac, Hainute bebelu\u0219i, Jeans\" \/>\n<meta property=\"og:url\" content=\"https:\/\/www.teka.com\/ro-ro\/produs\/wmk-40740-wh_113910016\/\" \/>\n<meta property=\"og:site_name\" content=\"Teka Romania\" \/>\n<meta name=\"twitter:card\" content=\"summary_large_image\" \/>\n<script type=\"application\/ld+json\" class=\"yoast-schema-graph\">{\"@context\":\"https:\/\/schema.org\",\"@graph\":[{\"@type\":\"WebPage\",\"@id\":\"https:\/\/www.teka.com\/ro-ro\/produs\/wmk-40740-wh_113910016\/\",\"url\":\"https:\/\/www.teka.com\/ro-ro\/produs\/wmk-40740-wh_113910016\/\",\"name\":\"WMK 40740 WH | Teka Romania\",\"isPartOf\":{\"@id\":\"https:\/\/www.teka.com\/ro-ro\/#website\"},\"datePublished\":\"2026-04-07T21:08:26+00:00\",\"inLanguage\":\"ro-RO\",\"potentialAction\":[{\"@type\":\"ReadAction\",\"target\":[\"https:\/\/www.teka.com\/ro-ro\/produs\/wmk-40740-wh_113910016\/\"]}]},{\"@type\":\"WebSite\",\"@id\":\"https:\/\/www.teka.com\/ro-ro\/#website\",\"url\":\"https:\/\/www.teka.com\/ro-ro\/\",\"name\":\"Teka Romania\",\"description\":\"\",\"potentialAction\":[{\"@type\":\"SearchAction\",\"target\":{\"@type\":\"EntryPoint\",\"urlTemplate\":\"https:\/\/www.teka.com\/ro-ro\/?s={search_term_string}\"},\"query-input\":{\"@type\":\"PropertyValueSpecification\",\"valueRequired\":true,\"valueName\":\"search_term_string\"}}],\"inLanguage\":\"ro-RO\"}]}<\/script>\n<!-- \/ Yoast SEO plugin. -->","yoast_head_json":{"title":"WMK 40740 WH | Teka Romania","robots":{"index":"index","follow":"follow","max-snippet":"max-snippet:-1","max-image-preview":"max-image-preview:large","max-video-preview":"max-video-preview:-1"},"canonical":"https:\/\/www.teka.com\/ro-ro\/produs\/wmk-40740-wh_113910016\/","og_locale":"ro_RO","og_type":"article","og_title":"WMK 40740 WH | Teka Romania","og_description":"Ma\u0219in\u0103 de sp\u0103lat rufe free-standing f\u0103r\u0103 usc\u0103tor Motor Inverter 400 &#8211; 1200 rpm Capacitate sp\u0103lare: 7 kg Panou de control electronic Touch Control 15 programe sp\u0103lare Programe speciale: rapid 15 min, ECO, Lan\u0103, Delicat, Sport, Bumbac, Hainute bebelu\u0219i, Jeans","og_url":"https:\/\/www.teka.com\/ro-ro\/produs\/wmk-40740-wh_113910016\/","og_site_name":"Teka Romania","twitter_card":"summary_large_image","schema":{"@context":"https:\/\/schema.org","@graph":[{"@type":"WebPage","@id":"https:\/\/www.teka.com\/ro-ro\/produs\/wmk-40740-wh_113910016\/","url":"https:\/\/www.teka.com\/ro-ro\/produs\/wmk-40740-wh_113910016\/","name":"WMK 40740 WH | Teka Romania","isPartOf":{"@id":"https:\/\/www.teka.com\/ro-ro\/#website"},"datePublished":"2026-04-07T21:08:26+00:00","inLanguage":"ro-RO","potentialAction":[{"@type":"ReadAction","target":["https:\/\/www.teka.com\/ro-ro\/produs\/wmk-40740-wh_113910016\/"]}]},{"@type":"WebSite","@id":"https:\/\/www.teka.com\/ro-ro\/#website","url":"https:\/\/www.teka.com\/ro-ro\/","name":"Teka Romania","description":"","potentialAction":[{"@type":"SearchAction","target":{"@type":"EntryPoint","urlTemplate":"https:\/\/www.teka.com\/ro-ro\/?s={search_term_string}"},"query-input":{"@type":"PropertyValueSpecification","valueRequired":true,"valueName":"search_term_string"}}],"inLanguage":"ro-RO"}]}},"_links":{"self":[{"href":"https:\/\/www.teka.com\/ro-ro\/wp-json\/wp\/v2\/product\/120225","targetHints":{"allow":["GET"]}}],"collection":[{"href":"https:\/\/www.teka.com\/ro-ro\/wp-json\/wp\/v2\/product"}],"about":[{"href":"https:\/\/www.teka.com\/ro-ro\/wp-json\/wp\/v2\/types\/product"}],"wp:attachment":[{"href":"https:\/\/www.teka.com\/ro-ro\/wp-json\/wp\/v2\/media?parent=120225"}],"wp:term":[{"taxonomy":"product_cat","embeddable":true,"href":"https:\/\/www.teka.com\/ro-ro\/wp-json\/wp\/v2\/product_cat?post=120225"},{"taxonomy":"product_cleaning_system","embeddable":true,"href":"https:\/\/www.teka.com\/ro-ro\/wp-json\/wp\/v2\/product_cleaning_system?post=120225"},{"taxonomy":"product_3rd_basket","embeddable":true,"href":"https:\/\/www.teka.com\/ro-ro\/wp-json\/wp\/v2\/product_3rd_basket?post=120225"},{"taxonomy":"product_drawers","embeddable":true,"href":"https:\/\/www.teka.com\/ro-ro\/wp-json\/wp\/v2\/product_drawers?post=120225"},{"taxonomy":"product_type_of_installation","embeddable":true,"href":"https:\/\/www.teka.com\/ro-ro\/wp-json\/wp\/v2\/product_type_of_installation?post=120225"},{"taxonomy":"product_edition","embeddable":true,"href":"https:\/\/www.teka.com\/ro-ro\/wp-json\/wp\/v2\/product_edition?post=120225"},{"taxonomy":"product_serie","embeddable":true,"href":"https:\/\/www.teka.com\/ro-ro\/wp-json\/wp\/v2\/product_serie?post=120225"},{"taxonomy":"product_features","embeddable":true,"href":"https:\/\/www.teka.com\/ro-ro\/wp-json\/wp\/v2\/product_features?post=120225"},{"taxonomy":"finishes","embeddable":true,"href":"https:\/\/www.teka.com\/ro-ro\/wp-json\/wp\/v2\/finishes?post=120225"},{"taxonomy":"product_bundles","embeddable":true,"href":"https:\/\/www.teka.com\/ro-ro\/wp-json\/wp\/v2\/product_bundles?post=120225"},{"taxonomy":"product_energy_efficiency","embeddable":true,"href":"https:\/\/www.teka.com\/ro-ro\/wp-json\/wp\/v2\/product_energy_efficiency?post=120225"},{"taxonomy":"product_video_training","embeddable":true,"href":"https:\/\/www.teka.com\/ro-ro\/wp-json\/wp\/v2\/product_video_training?post=120225"}],"curies":[{"name":"wp","href":"https:\/\/api.w.org\/{rel}","templated":true}]}}